{"id":25809,"date":"2021-05-27T11:24:25","date_gmt":"2021-05-27T09:24:25","guid":{"rendered":"https:\/\/demo.fooevents.com\/?page_id=25809"},"modified":"2024-02-16T17:46:04","modified_gmt":"2024-02-17T01:46:04","slug":"o","status":"publish","type":"page","link":"https:\/\/demo.fooevents.com\/cs\/about\/","title":{"rendered":"O str\u00e1nk\u00e1ch"},"content":{"rendered":"<p>Na str\u00e1nk\u00e1ch&nbsp;<a href=\"https:\/\/demo.fooevents.com\/cs\/\">Demonstrace front-endu FooEvents<\/a>&nbsp;uk\u00e1zat, jak flexibiln\u00ed a snadn\u00e9 je prod\u00e1vat vstupenky a p\u0159\u00edstupy na v\u0161echny typy akc\u00ed, m\u00edst a rezervovateln\u00fdch slu\u017eeb pomoc\u00ed syst\u00e9mu.&nbsp;<a href=\"https:\/\/www.fooevents.com\/cs\/\" target=\"_blank\" rel=\"noreferrer noopener\">FooEvents<\/a>&nbsp;z\u00e1suvn\u00e9 moduly.&nbsp;<\/p>\n\n\n\n<p>V n\u00e1sleduj\u00edc\u00edch \u010d\u00e1stech jsou pops\u00e1ny technologie, kter\u00e9 byly pou\u017eity k vytvo\u0159en\u00ed t\u011bchto str\u00e1nek:<\/p>\n\n\n\n<h3 class=\"wp-block-heading\"><a href=\"https:\/\/wordpress.org\/\" target=\"_blank\" rel=\"noreferrer noopener\">WordPress<\/a><\/h3>\n\n\n\n<p>WordPress je svobodn\u00fd a open-source syst\u00e9m pro spr\u00e1vu obsahu, kter\u00fd je z\u00e1kladem tohoto webu. 41% webu je poh\u00e1n\u011bn WordPress, od hobby blog\u016f a\u017e po k\u00f3tovan\u00e9 spole\u010dnosti.<\/p>\n\n\n\n<p>WordPress si m\u016f\u017eete st\u00e1hnout ze str\u00e1nek&nbsp;<a href=\"https:\/\/wordpress.org\/download\/\" target=\"_blank\" rel=\"noreferrer noopener\">WordPress.org<\/a>&nbsp;a nainstalov\u00e1n v jak\u00e9koli hostingov\u00e9 slu\u017eb\u011b, kter\u00e1 podporuje&nbsp;<a href=\"https:\/\/wordpress.org\/support\/article\/requirements\/\" target=\"_blank\" rel=\"noreferrer noopener\">minim\u00e1ln\u00ed po\u017eadavky<\/a>.<\/p>\n\n\n\n<p>V\u011bt\u0161ina hostingov\u00fdch slu\u017eeb nab\u00edz\u00ed bal\u00ed\u010dky s p\u0159edinstalovan\u00fdm WordPress. Nav\u0161tivte na\u0161e doporu\u010den\u00e9&nbsp;<a href=\"https:\/\/help.fooevents.com\/cs\/docs\/topics\/third-party-integration\/third-party-integration-recommended-wordpress-web-hosting\/\" rel=\"noreferrer noopener nofollow\" target=\"_blank\">WordPress Web Hosting<\/a>&nbsp;a pod\u00edvejte se na mo\u017en\u00e1 \u0159e\u0161en\u00ed.<\/p>\n\n\n\n<h3 class=\"wp-block-heading\"><a href=\"https:\/\/www.fooevents.com\/cs\/features\/woocommerce\/\" target=\"_blank\" rel=\"noreferrer noopener\">WooCommerce<\/a><\/h3>\n\n\n\n<p>WooCommerce je bezplatn\u00e9 roz\u0161\u00ed\u0159en\u00ed elektronick\u00e9ho obchodu, kter\u00e9 umo\u017e\u0148uje prod\u00e1vat fyzick\u00e9 i digit\u00e1ln\u00ed zbo\u017e\u00ed na webov\u00fdch str\u00e1nk\u00e1ch WordPress.<\/p>\n\n\n\n<h3 class=\"wp-block-heading\"><a href=\"https:\/\/www.fooevents.com\/cs\/pricing\/\" target=\"_blank\" rel=\"noreferrer noopener\">FooEvents<\/a><\/h3>\n\n\n\n<p>FooEvents je vytvo\u0159en pro WooCommerce a p\u0159id\u00e1v\u00e1 dal\u0161\u00ed funkce, kter\u00e9 umo\u017e\u0148uj\u00ed prod\u00e1vat p\u0159\u00edstup k ud\u00e1lostem, m\u00edst\u016fm a rezervovateln\u00fdm slu\u017eb\u00e1m. FooEvents se skl\u00e1d\u00e1 z j\u00e1dra&nbsp;<strong>FooEvents pro WooCommerce<\/strong>&nbsp;z\u00e1suvn\u00fd modul a \u0159ada voliteln\u00fdch roz\u0161\u00ed\u0159en\u00ed, kter\u00e1 p\u0159id\u00e1vaj\u00ed dal\u0161\u00ed funkce. M\u016f\u017eete tak\u00e9 pou\u017e\u00edt bezplatn\u00fd&nbsp;<a href=\"https:\/\/www.fooevents.com\/cs\/features\/apps\/\" target=\"_blank\" rel=\"noreferrer noopener\">Aplikace FooEvents Check-ins<\/a>&nbsp;ke spr\u00e1v\u011b p\u0159\u00edstupu \u00fa\u010dastn\u00edk\u016f na va\u0161\u00ed akci.<\/p>\n\n\n\n<ul class=\"wp-block-list\">\n<li><a href=\"https:\/\/www.fooevents.com\/cs\/products\/fooevents-for-woocommerce\/\" target=\"_blank\" rel=\"noreferrer noopener\">FooEvents pro WooCommerce<\/a>&nbsp;(j\u00e1dro)<\/li>\n\n\n\n<li><a href=\"https:\/\/www.fooevents.com\/cs\/products\/fooevents-bookings\/\" target=\"_blank\" rel=\"noreferrer noopener\">FooEvents Rezervace<\/a><\/li>\n\n\n\n<li><a href=\"https:\/\/www.fooevents.com\/cs\/products\/fooevents-custom-attendee-fields\/\" target=\"_blank\" rel=\"noreferrer noopener\">FooEvents Vlastn\u00ed pole pro \u00fa\u010dastn\u00edky<\/a><\/li>\n\n\n\n<li><a href=\"https:\/\/www.fooevents.com\/cs\/products\/fooevents-pdf-tickets\/\" target=\"_blank\" rel=\"noreferrer noopener\">Vstupenky FooEvents PDF<\/a><\/li>\n\n\n\n<li><a href=\"https:\/\/www.fooevents.com\/cs\/products\/fooevents-calendar\/\" target=\"_blank\" rel=\"noreferrer noopener\">Kalend\u00e1\u0159 akc\u00ed FooEvents<\/a><\/li>\n\n\n\n<li><a href=\"https:\/\/www.fooevents.com\/cs\/products\/fooevents-express-check-in\/\" target=\"_blank\" rel=\"noreferrer noopener\">Expresn\u00ed odbaven\u00ed FooEvents<\/a><\/li>\n\n\n\n<li><a href=\"https:\/\/www.fooevents.com\/cs\/products\/fooevents-multi-day\/\" target=\"_blank\" rel=\"noreferrer noopener\">FooEvents V\u00edcedenn\u00ed<\/a><\/li>\n\n\n\n<li><a href=\"https:\/\/www.fooevents.com\/cs\/products\/fooevents-seating\/\" target=\"_blank\" rel=\"noreferrer noopener\">FooEvents Sedadla<\/a><\/li>\n<\/ul>\n\n\n\n<h3 class=\"wp-block-heading\">T\u00e9ma WordPress<\/h3>\n\n\n\n<p>Tento web pou\u017e\u00edv\u00e1 bezplatn\u00e9 t\u00e9ma s n\u00e1zvem\u00a0<a href=\"https:\/\/www.wordpress.org\/themes\/astra\/\" target=\"_blank\" rel=\"noreferrer noopener\">Astra<\/a>. FooEvents funguje dob\u0159e s v\u011bt\u0161inou t\u00e9mat WooCommerce kompatibiln\u00edch s WordPress.<\/p>\n\n\n\n<h3 class=\"wp-block-heading\">Z\u00e1suvn\u00e9 moduly t\u0159et\u00edch stran<\/h3>\n\n\n\n<p><a href=\"https:\/\/demo.fooevents.com\/cs\/?filter_features=woocommerce-min-max-quantities\">N\u011bkter\u00e9 z uk\u00e1zek<\/a>&nbsp;pou\u017e\u00edvat&nbsp;<a href=\"https:\/\/woocommerce.com\/products\/minmax-quantities\/\" target=\"_blank\" rel=\"noreferrer noopener\">WooCommerce Min\/Max Mno\u017estv\u00ed<\/a>&nbsp;plugin pro prodej skupin vstupenek. To je u\u017eite\u010dn\u00e9 nap\u0159\u00edklad p\u0159i prodeji skupinov\u00fdch stol\u016f nebo skupinov\u00fdch slev. Vstupenky lze prod\u00e1vat jednotliv\u011b nebo&nbsp;<a href=\"https:\/\/docs.woocommerce.com\/document\/variable-product\/\" rel=\"noreferrer noopener nofollow\" target=\"_blank\">seskupen\u00e9 podle variant<\/a>. Na str\u00e1nk\u00e1ch .&nbsp;<a href=\"https:\/\/woocommerce.com\/products\/minmax-quantities\/?aff=8264&amp;cid=702463\" target=\"_blank\" rel=\"noopener\">WooCommerce Min\/Max Mno\u017estv\u00ed<\/a>&nbsp;z\u00e1suvn\u00fd modul lze zakoupit samostatn\u011b na trhu WooCommerce.<\/p>\n\n\n\n<h3 class=\"wp-block-heading\">Uk\u00e1zka pro spr\u00e1vce<\/h3>\n\n\n\n<p>Pokud chcete po\u017e\u00e1dat o p\u0159\u00edstup k demo prost\u0159ed\u00ed spr\u00e1vce, kde si m\u016f\u017eete vyzkou\u0161et v\u0161echny nejnov\u011bj\u0161\u00ed pluginy FooEvents z backendu WordPress, pros\u00edm.&nbsp;<a href=\"https:\/\/help.fooevents.com\/fooevent-admin-demo-request\/\" rel=\"noreferrer noopener nofollow\" target=\"_blank\">vypl\u0148te tento formul\u00e1\u0159<\/a>&nbsp;a my v\u00e1m za\u0161leme vlastn\u00ed odkaz, kter\u00fd bude platn\u00fd 24 hodin.<\/p>\n\n\n\n<p>M\u00e1te-li jak\u00e9koli dotazy t\u00fdkaj\u00edc\u00ed se na\u0161ich p\u0159edv\u00e1d\u011bc\u00edch akc\u00ed.&nbsp;<a href=\"https:\/\/help.fooevents.com\/cs\/contact\/pre-sales-questions\/\" rel=\"noreferrer noopener nofollow\" target=\"_blank\">nav\u00e1zat kontakt<\/a>.<\/p>","protected":false},"excerpt":{"rendered":"<p>The&nbsp;FooEvents front-end demos&nbsp;showcase how flexible and easy it is to sell tickets and access to all types of events, venues and bookable services using the&nbsp;FooEvents&nbsp;plugins.&nbsp; The following sections outline the technologies that were used to create these sites: WordPress WordPress is a free and open-source content management system which is the foundation of this site. [&hellip;]<\/p>\n","protected":false},"author":1,"featured_media":0,"parent":0,"menu_order":0,"comment_status":"closed","ping_status":"closed","template":"","meta":{"site-sidebar-layout":"no-sidebar","site-content-layout":"page-builder","ast-site-content-layout":"narrow-width-container","site-content-style":"unboxed","site-sidebar-style":"unboxed","ast-global-header-display":"","ast-banner-title-visibility":"","ast-main-header-display":"","ast-hfb-above-header-display":"","ast-hfb-below-header-display":"","ast-hfb-mobile-header-display":"","site-post-title":"","ast-breadcrumbs-content":"","ast-featured-img":"disabled","footer-sml-layout":"","ast-disable-related-posts":"","theme-transparent-header-meta":"default","adv-header-id-meta":"","stick-header-meta":"default","header-above-stick-meta":"","header-main-stick-meta":"","header-below-stick-meta":"","astra-migrate-meta-layouts":"set","ast-page-background-enabled":"default","ast-page-background-meta":{"desktop":{"background-color":"var(--ast-global-color-4)","background-image":"","background-repeat":"repeat","background-position":"center center","background-size":"auto","background-attachment":"scroll","background-type":"","background-media":"","overlay-type":"","overlay-color":"","overlay-opacity":"","overlay-gradient":""},"tablet":{"background-color":"","background-image":"","background-repeat":"repeat","background-position":"center center","background-size":"auto","background-attachment":"scroll","background-type":"","background-media":"","overlay-type":"","overlay-color":"","overlay-opacity":"","overlay-gradient":""},"mobile":{"background-color":"","background-image":"","background-repeat":"repeat","background-position":"center center","background-size":"auto","background-attachment":"scroll","background-type":"","background-media":"","overlay-type":"","overlay-color":"","overlay-opacity":"","overlay-gradient":""}},"ast-content-background-meta":{"desktop":{"background-color":"var(--ast-global-color-5)","background-image":"","background-repeat":"repeat","background-position":"center center","background-size":"auto","background-attachment":"scroll","background-type":"","background-media":"","overlay-type":"","overlay-color":"","overlay-opacity":"","overlay-gradient":""},"tablet":{"background-color":"var(--ast-global-color-5)","background-image":"","background-repeat":"repeat","background-position":"center center","background-size":"auto","background-attachment":"scroll","background-type":"","background-media":"","overlay-type":"","overlay-color":"","overlay-opacity":"","overlay-gradient":""},"mobile":{"background-color":"var(--ast-global-color-5)","background-image":"","background-repeat":"repeat","background-position":"center center","background-size":"auto","background-attachment":"scroll","background-type":"","background-media":"","overlay-type":"","overlay-color":"","overlay-opacity":"","overlay-gradient":""}},"footnotes":""},"class_list":["post-25809","page","type-page","status-publish","hentry"],"_links":{"self":[{"href":"https:\/\/demo.fooevents.com\/cs\/wp-json\/wp\/v2\/pages\/25809","targetHints":{"allow":["GET"]}}],"collection":[{"href":"https:\/\/demo.fooevents.com\/cs\/wp-json\/wp\/v2\/pages"}],"about":[{"href":"https:\/\/demo.fooevents.com\/cs\/wp-json\/wp\/v2\/types\/page"}],"author":[{"embeddable":true,"href":"https:\/\/demo.fooevents.com\/cs\/wp-json\/wp\/v2\/users\/1"}],"replies":[{"embeddable":true,"href":"https:\/\/demo.fooevents.com\/cs\/wp-json\/wp\/v2\/comments?post=25809"}],"version-history":[{"count":0,"href":"https:\/\/demo.fooevents.com\/cs\/wp-json\/wp\/v2\/pages\/25809\/revisions"}],"wp:attachment":[{"href":"https:\/\/demo.fooevents.com\/cs\/wp-json\/wp\/v2\/media?parent=25809"}],"curies":[{"name":"wp","href":"https:\/\/api.w.org\/{rel}","templated":true}]}}