{"id":17,"date":"2017-06-21T13:51:17","date_gmt":"2017-06-21T11:51:17","guid":{"rendered":"https:\/\/demo.fooevents.com\/?post_type=product&#038;p=17"},"modified":"2026-03-29T09:12:03","modified_gmt":"2026-03-29T16:12:03","slug":"konference","status":"publish","type":"product","link":"https:\/\/demo.fooevents.com\/cs\/product\/conference\/","title":{"rendered":"Konference"},"content":{"rendered":"<p>Toto je p\u0159\u00edklad jednodenn\u00ed akce, kter\u00e1 nab\u00edz\u00ed 4 r\u016fzn\u00e9 typy vstupenek. \u00dadaje a preference ka\u017ed\u00e9ho \u00fa\u010dastn\u00edka budou zaznamen\u00e1ny p\u0159i pokladn\u011b. Po dokon\u010den\u00ed objedn\u00e1vky obdr\u017e\u00ed ka\u017ed\u00fd \u00fa\u010dastn\u00edk potvrzovac\u00ed e-mail\/e-mail se vstupenkou a tak\u00e9 vstupenku ve form\u00e1tu PDF. Registraci \u00fa\u010dastn\u00edk\u016f pak lze spravovat na m\u00edst\u011b kon\u00e1n\u00ed akce pomoc\u00ed n\u00e1stroje <a href=\"https:\/\/www.fooevents.com\/cs\/features\/apps\/\" target=\"_blank\" rel=\"noopener\">Aplikace FooEvents Check-ins<\/a>.<\/p>\n<p>Podrobn\u00e9 pokyny k nastaven\u00ed standardn\u00ed ud\u00e1losti, jako je tato, naleznete zde. <a href=\"https:\/\/help.fooevents.com\/cs\/docs\/topics\/use-cases\/conference\/\" rel=\"nofollow noopener\" target=\"_blank\">V\u00fdukov\u00fd program pro p\u0159\u00edpady pou\u017eit\u00ed<\/a>.<\/p>\n<p>Tento p\u0159\u00edklad pou\u017e\u00edv\u00e1 <a href=\"https:\/\/help.fooevents.com\/cs\/docs\/topics\/code-snippets\/#display-products-and-variations-tickets-in-a-table-grid-format\" target=\"_blank\" rel=\"noopener nofollow\">\u00faryvek k\u00f3du<\/a> nahradit standardn\u00ed formul\u00e1\u0159 zm\u011bn WooCommerce tabulkou zm\u011bn. To je vhodn\u00e9 pro jednodenn\u00ed i v\u00edcedenn\u00ed ud\u00e1losti, kter\u00e9 pou\u017e\u00edvaj\u00ed varianty WooCommerce. \u00daryvek k\u00f3du tabulky variac\u00ed nen\u00ed kompatibiln\u00ed se syst\u00e9mem <a href=\"https:\/\/www.fooevents.com\/cs\/products\/fooevents-seating\/\" target=\"_blank\" rel=\"noopener\">FooEvents Sedadla<\/a> a <a href=\"https:\/\/www.fooevents.com\/cs\/products\/fooevents-bookings\/\" target=\"_blank\" rel=\"noopener\">FooEvents Rezervace<\/a> v\u00fdb\u011bry na str\u00e1nce produktu.<\/p>","protected":false},"excerpt":{"rendered":"<p>Podrobn\u00e9 pokyny k nastaven\u00ed standardn\u00ed ud\u00e1losti, jako je tato, naleznete zde.\u00a0<a href=\"https:\/\/help.fooevents.com\/cs\/docs\/topics\/use-cases\/conference\/\">V\u00fdukov\u00fd program pro p\u0159\u00edpady pou\u017eit\u00ed<\/a>.<\/p>","protected":false},"author":1,"featured_media":73,"template":"","meta":{"site-sidebar-layout":"default","site-content-layout":"default","ast-site-content-layout":"default","site-content-style":"default","site-sidebar-style":"default","ast-global-header-display":"","ast-banner-title-visibility":"","ast-main-header-display":"","ast-hfb-above-header-display":"","ast-hfb-below-header-display":"","ast-hfb-mobile-header-display":"","site-post-title":"","ast-breadcrumbs-content":"","ast-featured-img":"","footer-sml-layout":"","ast-disable-related-posts":"","theme-transparent-header-meta":"default","adv-header-id-meta":"","stick-header-meta":"default","header-above-stick-meta":"","header-main-stick-meta":"","header-below-stick-meta":"","astra-migrate-meta-layouts":"set","ast-page-background-enabled":"default","ast-page-background-meta":{"desktop":{"background-color":"var(--ast-global-color-4)","background-image":"","background-repeat":"repeat","background-position":"center center","background-size":"auto","background-attachment":"scroll","background-type":"","background-media":"","overlay-type":"","overlay-color":"","overlay-opacity":"","overlay-gradient":""},"tablet":{"background-color":"","background-image":"","background-repeat":"repeat","background-position":"center center","background-size":"auto","background-attachment":"scroll","background-type":"","background-media":"","overlay-type":"","overlay-color":"","overlay-opacity":"","overlay-gradient":""},"mobile":{"background-color":"","background-image":"","background-repeat":"repeat","background-position":"center center","background-size":"auto","background-attachment":"scroll","background-type":"","background-media":"","overlay-type":"","overlay-color":"","overlay-opacity":"","overlay-gradient":""}},"ast-content-background-meta":{"desktop":{"background-color":"var(--ast-global-color-5)","background-image":"","background-repeat":"repeat","background-position":"center center","background-size":"auto","background-attachment":"scroll","background-type":"","background-media":"","overlay-type":"","overlay-color":"","overlay-opacity":"","overlay-gradient":""},"tablet":{"background-color":"var(--ast-global-color-5)","background-image":"","background-repeat":"repeat","background-position":"center center","background-size":"auto","background-attachment":"scroll","background-type":"","background-media":"","overlay-type":"","overlay-color":"","overlay-opacity":"","overlay-gradient":""},"mobile":{"background-color":"var(--ast-global-color-5)","background-image":"","background-repeat":"repeat","background-position":"center center","background-size":"auto","background-attachment":"scroll","background-type":"","background-media":"","overlay-type":"","overlay-color":"","overlay-opacity":"","overlay-gradient":""}}},"product_brand":[],"product_cat":[62,143,18,129,95,40],"product_tag":[20,16,19,68,17,134,74],"class_list":{"0":"post-17","1":"product","2":"type-product","3":"status-publish","4":"has-post-thumbnail","6":"product_cat-all","7":"product_cat-blocks","8":"product_cat-event","9":"product_cat-pos","10":"product_cat-sort-filter","11":"product_cat-standard","12":"product_tag-conference","13":"product_tag-corporate","14":"product_tag-exhibition","15":"product_tag-facility","16":"product_tag-paid","17":"product_tag-single-day-events","18":"product_tag-venue","19":"desktop-align-left","20":"tablet-align-left","21":"mobile-align-left","22":"ast-product-gallery-layout-horizontal-slider","23":"ast-product-gallery-with-no-image","24":"ast-magnify-disabled","25":"ast-product-single-variable","26":"ast-product-tabs-layout-horizontal","28":"first","29":"instock","30":"shipping-taxable","31":"purchasable","32":"product-type-variable"},"group_of_quantity":0,"min_quantity":0,"max_quantity":"","exclude_order_quantity_value_rules":"no","exclude_category_quantity_rules":"no","combine_variations":"no","exclude_global_add_ons":[],"addons":[],"_links":{"self":[{"href":"https:\/\/demo.fooevents.com\/cs\/wp-json\/wp\/v2\/product\/17","targetHints":{"allow":["GET"]}}],"collection":[{"href":"https:\/\/demo.fooevents.com\/cs\/wp-json\/wp\/v2\/product"}],"about":[{"href":"https:\/\/demo.fooevents.com\/cs\/wp-json\/wp\/v2\/types\/product"}],"author":[{"embeddable":true,"href":"https:\/\/demo.fooevents.com\/cs\/wp-json\/wp\/v2\/users\/1"}],"wp:featuredmedia":[{"embeddable":true,"href":"https:\/\/demo.fooevents.com\/cs\/wp-json\/wp\/v2\/media\/73"}],"wp:attachment":[{"href":"https:\/\/demo.fooevents.com\/cs\/wp-json\/wp\/v2\/media?parent=17"}],"wp:term":[{"taxonomy":"product_brand","embeddable":true,"href":"https:\/\/demo.fooevents.com\/cs\/wp-json\/wp\/v2\/product_brand?post=17"},{"taxonomy":"product_cat","embeddable":true,"href":"https:\/\/demo.fooevents.com\/cs\/wp-json\/wp\/v2\/product_cat?post=17"},{"taxonomy":"product_tag","embeddable":true,"href":"https:\/\/demo.fooevents.com\/cs\/wp-json\/wp\/v2\/product_tag?post=17"}],"curies":[{"name":"wp","href":"https:\/\/api.w.org\/{rel}","templated":true}]}}