{"id":19986,"date":"2020-04-09T11:59:02","date_gmt":"2020-04-09T09:59:02","guid":{"rendered":"https:\/\/demo.fooevents.com\/?post_type=product&#038;p=19986"},"modified":"2024-10-21T02:54:33","modified_gmt":"2024-10-21T09:54:33","slug":"virtualni-fitness-trida","status":"publish","type":"product","link":"https:\/\/demo.fooevents.com\/cs\/product\/virtual-fitness-class\/","title":{"rendered":"Virtu\u00e1ln\u00ed fitness t\u0159\u00edda"},"content":{"rendered":"<table class=\"fooevents-zoom-meeting-info-table\">\n<tbody>\n<tr>\n<th colspan=\"2\" align=\"left\" valign=\"top\">P\u0159ehled t\u0159\u00eddy:<\/th>\n<\/tr>\n<tr>\n<th align=\"left\" width=\"25%\">Datum zah\u00e1jen\u00ed:<\/th>\n<td>01. b\u0159ezna 2022<\/td>\n<\/tr>\n<tr>\n<th align=\"left\" width=\"25%\">\u010cas zah\u00e1jen\u00ed:<\/th>\n<td>13:00 SAST<\/td>\n<\/tr>\n<tr>\n<th align=\"left\" width=\"25%\">\u010cas ukon\u010den\u00ed:<\/th>\n<td>14:00 SAST<\/td>\n<\/tr>\n<tr>\n<th align=\"left\">Doba trv\u00e1n\u00ed:<\/th>\n<td>1 hodina<\/td>\n<\/tr>\n<tr>\n<th align=\"left\">Opakov\u00e1n\u00ed:<\/th>\n<td>T\u00fddn\u011b v \u00fater\u00fd, p\u00e1tek a\u017e do 23. dubna 2022<\/td>\n<\/tr>\n<\/tbody>\n<\/table>","protected":false},"excerpt":{"rendered":"<p>Toto je p\u0159\u00edklad virtu\u00e1ln\u00ed fitness lekce pomoc\u00ed aplikace Zoom. Je nakonfigurov\u00e1n tak, aby automaticky p\u0159edem registroval \u00fa\u010dastn\u00edky na opakuj\u00edc\u00ed se setk\u00e1n\u00ed v aplikaci Zoom, kter\u00e9 se opakuje ka\u017ed\u00e9 \u00fater\u00fd a p\u00e1tek ve 13:00 po dobu 8 t\u00fddn\u016f. Pomoc\u00ed FooEvents m\u016f\u017eete sou\u010dasn\u011b p\u0159edb\u011b\u017en\u011b registrovat \u00fa\u010dastn\u00edky na jednu nebo v\u00edce <a href=\"https:\/\/demo.fooevents.com\/cs\/produkt\/virtualni-schuzka-s-priblizenim\/\">sch\u016fzky<\/a> a <a href=\"https:\/\/demo.fooevents.com\/cs\/produkt\/webinar\/\">webin\u00e1\u0159e<\/a>.<\/p>\n<p>Nav\u0161tivte na\u0161i <a href=\"https:\/\/www.fooevents.com\/cs\/virtual-events\/\">Virtu\u00e1ln\u00ed ud\u00e1losti<\/a> nebo v na\u0161\u00ed sekci <a href=\"https:\/\/help.fooevents.com\/cs\/docs\/topics\/events\/zoom-webinars\/\">Centrum n\u00e1pov\u011bdy<\/a> se dozv\u00edte, jak nastavit webin\u00e1\u0159, jako je tento.<\/p>","protected":false},"author":1,"featured_media":20132,"template":"","meta":{"site-sidebar-layout":"default","site-content-layout":"default","ast-site-content-layout":"default","site-content-style":"default","site-sidebar-style":"default","ast-global-header-display":"","ast-banner-title-visibility":"","ast-main-header-display":"","ast-hfb-above-header-display":"","ast-hfb-below-header-display":"","ast-hfb-mobile-header-display":"","site-post-title":"","ast-breadcrumbs-content":"","ast-featured-img":"","footer-sml-layout":"","ast-disable-related-posts":"","theme-transparent-header-meta":"default","adv-header-id-meta":"","stick-header-meta":"default","header-above-stick-meta":"","header-main-stick-meta":"","header-below-stick-meta":"","astra-migrate-meta-layouts":"set","ast-page-background-enabled":"default","ast-page-background-meta":{"desktop":{"background-color":"var(--ast-global-color-4)","background-image":"","background-repeat":"repeat","background-position":"center center","background-size":"auto","background-attachment":"scroll","background-type":"","background-media":"","overlay-type":"","overlay-color":"","overlay-opacity":"","overlay-gradient":""},"tablet":{"background-color":"","background-image":"","background-repeat":"repeat","background-position":"center center","background-size":"auto","background-attachment":"scroll","background-type":"","background-media":"","overlay-type":"","overlay-color":"","overlay-opacity":"","overlay-gradient":""},"mobile":{"background-color":"","background-image":"","background-repeat":"repeat","background-position":"center center","background-size":"auto","background-attachment":"scroll","background-type":"","background-media":"","overlay-type":"","overlay-color":"","overlay-opacity":"","overlay-gradient":""}},"ast-content-background-meta":{"desktop":{"background-color":"var(--ast-global-color-5)","background-image":"","background-repeat":"repeat","background-position":"center center","background-size":"auto","background-attachment":"scroll","background-type":"","background-media":"","overlay-type":"","overlay-color":"","overlay-opacity":"","overlay-gradient":""},"tablet":{"background-color":"var(--ast-global-color-5)","background-image":"","background-repeat":"repeat","background-position":"center center","background-size":"auto","background-attachment":"scroll","background-type":"","background-media":"","overlay-type":"","overlay-color":"","overlay-opacity":"","overlay-gradient":""},"mobile":{"background-color":"var(--ast-global-color-5)","background-image":"","background-repeat":"repeat","background-position":"center center","background-size":"auto","background-attachment":"scroll","background-type":"","background-media":"","overlay-type":"","overlay-color":"","overlay-opacity":"","overlay-gradient":""}}},"product_brand":[],"product_cat":[62,18,95,34],"product_tag":[75,42,70,66,37,17,72,25,36,38,32,35],"class_list":{"0":"post-19986","1":"product","2":"type-product","3":"status-publish","4":"has-post-thumbnail","6":"product_cat-all","7":"product_cat-event","8":"product_cat-sort-filter","9":"product_cat-virtual-events","10":"product_tag-activity","11":"product_tag-class","12":"product_tag-classes","13":"product_tag-covid","14":"product_tag-meeting","15":"product_tag-paid","16":"product_tag-service","17":"product_tag-sport","18":"product_tag-virtual","19":"product_tag-virtual-event","20":"product_tag-webinar","21":"product_tag-zoom","22":"desktop-align-left","23":"tablet-align-left","24":"mobile-align-left","25":"ast-product-gallery-layout-horizontal-slider","26":"ast-product-gallery-with-no-image","27":"ast-magnify-disabled","28":"ast-product-tabs-layout-horizontal","30":"first","31":"instock","32":"downloadable","33":"virtual","34":"purchasable","35":"product-type-simple"},"group_of_quantity":0,"min_quantity":0,"max_quantity":"","exclude_order_quantity_value_rules":"no","exclude_category_quantity_rules":"no","combine_variations":"no","exclude_global_add_ons":[],"addons":[],"_links":{"self":[{"href":"https:\/\/demo.fooevents.com\/cs\/wp-json\/wp\/v2\/product\/19986","targetHints":{"allow":["GET"]}}],"collection":[{"href":"https:\/\/demo.fooevents.com\/cs\/wp-json\/wp\/v2\/product"}],"about":[{"href":"https:\/\/demo.fooevents.com\/cs\/wp-json\/wp\/v2\/types\/product"}],"author":[{"embeddable":true,"href":"https:\/\/demo.fooevents.com\/cs\/wp-json\/wp\/v2\/users\/1"}],"wp:featuredmedia":[{"embeddable":true,"href":"https:\/\/demo.fooevents.com\/cs\/wp-json\/wp\/v2\/media\/20132"}],"wp:attachment":[{"href":"https:\/\/demo.fooevents.com\/cs\/wp-json\/wp\/v2\/media?parent=19986"}],"wp:term":[{"taxonomy":"product_brand","embeddable":true,"href":"https:\/\/demo.fooevents.com\/cs\/wp-json\/wp\/v2\/product_brand?post=19986"},{"taxonomy":"product_cat","embeddable":true,"href":"https:\/\/demo.fooevents.com\/cs\/wp-json\/wp\/v2\/product_cat?post=19986"},{"taxonomy":"product_tag","embeddable":true,"href":"https:\/\/demo.fooevents.com\/cs\/wp-json\/wp\/v2\/product_tag?post=19986"}],"curies":[{"name":"wp","href":"https:\/\/api.w.org\/{rel}","templated":true}]}}