{"id":20101,"date":"2020-04-15T10:02:32","date_gmt":"2020-04-15T08:02:32","guid":{"rendered":"https:\/\/demo.fooevents.com\/?post_type=product&#038;p=20101"},"modified":"2026-02-25T10:28:28","modified_gmt":"2026-02-25T18:28:28","slug":"virtualni-skupinova-lekce-jogy","status":"publish","type":"product","link":"https:\/\/demo.fooevents.com\/cs\/product\/virtual-group-yoga-class\/","title":{"rendered":"Virtu\u00e1ln\u00ed lekce j\u00f3gy"},"content":{"rendered":"<table class=\"fooevents-zoom-meeting-info-table\">\n<tbody>\n<tr>\n<th colspan=\"2\" align=\"left\" valign=\"top\">P\u0159ehled t\u0159\u00edd<\/th>\n<\/tr>\n<tr>\n<th align=\"left\" width=\"25%\">Datum zah\u00e1jen\u00ed:<\/th>\n<td>\u010derven 01, 2022<\/td>\n<\/tr>\n<tr>\n<th align=\"left\" width=\"25%\">\u010cas zah\u00e1jen\u00ed:<\/th>\n<td>10:00 SAST<\/td>\n<\/tr>\n<tr>\n<th align=\"left\" width=\"25%\">\u010cas ukon\u010den\u00ed:<\/th>\n<td>11:30 SAST<\/td>\n<\/tr>\n<tr>\n<th align=\"left\">Doba trv\u00e1n\u00ed:<\/th>\n<td>1 hodina a 30 minut<\/td>\n<\/tr>\n<tr>\n<th align=\"left\">Opakov\u00e1n\u00ed:<\/th>\n<td>T\u00fddn\u011b ve st\u0159edu, v sobotu a\u017e do 23. \u010dervence 2022<\/td>\n<\/tr>\n<\/tbody>\n<\/table>","protected":false},"excerpt":{"rendered":"<p>Toto je p\u0159\u00edklad virtu\u00e1ln\u00ed skupinov\u00e9 lekce j\u00f3gy pomoc\u00ed slu\u017eby Zoom. Je nakonfigurov\u00e1n tak, aby automaticky p\u0159edem registroval studenty na opakuj\u00edc\u00ed se setk\u00e1n\u00ed na Zoomu, kter\u00e9 se opakuje ka\u017edou st\u0159edu a sobotu v 10:00 po dobu 8 t\u00fddn\u016f. Pomoc\u00ed FooEvents m\u016f\u017eete sou\u010dasn\u011b p\u0159edb\u011b\u017en\u011b registrovat \u00fa\u010dastn\u00edky na jednu nebo v\u00edce <a href=\"https:\/\/demo.fooevents.com\/cs\/produkt\/virtualni-schuzka-s-priblizenim\/\">sch\u016fzky<\/a> a <a href=\"https:\/\/demo.fooevents.com\/cs\/produkt\/webinar\/\">webin\u00e1\u0159e<\/a>.<\/p>\n<p>Nav\u0161tivte na\u0161i <a href=\"https:\/\/www.fooevents.com\/cs\/virtual-events\/\">Virtu\u00e1ln\u00ed ud\u00e1losti<\/a> nebo pou\u017eijte tento <a href=\"https:\/\/help.fooevents.com\/cs\/docs\/topics\/use-cases\/virtual-yoga-class\/\">V\u00fdukov\u00fd program pro p\u0159\u00edpady pou\u017eit\u00ed<\/a> a dozv\u00edte se, jak nastavit webin\u00e1\u0159, jako je tento.<\/p>","protected":false},"author":1,"featured_media":20128,"template":"","meta":{"site-sidebar-layout":"default","site-content-layout":"default","ast-site-content-layout":"default","site-content-style":"default","site-sidebar-style":"default","ast-global-header-display":"","ast-banner-title-visibility":"","ast-main-header-display":"","ast-hfb-above-header-display":"","ast-hfb-below-header-display":"","ast-hfb-mobile-header-display":"","site-post-title":"","ast-breadcrumbs-content":"","ast-featured-img":"","footer-sml-layout":"","ast-disable-related-posts":"","theme-transparent-header-meta":"default","adv-header-id-meta":"","stick-header-meta":"default","header-above-stick-meta":"","header-main-stick-meta":"","header-below-stick-meta":"","astra-migrate-meta-layouts":"set","ast-page-background-enabled":"default","ast-page-background-meta":{"desktop":{"background-color":"var(--ast-global-color-4)","background-image":"","background-repeat":"repeat","background-position":"center center","background-size":"auto","background-attachment":"scroll","background-type":"","background-media":"","overlay-type":"","overlay-color":"","overlay-opacity":"","overlay-gradient":""},"tablet":{"background-color":"","background-image":"","background-repeat":"repeat","background-position":"center center","background-size":"auto","background-attachment":"scroll","background-type":"","background-media":"","overlay-type":"","overlay-color":"","overlay-opacity":"","overlay-gradient":""},"mobile":{"background-color":"","background-image":"","background-repeat":"repeat","background-position":"center center","background-size":"auto","background-attachment":"scroll","background-type":"","background-media":"","overlay-type":"","overlay-color":"","overlay-opacity":"","overlay-gradient":""}},"ast-content-background-meta":{"desktop":{"background-color":"var(--ast-global-color-5)","background-image":"","background-repeat":"repeat","background-position":"center center","background-size":"auto","background-attachment":"scroll","background-type":"","background-media":"","overlay-type":"","overlay-color":"","overlay-opacity":"","overlay-gradient":""},"tablet":{"background-color":"var(--ast-global-color-5)","background-image":"","background-repeat":"repeat","background-position":"center center","background-size":"auto","background-attachment":"scroll","background-type":"","background-media":"","overlay-type":"","overlay-color":"","overlay-opacity":"","overlay-gradient":""},"mobile":{"background-color":"var(--ast-global-color-5)","background-image":"","background-repeat":"repeat","background-position":"center center","background-size":"auto","background-attachment":"scroll","background-type":"","background-media":"","overlay-type":"","overlay-color":"","overlay-opacity":"","overlay-gradient":""}}},"product_brand":[],"product_cat":[62,18,95,34],"product_tag":[75,69,37,17,72,134,25,36,38,32,35],"class_list":{"0":"post-20101","1":"product","2":"type-product","3":"status-publish","4":"has-post-thumbnail","6":"product_cat-all","7":"product_cat-event","8":"product_cat-sort-filter","9":"product_cat-virtual-events","10":"product_tag-activity","11":"product_tag-exercise","12":"product_tag-meeting","13":"product_tag-paid","14":"product_tag-service","15":"product_tag-single-day-events","16":"product_tag-sport","17":"product_tag-virtual","18":"product_tag-virtual-event","19":"product_tag-webinar","20":"product_tag-zoom","21":"desktop-align-left","22":"tablet-align-left","23":"mobile-align-left","24":"ast-product-gallery-layout-horizontal-slider","25":"ast-product-gallery-with-no-image","26":"ast-magnify-disabled","27":"ast-product-tabs-layout-horizontal","29":"first","30":"instock","31":"downloadable","32":"virtual","33":"purchasable","34":"product-type-simple"},"group_of_quantity":0,"min_quantity":0,"max_quantity":"","exclude_order_quantity_value_rules":"no","exclude_category_quantity_rules":"no","combine_variations":"no","exclude_global_add_ons":[],"addons":[],"_links":{"self":[{"href":"https:\/\/demo.fooevents.com\/cs\/wp-json\/wp\/v2\/product\/20101","targetHints":{"allow":["GET"]}}],"collection":[{"href":"https:\/\/demo.fooevents.com\/cs\/wp-json\/wp\/v2\/product"}],"about":[{"href":"https:\/\/demo.fooevents.com\/cs\/wp-json\/wp\/v2\/types\/product"}],"author":[{"embeddable":true,"href":"https:\/\/demo.fooevents.com\/cs\/wp-json\/wp\/v2\/users\/1"}],"wp:featuredmedia":[{"embeddable":true,"href":"https:\/\/demo.fooevents.com\/cs\/wp-json\/wp\/v2\/media\/20128"}],"wp:attachment":[{"href":"https:\/\/demo.fooevents.com\/cs\/wp-json\/wp\/v2\/media?parent=20101"}],"wp:term":[{"taxonomy":"product_brand","embeddable":true,"href":"https:\/\/demo.fooevents.com\/cs\/wp-json\/wp\/v2\/product_brand?post=20101"},{"taxonomy":"product_cat","embeddable":true,"href":"https:\/\/demo.fooevents.com\/cs\/wp-json\/wp\/v2\/product_cat?post=20101"},{"taxonomy":"product_tag","embeddable":true,"href":"https:\/\/demo.fooevents.com\/cs\/wp-json\/wp\/v2\/product_tag?post=20101"}],"curies":[{"name":"wp","href":"https:\/\/api.w.org\/{rel}","templated":true}]}}