{"id":20108,"date":"2020-04-15T10:23:13","date_gmt":"2020-04-15T08:23:13","guid":{"rendered":"https:\/\/demo.fooevents.com\/?post_type=product&#038;p=20108"},"modified":"2026-02-16T06:34:45","modified_gmt":"2026-02-16T14:34:45","slug":"virtualni-vytvarna-trida","status":"publish","type":"product","link":"https:\/\/demo.fooevents.com\/cs\/product\/virtual-art-class\/","title":{"rendered":"Virtu\u00e1ln\u00ed v\u00fdtvarn\u00e9 kurzy"},"content":{"rendered":"<table class=\"fooevents-zoom-meeting-info-table\">\n<tbody>\n<tr>\n<th align=\"left\" width=\"25%\">Z\u00e1klady kreslen\u00ed<\/th>\n<td><strong>1. \u010dervna 2022. 15:00 - 16:00 SAST<\/strong><br \/>\nT\u00fddn\u011b v \u00fater\u00fd, st\u0159edu a p\u00e1tek do 14. \u010dervna 2022<\/td>\n<\/tr>\n<tr>\n<th align=\"left\" width=\"25%\">Malov\u00e1n\u00ed oleji<\/th>\n<td><strong>06. \u010dervna 2022. 14:00 - 15:00 SAST<\/strong><br \/>\nT\u00fddn\u011b v pond\u011bl\u00ed, ve st\u0159edu a\u017e do 22. \u010dervna 2022<\/td>\n<\/tr>\n<tr>\n<th align=\"left\" width=\"25%\">D\u011bjiny um\u011bn\u00ed<\/th>\n<td><strong>02. \u010dervna 2022. 11:00 - 12:00 SAST<\/strong><br \/>\nT\u00fddn\u011b v pond\u011bl\u00ed, ve st\u0159edu a\u017e do 22. \u010dervna 2022<\/td>\n<\/tr>\n<\/tbody>\n<\/table>","protected":false},"excerpt":{"rendered":"<p>Tento p\u0159\u00edklad je nakonfigurov\u00e1n tak, aby automaticky p\u0159edb\u011b\u017en\u011b p\u0159ihla\u0161oval studenty na t\u0159i samostatn\u00e9 v\u00fdtvarn\u00e9 kurzy\/setk\u00e1n\u00ed Zoom, kter\u00e9 se opakuj\u00ed po dobu t\u0159\u00ed t\u00fddn\u016f v r\u016fzn\u00fdch dnech v t\u00fddnu.  Pomoc\u00ed FooEvents m\u016f\u017eete sou\u010dasn\u011b p\u0159edb\u011b\u017en\u011b registrovat \u00fa\u010dastn\u00edky na jeden nebo v\u00edce webin\u00e1\u0159\u016f\/setk\u00e1n\u00ed.<\/p>\n<p><span style=\"font-size: 16px;\">Nav\u0161tivte na\u0161i <\/span><a style=\"font-size: 16px;\" href=\"https:\/\/www.fooevents.com\/cs\/virtual-events\/\">Virtu\u00e1ln\u00ed ud\u00e1losti<\/a><span style=\"font-size: 16px;\"> nebo v na\u0161\u00ed sekci <\/span><a style=\"font-size: 16px;\" href=\"https:\/\/help.fooevents.com\/cs\/docs\/topics\/events\/zoom-webinars\/\">Centrum n\u00e1pov\u011bdy<\/a><span style=\"font-size: 16px;\"> se dozv\u00edte, jak nastavit webin\u00e1\u0159, jako je tento.<\/span><\/p>","protected":false},"author":1,"featured_media":20133,"template":"","meta":{"site-sidebar-layout":"default","site-content-layout":"default","ast-site-content-layout":"default","site-content-style":"default","site-sidebar-style":"default","ast-global-header-display":"","ast-banner-title-visibility":"","ast-main-header-display":"","ast-hfb-above-header-display":"","ast-hfb-below-header-display":"","ast-hfb-mobile-header-display":"","site-post-title":"","ast-breadcrumbs-content":"","ast-featured-img":"","footer-sml-layout":"","ast-disable-related-posts":"","theme-transparent-header-meta":"default","adv-header-id-meta":"","stick-header-meta":"default","header-above-stick-meta":"","header-main-stick-meta":"","header-below-stick-meta":"","astra-migrate-meta-layouts":"set","ast-page-background-enabled":"default","ast-page-background-meta":{"desktop":{"background-color":"var(--ast-global-color-4)","background-image":"","background-repeat":"repeat","background-position":"center center","background-size":"auto","background-attachment":"scroll","background-type":"","background-media":"","overlay-type":"","overlay-color":"","overlay-opacity":"","overlay-gradient":""},"tablet":{"background-color":"","background-image":"","background-repeat":"repeat","background-position":"center center","background-size":"auto","background-attachment":"scroll","background-type":"","background-media":"","overlay-type":"","overlay-color":"","overlay-opacity":"","overlay-gradient":""},"mobile":{"background-color":"","background-image":"","background-repeat":"repeat","background-position":"center center","background-size":"auto","background-attachment":"scroll","background-type":"","background-media":"","overlay-type":"","overlay-color":"","overlay-opacity":"","overlay-gradient":""}},"ast-content-background-meta":{"desktop":{"background-color":"var(--ast-global-color-5)","background-image":"","background-repeat":"repeat","background-position":"center center","background-size":"auto","background-attachment":"scroll","background-type":"","background-media":"","overlay-type":"","overlay-color":"","overlay-opacity":"","overlay-gradient":""},"tablet":{"background-color":"var(--ast-global-color-5)","background-image":"","background-repeat":"repeat","background-position":"center center","background-size":"auto","background-attachment":"scroll","background-type":"","background-media":"","overlay-type":"","overlay-color":"","overlay-opacity":"","overlay-gradient":""},"mobile":{"background-color":"var(--ast-global-color-5)","background-image":"","background-repeat":"repeat","background-position":"center center","background-size":"auto","background-attachment":"scroll","background-type":"","background-media":"","overlay-type":"","overlay-color":"","overlay-opacity":"","overlay-gradient":""}}},"product_brand":[],"product_cat":[62,18,95,34],"product_tag":[75,42,70,41,66,17,36,38,32,35],"class_list":{"0":"post-20108","1":"product","2":"type-product","3":"status-publish","4":"has-post-thumbnail","6":"product_cat-all","7":"product_cat-event","8":"product_cat-sort-filter","9":"product_cat-virtual-events","10":"product_tag-activity","11":"product_tag-class","12":"product_tag-classes","13":"product_tag-course","14":"product_tag-covid","15":"product_tag-paid","16":"product_tag-virtual","17":"product_tag-virtual-event","18":"product_tag-webinar","19":"product_tag-zoom","20":"desktop-align-left","21":"tablet-align-left","22":"mobile-align-left","23":"ast-product-gallery-layout-horizontal-slider","24":"ast-product-gallery-with-no-image","25":"ast-magnify-disabled","26":"ast-product-tabs-layout-horizontal","28":"first","29":"instock","30":"downloadable","31":"virtual","32":"purchasable","33":"product-type-simple"},"group_of_quantity":0,"min_quantity":0,"max_quantity":"","exclude_order_quantity_value_rules":"no","exclude_category_quantity_rules":"no","combine_variations":"no","exclude_global_add_ons":[],"addons":[],"_links":{"self":[{"href":"https:\/\/demo.fooevents.com\/cs\/wp-json\/wp\/v2\/product\/20108","targetHints":{"allow":["GET"]}}],"collection":[{"href":"https:\/\/demo.fooevents.com\/cs\/wp-json\/wp\/v2\/product"}],"about":[{"href":"https:\/\/demo.fooevents.com\/cs\/wp-json\/wp\/v2\/types\/product"}],"author":[{"embeddable":true,"href":"https:\/\/demo.fooevents.com\/cs\/wp-json\/wp\/v2\/users\/1"}],"wp:featuredmedia":[{"embeddable":true,"href":"https:\/\/demo.fooevents.com\/cs\/wp-json\/wp\/v2\/media\/20133"}],"wp:attachment":[{"href":"https:\/\/demo.fooevents.com\/cs\/wp-json\/wp\/v2\/media?parent=20108"}],"wp:term":[{"taxonomy":"product_brand","embeddable":true,"href":"https:\/\/demo.fooevents.com\/cs\/wp-json\/wp\/v2\/product_brand?post=20108"},{"taxonomy":"product_cat","embeddable":true,"href":"https:\/\/demo.fooevents.com\/cs\/wp-json\/wp\/v2\/product_cat?post=20108"},{"taxonomy":"product_tag","embeddable":true,"href":"https:\/\/demo.fooevents.com\/cs\/wp-json\/wp\/v2\/product_tag?post=20108"}],"curies":[{"name":"wp","href":"https:\/\/api.w.org\/{rel}","templated":true}]}}