{"id":20324,"date":"2020-04-23T10:29:54","date_gmt":"2020-04-23T08:29:54","guid":{"rendered":"https:\/\/demo.fooevents.com\/?post_type=product&#038;p=20324"},"modified":"2025-12-19T13:10:57","modified_gmt":"2025-12-19T21:10:57","slug":"zive-vysilani-esportu","status":"publish","type":"product","link":"https:\/\/demo.fooevents.com\/cs\/product\/esports-live-streaming\/","title":{"rendered":"\u017div\u00e9 p\u0159enosy z eSportu"},"content":{"rendered":"<table class=\"fooevents-zoom-meeting-info-table\">\n<tbody>\n<tr>\n<th align=\"left\" valign=\"top\">Stream 1: Fortnite<\/th>\n<td width=\"50%\">01. \u010dervence 2022 - 03. \u010dervence 2022.<br \/>\n10:00 a\u017e 14:00 PDT (webin\u00e1\u0159)<\/td>\n<\/tr>\n<tr>\n<th align=\"left\" width=\"25%\">Stream 2: Call of Duty: Modern Warfare<\/th>\n<td>01. \u010dervence 2022 - 03. \u010dervence 2022.<br \/>\n11:00 a\u017e 15:00 PDT (webin\u00e1\u0159)<\/td>\n<\/tr>\n<tr>\n<th align=\"left\" width=\"25%\">Stream 3: Grand Theft Auto V<\/th>\n<td>01. \u010dervence 2022 - 03. \u010dervence 2022.<br \/>\n12:00 a\u017e 16:00 PDT (webin\u00e1\u0159)<\/td>\n<\/tr>\n<tr>\n<th align=\"left\" width=\"25%\">Stream 4: League of Legends<\/th>\n<td>01. \u010dervence 2022 - 03. \u010dervence 2022.<br \/>\n11:00 a\u017e 15:00 PDT (webin\u00e1\u0159)<\/td>\n<\/tr>\n<tr>\n<th align=\"left\" width=\"25%\">Stream 5: Dota 2<\/th>\n<td>01. \u010dervence 2022 - 03. \u010dervence 2022.<br \/>\n12:00 a\u017e 16:00 PDT (webin\u00e1\u0159)<\/td>\n<\/tr>\n<\/tbody>\n<\/table>","protected":false},"excerpt":{"rendered":"<p>Tento p\u0159\u00edklad je nakonfigurov\u00e1n na automatickou p\u0159edb\u011b\u017enou registraci \u00fa\u010dastn\u00edk\u016f bezplatn\u00e9ho turnaje v elektronick\u00fdch sportech, kter\u00fd zahrnuje 5 samostatn\u00fdch stream\u016f (webin\u00e1\u0159\u016f Zoom), kter\u00e9 prob\u00edhaj\u00ed sou\u010dasn\u011b. Ka\u017ed\u00fd webin\u00e1\u0159 se bude opakovat po dobu 3 dn\u016f. Tato konfigurace je vhodn\u00e1 pro jakoukoli ud\u00e1lost s \u017eiv\u00fdm p\u0159enosem, kter\u00e1 nab\u00edz\u00ed v\u00edce soub\u011b\u017en\u00fdch stream\u016f b\u011bhem jednoho nebo v\u00edce dn\u016f.<\/p>\n<p><a style=\"font-size: 16px;\" href=\"https:\/\/www.fooevents.com\/cs\/virtual-events\/\">Virtu\u00e1ln\u00ed ud\u00e1losti<\/a> nebo v na\u0161\u00ed sekci <a style=\"font-size: 16px;\" href=\"https:\/\/help.fooevents.com\/cs\/docs\/topics\/events\/zoom-meetings-and-webinars\/\">Centrum n\u00e1pov\u011bdy<\/a> se dozv\u00edte, jak nastavit webin\u00e1\u0159, jako je tento.<\/p>","protected":false},"author":1,"featured_media":20329,"template":"","meta":{"site-sidebar-layout":"default","site-content-layout":"default","ast-site-content-layout":"default","site-content-style":"default","site-sidebar-style":"default","ast-global-header-display":"","ast-banner-title-visibility":"","ast-main-header-display":"","ast-hfb-above-header-display":"","ast-hfb-below-header-display":"","ast-hfb-mobile-header-display":"","site-post-title":"","ast-breadcrumbs-content":"","ast-featured-img":"","footer-sml-layout":"","ast-disable-related-posts":"","theme-transparent-header-meta":"default","adv-header-id-meta":"","stick-header-meta":"default","header-above-stick-meta":"","header-main-stick-meta":"","header-below-stick-meta":"","astra-migrate-meta-layouts":"set","ast-page-background-enabled":"default","ast-page-background-meta":{"desktop":{"background-color":"var(--ast-global-color-4)","background-image":"","background-repeat":"repeat","background-position":"center center","background-size":"auto","background-attachment":"scroll","background-type":"","background-media":"","overlay-type":"","overlay-color":"","overlay-opacity":"","overlay-gradient":""},"tablet":{"background-color":"","background-image":"","background-repeat":"repeat","background-position":"center center","background-size":"auto","background-attachment":"scroll","background-type":"","background-media":"","overlay-type":"","overlay-color":"","overlay-opacity":"","overlay-gradient":""},"mobile":{"background-color":"","background-image":"","background-repeat":"repeat","background-position":"center center","background-size":"auto","background-attachment":"scroll","background-type":"","background-media":"","overlay-type":"","overlay-color":"","overlay-opacity":"","overlay-gradient":""}},"ast-content-background-meta":{"desktop":{"background-color":"var(--ast-global-color-5)","background-image":"","background-repeat":"repeat","background-position":"center center","background-size":"auto","background-attachment":"scroll","background-type":"","background-media":"","overlay-type":"","overlay-color":"","overlay-opacity":"","overlay-gradient":""},"tablet":{"background-color":"var(--ast-global-color-5)","background-image":"","background-repeat":"repeat","background-position":"center center","background-size":"auto","background-attachment":"scroll","background-type":"","background-media":"","overlay-type":"","overlay-color":"","overlay-opacity":"","overlay-gradient":""},"mobile":{"background-color":"var(--ast-global-color-5)","background-image":"","background-repeat":"repeat","background-position":"center center","background-size":"auto","background-attachment":"scroll","background-type":"","background-media":"","overlay-type":"","overlay-color":"","overlay-opacity":"","overlay-gradient":""}}},"product_brand":[],"product_cat":[62,143,18,95,34],"product_tag":[20,16,37,17,134,25,36,38,32,35],"class_list":{"0":"post-20324","1":"product","2":"type-product","3":"status-publish","4":"has-post-thumbnail","6":"product_cat-all","7":"product_cat-blocks","8":"product_cat-event","9":"product_cat-sort-filter","10":"product_cat-virtual-events","11":"product_tag-conference","12":"product_tag-corporate","13":"product_tag-meeting","14":"product_tag-paid","15":"product_tag-single-day-events","16":"product_tag-sport","17":"product_tag-virtual","18":"product_tag-virtual-event","19":"product_tag-webinar","20":"product_tag-zoom","21":"desktop-align-left","22":"tablet-align-left","23":"mobile-align-left","24":"ast-product-gallery-layout-horizontal-slider","25":"ast-product-gallery-with-no-image","26":"ast-magnify-disabled","27":"ast-product-tabs-layout-horizontal","29":"first","30":"instock","31":"downloadable","32":"virtual","33":"purchasable","34":"product-type-simple"},"group_of_quantity":0,"min_quantity":0,"max_quantity":"","exclude_order_quantity_value_rules":"no","exclude_category_quantity_rules":"no","combine_variations":"no","exclude_global_add_ons":[],"addons":[],"_links":{"self":[{"href":"https:\/\/demo.fooevents.com\/cs\/wp-json\/wp\/v2\/product\/20324","targetHints":{"allow":["GET"]}}],"collection":[{"href":"https:\/\/demo.fooevents.com\/cs\/wp-json\/wp\/v2\/product"}],"about":[{"href":"https:\/\/demo.fooevents.com\/cs\/wp-json\/wp\/v2\/types\/product"}],"author":[{"embeddable":true,"href":"https:\/\/demo.fooevents.com\/cs\/wp-json\/wp\/v2\/users\/1"}],"wp:featuredmedia":[{"embeddable":true,"href":"https:\/\/demo.fooevents.com\/cs\/wp-json\/wp\/v2\/media\/20329"}],"wp:attachment":[{"href":"https:\/\/demo.fooevents.com\/cs\/wp-json\/wp\/v2\/media?parent=20324"}],"wp:term":[{"taxonomy":"product_brand","embeddable":true,"href":"https:\/\/demo.fooevents.com\/cs\/wp-json\/wp\/v2\/product_brand?post=20324"},{"taxonomy":"product_cat","embeddable":true,"href":"https:\/\/demo.fooevents.com\/cs\/wp-json\/wp\/v2\/product_cat?post=20324"},{"taxonomy":"product_tag","embeddable":true,"href":"https:\/\/demo.fooevents.com\/cs\/wp-json\/wp\/v2\/product_tag?post=20324"}],"curies":[{"name":"wp","href":"https:\/\/api.w.org\/{rel}","templated":true}]}}