{"id":21322,"date":"2020-07-07T12:25:33","date_gmt":"2020-07-07T10:25:33","guid":{"rendered":"https:\/\/demo.fooevents.com\/?post_type=product&#038;p=21322"},"modified":"2025-01-24T03:42:04","modified_gmt":"2025-01-24T11:42:04","slug":"rezervace-golfu","status":"publish","type":"product","link":"https:\/\/demo.fooevents.com\/cs\/product\/golf-booking\/","title":{"rendered":"Rezervace golfov\u00e9ho dne"},"content":{"rendered":"","protected":false},"excerpt":{"rendered":"<p>Tato uk\u00e1zka pou\u017e\u00edv\u00e1 <a href=\"https:\/\/www.fooevents.com\/cs\/products\/fooevents-for-woocommerce\/\">FooEvents pro WooCommerce<\/a>, <a href=\"https:\/\/www.fooevents.com\/cs\/products\/fooevents-custom-attendee-fields\/\">FooEvents Vlastn\u00ed pole pro \u00fa\u010dastn\u00edky<\/a> a <a href=\"https:\/\/www.fooevents.com\/cs\/products\/fooevents-bookings\/\">FooEvents Rezervace<\/a> a ukazuje, jak lze FooEvents pou\u017e\u00edt k prodeji skupin vstupenek (viz mo\u017enost \u010dty\u0159 m\u00ed\u010d\u016f). To je u\u017eite\u010dn\u00e9 tak\u00e9 p\u0159i prodeji skupinov\u00fdch slev.<\/p>\n<p>Vstupenky lze seskupovat na \u00farovni jednotliv\u00fdch vstupenek nebo variant. Vezm\u011bte pros\u00edm na v\u011bdom\u00ed, \u017ee tento p\u0159\u00edklad vyu\u017e\u00edv\u00e1 <a href=\"https:\/\/woocommerce.com\/products\/minmax-quantities\/?aff=8264&amp;cid=702463\" target=\"new\" rel=\"noopener noreferrer\">WooCommerce Min\/Max Mno\u017estv\u00ed<\/a> z\u00e1suvn\u00fd modul, kter\u00fd lze zakoupit samostatn\u011b na trhu WooCommerce.\r\n\r\nTuto ud\u00e1lost lze nakonfigurovat tak, aby se vstupenky pos\u00edlaly ka\u017ed\u00e9mu \u00fa\u010dastn\u00edkovi zvl\u00e1\u0161\u0165 nebo pouze kupuj\u00edc\u00edmu.<\/p>","protected":false},"author":1,"featured_media":21329,"template":"","meta":{"site-sidebar-layout":"default","site-content-layout":"default","ast-site-content-layout":"default","site-content-style":"default","site-sidebar-style":"default","ast-global-header-display":"","ast-banner-title-visibility":"","ast-main-header-display":"","ast-hfb-above-header-display":"","ast-hfb-below-header-display":"","ast-hfb-mobile-header-display":"","site-post-title":"","ast-breadcrumbs-content":"","ast-featured-img":"","footer-sml-layout":"","ast-disable-related-posts":"","theme-transparent-header-meta":"default","adv-header-id-meta":"","stick-header-meta":"default","header-above-stick-meta":"","header-main-stick-meta":"","header-below-stick-meta":"","astra-migrate-meta-layouts":"set","ast-page-background-enabled":"default","ast-page-background-meta":{"desktop":{"background-color":"var(--ast-global-color-4)","background-image":"","background-repeat":"repeat","background-position":"center center","background-size":"auto","background-attachment":"scroll","background-type":"","background-media":"","overlay-type":"","overlay-color":"","overlay-opacity":"","overlay-gradient":""},"tablet":{"background-color":"","background-image":"","background-repeat":"repeat","background-position":"center center","background-size":"auto","background-attachment":"scroll","background-type":"","background-media":"","overlay-type":"","overlay-color":"","overlay-opacity":"","overlay-gradient":""},"mobile":{"background-color":"","background-image":"","background-repeat":"repeat","background-position":"center center","background-size":"auto","background-attachment":"scroll","background-type":"","background-media":"","overlay-type":"","overlay-color":"","overlay-opacity":"","overlay-gradient":""}},"ast-content-background-meta":{"desktop":{"background-color":"var(--ast-global-color-5)","background-image":"","background-repeat":"repeat","background-position":"center center","background-size":"auto","background-attachment":"scroll","background-type":"","background-media":"","overlay-type":"","overlay-color":"","overlay-opacity":"","overlay-gradient":""},"tablet":{"background-color":"var(--ast-global-color-5)","background-image":"","background-repeat":"repeat","background-position":"center center","background-size":"auto","background-attachment":"scroll","background-type":"","background-media":"","overlay-type":"","overlay-color":"","overlay-opacity":"","overlay-gradient":""},"mobile":{"background-color":"var(--ast-global-color-5)","background-image":"","background-repeat":"repeat","background-position":"center center","background-size":"auto","background-attachment":"scroll","background-type":"","background-media":"","overlay-type":"","overlay-color":"","overlay-opacity":"","overlay-gradient":""}}},"product_brand":[],"product_cat":[39,62,143,18,86],"product_tag":[75,78,64,16,69,63,17,23,25,67,74],"class_list":{"0":"post-21322","1":"product","2":"type-product","3":"status-publish","4":"has-post-thumbnail","6":"product_cat-bookings","7":"product_cat-all","8":"product_cat-blocks","9":"product_cat-event","10":"product_cat-golf-day-booking","11":"product_tag-activity","12":"product_tag-attraction","13":"product_tag-booking","14":"product_tag-corporate","15":"product_tag-exercise","16":"product_tag-outdoors","17":"product_tag-paid","18":"product_tag-social","19":"product_tag-sport","20":"product_tag-team","21":"product_tag-venue","22":"desktop-align-left","23":"tablet-align-left","24":"mobile-align-left","25":"ast-product-gallery-layout-horizontal-slider","26":"ast-product-gallery-with-no-image","27":"ast-magnify-disabled","28":"ast-product-single-variable","29":"ast-product-tabs-layout-horizontal","31":"first","32":"instock","33":"shipping-taxable","34":"purchasable","35":"product-type-variable"},"group_of_quantity":0,"min_quantity":0,"max_quantity":"","exclude_order_quantity_value_rules":"no","exclude_category_quantity_rules":"no","combine_variations":"no","exclude_global_add_ons":[],"addons":[],"_links":{"self":[{"href":"https:\/\/demo.fooevents.com\/cs\/wp-json\/wp\/v2\/product\/21322","targetHints":{"allow":["GET"]}}],"collection":[{"href":"https:\/\/demo.fooevents.com\/cs\/wp-json\/wp\/v2\/product"}],"about":[{"href":"https:\/\/demo.fooevents.com\/cs\/wp-json\/wp\/v2\/types\/product"}],"author":[{"embeddable":true,"href":"https:\/\/demo.fooevents.com\/cs\/wp-json\/wp\/v2\/users\/1"}],"wp:featuredmedia":[{"embeddable":true,"href":"https:\/\/demo.fooevents.com\/cs\/wp-json\/wp\/v2\/media\/21329"}],"wp:attachment":[{"href":"https:\/\/demo.fooevents.com\/cs\/wp-json\/wp\/v2\/media?parent=21322"}],"wp:term":[{"taxonomy":"product_brand","embeddable":true,"href":"https:\/\/demo.fooevents.com\/cs\/wp-json\/wp\/v2\/product_brand?post=21322"},{"taxonomy":"product_cat","embeddable":true,"href":"https:\/\/demo.fooevents.com\/cs\/wp-json\/wp\/v2\/product_cat?post=21322"},{"taxonomy":"product_tag","embeddable":true,"href":"https:\/\/demo.fooevents.com\/cs\/wp-json\/wp\/v2\/product_tag?post=21322"}],"curies":[{"name":"wp","href":"https:\/\/api.w.org\/{rel}","templated":true}]}}