{"id":23270,"date":"2020-11-04T09:31:00","date_gmt":"2020-11-04T07:31:00","guid":{"rendered":"https:\/\/demo.fooevents.com\/?post_type=product&#038;p=23270"},"modified":"2025-01-27T23:32:01","modified_gmt":"2025-01-28T07:32:01","slug":"fitness-kurzy","status":"publish","type":"product","link":"https:\/\/demo.fooevents.com\/cs\/product\/fitness-classes\/","title":{"rendered":"J\u00f3ga \/ Fitness lekce"},"content":{"rendered":"","protected":false},"excerpt":{"rendered":"<p>Vyberte po\u010det lekc\u00ed, kter\u00e9 chcete zakoupit, a p\u0159ejd\u011bte na obrazovku pokladny, kde si vyberete datum a \u010dasov\u00fd interval.<\/p>\n<p>Tato uk\u00e1zka pou\u017e\u00edv\u00e1\u00a0<a href=\"https:\/\/www.fooevents.com\/cs\/products\/fooevents-for-woocommerce\/\">FooEvents pro WooCommerce<\/a>\u00a0a\u00a0<a href=\"https:\/\/www.fooevents.com\/cs\/products\/fooevents-bookings\/\">FooEvents Rezervace<\/a> z\u00e1suvn\u00e9 moduly. Mo\u017enosti bal\u00ed\u010dk\u016f jsou dosa\u017eeny pomoc\u00ed WooCommerce Variations a WooCommerce Variations. <a href=\"https:\/\/woocommerce.com\/products\/minmax-quantities\/?aff=8264&amp;cid=702452\">WooCommerce Min\/Max Mno\u017estv\u00ed<\/a> plugin.<\/p>\n<p>Podrobn\u00e9 pokyny k nastaven\u00ed ud\u00e1losti, kterou lze rezervovat, naleznete zde. <a href=\"https:\/\/help.fooevents.com\/cs\/docs\/topics\/use-cases\/yoga-fitness-classes\/\">V\u00fdukov\u00fd program pro p\u0159\u00edpady pou\u017eit\u00ed<\/a>. Nezapome\u0148te se pod\u00edvat na na\u0161e <a href=\"https:\/\/demo.fooevents.com\/cs\/produkt\/virtualni-skupinova-lekce-jogy\/\">virtu\u00e1ln\u00ed lekce j\u00f3gy<\/a> a <a href=\"https:\/\/demo.fooevents.com\/cs\/produkt\/virtualni-fitness-trida\/\">virtu\u00e1ln\u00ed fitness t\u0159\u00edda<\/a> dema.<\/p>","protected":false},"author":1,"featured_media":23473,"template":"","meta":{"site-sidebar-layout":"default","site-content-layout":"default","ast-site-content-layout":"default","site-content-style":"default","site-sidebar-style":"default","ast-global-header-display":"","ast-banner-title-visibility":"","ast-main-header-display":"","ast-hfb-above-header-display":"","ast-hfb-below-header-display":"","ast-hfb-mobile-header-display":"","site-post-title":"","ast-breadcrumbs-content":"","ast-featured-img":"","footer-sml-layout":"","ast-disable-related-posts":"","theme-transparent-header-meta":"default","adv-header-id-meta":"","stick-header-meta":"default","header-above-stick-meta":"","header-main-stick-meta":"","header-below-stick-meta":"","astra-migrate-meta-layouts":"set","ast-page-background-enabled":"default","ast-page-background-meta":{"desktop":{"background-color":"var(--ast-global-color-4)","background-image":"","background-repeat":"repeat","background-position":"center center","background-size":"auto","background-attachment":"scroll","background-type":"","background-media":"","overlay-type":"","overlay-color":"","overlay-opacity":"","overlay-gradient":""},"tablet":{"background-color":"","background-image":"","background-repeat":"repeat","background-position":"center center","background-size":"auto","background-attachment":"scroll","background-type":"","background-media":"","overlay-type":"","overlay-color":"","overlay-opacity":"","overlay-gradient":""},"mobile":{"background-color":"","background-image":"","background-repeat":"repeat","background-position":"center center","background-size":"auto","background-attachment":"scroll","background-type":"","background-media":"","overlay-type":"","overlay-color":"","overlay-opacity":"","overlay-gradient":""}},"ast-content-background-meta":{"desktop":{"background-color":"var(--ast-global-color-5)","background-image":"","background-repeat":"repeat","background-position":"center center","background-size":"auto","background-attachment":"scroll","background-type":"","background-media":"","overlay-type":"","overlay-color":"","overlay-opacity":"","overlay-gradient":""},"tablet":{"background-color":"var(--ast-global-color-5)","background-image":"","background-repeat":"repeat","background-position":"center center","background-size":"auto","background-attachment":"scroll","background-type":"","background-media":"","overlay-type":"","overlay-color":"","overlay-opacity":"","overlay-gradient":""},"mobile":{"background-color":"var(--ast-global-color-5)","background-image":"","background-repeat":"repeat","background-position":"center center","background-size":"auto","background-attachment":"scroll","background-type":"","background-media":"","overlay-type":"","overlay-color":"","overlay-opacity":"","overlay-gradient":""}}},"product_brand":[],"product_cat":[39,62,18],"product_tag":[75,64,42,70,66,68,17,72,23,25],"class_list":{"0":"post-23270","1":"product","2":"type-product","3":"status-publish","4":"has-post-thumbnail","6":"product_cat-bookings","7":"product_cat-all","8":"product_cat-event","9":"product_tag-activity","10":"product_tag-booking","11":"product_tag-class","12":"product_tag-classes","13":"product_tag-covid","14":"product_tag-facility","15":"product_tag-paid","16":"product_tag-service","17":"product_tag-social","18":"product_tag-sport","19":"desktop-align-left","20":"tablet-align-left","21":"mobile-align-left","22":"ast-product-gallery-layout-horizontal-slider","23":"ast-magnify-disabled","24":"ast-product-single-variable","25":"ast-product-tabs-layout-horizontal","27":"first","28":"instock","29":"shipping-taxable","30":"purchasable","31":"product-type-variable"},"group_of_quantity":0,"min_quantity":0,"max_quantity":"","exclude_order_quantity_value_rules":"no","exclude_category_quantity_rules":"no","combine_variations":"no","exclude_global_add_ons":[],"addons":[],"_links":{"self":[{"href":"https:\/\/demo.fooevents.com\/cs\/wp-json\/wp\/v2\/product\/23270","targetHints":{"allow":["GET"]}}],"collection":[{"href":"https:\/\/demo.fooevents.com\/cs\/wp-json\/wp\/v2\/product"}],"about":[{"href":"https:\/\/demo.fooevents.com\/cs\/wp-json\/wp\/v2\/types\/product"}],"author":[{"embeddable":true,"href":"https:\/\/demo.fooevents.com\/cs\/wp-json\/wp\/v2\/users\/1"}],"wp:featuredmedia":[{"embeddable":true,"href":"https:\/\/demo.fooevents.com\/cs\/wp-json\/wp\/v2\/media\/23473"}],"wp:attachment":[{"href":"https:\/\/demo.fooevents.com\/cs\/wp-json\/wp\/v2\/media?parent=23270"}],"wp:term":[{"taxonomy":"product_brand","embeddable":true,"href":"https:\/\/demo.fooevents.com\/cs\/wp-json\/wp\/v2\/product_brand?post=23270"},{"taxonomy":"product_cat","embeddable":true,"href":"https:\/\/demo.fooevents.com\/cs\/wp-json\/wp\/v2\/product_cat?post=23270"},{"taxonomy":"product_tag","embeddable":true,"href":"https:\/\/demo.fooevents.com\/cs\/wp-json\/wp\/v2\/product_tag?post=23270"}],"curies":[{"name":"wp","href":"https:\/\/api.w.org\/{rel}","templated":true}]}}