{"id":29062,"date":"2022-03-10T13:05:21","date_gmt":"2022-03-10T11:05:21","guid":{"rendered":"https:\/\/demo.fooevents.com\/?post_type=product&#038;p=29062"},"modified":"2026-03-24T16:50:01","modified_gmt":"2026-03-24T23:50:01","slug":"hudebni-festival","status":"publish","type":"product","link":"https:\/\/demo.fooevents.com\/cs\/product\/music-festival\/","title":{"rendered":"V\u00edcedenn\u00ed hudebn\u00ed festival"},"content":{"rendered":"","protected":false},"excerpt":{"rendered":"<p>Tato uk\u00e1zkov\u00e1 ud\u00e1lost pou\u017e\u00edv\u00e1 <a href=\"https:\/\/www.fooevents.com\/cs\/products\/fooevents-multi-day\/\">FooEvent V\u00edcedenn\u00ed<\/a> z\u00e1suvn\u00fd modul, kter\u00fd umo\u017e\u0148uje nastavit ud\u00e1lost tak, aby se konala ve v\u00edce kalend\u00e1\u0159n\u00edch dnech s r\u016fzn\u00fdmi \u010dasy za\u010d\u00e1tku a konce. Host\u00e9 se mohou p\u0159ihla\u0161ovat v ka\u017ed\u00fd den ud\u00e1losti pomoc\u00ed p\u0159\u00edkazu <a href=\"https:\/\/www.fooevents.com\/cs\/features\/apps\/\">Aplikace FooEvents Check-ins<\/a> nebo <a href=\"https:\/\/www.fooevents.com\/cs\/products\/fooevents-express-check-in\/\">Expresn\u00ed p\u0159ihl\u00e1\u0161en\u00ed FooEvents<\/a> nebo prost\u0159ednictv\u00edm z\u00e1suvn\u00e9ho modulu <a href=\"https:\/\/www.fooevents.com\/cs\/features\/tickets\/\">spr\u00e1va vstupenek<\/a> obrazovky.<\/p>","protected":false},"author":1,"featured_media":28879,"template":"","meta":{"site-sidebar-layout":"default","site-content-layout":"default","ast-site-content-layout":"default","site-content-style":"default","site-sidebar-style":"default","ast-global-header-display":"","ast-banner-title-visibility":"","ast-main-header-display":"","ast-hfb-above-header-display":"","ast-hfb-below-header-display":"","ast-hfb-mobile-header-display":"","site-post-title":"","ast-breadcrumbs-content":"","ast-featured-img":"","footer-sml-layout":"","ast-disable-related-posts":"","theme-transparent-header-meta":"default","adv-header-id-meta":"","stick-header-meta":"default","header-above-stick-meta":"","header-main-stick-meta":"","header-below-stick-meta":"","astra-migrate-meta-layouts":"set","ast-page-background-enabled":"default","ast-page-background-meta":{"desktop":{"background-color":"var(--ast-global-color-4)","background-image":"","background-repeat":"repeat","background-position":"center center","background-size":"auto","background-attachment":"scroll","background-type":"","background-media":"","overlay-type":"","overlay-color":"","overlay-opacity":"","overlay-gradient":""},"tablet":{"background-color":"","background-image":"","background-repeat":"repeat","background-position":"center center","background-size":"auto","background-attachment":"scroll","background-type":"","background-media":"","overlay-type":"","overlay-color":"","overlay-opacity":"","overlay-gradient":""},"mobile":{"background-color":"","background-image":"","background-repeat":"repeat","background-position":"center center","background-size":"auto","background-attachment":"scroll","background-type":"","background-media":"","overlay-type":"","overlay-color":"","overlay-opacity":"","overlay-gradient":""}},"ast-content-background-meta":{"desktop":{"background-color":"var(--ast-global-color-5)","background-image":"","background-repeat":"repeat","background-position":"center center","background-size":"auto","background-attachment":"scroll","background-type":"","background-media":"","overlay-type":"","overlay-color":"","overlay-opacity":"","overlay-gradient":""},"tablet":{"background-color":"var(--ast-global-color-5)","background-image":"","background-repeat":"repeat","background-position":"center center","background-size":"auto","background-attachment":"scroll","background-type":"","background-media":"","overlay-type":"","overlay-color":"","overlay-opacity":"","overlay-gradient":""},"mobile":{"background-color":"var(--ast-global-color-5)","background-image":"","background-repeat":"repeat","background-position":"center center","background-size":"auto","background-attachment":"scroll","background-type":"","background-media":"","overlay-type":"","overlay-color":"","overlay-opacity":"","overlay-gradient":""}}},"product_brand":[],"product_cat":[62],"product_tag":[75,64,77,68,80,63],"class_list":{"0":"post-29062","1":"product","2":"type-product","3":"status-publish","4":"has-post-thumbnail","6":"product_cat-all","7":"product_tag-activity","8":"product_tag-booking","9":"product_tag-entertainment","10":"product_tag-facility","11":"product_tag-multi-day","12":"product_tag-outdoors","13":"desktop-align-left","14":"tablet-align-left","15":"mobile-align-left","16":"ast-product-gallery-layout-horizontal-slider","17":"ast-product-gallery-with-no-image","18":"ast-magnify-disabled","19":"ast-product-single-variable","20":"ast-product-tabs-layout-horizontal","22":"first","23":"instock","24":"shipping-taxable","25":"purchasable","26":"product-type-variable"},"group_of_quantity":0,"min_quantity":0,"max_quantity":"","exclude_order_quantity_value_rules":"no","exclude_category_quantity_rules":"no","combine_variations":"no","exclude_global_add_ons":[],"addons":[],"_links":{"self":[{"href":"https:\/\/demo.fooevents.com\/cs\/wp-json\/wp\/v2\/product\/29062","targetHints":{"allow":["GET"]}}],"collection":[{"href":"https:\/\/demo.fooevents.com\/cs\/wp-json\/wp\/v2\/product"}],"about":[{"href":"https:\/\/demo.fooevents.com\/cs\/wp-json\/wp\/v2\/types\/product"}],"author":[{"embeddable":true,"href":"https:\/\/demo.fooevents.com\/cs\/wp-json\/wp\/v2\/users\/1"}],"wp:featuredmedia":[{"embeddable":true,"href":"https:\/\/demo.fooevents.com\/cs\/wp-json\/wp\/v2\/media\/28879"}],"wp:attachment":[{"href":"https:\/\/demo.fooevents.com\/cs\/wp-json\/wp\/v2\/media?parent=29062"}],"wp:term":[{"taxonomy":"product_brand","embeddable":true,"href":"https:\/\/demo.fooevents.com\/cs\/wp-json\/wp\/v2\/product_brand?post=29062"},{"taxonomy":"product_cat","embeddable":true,"href":"https:\/\/demo.fooevents.com\/cs\/wp-json\/wp\/v2\/product_cat?post=29062"},{"taxonomy":"product_tag","embeddable":true,"href":"https:\/\/demo.fooevents.com\/cs\/wp-json\/wp\/v2\/product_tag?post=29062"}],"curies":[{"name":"wp","href":"https:\/\/api.w.org\/{rel}","templated":true}]}}