{"id":34726,"date":"2024-04-08T04:51:58","date_gmt":"2024-04-08T11:51:58","guid":{"rendered":"https:\/\/demo.fooevents.com\/?page_id=34726"},"modified":"2024-04-10T06:24:09","modified_gmt":"2024-04-10T13:24:09","slug":"ereignislisten-blockkacheln","status":"publish","type":"page","link":"https:\/\/demo.fooevents.com\/de\/event-listing-block-tiles\/","title":{"rendered":"Event Listing Block - Kacheln"},"content":{"rendered":"<h1 class=\"wp-block-heading has-text-align-center\" style=\"margin-bottom:var(--wp--preset--spacing--70)\">Event Listing Block - Kacheln<\/h1>\n\n\n\t<div  id=\"fooevents-event-listing-tiles\" class=\"fooevents-event-listing-tile-number-4\">\r\n\t\t\t\t\t\t\t\t<div id=\"fooevents-event-listing-tiles-post-id-25\" class=\"fooevents-event-listing-tiles-content fooevents-event-listing-tiles-seating\">\r\n\t\t\t\t\t\t\t\t\t<div class=\"event-thumbnail\"><a href=\"https:\/\/demo.fooevents.com\/de\/product\/school-event\/\"><img loading=\"lazy\" decoding=\"async\" width=\"450\" height=\"450\" src=\"https:\/\/demo.fooevents.com\/wp-content\/uploads\/2017\/06\/fooevents_school_concert-e1712580498343-450x450.png\" class=\"attachment-medium size-medium wp-post-image\" alt=\"\" title=\"\"><\/a><\/div>\r\n\t\t\t\t\t\t\t\t\t\r\n\t\t\t\t<h3><a href=\"https:\/\/demo.fooevents.com\/de\/product\/school-event\/\">Schulmusical<\/a><\/h3>\t\t\r\n\t\t\t\t\t\t\t\t\t<div class=\"fooevents-event-listing-tiles-location\">Der Veranstaltungsort<\/div>\r\n\t\t\t\t \r\n\t\t\t\t\t\t\t\t\t<p class=\"fooevents-event-listing-tiles-datetime\">\r\n\t\t\t\t\t\t\t\t\t\t\t\t\t\t\t\t\t\t\t\t\t<span class=\"event-icon event-icon-calendar\"><\/span>\r\n\t\t\t\t\t\t\t\t\r\n\t\t\t\t\t\t\t<span class=\"event-date\">September 23, 2018<\/span><br \/>\t\t\t\t\t\t\r\n\t\t\t\t\t\t \r\n\t\t\t\t\t\t\t\t\t\t\t\t\t\t\t\t\t\t\t\t\t<span class=\"event-icon event-icon-seating\"><\/span>\r\n\t\t\t\t\t\t\t\t\r\n\t\t\t\t\t\t\t<span class=\"event-time\">10:00 - 14:00 <\/span>\r\n\t\t\t\t\t\t\t\r\n\t\t\t\t\t<\/p>\r\n\t\t\t\t\t\t \r\n\t\t\t\t\t\t\t\t\t<p class=\"fooevents-event-listing-tiles-excerpt\">Dieses Beispiel verwendet die\u00a0<a href=\"https:\/\/www.fooevents.com\/de\/products\/fooevents-seating\/\" target=\"_blank\" rel=\"noopener\">FooEvents Sitzpl\u00e4tze<\/a> Erweiterung zum Hinzuf\u00fcgen einer grafischen Sitzplatzauswahl f\u00fcr jeden Teilnehmer auf der Produkt- und Kassenseite. Die \"Ticket-Typ\"-Optionen werden mit WooCommerce-Variationen erstellt.<\/p>\r\n\t\t\t\t     \r\n\t\t\t\t\t\t\t\t\t<div class=\"fooevents-event-listing-tiles-stock\">\r\n\t\t\t\t\t\t\t\t\t\t\t\t\t<p class=\"fooevents-event-listing-tiles-price\"><span class=\"woocommerce-Price-amount amount\" aria-hidden=\"true\"><span class=\"woocommerce-Price-currencySymbol\">&#036;<\/span>10.00<\/span> <span aria-hidden=\"true\"> - <\/span> <span class=\"woocommerce-Price-amount amount\" aria-hidden=\"true\"><span class=\"woocommerce-Price-currencySymbol\">&#036;<\/span>50.00<\/span><span class=\"screen-reader-text\">Preisspanne: $10.00 bis $50.00<\/span><\/p>\r\n\t\t\t\t\t\t\t \r\n\t\t\t\t\t\t\t\t\t\t\t\t\t<p class=\"fooevents-event-listing-tiles-availability\">459 Verf\u00fcgbar<\/p>\r\n\t\t\t\t\t\t \r\n\t\t\t\t\t\t \r\n\t\t\t\t\t<\/div>\r\n\t\t\t\t\t\t\t\t\t\t\t\t\t<p class=\"fooevents-event-listing-book-now\"><a href=\"https:\/\/demo.fooevents.com\/de\/product\/school-event\/\" class=\"button\">Jetzt buchen<\/a><\/p>  \r\n\t\t\t\t \r\n\t\t\t<\/div>\r\n\t\t\t\t\t\t\t\t<div id=\"fooevents-event-listing-tiles-post-id-24\" class=\"fooevents-event-listing-tiles-content fooevents-event-listing-tiles-single\">\r\n\t\t\t\t\t\t\t\t\t<div class=\"event-thumbnail\"><a href=\"https:\/\/demo.fooevents.com\/de\/product\/sport-fixture\/\"><img loading=\"lazy\" decoding=\"async\" width=\"450\" height=\"450\" src=\"https:\/\/demo.fooevents.com\/wp-content\/uploads\/2017\/06\/fooevents_school_event-scaled-e1712583045351-450x450.jpg\" class=\"attachment-medium size-medium wp-post-image\" alt=\"\" title=\"\"><\/a><\/div>\r\n\t\t\t\t\t\t\t\t\t\r\n\t\t\t\t<h3><a href=\"https:\/\/demo.fooevents.com\/de\/product\/sport-fixture\/\">Sport Spielplan<\/a><\/h3>\t\t\r\n\t\t\t\t\t\t\t\t\t<div class=\"fooevents-event-listing-tiles-location\">Der Veranstaltungsort<\/div>\r\n\t\t\t\t \r\n\t\t\t\t\t\t\t\t\t<p class=\"fooevents-event-listing-tiles-datetime\">\r\n\t\t\t\t\t\t\t\t\t\t\t\t\t\t\t\t\t\t\t\t\t<span class=\"event-icon event-icon-calendar\"><\/span>\r\n\t\t\t\t\t\t\t\t\r\n\t\t\t\t\t\t\t<span class=\"event-date\">Oktober 14, 2018<\/span><br \/>\t\t\t\t\t\t\r\n\t\t\t\t\t\t \r\n\t\t\t\t\t\t\t\t\t\t\t\t\t\t\t\t\t\t\t\t\t<span class=\"event-icon event-icon-single\"><\/span>\r\n\t\t\t\t\t\t\t\t\r\n\t\t\t\t\t\t\t<span class=\"event-time\">10:00 - 14:00 <\/span>\r\n\t\t\t\t\t\t\t\r\n\t\t\t\t\t<\/p>\r\n\t\t\t\t\t\t \r\n\t\t\t\t\t\t\t\t\t<p class=\"fooevents-event-listing-tiles-excerpt\">Dies ist ein Beispiel f\u00fcr eine eint\u00e4gige Veranstaltung. Die Daten jedes Teilnehmers werden an der Kasse erfasst. Sobald der Bestellvorgang abgeschlossen ist, erh\u00e4lt jeder Teilnehmer eine Best\u00e4tigungs-\/Ticket-E-Mail sowie ein PDF-Ticket. Der Zugang zur Veranstaltung kann dann vor Ort \u00fcber die <a href=\"https:\/\/www.fooevents.com\/de\/features\/apps\/\" target=\"_blank\" rel=\"noopener\">FooEvents Check-ins Anwendungen<\/a>. Der Verkauf von Eintrittskarten kann auch vor Ort \u00fcber die\u00a0<a href=\"https:\/\/www.fooevents.com\/de\/products\/fooevents-pos\/\" target=\"_blank\" rel=\"noopener\">FooEvents Verkaufsstelle<\/a>\u00a0Plugin.<\/p>\r\n\t\t\t\t     \r\n\t\t\t\t\t\t\t\t\t<div class=\"fooevents-event-listing-tiles-stock\">\r\n\t\t\t\t\t\t\t\t\t\t\t\t\t<p class=\"fooevents-event-listing-tiles-price\"><span class=\"woocommerce-Price-amount amount\"><span class=\"woocommerce-Price-currencySymbol\">&#036;<\/span>19.00<\/span><\/p>\r\n\t\t\t\t\t\t\t \r\n\t\t\t\t\t\t\t\t\t\t\t\t\t<p class=\"fooevents-event-listing-tiles-availability\">225 Verf\u00fcgbar<\/p>\r\n\t\t\t\t\t\t \r\n\t\t\t\t\t\t \r\n\t\t\t\t\t<\/div>\r\n\t\t\t\t\t\t\t\t\t\t\t\t\t<p class=\"fooevents-event-listing-book-now\"><a href=\"https:\/\/demo.fooevents.com\/de\/product\/sport-fixture\/\" class=\"button\">Jetzt buchen<\/a><\/p>  \r\n\t\t\t\t \r\n\t\t\t<\/div>\r\n\t\t\t\t\t\t\t\t<div id=\"fooevents-event-listing-tiles-post-id-10167\" class=\"fooevents-event-listing-tiles-content fooevents-event-listing-tiles-single\">\r\n\t\t\t\t\t\t\t\t\t<div class=\"event-thumbnail\"><a href=\"https:\/\/demo.fooevents.com\/de\/product\/event-with-custom-attendee-fields\/\"><img loading=\"lazy\" decoding=\"async\" width=\"450\" height=\"450\" src=\"https:\/\/demo.fooevents.com\/wp-content\/uploads\/2017\/06\/fooevents_conf_651462157-scaled-e1712579617940-450x450.jpg\" class=\"attachment-medium size-medium wp-post-image\" alt=\"\" title=\"\"><\/a><\/div>\r\n\t\t\t\t\t\t\t\t\t\r\n\t\t\t\t<h3><a href=\"https:\/\/demo.fooevents.com\/de\/product\/event-with-custom-attendee-fields\/\">Veranstaltung mit benutzerdefinierten Teilnehmerfeldern<\/a><\/h3>\t\t\r\n\t\t\t\t\t\t\t\t\t<div class=\"fooevents-event-listing-tiles-location\">Der Veranstaltungsort<\/div>\r\n\t\t\t\t \r\n\t\t\t\t\t\t\t\t\t<p class=\"fooevents-event-listing-tiles-datetime\">\r\n\t\t\t\t\t\t\t\t\t\t\t\t\t\t\t\t\t\t\t\t\t<span class=\"event-icon event-icon-calendar\"><\/span>\r\n\t\t\t\t\t\t\t\t\r\n\t\t\t\t\t\t\t<span class=\"event-date\">30. November 2018<\/span><br \/>\t\t\t\t\t\t\r\n\t\t\t\t\t\t \r\n\t\t\t\t\t\t\t\t\t\t\t\t\t\t\t\t\t\t\t\t\t<span class=\"event-icon event-icon-single\"><\/span>\r\n\t\t\t\t\t\t\t\t\r\n\t\t\t\t\t\t\t<span class=\"event-time\">10:00 - 14:00 <\/span>\r\n\t\t\t\t\t\t\t\r\n\t\t\t\t\t<\/p>\r\n\t\t\t\t\t\t \r\n\t\t\t\t\t\t\t\t\t<p class=\"fooevents-event-listing-tiles-excerpt\">Diese Demo verwendet die <a href=\"https:\/\/www.fooevents.com\/de\/products\/fooevents-custom-attendee-fields\/\" target=\"_blank\" rel=\"noopener\">FooEvents Benutzerdefinierte Teilnehmerfelder<\/a> Plugin, um an der Kasse zus\u00e4tzliche Teilnehmerinformationen zu erfassen. Buchen Sie ein Demo-Ticket und gehen Sie zum Kassenbildschirm, um die benutzerdefinierten Teilnehmerfelder anzuzeigen.<\/p>\r\n\t\t\t\t     \r\n\t\t\t\t\t\t\t\t\t<div class=\"fooevents-event-listing-tiles-stock\">\r\n\t\t\t\t\t\t\t\t\t\t\t\t\t<p class=\"fooevents-event-listing-tiles-price\"><span class=\"woocommerce-Price-amount amount\" aria-hidden=\"true\"><span class=\"woocommerce-Price-currencySymbol\">&#036;<\/span>0.00<\/span> <span aria-hidden=\"true\"> - <\/span> <span class=\"woocommerce-Price-amount amount\" aria-hidden=\"true\"><span class=\"woocommerce-Price-currencySymbol\">&#036;<\/span>499.00<\/span><span class=\"screen-reader-text\">Preisspanne: $0.00 bis $499.00<\/span><\/p>\r\n\t\t\t\t\t\t\t \r\n\t\t\t\t\t\t\t\t\t\t\t\t\t<p class=\"fooevents-event-listing-tiles-availability\">9372 Verf\u00fcgbar<\/p>\r\n\t\t\t\t\t\t \r\n\t\t\t\t\t\t \r\n\t\t\t\t\t<\/div>\r\n\t\t\t\t\t\t\t\t\t\t\t\t\t<p class=\"fooevents-event-listing-book-now\"><a href=\"https:\/\/demo.fooevents.com\/de\/product\/event-with-custom-attendee-fields\/\" class=\"button\">Jetzt buchen<\/a><\/p>  \r\n\t\t\t\t \r\n\t\t\t<\/div>\r\n\t\t\t\t\t\t\t\t<div id=\"fooevents-event-listing-tiles-post-id-19275\" class=\"fooevents-event-listing-tiles-content fooevents-event-listing-tiles-select\">\r\n\t\t\t\t\t\t\t\t\t<div class=\"event-thumbnail\"><a href=\"https:\/\/demo.fooevents.com\/de\/product\/webinar\/\"><img loading=\"lazy\" decoding=\"async\" width=\"300\" height=\"300\" src=\"https:\/\/demo.fooevents.com\/wp-content\/uploads\/2020\/03\/Zoom-Webinar-cover-300x300.png\" class=\"attachment-medium size-medium wp-post-image\" alt=\"\" title=\"\"><\/a><\/div>\r\n\t\t\t\t\t\t\t\t\t\r\n\t\t\t\t<h3><a href=\"https:\/\/demo.fooevents.com\/de\/product\/webinar\/\">Zoom-Webinar<\/a><\/h3>\t\t\r\n\t\t\t\t\t\t\t\t\t<div class=\"fooevents-event-listing-tiles-location\">Online-Webinar<\/div>\r\n\t\t\t\t \r\n\t\t\t\t\t\t\t\t\t<p class=\"fooevents-event-listing-tiles-datetime\">\r\n\t\t\t\t\t\t\t\t\t\t\t\t\t\t\t\t\t\t\t\t\t<span class=\"event-icon event-icon-calendar\"><\/span>\r\n\t\t\t\t\t\t\t\t\r\n\t\t\t\t\t\t\t<span class=\"event-date\">10. M\u00e4rz 2020<\/span><br \/>\t\t\t\t\t\t\r\n\t\t\t\t\t\t \r\n\t\t\t\t\t\t\t\t\t\t\t\t\t\t\t\t\t\t\t\t\t<span class=\"event-icon event-icon-select\"><\/span>\r\n\t\t\t\t\t\t\t\t\r\n\t\t\t\t\t\t\t<span class=\"event-time\">14:00 - 16:00<\/span>\r\n\t\t\t\t\t\t\t\r\n\t\t\t\t\t<\/p>\r\n\t\t\t\t\t\t \r\n\t\t\t\t\t\t\t\t\t<p class=\"fooevents-event-listing-tiles-excerpt\">Dieses Beispiel-Webinar ist so konfiguriert, dass die Teilnehmer automatisch f\u00fcr zwei separate Zoom-Beispiel-Webinare vorregistriert werden. Das erste ist ein Standard-Webinar und das zweite ist ein wiederkehrendes Webinar, das sich \u00fcber 7 Tage wiederholt. Mit FooEvents k\u00f6nnen Sie Teilnehmer gleichzeitig f\u00fcr ein oder mehrere Webinare\/Sitzungen vorregistrieren.\r\n\r\nBesuchen Sie unsere <a href=\"https:\/\/www.fooevents.com\/de\/virtual-events\/\" target=\"_blank\" rel=\"noopener\">Virtuelle Veranstaltungen<\/a> Abschnitt oder unser <a href=\"https:\/\/help.fooevents.com\/de\/docs\/topics\/events\/zoom-webinars\/\" rel=\"nofollow noopener\" target=\"_blank\">Hilfe-Center<\/a> um zu erfahren, wie man ein Webinar wie dieses einrichtet.<\/p>\r\n\t\t\t\t     \r\n\t\t\t\t\t\t\t\t\t<div class=\"fooevents-event-listing-tiles-stock\">\r\n\t\t\t\t\t\t\t\t\t\t\t\t\t<p class=\"fooevents-event-listing-tiles-price\"><span class=\"woocommerce-Price-amount amount\"><span class=\"woocommerce-Price-currencySymbol\">&#036;<\/span>19.00<\/span><\/p>\r\n\t\t\t\t\t\t\t \r\n\t\t\t\t\t\t\t\t\t\t\t\t\t<p class=\"fooevents-event-listing-tiles-availability\">10 Verf\u00fcgbar<\/p>\r\n\t\t\t\t\t\t \r\n\t\t\t\t\t\t \r\n\t\t\t\t\t<\/div>\r\n\t\t\t\t\t\t\t\t\t\t\t\t\t<p class=\"fooevents-event-listing-book-now\"><a href=\"https:\/\/demo.fooevents.com\/de\/product\/webinar\/\" class=\"button\">Jetzt buchen!<\/a><\/p>  \r\n\t\t\t\t \r\n\t\t\t<\/div>\r\n\t\t\t\t\t\t\t\t<div id=\"fooevents-event-listing-tiles-post-id-19275\" class=\"fooevents-event-listing-tiles-content fooevents-event-listing-tiles-select\">\r\n\t\t\t\t\t\t\t\t\t<div class=\"event-thumbnail\"><a href=\"https:\/\/demo.fooevents.com\/de\/product\/webinar\/\"><img loading=\"lazy\" decoding=\"async\" width=\"300\" height=\"300\" src=\"https:\/\/demo.fooevents.com\/wp-content\/uploads\/2020\/03\/Zoom-Webinar-cover-300x300.png\" class=\"attachment-medium size-medium wp-post-image\" alt=\"\" title=\"\"><\/a><\/div>\r\n\t\t\t\t\t\t\t\t\t\r\n\t\t\t\t<h3><a href=\"https:\/\/demo.fooevents.com\/de\/product\/webinar\/\">Zoom-Webinar<\/a><\/h3>\t\t\r\n\t\t\t\t\t\t\t\t\t<div class=\"fooevents-event-listing-tiles-location\">Online-Webinar<\/div>\r\n\t\t\t\t \r\n\t\t\t\t\t\t\t\t\t<p class=\"fooevents-event-listing-tiles-datetime\">\r\n\t\t\t\t\t\t\t\t\t\t\t\t\t\t\t\t\t\t\t\t\t<span class=\"event-icon event-icon-calendar\"><\/span>\r\n\t\t\t\t\t\t\t\t\r\n\t\t\t\t\t\t\t<span class=\"event-date\">M\u00e4rz 01, 2022<\/span><br \/>\t\t\t\t\t\t\r\n\t\t\t\t\t\t \r\n\t\t\t\t\t\t\t\t\t\t\t\t\t\t\t\t\t\t\t\t\t<span class=\"event-icon event-icon-select\"><\/span>\r\n\t\t\t\t\t\t\t\t\r\n\t\t\t\t\t\t\t<span class=\"event-time\">14:00 - 16:00<\/span>\r\n\t\t\t\t\t\t\t\r\n\t\t\t\t\t<\/p>\r\n\t\t\t\t\t\t \r\n\t\t\t\t\t\t\t\t\t<p class=\"fooevents-event-listing-tiles-excerpt\">Dieses Beispiel-Webinar ist so konfiguriert, dass die Teilnehmer automatisch f\u00fcr zwei separate Zoom-Beispiel-Webinare vorregistriert werden. Das erste ist ein Standard-Webinar und das zweite ist ein wiederkehrendes Webinar, das sich \u00fcber 7 Tage wiederholt. Mit FooEvents k\u00f6nnen Sie Teilnehmer gleichzeitig f\u00fcr ein oder mehrere Webinare\/Sitzungen vorregistrieren.\r\n\r\nBesuchen Sie unsere <a href=\"https:\/\/www.fooevents.com\/de\/virtual-events\/\" target=\"_blank\" rel=\"noopener\">Virtuelle Veranstaltungen<\/a> Abschnitt oder unser <a href=\"https:\/\/help.fooevents.com\/de\/docs\/topics\/events\/zoom-webinars\/\" rel=\"nofollow noopener\" target=\"_blank\">Hilfe-Center<\/a> um zu erfahren, wie man ein Webinar wie dieses einrichtet.<\/p>\r\n\t\t\t\t     \r\n\t\t\t\t\t\t\t\t\t<div class=\"fooevents-event-listing-tiles-stock\">\r\n\t\t\t\t\t\t\t\t\t\t\t\t\t<p class=\"fooevents-event-listing-tiles-price\"><span class=\"woocommerce-Price-amount amount\"><span class=\"woocommerce-Price-currencySymbol\">&#036;<\/span>19.00<\/span><\/p>\r\n\t\t\t\t\t\t\t \r\n\t\t\t\t\t\t\t\t\t\t\t\t\t<p class=\"fooevents-event-listing-tiles-availability\">10 Verf\u00fcgbar<\/p>\r\n\t\t\t\t\t\t \r\n\t\t\t\t\t\t \r\n\t\t\t\t\t<\/div>\r\n\t\t\t\t\t\t\t\t\t\t\t\t\t<p class=\"fooevents-event-listing-book-now\"><a href=\"https:\/\/demo.fooevents.com\/de\/product\/webinar\/\" class=\"button\">Jetzt buchen!<\/a><\/p>  \r\n\t\t\t\t \r\n\t\t\t<\/div>\r\n\t\t\t\t\t\t\t\t<div id=\"fooevents-event-listing-tiles-post-id-20324\" class=\"fooevents-event-listing-tiles-content fooevents-event-listing-tiles-single\">\r\n\t\t\t\t\t\t\t\t\t<div class=\"event-thumbnail\"><a href=\"https:\/\/demo.fooevents.com\/de\/product\/esports-live-streaming\/\"><img loading=\"lazy\" decoding=\"async\" width=\"300\" height=\"300\" src=\"https:\/\/demo.fooevents.com\/wp-content\/uploads\/2020\/04\/gaming-zoom-300x300.png\" class=\"attachment-medium size-medium wp-post-image\" alt=\"\" title=\"\"><\/a><\/div>\r\n\t\t\t\t\t\t\t\t\t\r\n\t\t\t\t<h3><a href=\"https:\/\/demo.fooevents.com\/de\/product\/esports-live-streaming\/\">eSports Live-Streaming<\/a><\/h3>\t\t\r\n\t\t\t\t\t\t\t\t\t<div class=\"fooevents-event-listing-tiles-location\">Virtuelle Veranstaltung mit Zoom<\/div>\r\n\t\t\t\t \r\n\t\t\t\t\t\t\t\t\t<p class=\"fooevents-event-listing-tiles-datetime\">\r\n\t\t\t\t\t\t\t\t\t\t\t\t\t\t\t\t\t\t\t\t\t<span class=\"event-icon event-icon-calendar\"><\/span>\r\n\t\t\t\t\t\t\t\t\r\n\t\t\t\t\t\t\t<span class=\"event-date\">Mai 01, 2022<\/span><br \/>\t\t\t\t\t\t\r\n\t\t\t\t\t\t \r\n\t\t\t\t\t\t\t\t\t\t\t\t\t\t\t\t\t\t\t\t\t<span class=\"event-icon event-icon-single\"><\/span>\r\n\t\t\t\t\t\t\t\t\r\n\t\t\t\t\t\t\t<span class=\"event-time\">10:00 - 14:00 <\/span>\r\n\t\t\t\t\t\t\t\r\n\t\t\t\t\t<\/p>\r\n\t\t\t\t\t\t \r\n\t\t\t\t\t\t\t\t\t<p class=\"fooevents-event-listing-tiles-excerpt\">Dieses Beispiel ist so konfiguriert, dass die Teilnehmer automatisch f\u00fcr ein kostenloses eSports-Turnier vorregistriert werden, das 5 separate Streams (Zoom-Webinare) umfasst, die gleichzeitig laufen. Jedes Webinar wird \u00fcber einen Zeitraum von 3 Tagen wiederholt. Diese Konfiguration eignet sich f\u00fcr jedes Live-Streaming-Event, das mehrere gleichzeitige Streams \u00fcber einen oder mehrere Tage anbietet.\r\n\r\n<a style=\"font-size: 16px\" href=\"https:\/\/www.fooevents.com\/de\/virtual-events\/\" target=\"_blank\" rel=\"noopener\">Virtuelle Veranstaltungen<\/a> Abschnitt oder unser <a style=\"font-size: 16px\" href=\"https:\/\/help.fooevents.com\/de\/docs\/topics\/events\/zoom-meetings-and-webinars\/\" rel=\"nofollow noopener\" target=\"_blank\">Hilfe-Center<\/a> um zu erfahren, wie man ein Webinar wie dieses einrichtet.<\/p>\r\n\t\t\t\t     \r\n\t\t\t\t\t\t\t\t\t<div class=\"fooevents-event-listing-tiles-stock\">\r\n\t\t\t\t\t\t\t\t\t\t\t\t\t<p class=\"fooevents-event-listing-tiles-price\"><span class=\"woocommerce-Price-amount amount\"><span class=\"woocommerce-Price-currencySymbol\">&#036;<\/span>0.00<\/span><\/p>\r\n\t\t\t\t\t\t\t \r\n\t\t\t\t\t\t\t\t\t\t\t\t\t<p class=\"fooevents-event-listing-tiles-availability\">101 Verf\u00fcgbar<\/p>\r\n\t\t\t\t\t\t \r\n\t\t\t\t\t\t \r\n\t\t\t\t\t<\/div>\r\n\t\t\t\t\t\t\t\t\t\t\t\t\t<p class=\"fooevents-event-listing-book-now\"><a href=\"https:\/\/demo.fooevents.com\/de\/product\/esports-live-streaming\/\" class=\"button\">Jetzt anmelden!<\/a><\/p>  \r\n\t\t\t\t \r\n\t\t\t<\/div>\r\n\t\t\t\t\t\t\t\t<div id=\"fooevents-event-listing-tiles-post-id-10638\" class=\"fooevents-event-listing-tiles-content fooevents-event-listing-tiles-seating\">\r\n\t\t\t\t\t\t\t\t\t<div class=\"event-thumbnail\"><a href=\"https:\/\/demo.fooevents.com\/de\/product\/film-screening\/\"><img loading=\"lazy\" decoding=\"async\" width=\"300\" height=\"254\" src=\"https:\/\/demo.fooevents.com\/wp-content\/uploads\/2018\/08\/693103318-e1669729055360-300x254.jpeg\" class=\"attachment-medium size-medium wp-post-image\" alt=\"\" title=\"\"><\/a><\/div>\r\n\t\t\t\t\t\t\t\t\t\r\n\t\t\t\t<h3><a href=\"https:\/\/demo.fooevents.com\/de\/product\/film-screening\/\">Filmvorf\u00fchrung<\/a><\/h3>\t\t\r\n\t\t\t\t\t\t\t\t\t<div class=\"fooevents-event-listing-tiles-location\">Kino-Haus<\/div>\r\n\t\t\t\t \r\n\t\t\t\t\t\t\t\t\t<p class=\"fooevents-event-listing-tiles-datetime\">\r\n\t\t\t\t\t\t\t\t\t\t\t\t\t\t\t\t\t\t\t\t\t<span class=\"event-icon event-icon-calendar\"><\/span>\r\n\t\t\t\t\t\t\t\t\r\n\t\t\t\t\t\t\t<span class=\"event-date\">Juli 13, 2022<\/span><br \/>\t\t\t\t\t\t\r\n\t\t\t\t\t\t \r\n\t\t\t\t\t\t\t\t\t\t\t\t\t\t\t\t\t\t\t\t\t<span class=\"event-icon event-icon-seating\"><\/span>\r\n\t\t\t\t\t\t\t\t\r\n\t\t\t\t\t\t\t<span class=\"event-time\">10:00 - 14:00 <\/span>\r\n\t\t\t\t\t\t\t\r\n\t\t\t\t\t<\/p>\r\n\t\t\t\t\t\t \r\n\t\t\t\t\t\t\t\t\t<p class=\"fooevents-event-listing-tiles-excerpt\">Dieses Beispiel f\u00fcgt der Kassenseite eine grafische Sitzplatzauswahl f\u00fcr jeden Teilnehmer hinzu. Die M\u00f6glichkeit, die Sitzpl\u00e4tze der Teilnehmer auszuw\u00e4hlen, wird durch die Funktion\u00a0<a href=\"https:\/\/www.fooevents.com\/de\/products\/fooevents-seating\/\" target=\"_blank\" rel=\"noopener\">FooEvents Sitzplatzerweiterung<\/a>. Die Optionen f\u00fcr den Flugscheintyp werden mit WooCommerce-Varianten erstellt.<\/p>\r\n\t\t\t\t     \r\n\t\t\t\t\t\t\t\t\t<div class=\"fooevents-event-listing-tiles-stock\">\r\n\t\t\t\t\t\t\t\t\t\t\t\t\t<p class=\"fooevents-event-listing-tiles-price\"><span class=\"woocommerce-Price-amount amount\" aria-hidden=\"true\"><span class=\"woocommerce-Price-currencySymbol\">&#036;<\/span>5.00<\/span> <span aria-hidden=\"true\"> - <\/span> <span class=\"woocommerce-Price-amount amount\" aria-hidden=\"true\"><span class=\"woocommerce-Price-currencySymbol\">&#036;<\/span>30.00<\/span><span class=\"screen-reader-text\">Preisspanne: $5.00 bis $30.00<\/span><\/p>\r\n\t\t\t\t\t\t\t \r\n\t\t\t\t\t\t \r\n\t\t\t\t\t\t \r\n\t\t\t\t\t<\/div>\r\n\t\t\t\t\t\t\t\t\t\t\t\t\t<p class=\"fooevents-event-listing-book-now\"><a href=\"https:\/\/demo.fooevents.com\/de\/product\/film-screening\/\" class=\"button\">Jetzt buchen<\/a><\/p>  \r\n\t\t\t\t \r\n\t\t\t<\/div>\r\n\t\t\t\t\t\t\t\t<div id=\"fooevents-event-listing-tiles-post-id-20\" class=\"fooevents-event-listing-tiles-content fooevents-event-listing-tiles-single\">\r\n\t\t\t\t\t\t\t\t\t<div class=\"event-thumbnail\"><a href=\"https:\/\/demo.fooevents.com\/de\/product\/flea-market\/\"><img loading=\"lazy\" decoding=\"async\" width=\"450\" height=\"450\" src=\"https:\/\/demo.fooevents.com\/wp-content\/uploads\/2017\/06\/fooevents_food_market-e1712579641973-450x450.jpg\" class=\"attachment-medium size-medium wp-post-image\" alt=\"\" title=\"\"><\/a><\/div>\r\n\t\t\t\t\t\t\t\t\t\r\n\t\t\t\t<h3><a href=\"https:\/\/demo.fooevents.com\/de\/product\/flea-market\/\">Flohmarkt (kostenlos)<\/a><\/h3>\t\t\r\n\t\t\t\t\t\t\t\t\t<div class=\"fooevents-event-listing-tiles-location\">Der Veranstaltungsort<\/div>\r\n\t\t\t\t \r\n\t\t\t\t\t\t\t\t\t<p class=\"fooevents-event-listing-tiles-datetime\">\r\n\t\t\t\t\t\t\t\t\t\t\t\t\t\t\t\t\t\t\t\t\t<span class=\"event-icon event-icon-calendar\"><\/span>\r\n\t\t\t\t\t\t\t\t\r\n\t\t\t\t\t\t\t<span class=\"event-date\">Juli 21, 2022<\/span><br \/>\t\t\t\t\t\t\r\n\t\t\t\t\t\t \r\n\t\t\t\t\t\t\t\t\t\t\t\t\t\t\t\t\t\t\t\t\t<span class=\"event-icon event-icon-single\"><\/span>\r\n\t\t\t\t\t\t\t\t\r\n\t\t\t\t\t\t\t<span class=\"event-time\">10:00 - 14:00 <\/span>\r\n\t\t\t\t\t\t\t\r\n\t\t\t\t\t<\/p>\r\n\t\t\t\t\t\t \r\n\t\t\t\t\t\t\t\t\t<p class=\"fooevents-event-listing-tiles-excerpt\">Dies ist ein Beispiel f\u00fcr eine kostenlose eint\u00e4gige Veranstaltung, bei der <a href=\"https:\/\/www.fooevents.com\/de\/products\/fooevents-for-woocommerce\/\" target=\"_blank\" rel=\"noopener\">FooEvents f\u00fcr WooCommerce<\/a> um Teilnehmerinformationen zu erfassen und dem Teilnehmer eine E-Mail zur Ticketbest\u00e4tigung zu senden.<\/p>\r\n\t\t\t\t     \r\n\t\t\t\t\t\t\t\t\t<div class=\"fooevents-event-listing-tiles-stock\">\r\n\t\t\t\t\t\t\t\t\t\t\t\t\t<p class=\"fooevents-event-listing-tiles-price\"><span class=\"woocommerce-Price-amount amount\"><span class=\"woocommerce-Price-currencySymbol\">&#036;<\/span>0.00<\/span><\/p>\r\n\t\t\t\t\t\t\t \r\n\t\t\t\t\t\t \r\n\t\t\t\t\t\t \r\n\t\t\t\t\t<\/div>\r\n\t\t\t\t\t\t\t\t\t\t\t\t\t<p class=\"fooevents-event-listing-book-now\"><a href=\"https:\/\/demo.fooevents.com\/de\/product\/flea-market\/\" class=\"button\">Jetzt buchen<\/a><\/p>  \r\n\t\t\t\t \r\n\t\t\t<\/div>\r\n\t\t   \r\n\t<\/div>\r\n\n\n\n<h2 class=\"wp-block-heading\"><\/h2>","protected":false},"excerpt":{"rendered":"<p>Event Listing Block - Kacheln<\/p>","protected":false},"author":214,"featured_media":0,"parent":0,"menu_order":0,"comment_status":"closed","ping_status":"closed","template":"","meta":{"site-sidebar-layout":"default","site-content-layout":"","ast-site-content-layout":"default","site-content-style":"default","site-sidebar-style":"default","ast-global-header-display":"","ast-banner-title-visibility":"","ast-main-header-display":"","ast-hfb-above-header-display":"","ast-hfb-below-header-display":"","ast-hfb-mobile-header-display":"","site-post-title":"disabled","ast-breadcrumbs-content":"","ast-featured-img":"","footer-sml-layout":"","ast-disable-related-posts":"","theme-transparent-header-meta":"","adv-header-id-meta":"","stick-header-meta":"","header-above-stick-meta":"","header-main-stick-meta":"","header-below-stick-meta":"","astra-migrate-meta-layouts":"set","ast-page-background-enabled":"default","ast-page-background-meta":{"desktop":{"background-color":"var(--ast-global-color-4)","background-image":"","background-repeat":"repeat","background-position":"center center","background-size":"auto","background-attachment":"scroll","background-type":"","background-media":"","overlay-type":"","overlay-color":"","overlay-opacity":"","overlay-gradient":""},"tablet":{"background-color":"","background-image":"","background-repeat":"repeat","background-position":"center center","background-size":"auto","background-attachment":"scroll","background-type":"","background-media":"","overlay-type":"","overlay-color":"","overlay-opacity":"","overlay-gradient":""},"mobile":{"background-color":"","background-image":"","background-repeat":"repeat","background-position":"center center","background-size":"auto","background-attachment":"scroll","background-type":"","background-media":"","overlay-type":"","overlay-color":"","overlay-opacity":"","overlay-gradient":""}},"ast-content-background-meta":{"desktop":{"background-color":"var(--ast-global-color-5)","background-image":"","background-repeat":"repeat","background-position":"center center","background-size":"auto","background-attachment":"scroll","background-type":"","background-media":"","overlay-type":"","overlay-color":"","overlay-opacity":"","overlay-gradient":""},"tablet":{"background-color":"var(--ast-global-color-5)","background-image":"","background-repeat":"repeat","background-position":"center center","background-size":"auto","background-attachment":"scroll","background-type":"","background-media":"","overlay-type":"","overlay-color":"","overlay-opacity":"","overlay-gradient":""},"mobile":{"background-color":"var(--ast-global-color-5)","background-image":"","background-repeat":"repeat","background-position":"center center","background-size":"auto","background-attachment":"scroll","background-type":"","background-media":"","overlay-type":"","overlay-color":"","overlay-opacity":"","overlay-gradient":""}},"footnotes":""},"class_list":["post-34726","page","type-page","status-publish","hentry"],"_links":{"self":[{"href":"https:\/\/demo.fooevents.com\/de\/wp-json\/wp\/v2\/pages\/34726","targetHints":{"allow":["GET"]}}],"collection":[{"href":"https:\/\/demo.fooevents.com\/de\/wp-json\/wp\/v2\/pages"}],"about":[{"href":"https:\/\/demo.fooevents.com\/de\/wp-json\/wp\/v2\/types\/page"}],"author":[{"embeddable":true,"href":"https:\/\/demo.fooevents.com\/de\/wp-json\/wp\/v2\/users\/214"}],"replies":[{"embeddable":true,"href":"https:\/\/demo.fooevents.com\/de\/wp-json\/wp\/v2\/comments?post=34726"}],"version-history":[{"count":0,"href":"https:\/\/demo.fooevents.com\/de\/wp-json\/wp\/v2\/pages\/34726\/revisions"}],"wp:attachment":[{"href":"https:\/\/demo.fooevents.com\/de\/wp-json\/wp\/v2\/media?parent=34726"}],"curies":[{"name":"wp","href":"https:\/\/api.w.org\/{rel}","templated":true}]}}