{"id":17,"date":"2017-06-21T13:51:17","date_gmt":"2017-06-21T11:51:17","guid":{"rendered":"https:\/\/demo.fooevents.com\/?post_type=product&#038;p=17"},"modified":"2026-03-29T09:12:03","modified_gmt":"2026-03-29T16:12:03","slug":"konferenz","status":"publish","type":"product","link":"https:\/\/demo.fooevents.com\/de\/product\/conference\/","title":{"rendered":"Konferenz"},"content":{"rendered":"<p>Dies ist ein Beispiel f\u00fcr eine eint\u00e4gige Veranstaltung, die 4 verschiedene Ticketarten anbietet. Die Details und Pr\u00e4ferenzen jedes Teilnehmers werden beim Checkout erfasst. Sobald der Bestellvorgang abgeschlossen ist, erh\u00e4lt jeder Teilnehmer eine Best\u00e4tigungs-\/Ticket-E-Mail sowie ein PDF-Ticket. Die Teilnehmerregistrierung kann dann bei der Veranstaltung \u00fcber die <a href=\"https:\/\/www.fooevents.com\/de\/features\/apps\/\" target=\"_blank\" rel=\"noopener\">FooEvents Check-ins Anwendungen<\/a>.<\/p>\n<p>Detaillierte Anweisungen zum Einrichten eines solchen Standardereignisses finden Sie hier <a href=\"https:\/\/help.fooevents.com\/de\/docs\/topics\/use-cases\/conference\/\" rel=\"nofollow noopener\" target=\"_blank\">Anwendungsfall-Tutorial<\/a>.<\/p>\n<p>Dieses Beispiel verwendet eine <a href=\"https:\/\/help.fooevents.com\/de\/docs\/topics\/code-snippets\/#display-products-and-variations-tickets-in-a-table-grid-format\" target=\"_blank\" rel=\"noopener nofollow\">Codeschnipsel<\/a> um das Standardformular f\u00fcr WooCommerce-Variationen durch eine Variationstabelle zu ersetzen. Dies ist sowohl f\u00fcr ein- als auch mehrt\u00e4gige Veranstaltungen geeignet, die WooCommerce-Variationen verwenden. Das Code-Snippet f\u00fcr die Variationstabelle ist nicht kompatibel mit dem <a href=\"https:\/\/www.fooevents.com\/de\/products\/fooevents-seating\/\" target=\"_blank\" rel=\"noopener\">FooEvents Sitzpl\u00e4tze<\/a> und <a href=\"https:\/\/www.fooevents.com\/de\/products\/fooevents-bookings\/\" target=\"_blank\" rel=\"noopener\">FooEvents Buchungen<\/a> Selektoren f\u00fcr die Produktseite.<\/p>","protected":false},"excerpt":{"rendered":"<p>Detaillierte Anweisungen zum Einrichten eines solchen Standardereignisses finden Sie hier\u00a0<a href=\"https:\/\/help.fooevents.com\/de\/docs\/topics\/use-cases\/conference\/\">Anwendungsfall-Tutorial<\/a>.<\/p>","protected":false},"author":1,"featured_media":73,"template":"","meta":{"site-sidebar-layout":"default","site-content-layout":"default","ast-site-content-layout":"default","site-content-style":"default","site-sidebar-style":"default","ast-global-header-display":"","ast-banner-title-visibility":"","ast-main-header-display":"","ast-hfb-above-header-display":"","ast-hfb-below-header-display":"","ast-hfb-mobile-header-display":"","site-post-title":"","ast-breadcrumbs-content":"","ast-featured-img":"","footer-sml-layout":"","ast-disable-related-posts":"","theme-transparent-header-meta":"default","adv-header-id-meta":"","stick-header-meta":"default","header-above-stick-meta":"","header-main-stick-meta":"","header-below-stick-meta":"","astra-migrate-meta-layouts":"set","ast-page-background-enabled":"default","ast-page-background-meta":{"desktop":{"background-color":"var(--ast-global-color-4)","background-image":"","background-repeat":"repeat","background-position":"center center","background-size":"auto","background-attachment":"scroll","background-type":"","background-media":"","overlay-type":"","overlay-color":"","overlay-opacity":"","overlay-gradient":""},"tablet":{"background-color":"","background-image":"","background-repeat":"repeat","background-position":"center center","background-size":"auto","background-attachment":"scroll","background-type":"","background-media":"","overlay-type":"","overlay-color":"","overlay-opacity":"","overlay-gradient":""},"mobile":{"background-color":"","background-image":"","background-repeat":"repeat","background-position":"center center","background-size":"auto","background-attachment":"scroll","background-type":"","background-media":"","overlay-type":"","overlay-color":"","overlay-opacity":"","overlay-gradient":""}},"ast-content-background-meta":{"desktop":{"background-color":"var(--ast-global-color-5)","background-image":"","background-repeat":"repeat","background-position":"center center","background-size":"auto","background-attachment":"scroll","background-type":"","background-media":"","overlay-type":"","overlay-color":"","overlay-opacity":"","overlay-gradient":""},"tablet":{"background-color":"var(--ast-global-color-5)","background-image":"","background-repeat":"repeat","background-position":"center center","background-size":"auto","background-attachment":"scroll","background-type":"","background-media":"","overlay-type":"","overlay-color":"","overlay-opacity":"","overlay-gradient":""},"mobile":{"background-color":"var(--ast-global-color-5)","background-image":"","background-repeat":"repeat","background-position":"center center","background-size":"auto","background-attachment":"scroll","background-type":"","background-media":"","overlay-type":"","overlay-color":"","overlay-opacity":"","overlay-gradient":""}}},"product_brand":[],"product_cat":[62,143,18,129,95,40],"product_tag":[20,16,19,68,17,134,74],"class_list":{"0":"post-17","1":"product","2":"type-product","3":"status-publish","4":"has-post-thumbnail","6":"product_cat-all","7":"product_cat-blocks","8":"product_cat-event","9":"product_cat-pos","10":"product_cat-sort-filter","11":"product_cat-standard","12":"product_tag-conference","13":"product_tag-corporate","14":"product_tag-exhibition","15":"product_tag-facility","16":"product_tag-paid","17":"product_tag-single-day-events","18":"product_tag-venue","19":"desktop-align-left","20":"tablet-align-left","21":"mobile-align-left","22":"ast-product-gallery-layout-horizontal-slider","23":"ast-product-gallery-with-no-image","24":"ast-magnify-disabled","25":"ast-product-single-variable","26":"ast-product-tabs-layout-horizontal","28":"first","29":"instock","30":"shipping-taxable","31":"purchasable","32":"product-type-variable"},"group_of_quantity":0,"min_quantity":0,"max_quantity":"","exclude_order_quantity_value_rules":"no","exclude_category_quantity_rules":"no","combine_variations":"no","exclude_global_add_ons":[],"addons":[],"_links":{"self":[{"href":"https:\/\/demo.fooevents.com\/de\/wp-json\/wp\/v2\/product\/17","targetHints":{"allow":["GET"]}}],"collection":[{"href":"https:\/\/demo.fooevents.com\/de\/wp-json\/wp\/v2\/product"}],"about":[{"href":"https:\/\/demo.fooevents.com\/de\/wp-json\/wp\/v2\/types\/product"}],"author":[{"embeddable":true,"href":"https:\/\/demo.fooevents.com\/de\/wp-json\/wp\/v2\/users\/1"}],"wp:featuredmedia":[{"embeddable":true,"href":"https:\/\/demo.fooevents.com\/de\/wp-json\/wp\/v2\/media\/73"}],"wp:attachment":[{"href":"https:\/\/demo.fooevents.com\/de\/wp-json\/wp\/v2\/media?parent=17"}],"wp:term":[{"taxonomy":"product_brand","embeddable":true,"href":"https:\/\/demo.fooevents.com\/de\/wp-json\/wp\/v2\/product_brand?post=17"},{"taxonomy":"product_cat","embeddable":true,"href":"https:\/\/demo.fooevents.com\/de\/wp-json\/wp\/v2\/product_cat?post=17"},{"taxonomy":"product_tag","embeddable":true,"href":"https:\/\/demo.fooevents.com\/de\/wp-json\/wp\/v2\/product_tag?post=17"}],"curies":[{"name":"wp","href":"https:\/\/api.w.org\/{rel}","templated":true}]}}