{"id":31119,"date":"2022-10-21T13:18:43","date_gmt":"2022-10-21T11:18:43","guid":{"rendered":"https:\/\/demo.fooevents.com\/?post_type=product&#038;p=31119"},"modified":"2025-03-24T01:48:02","modified_gmt":"2025-03-24T08:48:02","slug":"theaterauffuhrung","status":"publish","type":"product","link":"https:\/\/demo.fooevents.com\/de\/product\/theater-show\/","title":{"rendered":"Theater Show"},"content":{"rendered":"","protected":false},"excerpt":{"rendered":"<p>Dieses Beispiel f\u00fcgt der Kassenseite eine grafische Sitzplatzauswahl f\u00fcr jeden Teilnehmer hinzu. Die M\u00f6glichkeit, die Sitzpl\u00e4tze der Teilnehmer auszuw\u00e4hlen, wird durch die Funktion\u00a0<a href=\"https:\/\/www.fooevents.com\/de\/products\/fooevents-seating\/\">FooEvents Sitzpl\u00e4tze<\/a> Erweiterung.<\/p>","protected":false},"author":1,"featured_media":31124,"template":"","meta":{"site-sidebar-layout":"default","site-content-layout":"default","ast-site-content-layout":"default","site-content-style":"default","site-sidebar-style":"default","ast-global-header-display":"","ast-banner-title-visibility":"","ast-main-header-display":"","ast-hfb-above-header-display":"","ast-hfb-below-header-display":"","ast-hfb-mobile-header-display":"","site-post-title":"","ast-breadcrumbs-content":"","ast-featured-img":"","footer-sml-layout":"","ast-disable-related-posts":"","theme-transparent-header-meta":"default","adv-header-id-meta":"","stick-header-meta":"default","header-above-stick-meta":"","header-main-stick-meta":"","header-below-stick-meta":"","astra-migrate-meta-layouts":"set","ast-page-background-enabled":"default","ast-page-background-meta":{"desktop":{"background-color":"var(--ast-global-color-4)","background-image":"","background-repeat":"repeat","background-position":"center center","background-size":"auto","background-attachment":"scroll","background-type":"","background-media":"","overlay-type":"","overlay-color":"","overlay-opacity":"","overlay-gradient":""},"tablet":{"background-color":"","background-image":"","background-repeat":"repeat","background-position":"center center","background-size":"auto","background-attachment":"scroll","background-type":"","background-media":"","overlay-type":"","overlay-color":"","overlay-opacity":"","overlay-gradient":""},"mobile":{"background-color":"","background-image":"","background-repeat":"repeat","background-position":"center center","background-size":"auto","background-attachment":"scroll","background-type":"","background-media":"","overlay-type":"","overlay-color":"","overlay-opacity":"","overlay-gradient":""}},"ast-content-background-meta":{"desktop":{"background-color":"var(--ast-global-color-5)","background-image":"","background-repeat":"repeat","background-position":"center center","background-size":"auto","background-attachment":"scroll","background-type":"","background-media":"","overlay-type":"","overlay-color":"","overlay-opacity":"","overlay-gradient":""},"tablet":{"background-color":"var(--ast-global-color-5)","background-image":"","background-repeat":"repeat","background-position":"center center","background-size":"auto","background-attachment":"scroll","background-type":"","background-media":"","overlay-type":"","overlay-color":"","overlay-opacity":"","overlay-gradient":""},"mobile":{"background-color":"var(--ast-global-color-5)","background-image":"","background-repeat":"repeat","background-position":"center center","background-size":"auto","background-attachment":"scroll","background-type":"","background-media":"","overlay-type":"","overlay-color":"","overlay-opacity":"","overlay-gradient":""}}},"product_brand":[],"product_cat":[129,62,143,138,18,128,95,40],"product_tag":[],"class_list":{"0":"post-31119","1":"product","2":"type-product","3":"status-publish","4":"has-post-thumbnail","6":"product_cat-pos","7":"product_cat-all","8":"product_cat-blocks","9":"product_cat-demo","10":"product_cat-event","11":"product_cat-seating","12":"product_cat-sort-filter","13":"product_cat-standard","14":"desktop-align-left","15":"tablet-align-left","16":"mobile-align-left","17":"ast-product-gallery-layout-horizontal-slider","18":"ast-product-gallery-with-no-image","19":"ast-magnify-disabled","20":"ast-product-single-variable","21":"ast-product-tabs-layout-horizontal","23":"first","24":"instock","25":"shipping-taxable","26":"purchasable","27":"product-type-variable"},"group_of_quantity":0,"min_quantity":0,"max_quantity":"","exclude_order_quantity_value_rules":"no","exclude_category_quantity_rules":"no","combine_variations":"no","exclude_global_add_ons":[],"addons":[],"_links":{"self":[{"href":"https:\/\/demo.fooevents.com\/de\/wp-json\/wp\/v2\/product\/31119","targetHints":{"allow":["GET"]}}],"collection":[{"href":"https:\/\/demo.fooevents.com\/de\/wp-json\/wp\/v2\/product"}],"about":[{"href":"https:\/\/demo.fooevents.com\/de\/wp-json\/wp\/v2\/types\/product"}],"author":[{"embeddable":true,"href":"https:\/\/demo.fooevents.com\/de\/wp-json\/wp\/v2\/users\/1"}],"wp:featuredmedia":[{"embeddable":true,"href":"https:\/\/demo.fooevents.com\/de\/wp-json\/wp\/v2\/media\/31124"}],"wp:attachment":[{"href":"https:\/\/demo.fooevents.com\/de\/wp-json\/wp\/v2\/media?parent=31119"}],"wp:term":[{"taxonomy":"product_brand","embeddable":true,"href":"https:\/\/demo.fooevents.com\/de\/wp-json\/wp\/v2\/product_brand?post=31119"},{"taxonomy":"product_cat","embeddable":true,"href":"https:\/\/demo.fooevents.com\/de\/wp-json\/wp\/v2\/product_cat?post=31119"},{"taxonomy":"product_tag","embeddable":true,"href":"https:\/\/demo.fooevents.com\/de\/wp-json\/wp\/v2\/product_tag?post=31119"}],"curies":[{"name":"wp","href":"https:\/\/api.w.org\/{rel}","templated":true}]}}