{"id":25809,"date":"2021-05-27T11:24:25","date_gmt":"2021-05-27T09:24:25","guid":{"rendered":"https:\/\/demo.fooevents.com\/?page_id=25809"},"modified":"2024-02-16T17:46:04","modified_gmt":"2024-02-17T01:46:04","slug":"acerca-de","status":"publish","type":"page","link":"https:\/\/demo.fooevents.com\/es\/about\/","title":{"rendered":"Acerca de"},"content":{"rendered":"<p>En&nbsp;<a href=\"https:\/\/demo.fooevents.com\/es\/\">Demostraciones del front-end FooEvents<\/a>&nbsp;demuestran lo flexible y f\u00e1cil que es vender entradas y acceso a todo tipo de eventos, recintos y servicios reservables mediante la aplicaci\u00f3n&nbsp;<a href=\"https:\/\/www.fooevents.com\/es\/\" target=\"_blank\" rel=\"noreferrer noopener\">FooEvents<\/a>&nbsp;plugins.&nbsp;<\/p>\n\n\n\n<p>En las secciones siguientes se describen las tecnolog\u00edas utilizadas para crear estos sitios:<\/p>\n\n\n\n<h3 class=\"wp-block-heading\"><a href=\"https:\/\/wordpress.org\/\" target=\"_blank\" rel=\"noreferrer noopener\">WordPress<\/a><\/h3>\n\n\n\n<p>WordPress es un sistema de gesti\u00f3n de contenidos gratuito y de c\u00f3digo abierto que constituye la base de este sitio. 41% de la web funciona con WordPress, desde blogs de aficionados hasta empresas que cotizan en bolsa.<\/p>\n\n\n\n<p>WordPress puede descargarse de&nbsp;<a href=\"https:\/\/wordpress.org\/download\/\" target=\"_blank\" rel=\"noreferrer noopener\">WordPress.org<\/a>&nbsp;e instalado en cualquier servicio de alojamiento que admita el&nbsp;<a href=\"https:\/\/wordpress.org\/support\/article\/requirements\/\" target=\"_blank\" rel=\"noreferrer noopener\">requisitos m\u00ednimos<\/a>.<\/p>\n\n\n\n<p>La mayor\u00eda de los servicios de alojamiento ofrecen paquetes que vienen con WordPress preinstalado. Visite nuestra secci\u00f3n Recomendados&nbsp;<a href=\"https:\/\/help.fooevents.com\/es\/docs\/topics\/third-party-integration\/third-party-integration-recommended-wordpress-web-hosting\/\" rel=\"noreferrer noopener nofollow\" target=\"_blank\">Alojamiento web WordPress<\/a>&nbsp;para ver posibles soluciones.<\/p>\n\n\n\n<h3 class=\"wp-block-heading\"><a href=\"https:\/\/www.fooevents.com\/es\/features\/woocommerce\/\" target=\"_blank\" rel=\"noreferrer noopener\">WooCommerce<\/a><\/h3>\n\n\n\n<p>WooCommerce es una extensi\u00f3n gratuita de comercio electr\u00f3nico que permite vender productos f\u00edsicos y digitales en un sitio web WordPress.<\/p>\n\n\n\n<h3 class=\"wp-block-heading\"><a href=\"https:\/\/www.fooevents.com\/es\/pricing\/\" target=\"_blank\" rel=\"noreferrer noopener\">FooEvents<\/a><\/h3>\n\n\n\n<p>FooEvents se ha creado a partir de WooCommerce y a\u00f1ade funciones adicionales que permiten vender acceso a eventos, recintos y servicios reservables. FooEvents consta del n\u00facleo&nbsp;<strong>FooEvents para WooCommerce<\/strong>&nbsp;y una serie de extensiones opcionales que a\u00f1aden funciones adicionales. Tambi\u00e9n puede utilizar la aplicaci\u00f3n gratuita&nbsp;<a href=\"https:\/\/www.fooevents.com\/es\/features\/apps\/\" target=\"_blank\" rel=\"noreferrer noopener\">Aplicaci\u00f3n FooEvents Check-ins<\/a>&nbsp;para gestionar el acceso de los asistentes a su evento.<\/p>\n\n\n\n<ul class=\"wp-block-list\">\n<li><a href=\"https:\/\/www.fooevents.com\/es\/products\/fooevents-for-woocommerce\/\" target=\"_blank\" rel=\"noreferrer noopener\">FooEvents para WooCommerce<\/a>&nbsp;(n\u00facleo)<\/li>\n\n\n\n<li><a href=\"https:\/\/www.fooevents.com\/es\/products\/fooevents-bookings\/\" target=\"_blank\" rel=\"noreferrer noopener\">FooEvents Reservas<\/a><\/li>\n\n\n\n<li><a href=\"https:\/\/www.fooevents.com\/es\/products\/fooevents-custom-attendee-fields\/\" target=\"_blank\" rel=\"noreferrer noopener\">FooEvents Campos de asistente personalizados<\/a><\/li>\n\n\n\n<li><a href=\"https:\/\/www.fooevents.com\/es\/products\/fooevents-pdf-tickets\/\" target=\"_blank\" rel=\"noreferrer noopener\">FooEvents Entradas PDF<\/a><\/li>\n\n\n\n<li><a href=\"https:\/\/www.fooevents.com\/es\/products\/fooevents-calendar\/\" target=\"_blank\" rel=\"noreferrer noopener\">Calendario FooEvents<\/a><\/li>\n\n\n\n<li><a href=\"https:\/\/www.fooevents.com\/es\/products\/fooevents-express-check-in\/\" target=\"_blank\" rel=\"noreferrer noopener\">FooEvents Facturaci\u00f3n expr\u00e9s<\/a><\/li>\n\n\n\n<li><a href=\"https:\/\/www.fooevents.com\/es\/products\/fooevents-multi-day\/\" target=\"_blank\" rel=\"noreferrer noopener\">FooEvents Varios d\u00edas<\/a><\/li>\n\n\n\n<li><a href=\"https:\/\/www.fooevents.com\/es\/products\/fooevents-seating\/\" target=\"_blank\" rel=\"noreferrer noopener\">FooEvents Asientos<\/a><\/li>\n<\/ul>\n\n\n\n<h3 class=\"wp-block-heading\">Tema WordPress<\/h3>\n\n\n\n<p>Este sitio utiliza un tema gratuito llamado\u00a0<a href=\"https:\/\/www.wordpress.org\/themes\/astra\/\" target=\"_blank\" rel=\"noreferrer noopener\">Astra<\/a>. FooEvents funciona bien con la mayor\u00eda de los temas WooCommerce compatibles con WordPress.<\/p>\n\n\n\n<h3 class=\"wp-block-heading\">Plugins de terceros<\/h3>\n\n\n\n<p><a href=\"https:\/\/demo.fooevents.com\/es\/?filter_features=woocommerce-min-max-quantities\">Algunas de las demostraciones<\/a>&nbsp;utilizar el&nbsp;<a href=\"https:\/\/woocommerce.com\/products\/minmax-quantities\/\" target=\"_blank\" rel=\"noreferrer noopener\">WooCommerce Cantidades m\u00edn.\/m\u00e1x.<\/a>&nbsp;para vender grupos de entradas. Esto es \u00fatil cuando se venden mesas agrupadas o descuentos para grupos, por ejemplo. Las entradas pueden venderse individualmente o&nbsp;<a href=\"https:\/\/docs.woocommerce.com\/document\/variable-product\/\" rel=\"noreferrer noopener nofollow\" target=\"_blank\">agrupados por variaciones<\/a>. En&nbsp;<a href=\"https:\/\/woocommerce.com\/products\/minmax-quantities\/?aff=8264&amp;cid=702463\" target=\"_blank\" rel=\"noopener\">WooCommerce Cantidades m\u00edn.\/m\u00e1x.<\/a>&nbsp;puede adquirirse por separado en el mercado WooCommerce.<\/p>\n\n\n\n<h3 class=\"wp-block-heading\">Admin Demo<\/h3>\n\n\n\n<p>Si desea solicitar acceso a un entorno de demostraci\u00f3n de administraci\u00f3n en el que puede probar todos los plugins FooEvents m\u00e1s recientes desde el back-end WordPress, por favor&nbsp;<a href=\"https:\/\/help.fooevents.com\/fooevent-admin-demo-request\/\" rel=\"noreferrer noopener nofollow\" target=\"_blank\">rellene este formulario<\/a>&nbsp;y te enviaremos un enlace personalizado que ser\u00e1 v\u00e1lido durante 24 horas.<\/p>\n\n\n\n<p>Si tiene alguna pregunta sobre nuestras demostraciones, por favor&nbsp;<a href=\"https:\/\/help.fooevents.com\/es\/contact\/pre-sales-questions\/\" rel=\"noreferrer noopener nofollow\" target=\"_blank\">ponerse en contacto<\/a>.<\/p>","protected":false},"excerpt":{"rendered":"<p>The&nbsp;FooEvents front-end demos&nbsp;showcase how flexible and easy it is to sell tickets and access to all types of events, venues and bookable services using the&nbsp;FooEvents&nbsp;plugins.&nbsp; The following sections outline the technologies that were used to create these sites: WordPress WordPress is a free and open-source content management system which is the foundation of this site. [&hellip;]<\/p>\n","protected":false},"author":1,"featured_media":0,"parent":0,"menu_order":0,"comment_status":"closed","ping_status":"closed","template":"","meta":{"site-sidebar-layout":"no-sidebar","site-content-layout":"page-builder","ast-site-content-layout":"narrow-width-container","site-content-style":"unboxed","site-sidebar-style":"unboxed","ast-global-header-display":"","ast-banner-title-visibility":"","ast-main-header-display":"","ast-hfb-above-header-display":"","ast-hfb-below-header-display":"","ast-hfb-mobile-header-display":"","site-post-title":"","ast-breadcrumbs-content":"","ast-featured-img":"disabled","footer-sml-layout":"","ast-disable-related-posts":"","theme-transparent-header-meta":"default","adv-header-id-meta":"","stick-header-meta":"default","header-above-stick-meta":"","header-main-stick-meta":"","header-below-stick-meta":"","astra-migrate-meta-layouts":"set","ast-page-background-enabled":"default","ast-page-background-meta":{"desktop":{"background-color":"var(--ast-global-color-4)","background-image":"","background-repeat":"repeat","background-position":"center center","background-size":"auto","background-attachment":"scroll","background-type":"","background-media":"","overlay-type":"","overlay-color":"","overlay-opacity":"","overlay-gradient":""},"tablet":{"background-color":"","background-image":"","background-repeat":"repeat","background-position":"center center","background-size":"auto","background-attachment":"scroll","background-type":"","background-media":"","overlay-type":"","overlay-color":"","overlay-opacity":"","overlay-gradient":""},"mobile":{"background-color":"","background-image":"","background-repeat":"repeat","background-position":"center center","background-size":"auto","background-attachment":"scroll","background-type":"","background-media":"","overlay-type":"","overlay-color":"","overlay-opacity":"","overlay-gradient":""}},"ast-content-background-meta":{"desktop":{"background-color":"var(--ast-global-color-5)","background-image":"","background-repeat":"repeat","background-position":"center center","background-size":"auto","background-attachment":"scroll","background-type":"","background-media":"","overlay-type":"","overlay-color":"","overlay-opacity":"","overlay-gradient":""},"tablet":{"background-color":"var(--ast-global-color-5)","background-image":"","background-repeat":"repeat","background-position":"center center","background-size":"auto","background-attachment":"scroll","background-type":"","background-media":"","overlay-type":"","overlay-color":"","overlay-opacity":"","overlay-gradient":""},"mobile":{"background-color":"var(--ast-global-color-5)","background-image":"","background-repeat":"repeat","background-position":"center center","background-size":"auto","background-attachment":"scroll","background-type":"","background-media":"","overlay-type":"","overlay-color":"","overlay-opacity":"","overlay-gradient":""}},"footnotes":""},"class_list":["post-25809","page","type-page","status-publish","hentry"],"_links":{"self":[{"href":"https:\/\/demo.fooevents.com\/es\/wp-json\/wp\/v2\/pages\/25809","targetHints":{"allow":["GET"]}}],"collection":[{"href":"https:\/\/demo.fooevents.com\/es\/wp-json\/wp\/v2\/pages"}],"about":[{"href":"https:\/\/demo.fooevents.com\/es\/wp-json\/wp\/v2\/types\/page"}],"author":[{"embeddable":true,"href":"https:\/\/demo.fooevents.com\/es\/wp-json\/wp\/v2\/users\/1"}],"replies":[{"embeddable":true,"href":"https:\/\/demo.fooevents.com\/es\/wp-json\/wp\/v2\/comments?post=25809"}],"version-history":[{"count":0,"href":"https:\/\/demo.fooevents.com\/es\/wp-json\/wp\/v2\/pages\/25809\/revisions"}],"wp:attachment":[{"href":"https:\/\/demo.fooevents.com\/es\/wp-json\/wp\/v2\/media?parent=25809"}],"curies":[{"name":"wp","href":"https:\/\/api.w.org\/{rel}","templated":true}]}}