{"id":10163,"date":"2018-05-18T12:05:17","date_gmt":"2018-05-18T10:05:17","guid":{"rendered":"https:\/\/demo.fooevents.com\/?post_type=product&#038;p=10163"},"modified":"2026-03-23T02:27:08","modified_gmt":"2026-03-23T09:27:08","slug":"conferencia-de-varios-dias","status":"publish","type":"product","link":"https:\/\/demo.fooevents.com\/es\/product\/multi-day-conference\/","title":{"rendered":"Conferencia de varios d\u00edas"},"content":{"rendered":"","protected":false},"excerpt":{"rendered":"<p>Este ejemplo proporcionar\u00e1 a los asistentes acceso a una conferencia que se prolongar\u00e1 durante varios d\u00edas. El sitio <a href=\"https:\/\/www.fooevents.com\/es\/products\/fooevents-multi-day\/\">FooEvents Varios d\u00edas<\/a> permite a los organizadores registrar a los asistentes cada d\u00eda del evento. Esto resulta \u00fatil para gestionar el acceso a la conferencia y controlar la asistencia.<\/p>\n<p>Para obtener instrucciones detalladas sobre c\u00f3mo organizar un evento de varios d\u00edas como \u00e9ste, siga este enlace\u00a0<a href=\"https:\/\/help.fooevents.com\/es\/docs\/topics\/use-cases\/standard-multi-day-conference\/\">Tutorial de casos pr\u00e1cticos<\/a>.<\/p>\n<p>Tenga en cuenta que este ejemplo utiliza un\u00a0<a href=\"https:\/\/help.fooevents.com\/es\/docs\/topics\/code-snippets\/#display-products-and-variations-tickets-in-a-table-grid-format\" target=\"_blank\" rel=\"noopener\">fragmento de c\u00f3digo<\/a>\u00a0para sustituir el formulario est\u00e1ndar de variaciones WooCommerce por una tabla de variaciones. Esto es adecuado tanto para eventos de un solo d\u00eda como de varios d\u00edas que utilizan variaciones WooCommerce. El fragmento de c\u00f3digo de la tabla de variaciones no es compatible con el m\u00f3dulo\u00a0<a href=\"https:\/\/www.fooevents.com\/es\/products\/fooevents-seating\/\">FooEvents Asientos<\/a>\u00a0y\u00a0<a href=\"https:\/\/www.fooevents.com\/es\/products\/fooevents-bookings\/\">FooEvents Reservas<\/a>\u00a0selectores de p\u00e1ginas de productos.<\/p>","protected":false},"author":1,"featured_media":271,"template":"","meta":{"site-sidebar-layout":"default","site-content-layout":"default","ast-site-content-layout":"default","site-content-style":"default","site-sidebar-style":"default","ast-global-header-display":"","ast-banner-title-visibility":"","ast-main-header-display":"","ast-hfb-above-header-display":"","ast-hfb-below-header-display":"","ast-hfb-mobile-header-display":"","site-post-title":"","ast-breadcrumbs-content":"","ast-featured-img":"","footer-sml-layout":"","ast-disable-related-posts":"","theme-transparent-header-meta":"default","adv-header-id-meta":"","stick-header-meta":"default","header-above-stick-meta":"","header-main-stick-meta":"","header-below-stick-meta":"","astra-migrate-meta-layouts":"set","ast-page-background-enabled":"default","ast-page-background-meta":{"desktop":{"background-color":"var(--ast-global-color-4)","background-image":"","background-repeat":"repeat","background-position":"center center","background-size":"auto","background-attachment":"scroll","background-type":"","background-media":"","overlay-type":"","overlay-color":"","overlay-opacity":"","overlay-gradient":""},"tablet":{"background-color":"","background-image":"","background-repeat":"repeat","background-position":"center center","background-size":"auto","background-attachment":"scroll","background-type":"","background-media":"","overlay-type":"","overlay-color":"","overlay-opacity":"","overlay-gradient":""},"mobile":{"background-color":"","background-image":"","background-repeat":"repeat","background-position":"center center","background-size":"auto","background-attachment":"scroll","background-type":"","background-media":"","overlay-type":"","overlay-color":"","overlay-opacity":"","overlay-gradient":""}},"ast-content-background-meta":{"desktop":{"background-color":"var(--ast-global-color-5)","background-image":"","background-repeat":"repeat","background-position":"center center","background-size":"auto","background-attachment":"scroll","background-type":"","background-media":"","overlay-type":"","overlay-color":"","overlay-opacity":"","overlay-gradient":""},"tablet":{"background-color":"var(--ast-global-color-5)","background-image":"","background-repeat":"repeat","background-position":"center center","background-size":"auto","background-attachment":"scroll","background-type":"","background-media":"","overlay-type":"","overlay-color":"","overlay-opacity":"","overlay-gradient":""},"mobile":{"background-color":"var(--ast-global-color-5)","background-image":"","background-repeat":"repeat","background-position":"center center","background-size":"auto","background-attachment":"scroll","background-type":"","background-media":"","overlay-type":"","overlay-color":"","overlay-opacity":"","overlay-gradient":""}}},"product_brand":[],"product_cat":[62,143,138,18,129,95,40],"product_tag":[20,16,19,68,80,17,74],"class_list":{"0":"post-10163","1":"product","2":"type-product","3":"status-publish","4":"has-post-thumbnail","6":"product_cat-all","7":"product_cat-blocks","8":"product_cat-demo","9":"product_cat-event","10":"product_cat-pos","11":"product_cat-sort-filter","12":"product_cat-standard","13":"product_tag-conference","14":"product_tag-corporate","15":"product_tag-exhibition","16":"product_tag-facility","17":"product_tag-multi-day","18":"product_tag-paid","19":"product_tag-venue","20":"desktop-align-left","21":"tablet-align-left","22":"mobile-align-left","23":"ast-product-gallery-layout-horizontal-slider","24":"ast-magnify-disabled","25":"ast-product-single-variable","26":"ast-product-tabs-layout-horizontal","28":"first","29":"instock","30":"shipping-taxable","31":"purchasable","32":"product-type-variable"},"group_of_quantity":0,"min_quantity":0,"max_quantity":"","exclude_order_quantity_value_rules":"no","exclude_category_quantity_rules":"no","combine_variations":"no","exclude_global_add_ons":[],"addons":[],"_links":{"self":[{"href":"https:\/\/demo.fooevents.com\/es\/wp-json\/wp\/v2\/product\/10163","targetHints":{"allow":["GET"]}}],"collection":[{"href":"https:\/\/demo.fooevents.com\/es\/wp-json\/wp\/v2\/product"}],"about":[{"href":"https:\/\/demo.fooevents.com\/es\/wp-json\/wp\/v2\/types\/product"}],"author":[{"embeddable":true,"href":"https:\/\/demo.fooevents.com\/es\/wp-json\/wp\/v2\/users\/1"}],"wp:featuredmedia":[{"embeddable":true,"href":"https:\/\/demo.fooevents.com\/es\/wp-json\/wp\/v2\/media\/271"}],"wp:attachment":[{"href":"https:\/\/demo.fooevents.com\/es\/wp-json\/wp\/v2\/media?parent=10163"}],"wp:term":[{"taxonomy":"product_brand","embeddable":true,"href":"https:\/\/demo.fooevents.com\/es\/wp-json\/wp\/v2\/product_brand?post=10163"},{"taxonomy":"product_cat","embeddable":true,"href":"https:\/\/demo.fooevents.com\/es\/wp-json\/wp\/v2\/product_cat?post=10163"},{"taxonomy":"product_tag","embeddable":true,"href":"https:\/\/demo.fooevents.com\/es\/wp-json\/wp\/v2\/product_tag?post=10163"}],"curies":[{"name":"wp","href":"https:\/\/api.w.org\/{rel}","templated":true}]}}