{"id":19973,"date":"2020-04-09T10:50:32","date_gmt":"2020-04-09T08:50:32","guid":{"rendered":"https:\/\/demo.fooevents.com\/?post_type=product&#038;p=19973"},"modified":"2026-03-29T17:53:39","modified_gmt":"2026-03-30T00:53:39","slug":"reunion-virtual-con-zoom","status":"publish","type":"product","link":"https:\/\/demo.fooevents.com\/es\/product\/virtual-zoom-meeting\/","title":{"rendered":"Reuni\u00f3n virtual con Zoom"},"content":{"rendered":"","protected":false},"excerpt":{"rendered":"<p>Este es un ejemplo de una reuni\u00f3n virtual utilizando Zoom. Est\u00e1 configurado para preinscribir autom\u00e1ticamente a los asistentes a una reuni\u00f3n de Zoom. Con FooEvents puede preinscribir simult\u00e1neamente a los asistentes a una o varias reuniones y <a href=\"https:\/\/demo.fooevents.com\/es\/producto\/seminario-web\/\">seminarios web<\/a>.<\/p>\n<p>Visite nuestro <a href=\"https:\/\/www.fooevents.com\/es\/virtual-events\/\">Eventos virtuales<\/a> o nuestra <a href=\"https:\/\/help.fooevents.com\/es\/docs\/topics\/events\/zoom-webinars\/\">Centro de ayuda<\/a> para aprender a configurar un seminario web incluso como \u00e9ste.<\/p>","protected":false},"author":1,"featured_media":20131,"template":"","meta":{"site-sidebar-layout":"default","site-content-layout":"default","ast-site-content-layout":"default","site-content-style":"default","site-sidebar-style":"default","ast-global-header-display":"","ast-banner-title-visibility":"","ast-main-header-display":"","ast-hfb-above-header-display":"","ast-hfb-below-header-display":"","ast-hfb-mobile-header-display":"","site-post-title":"","ast-breadcrumbs-content":"","ast-featured-img":"","footer-sml-layout":"","ast-disable-related-posts":"","theme-transparent-header-meta":"default","adv-header-id-meta":"","stick-header-meta":"default","header-above-stick-meta":"","header-main-stick-meta":"","header-below-stick-meta":"","astra-migrate-meta-layouts":"set","ast-page-background-enabled":"default","ast-page-background-meta":{"desktop":{"background-color":"var(--ast-global-color-4)","background-image":"","background-repeat":"repeat","background-position":"center center","background-size":"auto","background-attachment":"scroll","background-type":"","background-media":"","overlay-type":"","overlay-color":"","overlay-opacity":"","overlay-gradient":""},"tablet":{"background-color":"","background-image":"","background-repeat":"repeat","background-position":"center center","background-size":"auto","background-attachment":"scroll","background-type":"","background-media":"","overlay-type":"","overlay-color":"","overlay-opacity":"","overlay-gradient":""},"mobile":{"background-color":"","background-image":"","background-repeat":"repeat","background-position":"center center","background-size":"auto","background-attachment":"scroll","background-type":"","background-media":"","overlay-type":"","overlay-color":"","overlay-opacity":"","overlay-gradient":""}},"ast-content-background-meta":{"desktop":{"background-color":"var(--ast-global-color-5)","background-image":"","background-repeat":"repeat","background-position":"center center","background-size":"auto","background-attachment":"scroll","background-type":"","background-media":"","overlay-type":"","overlay-color":"","overlay-opacity":"","overlay-gradient":""},"tablet":{"background-color":"var(--ast-global-color-5)","background-image":"","background-repeat":"repeat","background-position":"center center","background-size":"auto","background-attachment":"scroll","background-type":"","background-media":"","overlay-type":"","overlay-color":"","overlay-opacity":"","overlay-gradient":""},"mobile":{"background-color":"var(--ast-global-color-5)","background-image":"","background-repeat":"repeat","background-position":"center center","background-size":"auto","background-attachment":"scroll","background-type":"","background-media":"","overlay-type":"","overlay-color":"","overlay-opacity":"","overlay-gradient":""}}},"product_brand":[],"product_cat":[62,18,95,34],"product_tag":[75,42,70,66,69,37,17,72,134,25,36,38,32,35],"class_list":{"0":"post-19973","1":"product","2":"type-product","3":"status-publish","4":"has-post-thumbnail","6":"product_cat-all","7":"product_cat-event","8":"product_cat-sort-filter","9":"product_cat-virtual-events","10":"product_tag-activity","11":"product_tag-class","12":"product_tag-classes","13":"product_tag-covid","14":"product_tag-exercise","15":"product_tag-meeting","16":"product_tag-paid","17":"product_tag-service","18":"product_tag-single-day-events","19":"product_tag-sport","20":"product_tag-virtual","21":"product_tag-virtual-event","22":"product_tag-webinar","23":"product_tag-zoom","24":"desktop-align-left","25":"tablet-align-left","26":"mobile-align-left","27":"ast-product-gallery-layout-horizontal-slider","28":"ast-product-gallery-with-no-image","29":"ast-magnify-disabled","30":"ast-product-tabs-layout-horizontal","32":"first","33":"instock","34":"downloadable","35":"virtual","36":"purchasable","37":"product-type-simple"},"group_of_quantity":0,"min_quantity":0,"max_quantity":"","exclude_order_quantity_value_rules":"no","exclude_category_quantity_rules":"no","combine_variations":"no","exclude_global_add_ons":[],"addons":[],"_links":{"self":[{"href":"https:\/\/demo.fooevents.com\/es\/wp-json\/wp\/v2\/product\/19973","targetHints":{"allow":["GET"]}}],"collection":[{"href":"https:\/\/demo.fooevents.com\/es\/wp-json\/wp\/v2\/product"}],"about":[{"href":"https:\/\/demo.fooevents.com\/es\/wp-json\/wp\/v2\/types\/product"}],"author":[{"embeddable":true,"href":"https:\/\/demo.fooevents.com\/es\/wp-json\/wp\/v2\/users\/1"}],"wp:featuredmedia":[{"embeddable":true,"href":"https:\/\/demo.fooevents.com\/es\/wp-json\/wp\/v2\/media\/20131"}],"wp:attachment":[{"href":"https:\/\/demo.fooevents.com\/es\/wp-json\/wp\/v2\/media?parent=19973"}],"wp:term":[{"taxonomy":"product_brand","embeddable":true,"href":"https:\/\/demo.fooevents.com\/es\/wp-json\/wp\/v2\/product_brand?post=19973"},{"taxonomy":"product_cat","embeddable":true,"href":"https:\/\/demo.fooevents.com\/es\/wp-json\/wp\/v2\/product_cat?post=19973"},{"taxonomy":"product_tag","embeddable":true,"href":"https:\/\/demo.fooevents.com\/es\/wp-json\/wp\/v2\/product_tag?post=19973"}],"curies":[{"name":"wp","href":"https:\/\/api.w.org\/{rel}","templated":true}]}}