{"id":20101,"date":"2020-04-15T10:02:32","date_gmt":"2020-04-15T08:02:32","guid":{"rendered":"https:\/\/demo.fooevents.com\/?post_type=product&#038;p=20101"},"modified":"2026-02-25T10:28:28","modified_gmt":"2026-02-25T18:28:28","slug":"clase-virtual-de-yoga-en-grupo","status":"publish","type":"product","link":"https:\/\/demo.fooevents.com\/es\/product\/virtual-group-yoga-class\/","title":{"rendered":"Clase virtual de yoga"},"content":{"rendered":"<table class=\"fooevents-zoom-meeting-info-table\">\n<tbody>\n<tr>\n<th colspan=\"2\" align=\"left\" valign=\"top\">Resumen de la clase<\/th>\n<\/tr>\n<tr>\n<th align=\"left\" width=\"25%\">Fecha de inicio:<\/th>\n<td>01 de junio de 2022<\/td>\n<\/tr>\n<tr>\n<th align=\"left\" width=\"25%\">Hora de inicio:<\/th>\n<td>10:00 am SAST<\/td>\n<\/tr>\n<tr>\n<th align=\"left\" width=\"25%\">Hora de finalizaci\u00f3n:<\/th>\n<td>11:30 am SAST<\/td>\n<\/tr>\n<tr>\n<th align=\"left\">Duraci\u00f3n:<\/th>\n<td>1 hora 30 minutos<\/td>\n<\/tr>\n<tr>\n<th align=\"left\">Recurrencia:<\/th>\n<td>Semanalmente los mi\u00e9rcoles y s\u00e1bados hasta el 23 de julio de 2022<\/td>\n<\/tr>\n<\/tbody>\n<\/table>","protected":false},"excerpt":{"rendered":"<p>Este es un ejemplo de una clase virtual de yoga en grupo utilizando Zoom. Est\u00e1 configurado para preinscribir autom\u00e1ticamente a los alumnos en una reuni\u00f3n recurrente de Zoom que se repite todos los mi\u00e9rcoles y s\u00e1bados a las 10 de la ma\u00f1ana durante 8 semanas. Usando FooEvents puedes pre-registrar simult\u00e1neamente a los asistentes para una o varias clases. <a href=\"https:\/\/demo.fooevents.com\/es\/producto\/reunion-virtual-con-zoom\/\">reuniones<\/a> y <a href=\"https:\/\/demo.fooevents.com\/es\/producto\/seminario-web\/\">seminarios web<\/a>.<\/p>\n<p>Visite nuestro <a href=\"https:\/\/www.fooevents.com\/es\/virtual-events\/\">Eventos virtuales<\/a> o utilice esta <a href=\"https:\/\/help.fooevents.com\/es\/docs\/topics\/use-cases\/virtual-yoga-class\/\">Tutorial de casos pr\u00e1cticos<\/a> para aprender a organizar un seminario web como \u00e9ste.<\/p>","protected":false},"author":1,"featured_media":20128,"template":"","meta":{"site-sidebar-layout":"default","site-content-layout":"default","ast-site-content-layout":"default","site-content-style":"default","site-sidebar-style":"default","ast-global-header-display":"","ast-banner-title-visibility":"","ast-main-header-display":"","ast-hfb-above-header-display":"","ast-hfb-below-header-display":"","ast-hfb-mobile-header-display":"","site-post-title":"","ast-breadcrumbs-content":"","ast-featured-img":"","footer-sml-layout":"","ast-disable-related-posts":"","theme-transparent-header-meta":"default","adv-header-id-meta":"","stick-header-meta":"default","header-above-stick-meta":"","header-main-stick-meta":"","header-below-stick-meta":"","astra-migrate-meta-layouts":"set","ast-page-background-enabled":"default","ast-page-background-meta":{"desktop":{"background-color":"var(--ast-global-color-4)","background-image":"","background-repeat":"repeat","background-position":"center center","background-size":"auto","background-attachment":"scroll","background-type":"","background-media":"","overlay-type":"","overlay-color":"","overlay-opacity":"","overlay-gradient":""},"tablet":{"background-color":"","background-image":"","background-repeat":"repeat","background-position":"center center","background-size":"auto","background-attachment":"scroll","background-type":"","background-media":"","overlay-type":"","overlay-color":"","overlay-opacity":"","overlay-gradient":""},"mobile":{"background-color":"","background-image":"","background-repeat":"repeat","background-position":"center center","background-size":"auto","background-attachment":"scroll","background-type":"","background-media":"","overlay-type":"","overlay-color":"","overlay-opacity":"","overlay-gradient":""}},"ast-content-background-meta":{"desktop":{"background-color":"var(--ast-global-color-5)","background-image":"","background-repeat":"repeat","background-position":"center center","background-size":"auto","background-attachment":"scroll","background-type":"","background-media":"","overlay-type":"","overlay-color":"","overlay-opacity":"","overlay-gradient":""},"tablet":{"background-color":"var(--ast-global-color-5)","background-image":"","background-repeat":"repeat","background-position":"center center","background-size":"auto","background-attachment":"scroll","background-type":"","background-media":"","overlay-type":"","overlay-color":"","overlay-opacity":"","overlay-gradient":""},"mobile":{"background-color":"var(--ast-global-color-5)","background-image":"","background-repeat":"repeat","background-position":"center center","background-size":"auto","background-attachment":"scroll","background-type":"","background-media":"","overlay-type":"","overlay-color":"","overlay-opacity":"","overlay-gradient":""}}},"product_brand":[],"product_cat":[62,18,95,34],"product_tag":[75,69,37,17,72,134,25,36,38,32,35],"class_list":{"0":"post-20101","1":"product","2":"type-product","3":"status-publish","4":"has-post-thumbnail","6":"product_cat-all","7":"product_cat-event","8":"product_cat-sort-filter","9":"product_cat-virtual-events","10":"product_tag-activity","11":"product_tag-exercise","12":"product_tag-meeting","13":"product_tag-paid","14":"product_tag-service","15":"product_tag-single-day-events","16":"product_tag-sport","17":"product_tag-virtual","18":"product_tag-virtual-event","19":"product_tag-webinar","20":"product_tag-zoom","21":"desktop-align-left","22":"tablet-align-left","23":"mobile-align-left","24":"ast-product-gallery-layout-horizontal-slider","25":"ast-product-gallery-with-no-image","26":"ast-magnify-disabled","27":"ast-product-tabs-layout-horizontal","29":"first","30":"instock","31":"downloadable","32":"virtual","33":"purchasable","34":"product-type-simple"},"group_of_quantity":0,"min_quantity":0,"max_quantity":"","exclude_order_quantity_value_rules":"no","exclude_category_quantity_rules":"no","combine_variations":"no","exclude_global_add_ons":[],"addons":[],"_links":{"self":[{"href":"https:\/\/demo.fooevents.com\/es\/wp-json\/wp\/v2\/product\/20101","targetHints":{"allow":["GET"]}}],"collection":[{"href":"https:\/\/demo.fooevents.com\/es\/wp-json\/wp\/v2\/product"}],"about":[{"href":"https:\/\/demo.fooevents.com\/es\/wp-json\/wp\/v2\/types\/product"}],"author":[{"embeddable":true,"href":"https:\/\/demo.fooevents.com\/es\/wp-json\/wp\/v2\/users\/1"}],"wp:featuredmedia":[{"embeddable":true,"href":"https:\/\/demo.fooevents.com\/es\/wp-json\/wp\/v2\/media\/20128"}],"wp:attachment":[{"href":"https:\/\/demo.fooevents.com\/es\/wp-json\/wp\/v2\/media?parent=20101"}],"wp:term":[{"taxonomy":"product_brand","embeddable":true,"href":"https:\/\/demo.fooevents.com\/es\/wp-json\/wp\/v2\/product_brand?post=20101"},{"taxonomy":"product_cat","embeddable":true,"href":"https:\/\/demo.fooevents.com\/es\/wp-json\/wp\/v2\/product_cat?post=20101"},{"taxonomy":"product_tag","embeddable":true,"href":"https:\/\/demo.fooevents.com\/es\/wp-json\/wp\/v2\/product_tag?post=20101"}],"curies":[{"name":"wp","href":"https:\/\/api.w.org\/{rel}","templated":true}]}}