{"id":25809,"date":"2021-05-27T11:24:25","date_gmt":"2021-05-27T09:24:25","guid":{"rendered":"https:\/\/demo.fooevents.com\/?page_id=25809"},"modified":"2024-02-16T17:46:04","modified_gmt":"2024-02-17T01:46:04","slug":"a-propos-de","status":"publish","type":"page","link":"https:\/\/demo.fooevents.com\/fr\/about\/","title":{"rendered":"A propos de"},"content":{"rendered":"<p>Les&nbsp;<a href=\"https:\/\/demo.fooevents.com\/fr\/\">D\u00e9monstrations frontales FooEvents<\/a>&nbsp;montrent la souplesse et la facilit\u00e9 avec lesquelles il est possible de vendre des billets et l'acc\u00e8s \u00e0 tous les types d'\u00e9v\u00e9nements, de lieux et de services r\u00e9servables en utilisant l'application&nbsp;<a href=\"https:\/\/www.fooevents.com\/fr\/\" target=\"_blank\" rel=\"noreferrer noopener\">FooEvents<\/a>&nbsp;plugins.&nbsp;<\/p>\n\n\n\n<p>Les sections suivantes d\u00e9crivent les technologies utilis\u00e9es pour cr\u00e9er ces sites :<\/p>\n\n\n\n<h3 class=\"wp-block-heading\"><a href=\"https:\/\/wordpress.org\/\" target=\"_blank\" rel=\"noreferrer noopener\">WordPress<\/a><\/h3>\n\n\n\n<p>WordPress est un syst\u00e8me de gestion de contenu libre et gratuit qui constitue la base de ce site. 41% du web est aliment\u00e9 par WordPress, des blogs de loisirs aux soci\u00e9t\u00e9s cot\u00e9es en bourse.<\/p>\n\n\n\n<p>WordPress peut \u00eatre t\u00e9l\u00e9charg\u00e9 \u00e0 partir de&nbsp;<a href=\"https:\/\/wordpress.org\/download\/\" target=\"_blank\" rel=\"noreferrer noopener\">WordPress.org<\/a>&nbsp;et install\u00e9 sur n'importe quel service d'h\u00e9bergement qui prend en charge le&nbsp;<a href=\"https:\/\/wordpress.org\/support\/article\/requirements\/\" target=\"_blank\" rel=\"noreferrer noopener\">exigences minimales<\/a>.<\/p>\n\n\n\n<p>La plupart des services d'h\u00e9bergement proposent des packages avec WordPress pr\u00e9-install\u00e9. Visitez notre page \"Recommand\u00e9&nbsp;<a href=\"https:\/\/help.fooevents.com\/fr\/docs\/topics\/third-party-integration\/third-party-integration-recommended-wordpress-web-hosting\/\" rel=\"noreferrer noopener nofollow\" target=\"_blank\">WordPress H\u00e9bergement Web<\/a>&nbsp;pour voir les solutions possibles.<\/p>\n\n\n\n<h3 class=\"wp-block-heading\"><a href=\"https:\/\/www.fooevents.com\/fr\/features\/woocommerce\/\" target=\"_blank\" rel=\"noreferrer noopener\">WooCommerce<\/a><\/h3>\n\n\n\n<p>WooCommerce est une extension de commerce \u00e9lectronique gratuite qui permet de vendre des produits physiques et num\u00e9riques sur un site WordPress.<\/p>\n\n\n\n<h3 class=\"wp-block-heading\"><a href=\"https:\/\/www.fooevents.com\/fr\/pricing\/\" target=\"_blank\" rel=\"noreferrer noopener\">FooEvents<\/a><\/h3>\n\n\n\n<p>FooEvents est construit \u00e0 partir de WooCommerce et ajoute des fonctionnalit\u00e9s suppl\u00e9mentaires qui permettent de vendre l'acc\u00e8s \u00e0 des \u00e9v\u00e9nements, des lieux et des services r\u00e9servables. FooEvents se compose du noyau&nbsp;<strong>FooEvents pour WooCommerce<\/strong>&nbsp;et une s\u00e9rie d'extensions optionnelles qui ajoutent des fonctionnalit\u00e9s suppl\u00e9mentaires. Vous pouvez \u00e9galement utiliser le plugin gratuit&nbsp;<a href=\"https:\/\/www.fooevents.com\/fr\/features\/apps\/\" target=\"_blank\" rel=\"noreferrer noopener\">FooEvents Application Check-ins<\/a>&nbsp;pour g\u00e9rer l'acc\u00e8s des participants \u00e0 votre \u00e9v\u00e9nement.<\/p>\n\n\n\n<ul class=\"wp-block-list\">\n<li><a href=\"https:\/\/www.fooevents.com\/fr\/products\/fooevents-for-woocommerce\/\" target=\"_blank\" rel=\"noreferrer noopener\">FooEvents pour WooCommerce<\/a>&nbsp;(noyau)<\/li>\n\n\n\n<li><a href=\"https:\/\/www.fooevents.com\/fr\/products\/fooevents-bookings\/\" target=\"_blank\" rel=\"noreferrer noopener\">FooEvents R\u00e9servations<\/a><\/li>\n\n\n\n<li><a href=\"https:\/\/www.fooevents.com\/fr\/products\/fooevents-custom-attendee-fields\/\" target=\"_blank\" rel=\"noreferrer noopener\">FooEvents Champs personnalis\u00e9s pour les participants<\/a><\/li>\n\n\n\n<li><a href=\"https:\/\/www.fooevents.com\/fr\/products\/fooevents-pdf-tickets\/\" target=\"_blank\" rel=\"noreferrer noopener\">FooEvents PDF Tickets<\/a><\/li>\n\n\n\n<li><a href=\"https:\/\/www.fooevents.com\/fr\/products\/fooevents-calendar\/\" target=\"_blank\" rel=\"noreferrer noopener\">Calendrier FooEvents<\/a><\/li>\n\n\n\n<li><a href=\"https:\/\/www.fooevents.com\/fr\/products\/fooevents-express-check-in\/\" target=\"_blank\" rel=\"noreferrer noopener\">FooEvents Enregistrement express<\/a><\/li>\n\n\n\n<li><a href=\"https:\/\/www.fooevents.com\/fr\/products\/fooevents-multi-day\/\" target=\"_blank\" rel=\"noreferrer noopener\">FooEvents Plusieurs jours<\/a><\/li>\n\n\n\n<li><a href=\"https:\/\/www.fooevents.com\/fr\/products\/fooevents-seating\/\" target=\"_blank\" rel=\"noreferrer noopener\">FooEvents Si\u00e8ges<\/a><\/li>\n<\/ul>\n\n\n\n<h3 class=\"wp-block-heading\">Th\u00e8me WordPress<\/h3>\n\n\n\n<p>Ce site utilise un th\u00e8me gratuit appel\u00e9\u00a0<a href=\"https:\/\/www.wordpress.org\/themes\/astra\/\" target=\"_blank\" rel=\"noreferrer noopener\">Astra<\/a>. FooEvents fonctionne avec la plupart des th\u00e8mes WooCommerce compatibles avec WordPress.<\/p>\n\n\n\n<h3 class=\"wp-block-heading\">Plugins tiers<\/h3>\n\n\n\n<p><a href=\"https:\/\/demo.fooevents.com\/fr\/?filter_features=woocommerce-min-max-quantities\">Quelques d\u00e9monstrations<\/a>&nbsp;utiliser le&nbsp;<a href=\"https:\/\/woocommerce.com\/products\/minmax-quantities\/\" target=\"_blank\" rel=\"noreferrer noopener\">WooCommerce Quantit\u00e9s Min\/Max<\/a>&nbsp;pour vendre des groupes de billets. Ceci est utile pour vendre des tables group\u00e9es ou des r\u00e9ductions de groupe par exemple. Les billets peuvent \u00eatre vendus individuellement ou&nbsp;<a href=\"https:\/\/docs.woocommerce.com\/document\/variable-product\/\" rel=\"noreferrer noopener nofollow\" target=\"_blank\">regroup\u00e9s par variations<\/a>. Les&nbsp;<a href=\"https:\/\/woocommerce.com\/products\/minmax-quantities\/?aff=8264&amp;cid=702463\" target=\"_blank\" rel=\"noopener\">WooCommerce Quantit\u00e9s Min\/Max<\/a>&nbsp;peuvent \u00eatre achet\u00e9s s\u00e9par\u00e9ment sur la place de march\u00e9 WooCommerce.<\/p>\n\n\n\n<h3 class=\"wp-block-heading\">D\u00e9monstration de l'administrateur<\/h3>\n\n\n\n<p>Si vous souhaitez demander l'acc\u00e8s \u00e0 un environnement de d\u00e9monstration admin o\u00f9 vous pourrez tester tous les derniers plugins FooEvents \u00e0 partir du back-end WordPress, veuillez&nbsp;<a href=\"https:\/\/help.fooevents.com\/fooevent-admin-demo-request\/\" rel=\"noreferrer noopener nofollow\" target=\"_blank\">compl\u00e9ter ce formulaire<\/a>&nbsp;et nous vous enverrons un lien personnalis\u00e9 qui sera valide pendant 24 heures.<\/p>\n\n\n\n<p>Si vous avez des questions concernant nos d\u00e9monstrations, veuillez vous adresser \u00e0&nbsp;<a href=\"https:\/\/help.fooevents.com\/fr\/contact\/pre-sales-questions\/\" rel=\"noreferrer noopener nofollow\" target=\"_blank\">prendre contact<\/a>.<\/p>","protected":false},"excerpt":{"rendered":"<p>The&nbsp;FooEvents front-end demos&nbsp;showcase how flexible and easy it is to sell tickets and access to all types of events, venues and bookable services using the&nbsp;FooEvents&nbsp;plugins.&nbsp; The following sections outline the technologies that were used to create these sites: WordPress WordPress is a free and open-source content management system which is the foundation of this site. [&hellip;]<\/p>\n","protected":false},"author":1,"featured_media":0,"parent":0,"menu_order":0,"comment_status":"closed","ping_status":"closed","template":"","meta":{"site-sidebar-layout":"no-sidebar","site-content-layout":"page-builder","ast-site-content-layout":"narrow-width-container","site-content-style":"unboxed","site-sidebar-style":"unboxed","ast-global-header-display":"","ast-banner-title-visibility":"","ast-main-header-display":"","ast-hfb-above-header-display":"","ast-hfb-below-header-display":"","ast-hfb-mobile-header-display":"","site-post-title":"","ast-breadcrumbs-content":"","ast-featured-img":"disabled","footer-sml-layout":"","ast-disable-related-posts":"","theme-transparent-header-meta":"default","adv-header-id-meta":"","stick-header-meta":"default","header-above-stick-meta":"","header-main-stick-meta":"","header-below-stick-meta":"","astra-migrate-meta-layouts":"set","ast-page-background-enabled":"default","ast-page-background-meta":{"desktop":{"background-color":"var(--ast-global-color-4)","background-image":"","background-repeat":"repeat","background-position":"center center","background-size":"auto","background-attachment":"scroll","background-type":"","background-media":"","overlay-type":"","overlay-color":"","overlay-opacity":"","overlay-gradient":""},"tablet":{"background-color":"","background-image":"","background-repeat":"repeat","background-position":"center center","background-size":"auto","background-attachment":"scroll","background-type":"","background-media":"","overlay-type":"","overlay-color":"","overlay-opacity":"","overlay-gradient":""},"mobile":{"background-color":"","background-image":"","background-repeat":"repeat","background-position":"center center","background-size":"auto","background-attachment":"scroll","background-type":"","background-media":"","overlay-type":"","overlay-color":"","overlay-opacity":"","overlay-gradient":""}},"ast-content-background-meta":{"desktop":{"background-color":"var(--ast-global-color-5)","background-image":"","background-repeat":"repeat","background-position":"center center","background-size":"auto","background-attachment":"scroll","background-type":"","background-media":"","overlay-type":"","overlay-color":"","overlay-opacity":"","overlay-gradient":""},"tablet":{"background-color":"var(--ast-global-color-5)","background-image":"","background-repeat":"repeat","background-position":"center center","background-size":"auto","background-attachment":"scroll","background-type":"","background-media":"","overlay-type":"","overlay-color":"","overlay-opacity":"","overlay-gradient":""},"mobile":{"background-color":"var(--ast-global-color-5)","background-image":"","background-repeat":"repeat","background-position":"center center","background-size":"auto","background-attachment":"scroll","background-type":"","background-media":"","overlay-type":"","overlay-color":"","overlay-opacity":"","overlay-gradient":""}},"footnotes":""},"class_list":["post-25809","page","type-page","status-publish","hentry"],"_links":{"self":[{"href":"https:\/\/demo.fooevents.com\/fr\/wp-json\/wp\/v2\/pages\/25809","targetHints":{"allow":["GET"]}}],"collection":[{"href":"https:\/\/demo.fooevents.com\/fr\/wp-json\/wp\/v2\/pages"}],"about":[{"href":"https:\/\/demo.fooevents.com\/fr\/wp-json\/wp\/v2\/types\/page"}],"author":[{"embeddable":true,"href":"https:\/\/demo.fooevents.com\/fr\/wp-json\/wp\/v2\/users\/1"}],"replies":[{"embeddable":true,"href":"https:\/\/demo.fooevents.com\/fr\/wp-json\/wp\/v2\/comments?post=25809"}],"version-history":[{"count":0,"href":"https:\/\/demo.fooevents.com\/fr\/wp-json\/wp\/v2\/pages\/25809\/revisions"}],"wp:attachment":[{"href":"https:\/\/demo.fooevents.com\/fr\/wp-json\/wp\/v2\/media?parent=25809"}],"curies":[{"name":"wp","href":"https:\/\/api.w.org\/{rel}","templated":true}]}}