{"id":20108,"date":"2020-04-15T10:23:13","date_gmt":"2020-04-15T08:23:13","guid":{"rendered":"https:\/\/demo.fooevents.com\/?post_type=product&#038;p=20108"},"modified":"2026-02-16T06:34:45","modified_gmt":"2026-02-16T14:34:45","slug":"classe-dart-virtuelle","status":"publish","type":"product","link":"https:\/\/demo.fooevents.com\/fr\/product\/virtual-art-class\/","title":{"rendered":"Cours d'art virtuels"},"content":{"rendered":"<table class=\"fooevents-zoom-meeting-info-table\">\n<tbody>\n<tr>\n<th align=\"left\" width=\"25%\">Principes du dessin<\/th>\n<td><strong>Le 01 juin 2022. 15:00 - 16:00 heures HST<\/strong><br \/>\nHebdomadaire les mardi, mercredi et vendredi jusqu'au 14 juin 2022<\/td>\n<\/tr>\n<tr>\n<th align=\"left\" width=\"25%\">Peinture \u00e0 l'huile<\/th>\n<td><strong>Le 06 juin 2022. 14 h 00 - 15 h 00 HNE<\/strong><br \/>\nHebdomadaire le lundi et le mercredi jusqu'au 22 juin 2022<\/td>\n<\/tr>\n<tr>\n<th align=\"left\" width=\"25%\">Histoire de l'art<\/th>\n<td><strong>Le 02 juin 2022. 11:00 - 12:00 SAST<\/strong><br \/>\nHebdomadaire le lundi et le mercredi jusqu'au 22 juin 2022<\/td>\n<\/tr>\n<\/tbody>\n<\/table>","protected":false},"excerpt":{"rendered":"<p>Cet exemple est configur\u00e9 pour pr\u00e9inscrire automatiquement les \u00e9tudiants \u00e0 trois cours\/r\u00e9unions artistiques Zoom distincts qui se r\u00e9p\u00e8tent pendant trois semaines, \u00e0 diff\u00e9rents jours de la semaine.  En utilisant FooEvents, vous pouvez pr\u00e9inscrire simultan\u00e9ment des participants \u00e0 un ou plusieurs webinaires\/r\u00e9unions.<\/p>\n<p><span style=\"font-size: 16px;\">Visitez notre <\/span><a style=\"font-size: 16px;\" href=\"https:\/\/www.fooevents.com\/fr\/virtual-events\/\">\u00c9v\u00e9nements virtuels<\/a><span style=\"font-size: 16px;\"> ou notre section <\/span><a style=\"font-size: 16px;\" href=\"https:\/\/help.fooevents.com\/fr\/docs\/topics\/events\/zoom-webinars\/\">Centre d'aide<\/a><span style=\"font-size: 16px;\"> pour apprendre \u00e0 mettre en place un webinaire comme celui-ci.<\/span><\/p>","protected":false},"author":1,"featured_media":20133,"template":"","meta":{"site-sidebar-layout":"default","site-content-layout":"default","ast-site-content-layout":"default","site-content-style":"default","site-sidebar-style":"default","ast-global-header-display":"","ast-banner-title-visibility":"","ast-main-header-display":"","ast-hfb-above-header-display":"","ast-hfb-below-header-display":"","ast-hfb-mobile-header-display":"","site-post-title":"","ast-breadcrumbs-content":"","ast-featured-img":"","footer-sml-layout":"","ast-disable-related-posts":"","theme-transparent-header-meta":"default","adv-header-id-meta":"","stick-header-meta":"default","header-above-stick-meta":"","header-main-stick-meta":"","header-below-stick-meta":"","astra-migrate-meta-layouts":"set","ast-page-background-enabled":"default","ast-page-background-meta":{"desktop":{"background-color":"var(--ast-global-color-4)","background-image":"","background-repeat":"repeat","background-position":"center center","background-size":"auto","background-attachment":"scroll","background-type":"","background-media":"","overlay-type":"","overlay-color":"","overlay-opacity":"","overlay-gradient":""},"tablet":{"background-color":"","background-image":"","background-repeat":"repeat","background-position":"center center","background-size":"auto","background-attachment":"scroll","background-type":"","background-media":"","overlay-type":"","overlay-color":"","overlay-opacity":"","overlay-gradient":""},"mobile":{"background-color":"","background-image":"","background-repeat":"repeat","background-position":"center center","background-size":"auto","background-attachment":"scroll","background-type":"","background-media":"","overlay-type":"","overlay-color":"","overlay-opacity":"","overlay-gradient":""}},"ast-content-background-meta":{"desktop":{"background-color":"var(--ast-global-color-5)","background-image":"","background-repeat":"repeat","background-position":"center center","background-size":"auto","background-attachment":"scroll","background-type":"","background-media":"","overlay-type":"","overlay-color":"","overlay-opacity":"","overlay-gradient":""},"tablet":{"background-color":"var(--ast-global-color-5)","background-image":"","background-repeat":"repeat","background-position":"center center","background-size":"auto","background-attachment":"scroll","background-type":"","background-media":"","overlay-type":"","overlay-color":"","overlay-opacity":"","overlay-gradient":""},"mobile":{"background-color":"var(--ast-global-color-5)","background-image":"","background-repeat":"repeat","background-position":"center center","background-size":"auto","background-attachment":"scroll","background-type":"","background-media":"","overlay-type":"","overlay-color":"","overlay-opacity":"","overlay-gradient":""}}},"product_brand":[],"product_cat":[62,18,95,34],"product_tag":[75,42,70,41,66,17,36,38,32,35],"class_list":{"0":"post-20108","1":"product","2":"type-product","3":"status-publish","4":"has-post-thumbnail","6":"product_cat-all","7":"product_cat-event","8":"product_cat-sort-filter","9":"product_cat-virtual-events","10":"product_tag-activity","11":"product_tag-class","12":"product_tag-classes","13":"product_tag-course","14":"product_tag-covid","15":"product_tag-paid","16":"product_tag-virtual","17":"product_tag-virtual-event","18":"product_tag-webinar","19":"product_tag-zoom","20":"desktop-align-left","21":"tablet-align-left","22":"mobile-align-left","23":"ast-product-gallery-layout-horizontal-slider","24":"ast-product-gallery-with-no-image","25":"ast-magnify-disabled","26":"ast-product-tabs-layout-horizontal","28":"first","29":"instock","30":"downloadable","31":"virtual","32":"purchasable","33":"product-type-simple"},"group_of_quantity":0,"min_quantity":0,"max_quantity":"","exclude_order_quantity_value_rules":"no","exclude_category_quantity_rules":"no","combine_variations":"no","exclude_global_add_ons":[],"addons":[],"_links":{"self":[{"href":"https:\/\/demo.fooevents.com\/fr\/wp-json\/wp\/v2\/product\/20108","targetHints":{"allow":["GET"]}}],"collection":[{"href":"https:\/\/demo.fooevents.com\/fr\/wp-json\/wp\/v2\/product"}],"about":[{"href":"https:\/\/demo.fooevents.com\/fr\/wp-json\/wp\/v2\/types\/product"}],"author":[{"embeddable":true,"href":"https:\/\/demo.fooevents.com\/fr\/wp-json\/wp\/v2\/users\/1"}],"wp:featuredmedia":[{"embeddable":true,"href":"https:\/\/demo.fooevents.com\/fr\/wp-json\/wp\/v2\/media\/20133"}],"wp:attachment":[{"href":"https:\/\/demo.fooevents.com\/fr\/wp-json\/wp\/v2\/media?parent=20108"}],"wp:term":[{"taxonomy":"product_brand","embeddable":true,"href":"https:\/\/demo.fooevents.com\/fr\/wp-json\/wp\/v2\/product_brand?post=20108"},{"taxonomy":"product_cat","embeddable":true,"href":"https:\/\/demo.fooevents.com\/fr\/wp-json\/wp\/v2\/product_cat?post=20108"},{"taxonomy":"product_tag","embeddable":true,"href":"https:\/\/demo.fooevents.com\/fr\/wp-json\/wp\/v2\/product_tag?post=20108"}],"curies":[{"name":"wp","href":"https:\/\/api.w.org\/{rel}","templated":true}]}}