{"id":20231,"date":"2020-04-20T15:21:27","date_gmt":"2020-04-20T13:21:27","guid":{"rendered":"https:\/\/demo.fooevents.com\/?post_type=product&#038;p=20231"},"modified":"2026-03-19T05:54:51","modified_gmt":"2026-03-19T12:54:51","slug":"conference-virtuelle","status":"publish","type":"product","link":"https:\/\/demo.fooevents.com\/fr\/product\/virtual-conference\/","title":{"rendered":"Conf\u00e9rence virtuelle"},"content":{"rendered":"","protected":false},"excerpt":{"rendered":"<p>Cet exemple est configur\u00e9 pour pr\u00e9-inscrire automatiquement les participants \u00e0 deux webinaires Zoom distincts ainsi qu'\u00e0 une r\u00e9union Zoom qui sera utilis\u00e9e pour des discussions de groupe.<\/p>\n<table class=\"fooevents-zoom-meeting-info-table\">\n<tbody>\n<tr>\n<th align=\"left\" valign=\"top\">Jour 1 :<\/th>\n<td>\u00a001 mai 2022. 10:00 am to 2:00 pm PDT (webinar)<\/td>\n<\/tr>\n<tr>\n<th align=\"left\" width=\"25%\">Jour 2 :<\/th>\n<td>\u00a0Le 02 mai 2022. 11:00 am to 3:00 pm PDT (webinar)<\/td>\n<\/tr>\n<tr>\n<th align=\"left\" width=\"25%\">Discussion ouverte :<\/th>\n<td>\u00a0Le 02 mai 2022. 4:00 am to 6:00 pm PDT (meeting)<\/td>\n<\/tr>\n<\/tbody>\n<\/table>\n<p>Pour obtenir des instructions d\u00e9taill\u00e9es sur l'organisation d'un \u00e9v\u00e9nement virtuel de ce type, suivez ce lien <a href=\"https:\/\/help.fooevents.com\/fr\/docs\/topics\/use-cases\/virtual-conference\/\">Didacticiel sur les cas d'utilisation<\/a>.<\/p>","protected":false},"author":1,"featured_media":20232,"template":"","meta":{"site-sidebar-layout":"default","site-content-layout":"default","ast-site-content-layout":"default","site-content-style":"default","site-sidebar-style":"default","ast-global-header-display":"","ast-banner-title-visibility":"","ast-main-header-display":"","ast-hfb-above-header-display":"","ast-hfb-below-header-display":"","ast-hfb-mobile-header-display":"","site-post-title":"","ast-breadcrumbs-content":"","ast-featured-img":"","footer-sml-layout":"","ast-disable-related-posts":"","theme-transparent-header-meta":"default","adv-header-id-meta":"","stick-header-meta":"default","header-above-stick-meta":"","header-main-stick-meta":"","header-below-stick-meta":"","astra-migrate-meta-layouts":"set","ast-page-background-enabled":"default","ast-page-background-meta":{"desktop":{"background-color":"var(--ast-global-color-4)","background-image":"","background-repeat":"repeat","background-position":"center center","background-size":"auto","background-attachment":"scroll","background-type":"","background-media":"","overlay-type":"","overlay-color":"","overlay-opacity":"","overlay-gradient":""},"tablet":{"background-color":"","background-image":"","background-repeat":"repeat","background-position":"center center","background-size":"auto","background-attachment":"scroll","background-type":"","background-media":"","overlay-type":"","overlay-color":"","overlay-opacity":"","overlay-gradient":""},"mobile":{"background-color":"","background-image":"","background-repeat":"repeat","background-position":"center center","background-size":"auto","background-attachment":"scroll","background-type":"","background-media":"","overlay-type":"","overlay-color":"","overlay-opacity":"","overlay-gradient":""}},"ast-content-background-meta":{"desktop":{"background-color":"var(--ast-global-color-5)","background-image":"","background-repeat":"repeat","background-position":"center center","background-size":"auto","background-attachment":"scroll","background-type":"","background-media":"","overlay-type":"","overlay-color":"","overlay-opacity":"","overlay-gradient":""},"tablet":{"background-color":"var(--ast-global-color-5)","background-image":"","background-repeat":"repeat","background-position":"center center","background-size":"auto","background-attachment":"scroll","background-type":"","background-media":"","overlay-type":"","overlay-color":"","overlay-opacity":"","overlay-gradient":""},"mobile":{"background-color":"var(--ast-global-color-5)","background-image":"","background-repeat":"repeat","background-position":"center center","background-size":"auto","background-attachment":"scroll","background-type":"","background-media":"","overlay-type":"","overlay-color":"","overlay-opacity":"","overlay-gradient":""}}},"product_brand":[],"product_cat":[62,18,95,34],"product_tag":[20,16,37,17,36,38,32,35],"class_list":{"0":"post-20231","1":"product","2":"type-product","3":"status-publish","4":"has-post-thumbnail","6":"product_cat-all","7":"product_cat-event","8":"product_cat-sort-filter","9":"product_cat-virtual-events","10":"product_tag-conference","11":"product_tag-corporate","12":"product_tag-meeting","13":"product_tag-paid","14":"product_tag-virtual","15":"product_tag-virtual-event","16":"product_tag-webinar","17":"product_tag-zoom","18":"desktop-align-left","19":"tablet-align-left","20":"mobile-align-left","21":"ast-product-gallery-layout-horizontal-slider","22":"ast-magnify-disabled","23":"ast-product-tabs-layout-horizontal","25":"first","26":"instock","27":"downloadable","28":"virtual","29":"purchasable","30":"product-type-simple"},"group_of_quantity":0,"min_quantity":0,"max_quantity":"","exclude_order_quantity_value_rules":"no","exclude_category_quantity_rules":"no","combine_variations":"no","exclude_global_add_ons":[],"addons":[],"_links":{"self":[{"href":"https:\/\/demo.fooevents.com\/fr\/wp-json\/wp\/v2\/product\/20231","targetHints":{"allow":["GET"]}}],"collection":[{"href":"https:\/\/demo.fooevents.com\/fr\/wp-json\/wp\/v2\/product"}],"about":[{"href":"https:\/\/demo.fooevents.com\/fr\/wp-json\/wp\/v2\/types\/product"}],"author":[{"embeddable":true,"href":"https:\/\/demo.fooevents.com\/fr\/wp-json\/wp\/v2\/users\/1"}],"wp:featuredmedia":[{"embeddable":true,"href":"https:\/\/demo.fooevents.com\/fr\/wp-json\/wp\/v2\/media\/20232"}],"wp:attachment":[{"href":"https:\/\/demo.fooevents.com\/fr\/wp-json\/wp\/v2\/media?parent=20231"}],"wp:term":[{"taxonomy":"product_brand","embeddable":true,"href":"https:\/\/demo.fooevents.com\/fr\/wp-json\/wp\/v2\/product_brand?post=20231"},{"taxonomy":"product_cat","embeddable":true,"href":"https:\/\/demo.fooevents.com\/fr\/wp-json\/wp\/v2\/product_cat?post=20231"},{"taxonomy":"product_tag","embeddable":true,"href":"https:\/\/demo.fooevents.com\/fr\/wp-json\/wp\/v2\/product_tag?post=20231"}],"curies":[{"name":"wp","href":"https:\/\/api.w.org\/{rel}","templated":true}]}}