{"id":20324,"date":"2020-04-23T10:29:54","date_gmt":"2020-04-23T08:29:54","guid":{"rendered":"https:\/\/demo.fooevents.com\/?post_type=product&#038;p=20324"},"modified":"2025-12-19T13:10:57","modified_gmt":"2025-12-19T21:10:57","slug":"diffusion-en-direct-de-sports","status":"publish","type":"product","link":"https:\/\/demo.fooevents.com\/fr\/product\/esports-live-streaming\/","title":{"rendered":"Streaming en direct de l'eSports"},"content":{"rendered":"<table class=\"fooevents-zoom-meeting-info-table\">\n<tbody>\n<tr>\n<th align=\"left\" valign=\"top\">Stream 1 : Fortnite<\/th>\n<td width=\"50%\">01 juillet 2022 - 03 juillet 2022.<br \/>\n10:00 \u00e0 14:00 PDT (webinaire)<\/td>\n<\/tr>\n<tr>\n<th align=\"left\" width=\"25%\">Stream 2 : Call of Duty : Modern Warfare<\/th>\n<td>01 juillet 2022 - 03 juillet 2022.<br \/>\n11:00 \u00e0 15:00 PDT (webinaire)<\/td>\n<\/tr>\n<tr>\n<th align=\"left\" width=\"25%\">Stream 3 : Grand Theft Auto V<\/th>\n<td>01 juillet 2022 - 03 juillet 2022.<br \/>\n12:00 \u00e0 16:00 PDT (webinaire)<\/td>\n<\/tr>\n<tr>\n<th align=\"left\" width=\"25%\">Stream 4 : League of Legends<\/th>\n<td>01 juillet 2022 - 03 juillet 2022.<br \/>\n11:00 \u00e0 15:00 PDT (webinaire)<\/td>\n<\/tr>\n<tr>\n<th align=\"left\" width=\"25%\">Stream 5 : Dota 2<\/th>\n<td>01 juillet 2022 - 03 juillet 2022.<br \/>\n12:00 \u00e0 16:00 PDT (webinaire)<\/td>\n<\/tr>\n<\/tbody>\n<\/table>","protected":false},"excerpt":{"rendered":"<p>Cet exemple est configur\u00e9 pour pr\u00e9inscrire automatiquement les participants \u00e0 un tournoi eSports gratuit qui comprend 5 flux distincts (webinaires Zoom) qui se d\u00e9roulent simultan\u00e9ment. Chaque webinaire se r\u00e9p\u00e8te sur une p\u00e9riode de 3 jours. Cette configuration convient \u00e0 tout \u00e9v\u00e9nement de diffusion en direct qui propose plusieurs flux simultan\u00e9s sur un ou plusieurs jours.<\/p>\n<p><a style=\"font-size: 16px;\" href=\"https:\/\/www.fooevents.com\/fr\/virtual-events\/\">\u00c9v\u00e9nements virtuels<\/a> ou notre section <a style=\"font-size: 16px;\" href=\"https:\/\/help.fooevents.com\/fr\/docs\/topics\/events\/zoom-meetings-and-webinars\/\">Centre d'aide<\/a> pour apprendre \u00e0 mettre en place un webinaire comme celui-ci.<\/p>","protected":false},"author":1,"featured_media":20329,"template":"","meta":{"site-sidebar-layout":"default","site-content-layout":"default","ast-site-content-layout":"default","site-content-style":"default","site-sidebar-style":"default","ast-global-header-display":"","ast-banner-title-visibility":"","ast-main-header-display":"","ast-hfb-above-header-display":"","ast-hfb-below-header-display":"","ast-hfb-mobile-header-display":"","site-post-title":"","ast-breadcrumbs-content":"","ast-featured-img":"","footer-sml-layout":"","ast-disable-related-posts":"","theme-transparent-header-meta":"default","adv-header-id-meta":"","stick-header-meta":"default","header-above-stick-meta":"","header-main-stick-meta":"","header-below-stick-meta":"","astra-migrate-meta-layouts":"set","ast-page-background-enabled":"default","ast-page-background-meta":{"desktop":{"background-color":"var(--ast-global-color-4)","background-image":"","background-repeat":"repeat","background-position":"center center","background-size":"auto","background-attachment":"scroll","background-type":"","background-media":"","overlay-type":"","overlay-color":"","overlay-opacity":"","overlay-gradient":""},"tablet":{"background-color":"","background-image":"","background-repeat":"repeat","background-position":"center center","background-size":"auto","background-attachment":"scroll","background-type":"","background-media":"","overlay-type":"","overlay-color":"","overlay-opacity":"","overlay-gradient":""},"mobile":{"background-color":"","background-image":"","background-repeat":"repeat","background-position":"center center","background-size":"auto","background-attachment":"scroll","background-type":"","background-media":"","overlay-type":"","overlay-color":"","overlay-opacity":"","overlay-gradient":""}},"ast-content-background-meta":{"desktop":{"background-color":"var(--ast-global-color-5)","background-image":"","background-repeat":"repeat","background-position":"center center","background-size":"auto","background-attachment":"scroll","background-type":"","background-media":"","overlay-type":"","overlay-color":"","overlay-opacity":"","overlay-gradient":""},"tablet":{"background-color":"var(--ast-global-color-5)","background-image":"","background-repeat":"repeat","background-position":"center center","background-size":"auto","background-attachment":"scroll","background-type":"","background-media":"","overlay-type":"","overlay-color":"","overlay-opacity":"","overlay-gradient":""},"mobile":{"background-color":"var(--ast-global-color-5)","background-image":"","background-repeat":"repeat","background-position":"center center","background-size":"auto","background-attachment":"scroll","background-type":"","background-media":"","overlay-type":"","overlay-color":"","overlay-opacity":"","overlay-gradient":""}}},"product_brand":[],"product_cat":[62,143,18,95,34],"product_tag":[20,16,37,17,134,25,36,38,32,35],"class_list":{"0":"post-20324","1":"product","2":"type-product","3":"status-publish","4":"has-post-thumbnail","6":"product_cat-all","7":"product_cat-blocks","8":"product_cat-event","9":"product_cat-sort-filter","10":"product_cat-virtual-events","11":"product_tag-conference","12":"product_tag-corporate","13":"product_tag-meeting","14":"product_tag-paid","15":"product_tag-single-day-events","16":"product_tag-sport","17":"product_tag-virtual","18":"product_tag-virtual-event","19":"product_tag-webinar","20":"product_tag-zoom","21":"desktop-align-left","22":"tablet-align-left","23":"mobile-align-left","24":"ast-product-gallery-layout-horizontal-slider","25":"ast-product-gallery-with-no-image","26":"ast-magnify-disabled","27":"ast-product-tabs-layout-horizontal","29":"first","30":"instock","31":"downloadable","32":"virtual","33":"purchasable","34":"product-type-simple"},"group_of_quantity":0,"min_quantity":0,"max_quantity":"","exclude_order_quantity_value_rules":"no","exclude_category_quantity_rules":"no","combine_variations":"no","exclude_global_add_ons":[],"addons":[],"_links":{"self":[{"href":"https:\/\/demo.fooevents.com\/fr\/wp-json\/wp\/v2\/product\/20324","targetHints":{"allow":["GET"]}}],"collection":[{"href":"https:\/\/demo.fooevents.com\/fr\/wp-json\/wp\/v2\/product"}],"about":[{"href":"https:\/\/demo.fooevents.com\/fr\/wp-json\/wp\/v2\/types\/product"}],"author":[{"embeddable":true,"href":"https:\/\/demo.fooevents.com\/fr\/wp-json\/wp\/v2\/users\/1"}],"wp:featuredmedia":[{"embeddable":true,"href":"https:\/\/demo.fooevents.com\/fr\/wp-json\/wp\/v2\/media\/20329"}],"wp:attachment":[{"href":"https:\/\/demo.fooevents.com\/fr\/wp-json\/wp\/v2\/media?parent=20324"}],"wp:term":[{"taxonomy":"product_brand","embeddable":true,"href":"https:\/\/demo.fooevents.com\/fr\/wp-json\/wp\/v2\/product_brand?post=20324"},{"taxonomy":"product_cat","embeddable":true,"href":"https:\/\/demo.fooevents.com\/fr\/wp-json\/wp\/v2\/product_cat?post=20324"},{"taxonomy":"product_tag","embeddable":true,"href":"https:\/\/demo.fooevents.com\/fr\/wp-json\/wp\/v2\/product_tag?post=20324"}],"curies":[{"name":"wp","href":"https:\/\/api.w.org\/{rel}","templated":true}]}}