{"id":26,"date":"2017-06-21T12:00:01","date_gmt":"2017-06-21T12:00:01","guid":{"rendered":"https:\/\/demo.fooevents.com\/?post_type=product&#038;p=26"},"modified":"2026-03-17T03:54:22","modified_gmt":"2026-03-17T10:54:22","slug":"concert","status":"publish","type":"product","link":"https:\/\/demo.fooevents.com\/fr\/product\/concert\/","title":{"rendered":"Concert"},"content":{"rendered":"","protected":false},"excerpt":{"rendered":"<p>Il s'agit d'un exemple d'\u00e9v\u00e9nement d'une journ\u00e9e qui propose trois types de billets diff\u00e9rents. Les coordonn\u00e9es de chaque participant sont saisies au moment du paiement. Une fois le paiement effectu\u00e9, chaque participant recevra un courriel de confirmation\/billet ainsi qu'un billet au format PDF. L'acc\u00e8s \u00e0 l'\u00e9v\u00e9nement peut ensuite \u00eatre g\u00e9r\u00e9 sur place \u00e0 l'aide de la fonction <a href=\"https:\/\/www.fooevents.com\/fr\/features\/apps\/\">FooEvents Applications d'enregistrement<\/a>. Les billets peuvent \u00e9galement \u00eatre vendus sur place \u00e0 l'aide de l'ic\u00f4ne <a href=\"https:\/\/www.fooevents.com\/fr\/products\/fooevents-pos\/\">FooEvents Point de vente<\/a> plugin.<\/p>\n<p>Pour des instructions d\u00e9taill\u00e9es sur la mani\u00e8re de mettre en place un \u00e9v\u00e9nement standard comme celui-ci, suivez les instructions suivantes <a href=\"https:\/\/help.fooevents.com\/fr\/docs\/topics\/use-cases\/conference\/\">Didacticiel sur les cas d'utilisation<\/a>.<\/p>\n<p>Cet exemple utilise un <a href=\"https:\/\/help.fooevents.com\/fr\/docs\/topics\/code-snippets\/#display-products-and-variations-tickets-in-a-table-grid-format\" target=\"_blank\" rel=\"noopener\">extrait de code<\/a> pour remplacer le formulaire standard de variations du WooCommerce par un tableau de variations. Ce tableau convient aux \u00e9v\u00e9nements d'une ou de plusieurs journ\u00e9es qui utilisent les variations WooCommerce. L'extrait de code du tableau de variations n'est pas compatible avec le formulaire de variations de WooCommerce. <a href=\"https:\/\/www.fooevents.com\/fr\/products\/fooevents-seating\/\">FooEvents Si\u00e8ges<\/a> et <a href=\"https:\/\/www.fooevents.com\/fr\/products\/fooevents-bookings\/\">FooEvents R\u00e9servations<\/a> les s\u00e9lecteurs de pages de produits.<\/p>","protected":false},"author":1,"featured_media":71,"template":"","meta":{"site-sidebar-layout":"default","site-content-layout":"default","ast-site-content-layout":"default","site-content-style":"default","site-sidebar-style":"default","ast-global-header-display":"","ast-banner-title-visibility":"","ast-main-header-display":"","ast-hfb-above-header-display":"","ast-hfb-below-header-display":"","ast-hfb-mobile-header-display":"","site-post-title":"","ast-breadcrumbs-content":"","ast-featured-img":"","footer-sml-layout":"","ast-disable-related-posts":"","theme-transparent-header-meta":"default","adv-header-id-meta":"","stick-header-meta":"default","header-above-stick-meta":"","header-main-stick-meta":"","header-below-stick-meta":"","astra-migrate-meta-layouts":"set","ast-page-background-enabled":"default","ast-page-background-meta":{"desktop":{"background-color":"var(--ast-global-color-4)","background-image":"","background-repeat":"repeat","background-position":"center center","background-size":"auto","background-attachment":"scroll","background-type":"","background-media":"","overlay-type":"","overlay-color":"","overlay-opacity":"","overlay-gradient":""},"tablet":{"background-color":"","background-image":"","background-repeat":"repeat","background-position":"center center","background-size":"auto","background-attachment":"scroll","background-type":"","background-media":"","overlay-type":"","overlay-color":"","overlay-opacity":"","overlay-gradient":""},"mobile":{"background-color":"","background-image":"","background-repeat":"repeat","background-position":"center center","background-size":"auto","background-attachment":"scroll","background-type":"","background-media":"","overlay-type":"","overlay-color":"","overlay-opacity":"","overlay-gradient":""}},"ast-content-background-meta":{"desktop":{"background-color":"var(--ast-global-color-5)","background-image":"","background-repeat":"repeat","background-position":"center center","background-size":"auto","background-attachment":"scroll","background-type":"","background-media":"","overlay-type":"","overlay-color":"","overlay-opacity":"","overlay-gradient":""},"tablet":{"background-color":"var(--ast-global-color-5)","background-image":"","background-repeat":"repeat","background-position":"center center","background-size":"auto","background-attachment":"scroll","background-type":"","background-media":"","overlay-type":"","overlay-color":"","overlay-opacity":"","overlay-gradient":""},"mobile":{"background-color":"var(--ast-global-color-5)","background-image":"","background-repeat":"repeat","background-position":"center center","background-size":"auto","background-attachment":"scroll","background-type":"","background-media":"","overlay-type":"","overlay-color":"","overlay-opacity":"","overlay-gradient":""}}},"product_brand":[],"product_cat":[62,143,18,129,95,40],"product_tag":[75,78,77,19,68,63,17,134,23,76,74],"class_list":{"0":"post-26","1":"product","2":"type-product","3":"status-publish","4":"has-post-thumbnail","6":"product_cat-all","7":"product_cat-blocks","8":"product_cat-event","9":"product_cat-pos","10":"product_cat-sort-filter","11":"product_cat-standard","12":"product_tag-activity","13":"product_tag-attraction","14":"product_tag-entertainment","15":"product_tag-exhibition","16":"product_tag-facility","17":"product_tag-outdoors","18":"product_tag-paid","19":"product_tag-single-day-events","20":"product_tag-social","21":"product_tag-tourism","22":"product_tag-venue","23":"desktop-align-left","24":"tablet-align-left","25":"mobile-align-left","26":"ast-product-gallery-layout-horizontal-slider","27":"ast-product-gallery-with-no-image","28":"ast-magnify-disabled","29":"ast-product-single-variable","30":"ast-product-tabs-layout-horizontal","32":"first","33":"instock","34":"shipping-taxable","35":"purchasable","36":"product-type-variable"},"group_of_quantity":0,"min_quantity":0,"max_quantity":"","exclude_order_quantity_value_rules":"no","exclude_category_quantity_rules":"no","combine_variations":"no","exclude_global_add_ons":[],"addons":[],"_links":{"self":[{"href":"https:\/\/demo.fooevents.com\/fr\/wp-json\/wp\/v2\/product\/26","targetHints":{"allow":["GET"]}}],"collection":[{"href":"https:\/\/demo.fooevents.com\/fr\/wp-json\/wp\/v2\/product"}],"about":[{"href":"https:\/\/demo.fooevents.com\/fr\/wp-json\/wp\/v2\/types\/product"}],"author":[{"embeddable":true,"href":"https:\/\/demo.fooevents.com\/fr\/wp-json\/wp\/v2\/users\/1"}],"wp:featuredmedia":[{"embeddable":true,"href":"https:\/\/demo.fooevents.com\/fr\/wp-json\/wp\/v2\/media\/71"}],"wp:attachment":[{"href":"https:\/\/demo.fooevents.com\/fr\/wp-json\/wp\/v2\/media?parent=26"}],"wp:term":[{"taxonomy":"product_brand","embeddable":true,"href":"https:\/\/demo.fooevents.com\/fr\/wp-json\/wp\/v2\/product_brand?post=26"},{"taxonomy":"product_cat","embeddable":true,"href":"https:\/\/demo.fooevents.com\/fr\/wp-json\/wp\/v2\/product_cat?post=26"},{"taxonomy":"product_tag","embeddable":true,"href":"https:\/\/demo.fooevents.com\/fr\/wp-json\/wp\/v2\/product_tag?post=26"}],"curies":[{"name":"wp","href":"https:\/\/api.w.org\/{rel}","templated":true}]}}