{"id":28948,"date":"2022-03-01T12:29:05","date_gmt":"2022-03-01T10:29:05","guid":{"rendered":"https:\/\/demo.fooevents.com\/?post_type=product&#038;p=28948"},"modified":"2024-10-21T02:48:11","modified_gmt":"2024-10-21T09:48:11","slug":"reservation-dun-lieu-de-fete","status":"publish","type":"product","link":"https:\/\/demo.fooevents.com\/fr\/product\/party-venue-booking\/","title":{"rendered":"R\u00e9servation d'un lieu de f\u00eate"},"content":{"rendered":"","protected":false},"excerpt":{"rendered":"<p>Les options de r\u00e9servation sont cr\u00e9\u00e9es \u00e0 l'aide de la fonction <a href=\"https:\/\/www.fooevents.com\/fr\/products\/fooevents-bookings\/\">FooEvents R\u00e9servations<\/a> et les modules compl\u00e9mentaires de produits sont g\u00e9n\u00e9r\u00e9s \u00e0 l'aide de l'extension <a href=\"https:\/\/woocommerce.com\/products\/product-add-ons\/?aff=8264&amp;cid=702452\">WooCommerce Produits compl\u00e9mentaires<\/a> extension.<\/p>","protected":false},"author":1,"featured_media":28969,"template":"","meta":{"site-sidebar-layout":"default","site-content-layout":"default","ast-site-content-layout":"default","site-content-style":"default","site-sidebar-style":"default","ast-global-header-display":"","ast-banner-title-visibility":"","ast-main-header-display":"","ast-hfb-above-header-display":"","ast-hfb-below-header-display":"","ast-hfb-mobile-header-display":"","site-post-title":"","ast-breadcrumbs-content":"","ast-featured-img":"","footer-sml-layout":"","ast-disable-related-posts":"","theme-transparent-header-meta":"default","adv-header-id-meta":"","stick-header-meta":"default","header-above-stick-meta":"","header-main-stick-meta":"","header-below-stick-meta":"","astra-migrate-meta-layouts":"set","ast-page-background-enabled":"default","ast-page-background-meta":{"desktop":{"background-color":"var(--ast-global-color-4)","background-image":"","background-repeat":"repeat","background-position":"center center","background-size":"auto","background-attachment":"scroll","background-type":"","background-media":"","overlay-type":"","overlay-color":"","overlay-opacity":"","overlay-gradient":""},"tablet":{"background-color":"","background-image":"","background-repeat":"repeat","background-position":"center center","background-size":"auto","background-attachment":"scroll","background-type":"","background-media":"","overlay-type":"","overlay-color":"","overlay-opacity":"","overlay-gradient":""},"mobile":{"background-color":"","background-image":"","background-repeat":"repeat","background-position":"center center","background-size":"auto","background-attachment":"scroll","background-type":"","background-media":"","overlay-type":"","overlay-color":"","overlay-opacity":"","overlay-gradient":""}},"ast-content-background-meta":{"desktop":{"background-color":"var(--ast-global-color-5)","background-image":"","background-repeat":"repeat","background-position":"center center","background-size":"auto","background-attachment":"scroll","background-type":"","background-media":"","overlay-type":"","overlay-color":"","overlay-opacity":"","overlay-gradient":""},"tablet":{"background-color":"var(--ast-global-color-5)","background-image":"","background-repeat":"repeat","background-position":"center center","background-size":"auto","background-attachment":"scroll","background-type":"","background-media":"","overlay-type":"","overlay-color":"","overlay-opacity":"","overlay-gradient":""},"mobile":{"background-color":"var(--ast-global-color-5)","background-image":"","background-repeat":"repeat","background-position":"center center","background-size":"auto","background-attachment":"scroll","background-type":"","background-media":"","overlay-type":"","overlay-color":"","overlay-opacity":"","overlay-gradient":""}}},"product_brand":[],"product_cat":[62,39,138,18,129],"product_tag":[75,64,83,68,17,74],"class_list":{"0":"post-28948","1":"product","2":"type-product","3":"status-publish","4":"has-post-thumbnail","6":"product_cat-all","7":"product_cat-bookings","8":"product_cat-demo","9":"product_cat-event","10":"product_cat-pos","11":"product_tag-activity","12":"product_tag-booking","13":"product_tag-calendar","14":"product_tag-facility","15":"product_tag-paid","16":"product_tag-venue","17":"desktop-align-left","18":"tablet-align-left","19":"mobile-align-left","20":"ast-product-gallery-layout-horizontal-slider","21":"ast-product-gallery-with-no-image","22":"ast-magnify-disabled","23":"ast-product-tabs-layout-horizontal","25":"first","26":"instock","27":"downloadable","28":"virtual","29":"sold-individually","30":"purchasable","31":"product-type-simple"},"group_of_quantity":0,"min_quantity":0,"max_quantity":"","exclude_order_quantity_value_rules":"no","exclude_category_quantity_rules":"no","combine_variations":"no","exclude_global_add_ons":false,"addons":[{"name":"Party Packs","type":"multiple_choice","position":0,"required":true,"title_format":"label","default":"","description_enable":false,"description":"","placeholder_enable":false,"placeholder":"","display":"select","restrictions_type":"any_text","adjust_price":false,"price":"","price_type":"flat_fee","restrictions":false,"min":"0","max":"0","options":[{"label":"5 (min)","price":"25","price_type":"flat_fee","image":0,"visibility":true},{"label":"10","price":"45","price_type":"flat_fee","image":0,"visibility":true},{"label":"15","price":"60","price_type":"flat_fee","image":0,"visibility":true},{"label":"20","price":"80","price_type":"flat_fee","image":0,"visibility":true},{"label":"25","price":"105","price_type":"flat_fee","image":0,"visibility":true},{"label":"30 (max)","price":"130","price_type":"flat_fee","image":0,"visibility":true}],"id":1712201300},{"name":"Divertissement","type":"multiple_choice","position":1,"required":false,"title_format":"label","default":"","description_enable":false,"description":"","placeholder_enable":false,"placeholder":"","display":"select","restrictions_type":"any_text","adjust_price":false,"price":"","price_type":"flat_fee","restrictions":false,"min":"0","max":"0","options":[{"label":"Clown (30 min)","price":"30","price_type":"flat_fee","image":0,"visibility":true},{"label":"Magician (30 min)","price":"30","price_type":"flat_fee","image":0,"visibility":true}],"id":1712201301},{"name":"Location de mat\u00e9riel","type":"checkbox","position":2,"required":false,"title_format":"label","default":"","description_enable":true,"description":"","placeholder_enable":false,"placeholder":"","display":"select","restrictions_type":"any_text","adjust_price":false,"price":"","price_type":"flat_fee","restrictions":false,"min":"0","max":"0","options":[{"label":"Popcorn Machine (includes boxes, salt, butter and oil)","price":"40","price_type":"flat_fee","image":0,"visibility":true},{"label":"Jumping Castle","price":"40","price_type":"flat_fee","image":0,"visibility":true}],"id":1712201302}],"_links":{"self":[{"href":"https:\/\/demo.fooevents.com\/fr\/wp-json\/wp\/v2\/product\/28948","targetHints":{"allow":["GET"]}}],"collection":[{"href":"https:\/\/demo.fooevents.com\/fr\/wp-json\/wp\/v2\/product"}],"about":[{"href":"https:\/\/demo.fooevents.com\/fr\/wp-json\/wp\/v2\/types\/product"}],"author":[{"embeddable":true,"href":"https:\/\/demo.fooevents.com\/fr\/wp-json\/wp\/v2\/users\/1"}],"wp:featuredmedia":[{"embeddable":true,"href":"https:\/\/demo.fooevents.com\/fr\/wp-json\/wp\/v2\/media\/28969"}],"wp:attachment":[{"href":"https:\/\/demo.fooevents.com\/fr\/wp-json\/wp\/v2\/media?parent=28948"}],"wp:term":[{"taxonomy":"product_brand","embeddable":true,"href":"https:\/\/demo.fooevents.com\/fr\/wp-json\/wp\/v2\/product_brand?post=28948"},{"taxonomy":"product_cat","embeddable":true,"href":"https:\/\/demo.fooevents.com\/fr\/wp-json\/wp\/v2\/product_cat?post=28948"},{"taxonomy":"product_tag","embeddable":true,"href":"https:\/\/demo.fooevents.com\/fr\/wp-json\/wp\/v2\/product_tag?post=28948"}],"curies":[{"name":"wp","href":"https:\/\/api.w.org\/{rel}","templated":true}]}}