{"id":31765,"date":"2022-12-23T14:23:18","date_gmt":"2022-12-23T12:23:18","guid":{"rendered":"https:\/\/demo.fooevents.com\/?page_id=31765"},"modified":"2022-12-23T14:23:18","modified_gmt":"2022-12-23T12:23:18","slug":"shortcode-elenco-eventi","status":"publish","type":"page","link":"https:\/\/demo.fooevents.com\/it\/event-list-shortcode\/","title":{"rendered":"Codice breve per l'elenco degli eventi"},"content":{"rendered":"<div class=\"fooevents-calendar-list\">\r\n\t    \r\n\t\t\t\t\t\t\t\t\t\t\t<div class=\"fooevents-calendar-list-item\">\r\n\t\t\t<h3 class=\"fooevents-shortcode-title\">\r\n\t\t\t\t\t\t\t\t<a href=\"https:\/\/demo.fooevents.com\/it\/product\/private-access\/\">\r\n\t\t\t\t\t\t\t\tAccesso privato\t\t\t\t\t\t\t\t<\/a>\r\n\t\t\t\t\t\t\t<\/h3>\r\n\t\t\t\t\t\t\t<p class=\"fooevents-shortcode-date\">06 giugno 2017\t\t\t\t\t\t\t\t<\/p>\r\n\t\t\t\t\t\t\t\t\t\t<img decoding=\"async\" src=\"https:\/\/demo.fooevents.com\/wp-content\/uploads\/2017\/06\/fooevents_vip-scaled.jpg\" class=\"fooevents-calendar-list-thumb\" alt=\"\" title=\"\">\r\n\t\t\t\t\t\t\t\t\t\t<p class=\"fooevents-calendar-list-desc\">Si tratta di un evento standard di un solo giorno che utilizza <a href=\"https:\/\/www.fooevents.com\/it\/products\/fooevents-for-woocommerce\/\" target=\"_blank\" rel=\"noopener\">FooEvents per WooCommerce<\/a> per acquisire le informazioni sui partecipanti e inviare loro un'e-mail di conferma del biglietto.<\/p>\r\n\t\t\t\t\t\t\t\t\t\t<p>\r\n\t\t\t\t\t\t\t\t\t\t<a class=\"button\" href=\"https:\/\/demo.fooevents.com\/it\/product\/private-access\/\" rel=\"nofollow\">Ottenere l'accesso!<\/a>\r\n\t\t\t\t\t\t\t<\/p>\r\n\t\t\t\t\t\t<div class=\"foo-clear\"><\/div>\r\n\t\t<\/div>\r\n\t\t<div class=\"fooevents-calendar-clearfix\"><\/div>\r\n\t\t\t\t\t\t\t\t\t\t\t\t<div class=\"fooevents-calendar-list-item\">\r\n\t\t\t<h3 class=\"fooevents-shortcode-title\">\r\n\t\t\t\t\t\t\t\t<a href=\"https:\/\/demo.fooevents.com\/it\/product\/sport-fixture\/\">\r\n\t\t\t\t\t\t\t\tSport Fisso\t\t\t\t\t\t\t\t<\/a>\r\n\t\t\t\t\t\t\t<\/h3>\r\n\t\t\t\t\t\t\t<p class=\"fooevents-shortcode-date\">14 ottobre 2018 - 14 ottobre 2018<\/p>\r\n\t\t\t\t\t\t\t\t\t\t<img decoding=\"async\" src=\"https:\/\/demo.fooevents.com\/wp-content\/uploads\/2017\/06\/fooevents_school_event-scaled-e1712583045351.jpg\" class=\"fooevents-calendar-list-thumb\" alt=\"\" title=\"\">\r\n\t\t\t\t\t\t\t\t\t\t<p class=\"fooevents-calendar-list-desc\">Questo \u00e8 un esempio di evento di un solo giorno. I dati di ogni partecipante vengono acquisiti al momento del checkout. Una volta completato il checkout, ogni partecipante ricever\u00e0 un'e-mail di conferma e un biglietto in formato PDF. L'accesso all'evento pu\u00f2 essere gestito durante l'evento stesso, utilizzando l'opzione <a href=\"https:\/\/www.fooevents.com\/it\/features\/apps\/\" target=\"_blank\" rel=\"noopener\">Applicazioni FooEvents Check-in<\/a>. I biglietti possono essere venduti anche durante l'evento utilizzando l'indirizzo\u00a0<a href=\"https:\/\/www.fooevents.com\/it\/products\/fooevents-pos\/\" target=\"_blank\" rel=\"noopener\">Punto vendita FooEvents<\/a>\u00a0plugin.<\/p>\r\n\t\t\t\t\t\t\t\t\t\t<p>\r\n\t\t\t\t\t\t\t\t\t\t<a class=\"button\" href=\"https:\/\/demo.fooevents.com\/it\/product\/sport-fixture\/\" rel=\"nofollow\">Prenota ora<\/a>\r\n\t\t\t\t\t\t\t<\/p>\r\n\t\t\t\t\t\t<div class=\"foo-clear\"><\/div>\r\n\t\t<\/div>\r\n\t\t<div class=\"fooevents-calendar-clearfix\"><\/div>\r\n\t\t\t\t\t\t\t\t\t\t\t\t<div class=\"fooevents-calendar-list-item\">\r\n\t\t\t<h3 class=\"fooevents-shortcode-title\">\r\n\t\t\t\t\t\t\t\t<a href=\"https:\/\/demo.fooevents.com\/it\/product\/event-with-custom-attendee-fields\/\">\r\n\t\t\t\t\t\t\t\tEvento con campi personalizzati per i partecipanti\t\t\t\t\t\t\t\t<\/a>\r\n\t\t\t\t\t\t\t<\/h3>\r\n\t\t\t\t\t\t\t<p class=\"fooevents-shortcode-date\">30 novembre 2018\t\t\t\t\t\t\t\t<\/p>\r\n\t\t\t\t\t\t\t\t\t\t<img decoding=\"async\" src=\"https:\/\/demo.fooevents.com\/wp-content\/uploads\/2017\/06\/fooevents_conf_651462157-scaled-e1712579617940.jpg\" class=\"fooevents-calendar-list-thumb\" alt=\"\" title=\"\">\r\n\t\t\t\t\t\t\t\t\t\t<p class=\"fooevents-calendar-list-desc\">Questa demo utilizza il metodo <a href=\"https:\/\/www.fooevents.com\/it\/products\/fooevents-custom-attendee-fields\/\" target=\"_blank\" rel=\"noopener\">FooEvents Campi personalizzati per i partecipanti<\/a> per acquisire informazioni aggiuntive sui partecipanti al momento del checkout. Prenotate un biglietto dimostrativo e passate alla schermata di checkout per visualizzare i campi personalizzati dei partecipanti.<\/p>\r\n\t\t\t\t\t\t\t\t\t\t<p>\r\n\t\t\t\t\t\t\t\t\t\t<a class=\"button\" href=\"https:\/\/demo.fooevents.com\/it\/product\/event-with-custom-attendee-fields\/\" rel=\"nofollow\">Prenota ora<\/a>\r\n\t\t\t\t\t\t\t<\/p>\r\n\t\t\t\t\t\t<div class=\"foo-clear\"><\/div>\r\n\t\t<\/div>\r\n\t\t<div class=\"fooevents-calendar-clearfix\"><\/div>\r\n\t\t\t\t\t\t\t\t\t\t\t\t<div class=\"fooevents-calendar-list-item\">\r\n\t\t\t<h3 class=\"fooevents-shortcode-title\">\r\n\t\t\t\t\t\t\t\t<a href=\"https:\/\/demo.fooevents.com\/it\/product\/event-with-block-bookings\/\">\r\n\t\t\t\t\t\t\t\tEvento con blocchi di biglietti\/gruppi\t\t\t\t\t\t\t\t<\/a>\r\n\t\t\t\t\t\t\t<\/h3>\r\n\t\t\t\t\t\t\t<p class=\"fooevents-shortcode-date\">11 giugno 2020\t\t\t\t\t\t\t\t<\/p>\r\n\t\t\t\t\t\t\t\t\t\t<img decoding=\"async\" src=\"https:\/\/demo.fooevents.com\/wp-content\/uploads\/2020\/07\/table-seating-scaled-e1669729058972.jpg\" class=\"fooevents-calendar-list-thumb\" alt=\"\" title=\"\">\r\n\t\t\t\t\t\t\t\t\t\t<p class=\"fooevents-calendar-list-desc\">Questo esempio illustra come l'FooEvents possa essere utilizzato per vendere gruppi di biglietti. Ci\u00f2 \u00e8 utile quando si vendono tavoli raggruppati o sconti per gruppi. I biglietti possono essere raggruppati a livello individuale o di variazione. Si noti che questo esempio fa uso dell'opzione <a href=\"https:\/\/woocommerce.com\/products\/minmax-quantities\/?aff=8264&amp;cid=702463\" target=\"new\" rel=\"noopener noreferrer\">WooCommerce Quantit\u00e0 min\/max<\/a> che pu\u00f2 essere acquistato separatamente sul mercato WooCommerce.\r\n\r\nQuesto evento pu\u00f2 essere configurato per inviare i biglietti a ogni singolo partecipante o solo all'acquirente.<\/p>\r\n\t\t\t\t\t\t\t\t\t\t<p>\r\n\t\t\t\t\t\t\t\t\t\t<a class=\"button\" href=\"https:\/\/demo.fooevents.com\/it\/product\/event-with-block-bookings\/\" rel=\"nofollow\">Prenota ora<\/a>\r\n\t\t\t\t\t\t\t<\/p>\r\n\t\t\t\t\t\t<div class=\"foo-clear\"><\/div>\r\n\t\t<\/div>\r\n\t\t<div class=\"fooevents-calendar-clearfix\"><\/div>\r\n\t\t\t\t\t\t\t\t\t\t\t\t<div class=\"fooevents-calendar-list-item\">\r\n\t\t\t<h3 class=\"fooevents-shortcode-title\">\r\n\t\t\t\t\t\t\t\t<a href=\"https:\/\/demo.fooevents.com\/it\/product\/film-screening\/\">\r\n\t\t\t\t\t\t\t\tProiezione del film\t\t\t\t\t\t\t\t<\/a>\r\n\t\t\t\t\t\t\t<\/h3>\r\n\t\t\t\t\t\t\t<p class=\"fooevents-shortcode-date\">13 luglio 2022\t\t\t\t\t\t\t\t<\/p>\r\n\t\t\t\t\t\t\t\t\t\t<img decoding=\"async\" src=\"https:\/\/demo.fooevents.com\/wp-content\/uploads\/2018\/08\/693103318-e1669729055360.jpeg\" class=\"fooevents-calendar-list-thumb\" alt=\"\" title=\"\">\r\n\t\t\t\t\t\t\t\t\t\t<p class=\"fooevents-calendar-list-desc\">Questo esempio aggiunge alla pagina di checkout la selezione grafica dei posti a sedere per ciascun partecipante. La possibilit\u00e0 di selezionare i posti a sedere dei partecipanti \u00e8 fornita dall'opzione\u00a0<a href=\"https:\/\/www.fooevents.com\/it\/products\/fooevents-seating\/\" target=\"_blank\" rel=\"noopener\">FooEvents Estensione della seduta<\/a>. Le opzioni \"Tipo di biglietto\" vengono create utilizzando le Variazioni WooCommerce.<\/p>\r\n\t\t\t\t\t\t\t\t\t\t<p>\r\n\t\t\t\t\t\t\t\t\t\t<a class=\"button\" href=\"https:\/\/demo.fooevents.com\/it\/product\/film-screening\/\" rel=\"nofollow\">Prenota ora<\/a>\r\n\t\t\t\t\t\t\t<\/p>\r\n\t\t\t\t\t\t<div class=\"foo-clear\"><\/div>\r\n\t\t<\/div>\r\n\t\t<div class=\"fooevents-calendar-clearfix\"><\/div>\r\n\t\t\t\t\t\t\t\t\t\t\t\t<div class=\"fooevents-calendar-list-item\">\r\n\t\t\t<h3 class=\"fooevents-shortcode-title\">\r\n\t\t\t\t\t\t\t\t<a href=\"https:\/\/demo.fooevents.com\/it\/product\/flea-market\/\">\r\n\t\t\t\t\t\t\t\tMercato delle pulci (gratuito)\t\t\t\t\t\t\t\t<\/a>\r\n\t\t\t\t\t\t\t<\/h3>\r\n\t\t\t\t\t\t\t<p class=\"fooevents-shortcode-date\">21 luglio 2022\t\t\t\t\t\t\t\t<\/p>\r\n\t\t\t\t\t\t\t\t\t\t<img decoding=\"async\" src=\"https:\/\/demo.fooevents.com\/wp-content\/uploads\/2017\/06\/fooevents_food_market-e1712579641973.jpg\" class=\"fooevents-calendar-list-thumb\" alt=\"\" title=\"\">\r\n\t\t\t\t\t\t\t\t\t\t<p class=\"fooevents-calendar-list-desc\">Questo \u00e8 un esempio di evento gratuito di un solo giorno che utilizza <a href=\"https:\/\/www.fooevents.com\/it\/products\/fooevents-for-woocommerce\/\" target=\"_blank\" rel=\"noopener\">FooEvents per WooCommerce<\/a> per acquisire le informazioni sui partecipanti e inviare loro un'e-mail di conferma del biglietto.<\/p>\r\n\t\t\t\t\t\t\t\t\t\t<p>\r\n\t\t\t\t\t\t\t\t\t\t<a class=\"button\" href=\"https:\/\/demo.fooevents.com\/it\/product\/flea-market\/\" rel=\"nofollow\">Prenota ora<\/a>\r\n\t\t\t\t\t\t\t<\/p>\r\n\t\t\t\t\t\t<div class=\"foo-clear\"><\/div>\r\n\t\t<\/div>\r\n\t\t<div class=\"fooevents-calendar-clearfix\"><\/div>\r\n\t\t\t\t\t\t\t\t\t\t\t\t<div class=\"fooevents-calendar-list-item\">\r\n\t\t\t<h3 class=\"fooevents-shortcode-title\">\r\n\t\t\t\t\t\t\t\t<a href=\"https:\/\/demo.fooevents.com\/it\/product\/concert\/\">\r\n\t\t\t\t\t\t\t\tConcerto\t\t\t\t\t\t\t\t<\/a>\r\n\t\t\t\t\t\t\t<\/h3>\r\n\t\t\t\t\t\t\t<p class=\"fooevents-shortcode-date\">23 luglio 2022\t\t\t\t\t\t\t\t<\/p>\r\n\t\t\t\t\t\t\t\t\t\t<img decoding=\"async\" src=\"https:\/\/demo.fooevents.com\/wp-content\/uploads\/2017\/06\/fooevents_concert-scaled-e1669729054738.jpg\" class=\"fooevents-calendar-list-thumb\" alt=\"\" title=\"\">\r\n\t\t\t\t\t\t\t\t\t\t<p class=\"fooevents-calendar-list-desc\">Questo \u00e8 un esempio di un evento di un solo giorno che offre 3 tipi di biglietti diversi. I dati di ogni partecipante vengono acquisiti al momento del checkout. Una volta completato il pagamento, ogni partecipante ricever\u00e0 un'e-mail di conferma e un biglietto in formato PDF. L'accesso all'evento pu\u00f2 essere gestito durante l'evento utilizzando il modulo <a href=\"https:\/\/www.fooevents.com\/it\/features\/apps\/\" target=\"_blank\" rel=\"noopener\">Applicazioni FooEvents Check-in<\/a>. I biglietti possono essere venduti anche durante l'evento utilizzando l'indirizzo <a href=\"https:\/\/www.fooevents.com\/it\/products\/fooevents-pos\/\" target=\"_blank\" rel=\"noopener\">Punto vendita FooEvents<\/a> plugin.\r\n\r\nPer istruzioni dettagliate su come impostare un evento standard come questo, seguire questa guida <a href=\"https:\/\/help.fooevents.com\/it\/docs\/topics\/use-cases\/conference\/\" rel=\"nofollow noopener\" target=\"_blank\">Esercitazione sui casi d'uso<\/a>.\r\n\r\nQuesto esempio utilizza un <a href=\"https:\/\/help.fooevents.com\/it\/docs\/topics\/code-snippets\/#display-products-and-variations-tickets-in-a-table-grid-format\" target=\"_blank\" rel=\"noopener nofollow\">frammento di codice<\/a> per sostituire il modulo standard delle variazioni WooCommerce con una tabella delle variazioni. Questo \u00e8 adatto sia per gli eventi di un solo giorno che per quelli di pi\u00f9 giorni che utilizzano le variazioni WooCommerce. Il frammento di codice della tabella delle variazioni non \u00e8 compatibile con il programma <a href=\"https:\/\/www.fooevents.com\/it\/products\/fooevents-seating\/\" target=\"_blank\" rel=\"noopener\">FooEvents Posti a sedere<\/a> e <a href=\"https:\/\/www.fooevents.com\/it\/products\/fooevents-bookings\/\" target=\"_blank\" rel=\"noopener\">FooEvents Prenotazioni<\/a> selettori della pagina del prodotto.<\/p>\r\n\t\t\t\t\t\t\t\t\t\t<p>\r\n\t\t\t\t\t\t\t\t\t\t<a class=\"button\" href=\"https:\/\/demo.fooevents.com\/it\/product\/concert\/\" rel=\"nofollow\">Acquisto del biglietto<\/a>\r\n\t\t\t\t\t\t\t<\/p>\r\n\t\t\t\t\t\t<div class=\"foo-clear\"><\/div>\r\n\t\t<\/div>\r\n\t\t<div class=\"fooevents-calendar-clearfix\"><\/div>\r\n\t\t\t\t\t\t\t\t\t\t\t\t<div class=\"fooevents-calendar-list-item\">\r\n\t\t\t<h3 class=\"fooevents-shortcode-title\">\r\n\t\t\t\t\t\t\t\t<a href=\"https:\/\/demo.fooevents.com\/it\/product\/meetup\/\">\r\n\t\t\t\t\t\t\t\tMeetup (gratuito)\t\t\t\t\t\t\t\t<\/a>\r\n\t\t\t\t\t\t\t<\/h3>\r\n\t\t\t\t\t\t\t<p class=\"fooevents-shortcode-date\">27 luglio 2022\t\t\t\t\t\t\t\t<\/p>\r\n\t\t\t\t\t\t\t\t\t\t<img decoding=\"async\" src=\"https:\/\/demo.fooevents.com\/wp-content\/uploads\/2017\/06\/fooevents_meetup-scaled.jpg\" class=\"fooevents-calendar-list-thumb\" alt=\"\" title=\"\">\r\n\t\t\t\t\t\t\t\t\t\t<p class=\"fooevents-calendar-list-desc\">Questo \u00e8 un esempio di evento gratuito di un solo giorno che utilizza <a href=\"https:\/\/www.fooevents.com\/it\/products\/fooevents-for-woocommerce\/\" target=\"_blank\" rel=\"noopener\">FooEvents per WooCommerce<\/a> per acquisire le informazioni sui partecipanti e inviare loro un'e-mail di conferma del biglietto. Gli eventi gratuiti possono essere utilizzati anche per <a href=\"https:\/\/demo.fooevents.com\/it\/prodotto\/lista-dattesa-gratuita\/\">Casi d'uso RSVP e lista d'attesa<\/a>.<\/p>\r\n\t\t\t\t\t\t\t\t\t\t<p>\r\n\t\t\t\t\t\t\t\t\t\t<a class=\"button\" href=\"https:\/\/demo.fooevents.com\/it\/product\/meetup\/\" rel=\"nofollow\">Partecipare a un incontro<\/a>\r\n\t\t\t\t\t\t\t<\/p>\r\n\t\t\t\t\t\t<div class=\"foo-clear\"><\/div>\r\n\t\t<\/div>\r\n\t\t<div class=\"fooevents-calendar-clearfix\"><\/div>\r\n\t\t\t\t\t\t\t\t\t\t\t\t<div class=\"fooevents-calendar-list-item\">\r\n\t\t\t<h3 class=\"fooevents-shortcode-title\">\r\n\t\t\t\t\t\t\t\t<a href=\"https:\/\/demo.fooevents.com\/it\/product\/conference\/\">\r\n\t\t\t\t\t\t\t\tConferenza\t\t\t\t\t\t\t\t<\/a>\r\n\t\t\t\t\t\t\t<\/h3>\r\n\t\t\t\t\t\t\t<p class=\"fooevents-shortcode-date\">31 luglio 2022\t\t\t\t\t\t\t\t<\/p>\r\n\t\t\t\t\t\t\t\t\t\t<img decoding=\"async\" src=\"https:\/\/demo.fooevents.com\/wp-content\/uploads\/2017\/06\/fooevents_conf-scaled-e1712579660315.jpg\" class=\"fooevents-calendar-list-thumb\" alt=\"\" title=\"\">\r\n\t\t\t\t\t\t\t\t\t\t<p class=\"fooevents-calendar-list-desc\">Per istruzioni dettagliate su come impostare un evento standard come questo, seguite questa pagina\u00a0<a href=\"https:\/\/help.fooevents.com\/it\/docs\/topics\/use-cases\/conference\/\" rel=\"nofollow noopener\" target=\"_blank\">Esercitazione sui casi d'uso<\/a>.\r\n<\/p>\r\n\t\t\t\t\t\t\t\t\t\t<p>\r\n\t\t\t\t\t\t\t\t\t\t<a class=\"button\" href=\"https:\/\/demo.fooevents.com\/it\/product\/conference\/\" rel=\"nofollow\">Prenota ora<\/a>\r\n\t\t\t\t\t\t\t<\/p>\r\n\t\t\t\t\t\t<div class=\"foo-clear\"><\/div>\r\n\t\t<\/div>\r\n\t\t<div class=\"fooevents-calendar-clearfix\"><\/div>\r\n\t\t\t\t\t\t\t\t\t\t\t\t<div class=\"fooevents-calendar-list-item\">\r\n\t\t\t<h3 class=\"fooevents-shortcode-title\">\r\n\t\t\t\t\t\t\t\t<a href=\"https:\/\/demo.fooevents.com\/it\/product\/conference-bookable-workshops\/?bookings_sid=ecoinfuncsoerrnnmmof&amp;bookings_did=gvlqbjffgbbksktwbmym\">\r\n\t\t\t\t\t\t\t\tSala 1 - Master SEO - Conferenza con workshop prenotabili\t\t\t\t\t\t\t\t<\/a>\r\n\t\t\t\t\t\t\t<\/h3>\r\n\t\t\t\t\t\t\t<p class=\"fooevents-shortcode-date\">31 luglio 2022 (ore 11:00)\t\t\t\t\t\t\t\t<\/p>\r\n\t\t\t\t\t\t\t\t\t\t<img decoding=\"async\" src=\"https:\/\/demo.fooevents.com\/wp-content\/uploads\/2021\/07\/workshop.png\" class=\"fooevents-calendar-list-thumb\" alt=\"\" title=\"\">\r\n\t\t\t\t\t\t\t\t\t\t<p class=\"fooevents-calendar-list-desc\">L'opzione \"Tipo di biglietto\" viene creata utilizzando le variazioni WooCommerce e le opzioni di prenotazione dei workshop vengono create utilizzando la funzione <a href=\"https:\/\/www.fooevents.com\/it\/products\/fooevents-bookings\/\" target=\"_blank\" rel=\"noopener\">FooEvents Prenotazioni<\/a> estensione. Per istruzioni dettagliate su come configurare un evento prenotabile come questo, seguite questo link\u00a0<a href=\"https:\/\/help.fooevents.com\/it\/docs\/topics\/use-cases\/bookable-conference-with-workshops\/\" rel=\"nofollow noopener\" target=\"_blank\">Esercitazione sui casi d'uso<\/a>.<\/p>\r\n\t\t\t\t\t\t\t\t\t\t<p>\r\n\t\t\t\t\t\t\t\t\t\t<a class=\"button\" href=\"https:\/\/demo.fooevents.com\/it\/product\/conference-bookable-workshops\/?bookings_sid=ecoinfuncsoerrnnmmof&amp;bookings_did=gvlqbjffgbbksktwbmym\" rel=\"nofollow\">Prenota ora<\/a>\r\n\t\t\t\t\t\t\t<\/p>\r\n\t\t\t\t\t\t<div class=\"foo-clear\"><\/div>\r\n\t\t<\/div>\r\n\t\t<div class=\"fooevents-calendar-clearfix\"><\/div>\r\n\t\t\t    \r\n<\/div>","protected":false},"excerpt":{"rendered":"","protected":false},"author":1,"featured_media":0,"parent":0,"menu_order":0,"comment_status":"closed","ping_status":"closed","template":"","meta":{"site-sidebar-layout":"default","site-content-layout":"default","ast-site-content-layout":"default","site-content-style":"default","site-sidebar-style":"default","ast-global-header-display":"","ast-banner-title-visibility":"","ast-main-header-display":"","ast-hfb-above-header-display":"","ast-hfb-below-header-display":"","ast-hfb-mobile-header-display":"","site-post-title":"","ast-breadcrumbs-content":"","ast-featured-img":"","footer-sml-layout":"","ast-disable-related-posts":"","theme-transparent-header-meta":"default","adv-header-id-meta":"","stick-header-meta":"default","header-above-stick-meta":"","header-main-stick-meta":"","header-below-stick-meta":"","astra-migrate-meta-layouts":"default","ast-page-background-enabled":"default","ast-page-background-meta":{"desktop":{"background-color":"var(--ast-global-color-4)","background-image":"","background-repeat":"repeat","background-position":"center center","background-size":"auto","background-attachment":"scroll","background-type":"","background-media":"","overlay-type":"","overlay-color":"","overlay-opacity":"","overlay-gradient":""},"tablet":{"background-color":"","background-image":"","background-repeat":"repeat","background-position":"center center","background-size":"auto","background-attachment":"scroll","background-type":"","background-media":"","overlay-type":"","overlay-color":"","overlay-opacity":"","overlay-gradient":""},"mobile":{"background-color":"","background-image":"","background-repeat":"repeat","background-position":"center center","background-size":"auto","background-attachment":"scroll","background-type":"","background-media":"","overlay-type":"","overlay-color":"","overlay-opacity":"","overlay-gradient":""}},"ast-content-background-meta":{"desktop":{"background-color":"var(--ast-global-color-5)","background-image":"","background-repeat":"repeat","background-position":"center center","background-size":"auto","background-attachment":"scroll","background-type":"","background-media":"","overlay-type":"","overlay-color":"","overlay-opacity":"","overlay-gradient":""},"tablet":{"background-color":"var(--ast-global-color-5)","background-image":"","background-repeat":"repeat","background-position":"center center","background-size":"auto","background-attachment":"scroll","background-type":"","background-media":"","overlay-type":"","overlay-color":"","overlay-opacity":"","overlay-gradient":""},"mobile":{"background-color":"var(--ast-global-color-5)","background-image":"","background-repeat":"repeat","background-position":"center center","background-size":"auto","background-attachment":"scroll","background-type":"","background-media":"","overlay-type":"","overlay-color":"","overlay-opacity":"","overlay-gradient":""}},"footnotes":""},"class_list":["post-31765","page","type-page","status-publish","hentry"],"_links":{"self":[{"href":"https:\/\/demo.fooevents.com\/it\/wp-json\/wp\/v2\/pages\/31765","targetHints":{"allow":["GET"]}}],"collection":[{"href":"https:\/\/demo.fooevents.com\/it\/wp-json\/wp\/v2\/pages"}],"about":[{"href":"https:\/\/demo.fooevents.com\/it\/wp-json\/wp\/v2\/types\/page"}],"author":[{"embeddable":true,"href":"https:\/\/demo.fooevents.com\/it\/wp-json\/wp\/v2\/users\/1"}],"replies":[{"embeddable":true,"href":"https:\/\/demo.fooevents.com\/it\/wp-json\/wp\/v2\/comments?post=31765"}],"version-history":[{"count":0,"href":"https:\/\/demo.fooevents.com\/it\/wp-json\/wp\/v2\/pages\/31765\/revisions"}],"wp:attachment":[{"href":"https:\/\/demo.fooevents.com\/it\/wp-json\/wp\/v2\/media?parent=31765"}],"curies":[{"name":"wp","href":"https:\/\/api.w.org\/{rel}","templated":true}]}}