{"id":34726,"date":"2024-04-08T04:51:58","date_gmt":"2024-04-08T11:51:58","guid":{"rendered":"https:\/\/demo.fooevents.com\/?page_id=34726"},"modified":"2024-04-10T06:24:09","modified_gmt":"2024-04-10T13:24:09","slug":"piastrelle-di-blocco-per-lelencazione-degli-eventi","status":"publish","type":"page","link":"https:\/\/demo.fooevents.com\/it\/event-listing-block-tiles\/","title":{"rendered":"Blocco elenco eventi - Piastrelle"},"content":{"rendered":"<h1 class=\"wp-block-heading has-text-align-center\" style=\"margin-bottom:var(--wp--preset--spacing--70)\">Blocco elenco eventi - Piastrelle<\/h1>\n\n\n\t<div  id=\"fooevents-event-listing-tiles\" class=\"fooevents-event-listing-tile-number-4\">\r\n\t\t\t\t\t\t\t\t<div id=\"fooevents-event-listing-tiles-post-id-25\" class=\"fooevents-event-listing-tiles-content fooevents-event-listing-tiles-seating\">\r\n\t\t\t\t\t\t\t\t\t<div class=\"event-thumbnail\"><a href=\"https:\/\/demo.fooevents.com\/it\/product\/school-event\/\"><img loading=\"lazy\" decoding=\"async\" width=\"450\" height=\"450\" src=\"https:\/\/demo.fooevents.com\/wp-content\/uploads\/2017\/06\/fooevents_school_concert-e1712580498343-450x450.png\" class=\"attachment-medium size-medium wp-post-image\" alt=\"\" title=\"\"><\/a><\/div>\r\n\t\t\t\t\t\t\t\t\t\r\n\t\t\t\t<h3><a href=\"https:\/\/demo.fooevents.com\/it\/product\/school-event\/\">Musical scolastico<\/a><\/h3>\t\t\r\n\t\t\t\t\t\t\t\t\t<div class=\"fooevents-event-listing-tiles-location\">Il luogo<\/div>\r\n\t\t\t\t \r\n\t\t\t\t\t\t\t\t\t<p class=\"fooevents-event-listing-tiles-datetime\">\r\n\t\t\t\t\t\t\t\t\t\t\t\t\t\t\t\t\t\t\t\t\t<span class=\"event-icon event-icon-calendar\"><\/span>\r\n\t\t\t\t\t\t\t\t\r\n\t\t\t\t\t\t\t<span class=\"event-date\">23 settembre 2018<\/span><br \/>\t\t\t\t\t\t\r\n\t\t\t\t\t\t \r\n\t\t\t\t\t\t\t\t\t\t\t\t\t\t\t\t\t\t\t\t\t<span class=\"event-icon event-icon-seating\"><\/span>\r\n\t\t\t\t\t\t\t\t\r\n\t\t\t\t\t\t\t<span class=\"event-time\">10:00 - 14:00 <\/span>\r\n\t\t\t\t\t\t\t\r\n\t\t\t\t\t<\/p>\r\n\t\t\t\t\t\t \r\n\t\t\t\t\t\t\t\t\t<p class=\"fooevents-event-listing-tiles-excerpt\">Questo esempio utilizza l'opzione\u00a0<a href=\"https:\/\/www.fooevents.com\/it\/products\/fooevents-seating\/\" target=\"_blank\" rel=\"noopener\">FooEvents Posti a sedere<\/a> per aggiungere la selezione grafica dei posti a sedere per ogni partecipante alla pagina del prodotto e del pagamento. Le opzioni \"Tipo di biglietto\" sono create utilizzando le Variazioni WooCommerce.<\/p>\r\n\t\t\t\t     \r\n\t\t\t\t\t\t\t\t\t<div class=\"fooevents-event-listing-tiles-stock\">\r\n\t\t\t\t\t\t\t\t\t\t\t\t\t<p class=\"fooevents-event-listing-tiles-price\"><span class=\"woocommerce-Price-amount amount\" aria-hidden=\"true\"><span class=\"woocommerce-Price-currencySymbol\">&#036;<\/span>10.00<\/span> <span aria-hidden=\"true\">-<\/span> <span class=\"woocommerce-Price-amount amount\" aria-hidden=\"true\"><span class=\"woocommerce-Price-currencySymbol\">&#036;<\/span>50.00<\/span><span class=\"screen-reader-text\">Fascia di prezzo: da $10.00 a $50.00<\/span><\/p>\r\n\t\t\t\t\t\t\t \r\n\t\t\t\t\t\t\t\t\t\t\t\t\t<p class=\"fooevents-event-listing-tiles-availability\">459 Disponibile<\/p>\r\n\t\t\t\t\t\t \r\n\t\t\t\t\t\t \r\n\t\t\t\t\t<\/div>\r\n\t\t\t\t\t\t\t\t\t\t\t\t\t<p class=\"fooevents-event-listing-book-now\"><a href=\"https:\/\/demo.fooevents.com\/it\/product\/school-event\/\" class=\"button\">Prenota ora<\/a><\/p>  \r\n\t\t\t\t \r\n\t\t\t<\/div>\r\n\t\t\t\t\t\t\t\t<div id=\"fooevents-event-listing-tiles-post-id-24\" class=\"fooevents-event-listing-tiles-content fooevents-event-listing-tiles-single\">\r\n\t\t\t\t\t\t\t\t\t<div class=\"event-thumbnail\"><a href=\"https:\/\/demo.fooevents.com\/it\/product\/sport-fixture\/\"><img loading=\"lazy\" decoding=\"async\" width=\"450\" height=\"450\" src=\"https:\/\/demo.fooevents.com\/wp-content\/uploads\/2017\/06\/fooevents_school_event-scaled-e1712583045351-450x450.jpg\" class=\"attachment-medium size-medium wp-post-image\" alt=\"\" title=\"\"><\/a><\/div>\r\n\t\t\t\t\t\t\t\t\t\r\n\t\t\t\t<h3><a href=\"https:\/\/demo.fooevents.com\/it\/product\/sport-fixture\/\">Sport Fisso<\/a><\/h3>\t\t\r\n\t\t\t\t\t\t\t\t\t<div class=\"fooevents-event-listing-tiles-location\">Il luogo<\/div>\r\n\t\t\t\t \r\n\t\t\t\t\t\t\t\t\t<p class=\"fooevents-event-listing-tiles-datetime\">\r\n\t\t\t\t\t\t\t\t\t\t\t\t\t\t\t\t\t\t\t\t\t<span class=\"event-icon event-icon-calendar\"><\/span>\r\n\t\t\t\t\t\t\t\t\r\n\t\t\t\t\t\t\t<span class=\"event-date\">14 ottobre 2018<\/span><br \/>\t\t\t\t\t\t\r\n\t\t\t\t\t\t \r\n\t\t\t\t\t\t\t\t\t\t\t\t\t\t\t\t\t\t\t\t\t<span class=\"event-icon event-icon-single\"><\/span>\r\n\t\t\t\t\t\t\t\t\r\n\t\t\t\t\t\t\t<span class=\"event-time\">10:00 - 14:00 <\/span>\r\n\t\t\t\t\t\t\t\r\n\t\t\t\t\t<\/p>\r\n\t\t\t\t\t\t \r\n\t\t\t\t\t\t\t\t\t<p class=\"fooevents-event-listing-tiles-excerpt\">Questo \u00e8 un esempio di evento di un solo giorno. I dati di ogni partecipante vengono acquisiti al momento del checkout. Una volta completato il checkout, ogni partecipante ricever\u00e0 un'e-mail di conferma e un biglietto in formato PDF. L'accesso all'evento pu\u00f2 essere gestito durante l'evento stesso, utilizzando l'opzione <a href=\"https:\/\/www.fooevents.com\/it\/features\/apps\/\" target=\"_blank\" rel=\"noopener\">Applicazioni FooEvents Check-in<\/a>. I biglietti possono essere venduti anche durante l'evento utilizzando l'indirizzo\u00a0<a href=\"https:\/\/www.fooevents.com\/it\/products\/fooevents-pos\/\" target=\"_blank\" rel=\"noopener\">Punto vendita FooEvents<\/a>\u00a0plugin.<\/p>\r\n\t\t\t\t     \r\n\t\t\t\t\t\t\t\t\t<div class=\"fooevents-event-listing-tiles-stock\">\r\n\t\t\t\t\t\t\t\t\t\t\t\t\t<p class=\"fooevents-event-listing-tiles-price\"><span class=\"woocommerce-Price-amount amount\"><span class=\"woocommerce-Price-currencySymbol\">&#036;<\/span>19.00<\/span><\/p>\r\n\t\t\t\t\t\t\t \r\n\t\t\t\t\t\t\t\t\t\t\t\t\t<p class=\"fooevents-event-listing-tiles-availability\">225 Disponibile<\/p>\r\n\t\t\t\t\t\t \r\n\t\t\t\t\t\t \r\n\t\t\t\t\t<\/div>\r\n\t\t\t\t\t\t\t\t\t\t\t\t\t<p class=\"fooevents-event-listing-book-now\"><a href=\"https:\/\/demo.fooevents.com\/it\/product\/sport-fixture\/\" class=\"button\">Prenota ora<\/a><\/p>  \r\n\t\t\t\t \r\n\t\t\t<\/div>\r\n\t\t\t\t\t\t\t\t<div id=\"fooevents-event-listing-tiles-post-id-10167\" class=\"fooevents-event-listing-tiles-content fooevents-event-listing-tiles-single\">\r\n\t\t\t\t\t\t\t\t\t<div class=\"event-thumbnail\"><a href=\"https:\/\/demo.fooevents.com\/it\/product\/event-with-custom-attendee-fields\/\"><img loading=\"lazy\" decoding=\"async\" width=\"450\" height=\"450\" src=\"https:\/\/demo.fooevents.com\/wp-content\/uploads\/2017\/06\/fooevents_conf_651462157-scaled-e1712579617940-450x450.jpg\" class=\"attachment-medium size-medium wp-post-image\" alt=\"\" title=\"\"><\/a><\/div>\r\n\t\t\t\t\t\t\t\t\t\r\n\t\t\t\t<h3><a href=\"https:\/\/demo.fooevents.com\/it\/product\/event-with-custom-attendee-fields\/\">Evento con campi personalizzati per i partecipanti<\/a><\/h3>\t\t\r\n\t\t\t\t\t\t\t\t\t<div class=\"fooevents-event-listing-tiles-location\">Il luogo<\/div>\r\n\t\t\t\t \r\n\t\t\t\t\t\t\t\t\t<p class=\"fooevents-event-listing-tiles-datetime\">\r\n\t\t\t\t\t\t\t\t\t\t\t\t\t\t\t\t\t\t\t\t\t<span class=\"event-icon event-icon-calendar\"><\/span>\r\n\t\t\t\t\t\t\t\t\r\n\t\t\t\t\t\t\t<span class=\"event-date\">30 novembre 2018<\/span><br \/>\t\t\t\t\t\t\r\n\t\t\t\t\t\t \r\n\t\t\t\t\t\t\t\t\t\t\t\t\t\t\t\t\t\t\t\t\t<span class=\"event-icon event-icon-single\"><\/span>\r\n\t\t\t\t\t\t\t\t\r\n\t\t\t\t\t\t\t<span class=\"event-time\">10:00 - 14:00 <\/span>\r\n\t\t\t\t\t\t\t\r\n\t\t\t\t\t<\/p>\r\n\t\t\t\t\t\t \r\n\t\t\t\t\t\t\t\t\t<p class=\"fooevents-event-listing-tiles-excerpt\">Questa demo utilizza il metodo <a href=\"https:\/\/www.fooevents.com\/it\/products\/fooevents-custom-attendee-fields\/\" target=\"_blank\" rel=\"noopener\">FooEvents Campi personalizzati per i partecipanti<\/a> per acquisire informazioni aggiuntive sui partecipanti al momento del checkout. Prenotate un biglietto dimostrativo e passate alla schermata di checkout per visualizzare i campi personalizzati dei partecipanti.<\/p>\r\n\t\t\t\t     \r\n\t\t\t\t\t\t\t\t\t<div class=\"fooevents-event-listing-tiles-stock\">\r\n\t\t\t\t\t\t\t\t\t\t\t\t\t<p class=\"fooevents-event-listing-tiles-price\"><span class=\"woocommerce-Price-amount amount\" aria-hidden=\"true\"><span class=\"woocommerce-Price-currencySymbol\">&#036;<\/span>0.00<\/span> <span aria-hidden=\"true\">-<\/span> <span class=\"woocommerce-Price-amount amount\" aria-hidden=\"true\"><span class=\"woocommerce-Price-currencySymbol\">&#036;<\/span>499.00<\/span><span class=\"screen-reader-text\">Fascia di prezzo: da $0.00 a $499.00<\/span><\/p>\r\n\t\t\t\t\t\t\t \r\n\t\t\t\t\t\t\t\t\t\t\t\t\t<p class=\"fooevents-event-listing-tiles-availability\">9372 Disponibile<\/p>\r\n\t\t\t\t\t\t \r\n\t\t\t\t\t\t \r\n\t\t\t\t\t<\/div>\r\n\t\t\t\t\t\t\t\t\t\t\t\t\t<p class=\"fooevents-event-listing-book-now\"><a href=\"https:\/\/demo.fooevents.com\/it\/product\/event-with-custom-attendee-fields\/\" class=\"button\">Prenota ora<\/a><\/p>  \r\n\t\t\t\t \r\n\t\t\t<\/div>\r\n\t\t\t\t\t\t\t\t<div id=\"fooevents-event-listing-tiles-post-id-19275\" class=\"fooevents-event-listing-tiles-content fooevents-event-listing-tiles-select\">\r\n\t\t\t\t\t\t\t\t\t<div class=\"event-thumbnail\"><a href=\"https:\/\/demo.fooevents.com\/it\/product\/webinar\/\"><img loading=\"lazy\" decoding=\"async\" width=\"300\" height=\"300\" src=\"https:\/\/demo.fooevents.com\/wp-content\/uploads\/2020\/03\/Zoom-Webinar-cover-300x300.png\" class=\"attachment-medium size-medium wp-post-image\" alt=\"\" title=\"\"><\/a><\/div>\r\n\t\t\t\t\t\t\t\t\t\r\n\t\t\t\t<h3><a href=\"https:\/\/demo.fooevents.com\/it\/product\/webinar\/\">Webinar Zoom<\/a><\/h3>\t\t\r\n\t\t\t\t\t\t\t\t\t<div class=\"fooevents-event-listing-tiles-location\">Webinar online<\/div>\r\n\t\t\t\t \r\n\t\t\t\t\t\t\t\t\t<p class=\"fooevents-event-listing-tiles-datetime\">\r\n\t\t\t\t\t\t\t\t\t\t\t\t\t\t\t\t\t\t\t\t\t<span class=\"event-icon event-icon-calendar\"><\/span>\r\n\t\t\t\t\t\t\t\t\r\n\t\t\t\t\t\t\t<span class=\"event-date\">10 marzo 2020<\/span><br \/>\t\t\t\t\t\t\r\n\t\t\t\t\t\t \r\n\t\t\t\t\t\t\t\t\t\t\t\t\t\t\t\t\t\t\t\t\t<span class=\"event-icon event-icon-select\"><\/span>\r\n\t\t\t\t\t\t\t\t\r\n\t\t\t\t\t\t\t<span class=\"event-time\">14:00 - 16:00<\/span>\r\n\t\t\t\t\t\t\t\r\n\t\t\t\t\t<\/p>\r\n\t\t\t\t\t\t \r\n\t\t\t\t\t\t\t\t\t<p class=\"fooevents-event-listing-tiles-excerpt\">Questo esempio di webinar \u00e8 configurato per pre-registrare automaticamente i partecipanti a due distinti webinar di esempio di Zoom. Il primo \u00e8 un webinar standard e il secondo \u00e8 un webinar ricorrente che si ripete per 7 giorni. Utilizzando FooEvents \u00e8 possibile pre-registrare simultaneamente i partecipanti a uno o pi\u00f9 webinar\/riunioni.\r\n\r\nVisitate il nostro sito <a href=\"https:\/\/www.fooevents.com\/it\/virtual-events\/\" target=\"_blank\" rel=\"noopener\">Eventi virtuali<\/a> o la nostra sezione <a href=\"https:\/\/help.fooevents.com\/it\/docs\/topics\/events\/zoom-webinars\/\" rel=\"nofollow noopener\" target=\"_blank\">Centro assistenza<\/a> per imparare a impostare un webinar come questo.<\/p>\r\n\t\t\t\t     \r\n\t\t\t\t\t\t\t\t\t<div class=\"fooevents-event-listing-tiles-stock\">\r\n\t\t\t\t\t\t\t\t\t\t\t\t\t<p class=\"fooevents-event-listing-tiles-price\"><span class=\"woocommerce-Price-amount amount\"><span class=\"woocommerce-Price-currencySymbol\">&#036;<\/span>19.00<\/span><\/p>\r\n\t\t\t\t\t\t\t \r\n\t\t\t\t\t\t\t\t\t\t\t\t\t<p class=\"fooevents-event-listing-tiles-availability\">10 Disponibile<\/p>\r\n\t\t\t\t\t\t \r\n\t\t\t\t\t\t \r\n\t\t\t\t\t<\/div>\r\n\t\t\t\t\t\t\t\t\t\t\t\t\t<p class=\"fooevents-event-listing-book-now\"><a href=\"https:\/\/demo.fooevents.com\/it\/product\/webinar\/\" class=\"button\">Prenota ora!<\/a><\/p>  \r\n\t\t\t\t \r\n\t\t\t<\/div>\r\n\t\t\t\t\t\t\t\t<div id=\"fooevents-event-listing-tiles-post-id-19275\" class=\"fooevents-event-listing-tiles-content fooevents-event-listing-tiles-select\">\r\n\t\t\t\t\t\t\t\t\t<div class=\"event-thumbnail\"><a href=\"https:\/\/demo.fooevents.com\/it\/product\/webinar\/\"><img loading=\"lazy\" decoding=\"async\" width=\"300\" height=\"300\" src=\"https:\/\/demo.fooevents.com\/wp-content\/uploads\/2020\/03\/Zoom-Webinar-cover-300x300.png\" class=\"attachment-medium size-medium wp-post-image\" alt=\"\" title=\"\"><\/a><\/div>\r\n\t\t\t\t\t\t\t\t\t\r\n\t\t\t\t<h3><a href=\"https:\/\/demo.fooevents.com\/it\/product\/webinar\/\">Webinar Zoom<\/a><\/h3>\t\t\r\n\t\t\t\t\t\t\t\t\t<div class=\"fooevents-event-listing-tiles-location\">Webinar online<\/div>\r\n\t\t\t\t \r\n\t\t\t\t\t\t\t\t\t<p class=\"fooevents-event-listing-tiles-datetime\">\r\n\t\t\t\t\t\t\t\t\t\t\t\t\t\t\t\t\t\t\t\t\t<span class=\"event-icon event-icon-calendar\"><\/span>\r\n\t\t\t\t\t\t\t\t\r\n\t\t\t\t\t\t\t<span class=\"event-date\">01 marzo 2022<\/span><br \/>\t\t\t\t\t\t\r\n\t\t\t\t\t\t \r\n\t\t\t\t\t\t\t\t\t\t\t\t\t\t\t\t\t\t\t\t\t<span class=\"event-icon event-icon-select\"><\/span>\r\n\t\t\t\t\t\t\t\t\r\n\t\t\t\t\t\t\t<span class=\"event-time\">14:00 - 16:00<\/span>\r\n\t\t\t\t\t\t\t\r\n\t\t\t\t\t<\/p>\r\n\t\t\t\t\t\t \r\n\t\t\t\t\t\t\t\t\t<p class=\"fooevents-event-listing-tiles-excerpt\">Questo esempio di webinar \u00e8 configurato per pre-registrare automaticamente i partecipanti a due distinti webinar di esempio di Zoom. Il primo \u00e8 un webinar standard e il secondo \u00e8 un webinar ricorrente che si ripete per 7 giorni. Utilizzando FooEvents \u00e8 possibile pre-registrare simultaneamente i partecipanti a uno o pi\u00f9 webinar\/riunioni.\r\n\r\nVisitate il nostro sito <a href=\"https:\/\/www.fooevents.com\/it\/virtual-events\/\" target=\"_blank\" rel=\"noopener\">Eventi virtuali<\/a> o la nostra sezione <a href=\"https:\/\/help.fooevents.com\/it\/docs\/topics\/events\/zoom-webinars\/\" rel=\"nofollow noopener\" target=\"_blank\">Centro assistenza<\/a> per imparare a impostare un webinar come questo.<\/p>\r\n\t\t\t\t     \r\n\t\t\t\t\t\t\t\t\t<div class=\"fooevents-event-listing-tiles-stock\">\r\n\t\t\t\t\t\t\t\t\t\t\t\t\t<p class=\"fooevents-event-listing-tiles-price\"><span class=\"woocommerce-Price-amount amount\"><span class=\"woocommerce-Price-currencySymbol\">&#036;<\/span>19.00<\/span><\/p>\r\n\t\t\t\t\t\t\t \r\n\t\t\t\t\t\t\t\t\t\t\t\t\t<p class=\"fooevents-event-listing-tiles-availability\">10 Disponibile<\/p>\r\n\t\t\t\t\t\t \r\n\t\t\t\t\t\t \r\n\t\t\t\t\t<\/div>\r\n\t\t\t\t\t\t\t\t\t\t\t\t\t<p class=\"fooevents-event-listing-book-now\"><a href=\"https:\/\/demo.fooevents.com\/it\/product\/webinar\/\" class=\"button\">Prenota ora!<\/a><\/p>  \r\n\t\t\t\t \r\n\t\t\t<\/div>\r\n\t\t\t\t\t\t\t\t<div id=\"fooevents-event-listing-tiles-post-id-20324\" class=\"fooevents-event-listing-tiles-content fooevents-event-listing-tiles-single\">\r\n\t\t\t\t\t\t\t\t\t<div class=\"event-thumbnail\"><a href=\"https:\/\/demo.fooevents.com\/it\/product\/esports-live-streaming\/\"><img loading=\"lazy\" decoding=\"async\" width=\"300\" height=\"300\" src=\"https:\/\/demo.fooevents.com\/wp-content\/uploads\/2020\/04\/gaming-zoom-300x300.png\" class=\"attachment-medium size-medium wp-post-image\" alt=\"\" title=\"\"><\/a><\/div>\r\n\t\t\t\t\t\t\t\t\t\r\n\t\t\t\t<h3><a href=\"https:\/\/demo.fooevents.com\/it\/product\/esports-live-streaming\/\">eSports in diretta streaming<\/a><\/h3>\t\t\r\n\t\t\t\t\t\t\t\t\t<div class=\"fooevents-event-listing-tiles-location\">Evento virtuale con Zoom<\/div>\r\n\t\t\t\t \r\n\t\t\t\t\t\t\t\t\t<p class=\"fooevents-event-listing-tiles-datetime\">\r\n\t\t\t\t\t\t\t\t\t\t\t\t\t\t\t\t\t\t\t\t\t<span class=\"event-icon event-icon-calendar\"><\/span>\r\n\t\t\t\t\t\t\t\t\r\n\t\t\t\t\t\t\t<span class=\"event-date\">01 maggio 2022<\/span><br \/>\t\t\t\t\t\t\r\n\t\t\t\t\t\t \r\n\t\t\t\t\t\t\t\t\t\t\t\t\t\t\t\t\t\t\t\t\t<span class=\"event-icon event-icon-single\"><\/span>\r\n\t\t\t\t\t\t\t\t\r\n\t\t\t\t\t\t\t<span class=\"event-time\">10:00 - 14:00 <\/span>\r\n\t\t\t\t\t\t\t\r\n\t\t\t\t\t<\/p>\r\n\t\t\t\t\t\t \r\n\t\t\t\t\t\t\t\t\t<p class=\"fooevents-event-listing-tiles-excerpt\">Questo esempio \u00e8 configurato per pre-registrare automaticamente i partecipanti a un torneo gratuito di eSports che comprende 5 flussi separati (webinar Zoom) che si svolgono in contemporanea. Ogni webinar si ripeter\u00e0 per un periodo di 3 giorni. Questa configurazione \u00e8 adatta a qualsiasi evento di live streaming che offra pi\u00f9 flussi simultanei nell'arco di uno o pi\u00f9 giorni.\r\n\r\n<a style=\"font-size: 16px\" href=\"https:\/\/www.fooevents.com\/it\/virtual-events\/\" target=\"_blank\" rel=\"noopener\">Eventi virtuali<\/a> o la nostra sezione <a style=\"font-size: 16px\" href=\"https:\/\/help.fooevents.com\/it\/docs\/topics\/events\/zoom-meetings-and-webinars\/\" rel=\"nofollow noopener\" target=\"_blank\">Centro assistenza<\/a> per imparare a impostare un webinar come questo.<\/p>\r\n\t\t\t\t     \r\n\t\t\t\t\t\t\t\t\t<div class=\"fooevents-event-listing-tiles-stock\">\r\n\t\t\t\t\t\t\t\t\t\t\t\t\t<p class=\"fooevents-event-listing-tiles-price\"><span class=\"woocommerce-Price-amount amount\"><span class=\"woocommerce-Price-currencySymbol\">&#036;<\/span>0.00<\/span><\/p>\r\n\t\t\t\t\t\t\t \r\n\t\t\t\t\t\t\t\t\t\t\t\t\t<p class=\"fooevents-event-listing-tiles-availability\">101 Disponibile<\/p>\r\n\t\t\t\t\t\t \r\n\t\t\t\t\t\t \r\n\t\t\t\t\t<\/div>\r\n\t\t\t\t\t\t\t\t\t\t\t\t\t<p class=\"fooevents-event-listing-book-now\"><a href=\"https:\/\/demo.fooevents.com\/it\/product\/esports-live-streaming\/\" class=\"button\">Iscriviti ora!<\/a><\/p>  \r\n\t\t\t\t \r\n\t\t\t<\/div>\r\n\t\t\t\t\t\t\t\t<div id=\"fooevents-event-listing-tiles-post-id-10638\" class=\"fooevents-event-listing-tiles-content fooevents-event-listing-tiles-seating\">\r\n\t\t\t\t\t\t\t\t\t<div class=\"event-thumbnail\"><a href=\"https:\/\/demo.fooevents.com\/it\/product\/film-screening\/\"><img loading=\"lazy\" decoding=\"async\" width=\"300\" height=\"254\" src=\"https:\/\/demo.fooevents.com\/wp-content\/uploads\/2018\/08\/693103318-e1669729055360-300x254.jpeg\" class=\"attachment-medium size-medium wp-post-image\" alt=\"\" title=\"\"><\/a><\/div>\r\n\t\t\t\t\t\t\t\t\t\r\n\t\t\t\t<h3><a href=\"https:\/\/demo.fooevents.com\/it\/product\/film-screening\/\">Proiezione del film<\/a><\/h3>\t\t\r\n\t\t\t\t\t\t\t\t\t<div class=\"fooevents-event-listing-tiles-location\">Casa del film<\/div>\r\n\t\t\t\t \r\n\t\t\t\t\t\t\t\t\t<p class=\"fooevents-event-listing-tiles-datetime\">\r\n\t\t\t\t\t\t\t\t\t\t\t\t\t\t\t\t\t\t\t\t\t<span class=\"event-icon event-icon-calendar\"><\/span>\r\n\t\t\t\t\t\t\t\t\r\n\t\t\t\t\t\t\t<span class=\"event-date\">13 luglio 2022<\/span><br \/>\t\t\t\t\t\t\r\n\t\t\t\t\t\t \r\n\t\t\t\t\t\t\t\t\t\t\t\t\t\t\t\t\t\t\t\t\t<span class=\"event-icon event-icon-seating\"><\/span>\r\n\t\t\t\t\t\t\t\t\r\n\t\t\t\t\t\t\t<span class=\"event-time\">10:00 - 14:00 <\/span>\r\n\t\t\t\t\t\t\t\r\n\t\t\t\t\t<\/p>\r\n\t\t\t\t\t\t \r\n\t\t\t\t\t\t\t\t\t<p class=\"fooevents-event-listing-tiles-excerpt\">Questo esempio aggiunge alla pagina di checkout la selezione grafica dei posti a sedere per ciascun partecipante. La possibilit\u00e0 di selezionare i posti a sedere dei partecipanti \u00e8 fornita dall'opzione\u00a0<a href=\"https:\/\/www.fooevents.com\/it\/products\/fooevents-seating\/\" target=\"_blank\" rel=\"noopener\">FooEvents Estensione della seduta<\/a>. Le opzioni \"Tipo di biglietto\" vengono create utilizzando le Variazioni WooCommerce.<\/p>\r\n\t\t\t\t     \r\n\t\t\t\t\t\t\t\t\t<div class=\"fooevents-event-listing-tiles-stock\">\r\n\t\t\t\t\t\t\t\t\t\t\t\t\t<p class=\"fooevents-event-listing-tiles-price\"><span class=\"woocommerce-Price-amount amount\" aria-hidden=\"true\"><span class=\"woocommerce-Price-currencySymbol\">&#036;<\/span>5.00<\/span> <span aria-hidden=\"true\">-<\/span> <span class=\"woocommerce-Price-amount amount\" aria-hidden=\"true\"><span class=\"woocommerce-Price-currencySymbol\">&#036;<\/span>30.00<\/span><span class=\"screen-reader-text\">Fascia di prezzo: da $5.00 a $30.00<\/span><\/p>\r\n\t\t\t\t\t\t\t \r\n\t\t\t\t\t\t \r\n\t\t\t\t\t\t \r\n\t\t\t\t\t<\/div>\r\n\t\t\t\t\t\t\t\t\t\t\t\t\t<p class=\"fooevents-event-listing-book-now\"><a href=\"https:\/\/demo.fooevents.com\/it\/product\/film-screening\/\" class=\"button\">Prenota ora<\/a><\/p>  \r\n\t\t\t\t \r\n\t\t\t<\/div>\r\n\t\t\t\t\t\t\t\t<div id=\"fooevents-event-listing-tiles-post-id-20\" class=\"fooevents-event-listing-tiles-content fooevents-event-listing-tiles-single\">\r\n\t\t\t\t\t\t\t\t\t<div class=\"event-thumbnail\"><a href=\"https:\/\/demo.fooevents.com\/it\/product\/flea-market\/\"><img loading=\"lazy\" decoding=\"async\" width=\"450\" height=\"450\" src=\"https:\/\/demo.fooevents.com\/wp-content\/uploads\/2017\/06\/fooevents_food_market-e1712579641973-450x450.jpg\" class=\"attachment-medium size-medium wp-post-image\" alt=\"\" title=\"\"><\/a><\/div>\r\n\t\t\t\t\t\t\t\t\t\r\n\t\t\t\t<h3><a href=\"https:\/\/demo.fooevents.com\/it\/product\/flea-market\/\">Mercato delle pulci (gratuito)<\/a><\/h3>\t\t\r\n\t\t\t\t\t\t\t\t\t<div class=\"fooevents-event-listing-tiles-location\">Il luogo<\/div>\r\n\t\t\t\t \r\n\t\t\t\t\t\t\t\t\t<p class=\"fooevents-event-listing-tiles-datetime\">\r\n\t\t\t\t\t\t\t\t\t\t\t\t\t\t\t\t\t\t\t\t\t<span class=\"event-icon event-icon-calendar\"><\/span>\r\n\t\t\t\t\t\t\t\t\r\n\t\t\t\t\t\t\t<span class=\"event-date\">21 luglio 2022<\/span><br \/>\t\t\t\t\t\t\r\n\t\t\t\t\t\t \r\n\t\t\t\t\t\t\t\t\t\t\t\t\t\t\t\t\t\t\t\t\t<span class=\"event-icon event-icon-single\"><\/span>\r\n\t\t\t\t\t\t\t\t\r\n\t\t\t\t\t\t\t<span class=\"event-time\">10:00 - 14:00 <\/span>\r\n\t\t\t\t\t\t\t\r\n\t\t\t\t\t<\/p>\r\n\t\t\t\t\t\t \r\n\t\t\t\t\t\t\t\t\t<p class=\"fooevents-event-listing-tiles-excerpt\">Questo \u00e8 un esempio di evento gratuito di un solo giorno che utilizza <a href=\"https:\/\/www.fooevents.com\/it\/products\/fooevents-for-woocommerce\/\" target=\"_blank\" rel=\"noopener\">FooEvents per WooCommerce<\/a> per acquisire le informazioni sui partecipanti e inviare loro un'e-mail di conferma del biglietto.<\/p>\r\n\t\t\t\t     \r\n\t\t\t\t\t\t\t\t\t<div class=\"fooevents-event-listing-tiles-stock\">\r\n\t\t\t\t\t\t\t\t\t\t\t\t\t<p class=\"fooevents-event-listing-tiles-price\"><span class=\"woocommerce-Price-amount amount\"><span class=\"woocommerce-Price-currencySymbol\">&#036;<\/span>0.00<\/span><\/p>\r\n\t\t\t\t\t\t\t \r\n\t\t\t\t\t\t \r\n\t\t\t\t\t\t \r\n\t\t\t\t\t<\/div>\r\n\t\t\t\t\t\t\t\t\t\t\t\t\t<p class=\"fooevents-event-listing-book-now\"><a href=\"https:\/\/demo.fooevents.com\/it\/product\/flea-market\/\" class=\"button\">Prenota ora<\/a><\/p>  \r\n\t\t\t\t \r\n\t\t\t<\/div>\r\n\t\t   \r\n\t<\/div>\r\n\n\n\n<h2 class=\"wp-block-heading\"><\/h2>","protected":false},"excerpt":{"rendered":"<p>Blocco elenco eventi - Piastrelle<\/p>","protected":false},"author":214,"featured_media":0,"parent":0,"menu_order":0,"comment_status":"closed","ping_status":"closed","template":"","meta":{"site-sidebar-layout":"default","site-content-layout":"","ast-site-content-layout":"default","site-content-style":"default","site-sidebar-style":"default","ast-global-header-display":"","ast-banner-title-visibility":"","ast-main-header-display":"","ast-hfb-above-header-display":"","ast-hfb-below-header-display":"","ast-hfb-mobile-header-display":"","site-post-title":"disabled","ast-breadcrumbs-content":"","ast-featured-img":"","footer-sml-layout":"","ast-disable-related-posts":"","theme-transparent-header-meta":"","adv-header-id-meta":"","stick-header-meta":"","header-above-stick-meta":"","header-main-stick-meta":"","header-below-stick-meta":"","astra-migrate-meta-layouts":"set","ast-page-background-enabled":"default","ast-page-background-meta":{"desktop":{"background-color":"var(--ast-global-color-4)","background-image":"","background-repeat":"repeat","background-position":"center center","background-size":"auto","background-attachment":"scroll","background-type":"","background-media":"","overlay-type":"","overlay-color":"","overlay-opacity":"","overlay-gradient":""},"tablet":{"background-color":"","background-image":"","background-repeat":"repeat","background-position":"center center","background-size":"auto","background-attachment":"scroll","background-type":"","background-media":"","overlay-type":"","overlay-color":"","overlay-opacity":"","overlay-gradient":""},"mobile":{"background-color":"","background-image":"","background-repeat":"repeat","background-position":"center center","background-size":"auto","background-attachment":"scroll","background-type":"","background-media":"","overlay-type":"","overlay-color":"","overlay-opacity":"","overlay-gradient":""}},"ast-content-background-meta":{"desktop":{"background-color":"var(--ast-global-color-5)","background-image":"","background-repeat":"repeat","background-position":"center center","background-size":"auto","background-attachment":"scroll","background-type":"","background-media":"","overlay-type":"","overlay-color":"","overlay-opacity":"","overlay-gradient":""},"tablet":{"background-color":"var(--ast-global-color-5)","background-image":"","background-repeat":"repeat","background-position":"center center","background-size":"auto","background-attachment":"scroll","background-type":"","background-media":"","overlay-type":"","overlay-color":"","overlay-opacity":"","overlay-gradient":""},"mobile":{"background-color":"var(--ast-global-color-5)","background-image":"","background-repeat":"repeat","background-position":"center center","background-size":"auto","background-attachment":"scroll","background-type":"","background-media":"","overlay-type":"","overlay-color":"","overlay-opacity":"","overlay-gradient":""}},"footnotes":""},"class_list":["post-34726","page","type-page","status-publish","hentry"],"_links":{"self":[{"href":"https:\/\/demo.fooevents.com\/it\/wp-json\/wp\/v2\/pages\/34726","targetHints":{"allow":["GET"]}}],"collection":[{"href":"https:\/\/demo.fooevents.com\/it\/wp-json\/wp\/v2\/pages"}],"about":[{"href":"https:\/\/demo.fooevents.com\/it\/wp-json\/wp\/v2\/types\/page"}],"author":[{"embeddable":true,"href":"https:\/\/demo.fooevents.com\/it\/wp-json\/wp\/v2\/users\/214"}],"replies":[{"embeddable":true,"href":"https:\/\/demo.fooevents.com\/it\/wp-json\/wp\/v2\/comments?post=34726"}],"version-history":[{"count":0,"href":"https:\/\/demo.fooevents.com\/it\/wp-json\/wp\/v2\/pages\/34726\/revisions"}],"wp:attachment":[{"href":"https:\/\/demo.fooevents.com\/it\/wp-json\/wp\/v2\/media?parent=34726"}],"curies":[{"name":"wp","href":"https:\/\/api.w.org\/{rel}","templated":true}]}}