{"id":10163,"date":"2018-05-18T12:05:17","date_gmt":"2018-05-18T10:05:17","guid":{"rendered":"https:\/\/demo.fooevents.com\/?post_type=product&#038;p=10163"},"modified":"2026-03-23T02:27:08","modified_gmt":"2026-03-23T09:27:08","slug":"conferenza-di-piu-giorni","status":"publish","type":"product","link":"https:\/\/demo.fooevents.com\/it\/product\/multi-day-conference\/","title":{"rendered":"Conferenza di pi\u00f9 giorni"},"content":{"rendered":"","protected":false},"excerpt":{"rendered":"<p>Questo esempio fornisce ai partecipanti l'accesso a una conferenza che si estende su pi\u00f9 giorni. Il <a href=\"https:\/\/www.fooevents.com\/it\/products\/fooevents-multi-day\/\">FooEvents Multigiornaliero<\/a> Il plugin consente agli organizzatori di eventi di registrare\/controllare i partecipanti in ogni giorno dell'evento. Questo \u00e8 utile per gestire l'accesso alla conferenza e per monitorare l'affluenza.<\/p>\n<p>Per istruzioni dettagliate su come organizzare un evento di pi\u00f9 giorni come questo, seguite questo link\u00a0<a href=\"https:\/\/help.fooevents.com\/it\/docs\/topics\/use-cases\/standard-multi-day-conference\/\">Esercitazione sui casi d'uso<\/a>.<\/p>\n<p>Si noti che questo esempio utilizza un elemento\u00a0<a href=\"https:\/\/help.fooevents.com\/it\/docs\/topics\/code-snippets\/#display-products-and-variations-tickets-in-a-table-grid-format\" target=\"_blank\" rel=\"noopener\">frammento di codice<\/a>\u00a0per sostituire il modulo standard delle variazioni WooCommerce con una tabella delle variazioni. Questo \u00e8 adatto sia per gli eventi di un solo giorno che per quelli di pi\u00f9 giorni che utilizzano le variazioni WooCommerce. Il frammento di codice della tabella delle variazioni non \u00e8 compatibile con il programma\u00a0<a href=\"https:\/\/www.fooevents.com\/it\/products\/fooevents-seating\/\">FooEvents Posti a sedere<\/a>\u00a0e\u00a0<a href=\"https:\/\/www.fooevents.com\/it\/products\/fooevents-bookings\/\">FooEvents Prenotazioni<\/a>\u00a0selettori della pagina del prodotto.<\/p>","protected":false},"author":1,"featured_media":271,"template":"","meta":{"site-sidebar-layout":"default","site-content-layout":"default","ast-site-content-layout":"default","site-content-style":"default","site-sidebar-style":"default","ast-global-header-display":"","ast-banner-title-visibility":"","ast-main-header-display":"","ast-hfb-above-header-display":"","ast-hfb-below-header-display":"","ast-hfb-mobile-header-display":"","site-post-title":"","ast-breadcrumbs-content":"","ast-featured-img":"","footer-sml-layout":"","ast-disable-related-posts":"","theme-transparent-header-meta":"default","adv-header-id-meta":"","stick-header-meta":"default","header-above-stick-meta":"","header-main-stick-meta":"","header-below-stick-meta":"","astra-migrate-meta-layouts":"set","ast-page-background-enabled":"default","ast-page-background-meta":{"desktop":{"background-color":"var(--ast-global-color-4)","background-image":"","background-repeat":"repeat","background-position":"center center","background-size":"auto","background-attachment":"scroll","background-type":"","background-media":"","overlay-type":"","overlay-color":"","overlay-opacity":"","overlay-gradient":""},"tablet":{"background-color":"","background-image":"","background-repeat":"repeat","background-position":"center center","background-size":"auto","background-attachment":"scroll","background-type":"","background-media":"","overlay-type":"","overlay-color":"","overlay-opacity":"","overlay-gradient":""},"mobile":{"background-color":"","background-image":"","background-repeat":"repeat","background-position":"center center","background-size":"auto","background-attachment":"scroll","background-type":"","background-media":"","overlay-type":"","overlay-color":"","overlay-opacity":"","overlay-gradient":""}},"ast-content-background-meta":{"desktop":{"background-color":"var(--ast-global-color-5)","background-image":"","background-repeat":"repeat","background-position":"center center","background-size":"auto","background-attachment":"scroll","background-type":"","background-media":"","overlay-type":"","overlay-color":"","overlay-opacity":"","overlay-gradient":""},"tablet":{"background-color":"var(--ast-global-color-5)","background-image":"","background-repeat":"repeat","background-position":"center center","background-size":"auto","background-attachment":"scroll","background-type":"","background-media":"","overlay-type":"","overlay-color":"","overlay-opacity":"","overlay-gradient":""},"mobile":{"background-color":"var(--ast-global-color-5)","background-image":"","background-repeat":"repeat","background-position":"center center","background-size":"auto","background-attachment":"scroll","background-type":"","background-media":"","overlay-type":"","overlay-color":"","overlay-opacity":"","overlay-gradient":""}}},"product_brand":[],"product_cat":[62,143,138,18,129,95,40],"product_tag":[20,16,19,68,80,17,74],"class_list":{"0":"post-10163","1":"product","2":"type-product","3":"status-publish","4":"has-post-thumbnail","6":"product_cat-all","7":"product_cat-blocks","8":"product_cat-demo","9":"product_cat-event","10":"product_cat-pos","11":"product_cat-sort-filter","12":"product_cat-standard","13":"product_tag-conference","14":"product_tag-corporate","15":"product_tag-exhibition","16":"product_tag-facility","17":"product_tag-multi-day","18":"product_tag-paid","19":"product_tag-venue","20":"desktop-align-left","21":"tablet-align-left","22":"mobile-align-left","23":"ast-product-gallery-layout-horizontal-slider","24":"ast-magnify-disabled","25":"ast-product-single-variable","26":"ast-product-tabs-layout-horizontal","28":"first","29":"instock","30":"shipping-taxable","31":"purchasable","32":"product-type-variable"},"group_of_quantity":0,"min_quantity":0,"max_quantity":"","exclude_order_quantity_value_rules":"no","exclude_category_quantity_rules":"no","combine_variations":"no","exclude_global_add_ons":[],"addons":[],"_links":{"self":[{"href":"https:\/\/demo.fooevents.com\/it\/wp-json\/wp\/v2\/product\/10163","targetHints":{"allow":["GET"]}}],"collection":[{"href":"https:\/\/demo.fooevents.com\/it\/wp-json\/wp\/v2\/product"}],"about":[{"href":"https:\/\/demo.fooevents.com\/it\/wp-json\/wp\/v2\/types\/product"}],"author":[{"embeddable":true,"href":"https:\/\/demo.fooevents.com\/it\/wp-json\/wp\/v2\/users\/1"}],"wp:featuredmedia":[{"embeddable":true,"href":"https:\/\/demo.fooevents.com\/it\/wp-json\/wp\/v2\/media\/271"}],"wp:attachment":[{"href":"https:\/\/demo.fooevents.com\/it\/wp-json\/wp\/v2\/media?parent=10163"}],"wp:term":[{"taxonomy":"product_brand","embeddable":true,"href":"https:\/\/demo.fooevents.com\/it\/wp-json\/wp\/v2\/product_brand?post=10163"},{"taxonomy":"product_cat","embeddable":true,"href":"https:\/\/demo.fooevents.com\/it\/wp-json\/wp\/v2\/product_cat?post=10163"},{"taxonomy":"product_tag","embeddable":true,"href":"https:\/\/demo.fooevents.com\/it\/wp-json\/wp\/v2\/product_tag?post=10163"}],"curies":[{"name":"wp","href":"https:\/\/api.w.org\/{rel}","templated":true}]}}