{"id":25809,"date":"2021-05-27T11:24:25","date_gmt":"2021-05-27T09:24:25","guid":{"rendered":"https:\/\/demo.fooevents.com\/?page_id=25809"},"modified":"2024-02-16T17:46:04","modified_gmt":"2024-02-17T01:46:04","slug":"o","status":"publish","type":"page","link":"https:\/\/demo.fooevents.com\/pl\/about\/","title":{"rendered":"O"},"content":{"rendered":"<p>The&nbsp;<a href=\"https:\/\/demo.fooevents.com\/pl\/\">Wersje demonstracyjne front-endu FooEvents<\/a>&nbsp;Poka\u017c, jak elastyczna i \u0142atwa jest sprzeda\u017c bilet\u00f3w i dost\u0119pu do wszystkich rodzaj\u00f3w wydarze\u0144, miejsc i us\u0142ug, kt\u00f3re mo\u017cna zarezerwowa\u0107 za pomoc\u0105&nbsp;<a href=\"https:\/\/www.fooevents.com\/pl\/\" target=\"_blank\" rel=\"noreferrer noopener\">FooEvents<\/a>&nbsp;wtyczki.&nbsp;<\/p>\n\n\n\n<p>Poni\u017csze sekcje przedstawiaj\u0105 technologie, kt\u00f3re zosta\u0142y wykorzystane do stworzenia tych witryn:<\/p>\n\n\n\n<h3 class=\"wp-block-heading\"><a href=\"https:\/\/wordpress.org\/\" target=\"_blank\" rel=\"noreferrer noopener\">WordPress<\/a><\/h3>\n\n\n\n<p>WordPress to darmowy system zarz\u0105dzania tre\u015bci\u0105 o otwartym kodzie \u017ar\u00f3d\u0142owym, kt\u00f3ry jest podstaw\u0105 tej strony. 41% sieci jest zasilane przez WordPress, od blog\u00f3w hobbystycznych po sp\u00f3\u0142ki gie\u0142dowe.<\/p>\n\n\n\n<p>WordPress mo\u017cna pobra\u0107 z&nbsp;<a href=\"https:\/\/wordpress.org\/download\/\" target=\"_blank\" rel=\"noreferrer noopener\">WordPress.org<\/a>&nbsp;i zainstalowany na dowolnej us\u0142udze hostingowej, kt\u00f3ra obs\u0142uguje&nbsp;<a href=\"https:\/\/wordpress.org\/support\/article\/requirements\/\" target=\"_blank\" rel=\"noreferrer noopener\">minimalne wymagania<\/a>.<\/p>\n\n\n\n<p>Wi\u0119kszo\u015b\u0107 us\u0142ug hostingowych oferuje pakiety z preinstalowanym WordPress. Odwied\u017a nasz\u0105 Rekomendacj\u0119&nbsp;<a href=\"https:\/\/help.fooevents.com\/pl\/docs\/topics\/third-party-integration\/third-party-integration-recommended-wordpress-web-hosting\/\" rel=\"noreferrer noopener nofollow\" target=\"_blank\">WordPress Web Hosting<\/a>&nbsp;aby zobaczy\u0107 mo\u017cliwe rozwi\u0105zania.<\/p>\n\n\n\n<h3 class=\"wp-block-heading\"><a href=\"https:\/\/www.fooevents.com\/pl\/features\/woocommerce\/\" target=\"_blank\" rel=\"noreferrer noopener\">WooCommerce<\/a><\/h3>\n\n\n\n<p>WooCommerce to bezp\u0142atne rozszerzenie e-commerce, kt\u00f3re umo\u017cliwia sprzeda\u017c zar\u00f3wno fizycznych, jak i cyfrowych towar\u00f3w na stronie internetowej WordPress.<\/p>\n\n\n\n<h3 class=\"wp-block-heading\"><a href=\"https:\/\/www.fooevents.com\/pl\/pricing\/\" target=\"_blank\" rel=\"noreferrer noopener\">FooEvents<\/a><\/h3>\n\n\n\n<p>FooEvents jest zbudowany dla WooCommerce i dodaje dodatkow\u0105 funkcjonalno\u015b\u0107, kt\u00f3ra umo\u017cliwia sprzeda\u017c dost\u0119pu do wydarze\u0144, miejsc i us\u0142ug, kt\u00f3re mo\u017cna zarezerwowa\u0107. FooEvents sk\u0142ada si\u0119 z nast\u0119puj\u0105cych element\u00f3w&nbsp;<strong>FooEvents dla WooCommerce<\/strong>&nbsp;oraz szereg opcjonalnych rozszerze\u0144, kt\u00f3re dodaj\u0105 dodatkowe funkcje. Mo\u017cna r\u00f3wnie\u017c skorzysta\u0107 z darmowej&nbsp;<a href=\"https:\/\/www.fooevents.com\/pl\/features\/apps\/\" target=\"_blank\" rel=\"noreferrer noopener\">Aplikacja FooEvents Check-ins<\/a>&nbsp;aby zarz\u0105dza\u0107 dost\u0119pem uczestnik\u00f3w do wydarzenia.<\/p>\n\n\n\n<ul class=\"wp-block-list\">\n<li><a href=\"https:\/\/www.fooevents.com\/pl\/products\/fooevents-for-woocommerce\/\" target=\"_blank\" rel=\"noreferrer noopener\">FooEvents dla WooCommerce<\/a>&nbsp;(rdze\u0144)<\/li>\n\n\n\n<li><a href=\"https:\/\/www.fooevents.com\/pl\/products\/fooevents-bookings\/\" target=\"_blank\" rel=\"noreferrer noopener\">FooEvents Rezerwacje<\/a><\/li>\n\n\n\n<li><a href=\"https:\/\/www.fooevents.com\/pl\/products\/fooevents-custom-attendee-fields\/\" target=\"_blank\" rel=\"noreferrer noopener\">Niestandardowe pola uczestnik\u00f3w FooEvents<\/a><\/li>\n\n\n\n<li><a href=\"https:\/\/www.fooevents.com\/pl\/products\/fooevents-pdf-tickets\/\" target=\"_blank\" rel=\"noreferrer noopener\">Bilety FooEvents PDF<\/a><\/li>\n\n\n\n<li><a href=\"https:\/\/www.fooevents.com\/pl\/products\/fooevents-calendar\/\" target=\"_blank\" rel=\"noreferrer noopener\">Kalendarz wydarze\u0144 FooEvents<\/a><\/li>\n\n\n\n<li><a href=\"https:\/\/www.fooevents.com\/pl\/products\/fooevents-express-check-in\/\" target=\"_blank\" rel=\"noreferrer noopener\">Ekspresowa odprawa FooEvents<\/a><\/li>\n\n\n\n<li><a href=\"https:\/\/www.fooevents.com\/pl\/products\/fooevents-multi-day\/\" target=\"_blank\" rel=\"noreferrer noopener\">FooEvents Wielodniowy<\/a><\/li>\n\n\n\n<li><a href=\"https:\/\/www.fooevents.com\/pl\/products\/fooevents-seating\/\" target=\"_blank\" rel=\"noreferrer noopener\">FooEvents Siedzenie<\/a><\/li>\n<\/ul>\n\n\n\n<h3 class=\"wp-block-heading\">Motyw WordPress<\/h3>\n\n\n\n<p>Ta strona korzysta z darmowego motywu o nazwie\u00a0<a href=\"https:\/\/www.wordpress.org\/themes\/astra\/\" target=\"_blank\" rel=\"noreferrer noopener\">Astra<\/a>. FooEvents dzia\u0142a dobrze z wi\u0119kszo\u015bci\u0105 motyw\u00f3w WooCommerce kompatybilnych z WordPress.<\/p>\n\n\n\n<h3 class=\"wp-block-heading\">Wtyczki innych firm<\/h3>\n\n\n\n<p><a href=\"https:\/\/demo.fooevents.com\/pl\/?filter_features=woocommerce-min-max-quantities\">Niekt\u00f3re z wersji demonstracyjnych<\/a>&nbsp;u\u017cywa\u0107&nbsp;<a href=\"https:\/\/woocommerce.com\/products\/minmax-quantities\/\" target=\"_blank\" rel=\"noreferrer noopener\">WooCommerce Min\/Max Ilo\u015bci<\/a>&nbsp;do sprzeda\u017cy grup bilet\u00f3w. Jest to przydatne na przyk\u0142ad w przypadku sprzeda\u017cy grupowych stolik\u00f3w lub zni\u017cek grupowych. Bilety mog\u0105 by\u0107 sprzedawane pojedynczo lub&nbsp;<a href=\"https:\/\/docs.woocommerce.com\/document\/variable-product\/\" rel=\"noreferrer noopener nofollow\" target=\"_blank\">pogrupowane wed\u0142ug odmian<\/a>. The&nbsp;<a href=\"https:\/\/woocommerce.com\/products\/minmax-quantities\/?aff=8264&amp;cid=702463\" target=\"_blank\" rel=\"noopener\">WooCommerce Min\/Max Ilo\u015bci<\/a>&nbsp;Wtyczk\u0119 mo\u017cna naby\u0107 oddzielnie na rynku WooCommerce.<\/p>\n\n\n\n<h3 class=\"wp-block-heading\">Demo administratora<\/h3>\n\n\n\n<p>Je\u015bli chcesz poprosi\u0107 o dost\u0119p do \u015brodowiska demonstracyjnego administratora, w kt\u00f3rym mo\u017cesz przetestowa\u0107 wszystkie najnowsze wtyczki FooEvents z zaplecza WordPress, prosz\u0119&nbsp;<a href=\"https:\/\/help.fooevents.com\/fooevent-admin-demo-request\/\" rel=\"noreferrer noopener nofollow\" target=\"_blank\">wype\u0142nij ten formularz<\/a>&nbsp;a my wy\u015blemy Ci niestandardowy link, kt\u00f3ry b\u0119dzie wa\u017cny przez 24 godziny.<\/p>\n\n\n\n<p>Je\u015bli masz jakiekolwiek pytania dotycz\u0105ce naszych demonstracji, prosimy&nbsp;<a href=\"https:\/\/help.fooevents.com\/pl\/contact\/pre-sales-questions\/\" rel=\"noreferrer noopener nofollow\" target=\"_blank\">Skontaktuj si\u0119<\/a>.<\/p>","protected":false},"excerpt":{"rendered":"<p>The&nbsp;FooEvents front-end demos&nbsp;showcase how flexible and easy it is to sell tickets and access to all types of events, venues and bookable services using the&nbsp;FooEvents&nbsp;plugins.&nbsp; The following sections outline the technologies that were used to create these sites: WordPress WordPress is a free and open-source content management system which is the foundation of this site. [&hellip;]<\/p>\n","protected":false},"author":1,"featured_media":0,"parent":0,"menu_order":0,"comment_status":"closed","ping_status":"closed","template":"","meta":{"site-sidebar-layout":"no-sidebar","site-content-layout":"page-builder","ast-site-content-layout":"narrow-width-container","site-content-style":"unboxed","site-sidebar-style":"unboxed","ast-global-header-display":"","ast-banner-title-visibility":"","ast-main-header-display":"","ast-hfb-above-header-display":"","ast-hfb-below-header-display":"","ast-hfb-mobile-header-display":"","site-post-title":"","ast-breadcrumbs-content":"","ast-featured-img":"disabled","footer-sml-layout":"","ast-disable-related-posts":"","theme-transparent-header-meta":"default","adv-header-id-meta":"","stick-header-meta":"default","header-above-stick-meta":"","header-main-stick-meta":"","header-below-stick-meta":"","astra-migrate-meta-layouts":"set","ast-page-background-enabled":"default","ast-page-background-meta":{"desktop":{"background-color":"var(--ast-global-color-4)","background-image":"","background-repeat":"repeat","background-position":"center center","background-size":"auto","background-attachment":"scroll","background-type":"","background-media":"","overlay-type":"","overlay-color":"","overlay-opacity":"","overlay-gradient":""},"tablet":{"background-color":"","background-image":"","background-repeat":"repeat","background-position":"center center","background-size":"auto","background-attachment":"scroll","background-type":"","background-media":"","overlay-type":"","overlay-color":"","overlay-opacity":"","overlay-gradient":""},"mobile":{"background-color":"","background-image":"","background-repeat":"repeat","background-position":"center center","background-size":"auto","background-attachment":"scroll","background-type":"","background-media":"","overlay-type":"","overlay-color":"","overlay-opacity":"","overlay-gradient":""}},"ast-content-background-meta":{"desktop":{"background-color":"var(--ast-global-color-5)","background-image":"","background-repeat":"repeat","background-position":"center center","background-size":"auto","background-attachment":"scroll","background-type":"","background-media":"","overlay-type":"","overlay-color":"","overlay-opacity":"","overlay-gradient":""},"tablet":{"background-color":"var(--ast-global-color-5)","background-image":"","background-repeat":"repeat","background-position":"center center","background-size":"auto","background-attachment":"scroll","background-type":"","background-media":"","overlay-type":"","overlay-color":"","overlay-opacity":"","overlay-gradient":""},"mobile":{"background-color":"var(--ast-global-color-5)","background-image":"","background-repeat":"repeat","background-position":"center center","background-size":"auto","background-attachment":"scroll","background-type":"","background-media":"","overlay-type":"","overlay-color":"","overlay-opacity":"","overlay-gradient":""}},"footnotes":""},"class_list":["post-25809","page","type-page","status-publish","hentry"],"_links":{"self":[{"href":"https:\/\/demo.fooevents.com\/pl\/wp-json\/wp\/v2\/pages\/25809","targetHints":{"allow":["GET"]}}],"collection":[{"href":"https:\/\/demo.fooevents.com\/pl\/wp-json\/wp\/v2\/pages"}],"about":[{"href":"https:\/\/demo.fooevents.com\/pl\/wp-json\/wp\/v2\/types\/page"}],"author":[{"embeddable":true,"href":"https:\/\/demo.fooevents.com\/pl\/wp-json\/wp\/v2\/users\/1"}],"replies":[{"embeddable":true,"href":"https:\/\/demo.fooevents.com\/pl\/wp-json\/wp\/v2\/comments?post=25809"}],"version-history":[{"count":0,"href":"https:\/\/demo.fooevents.com\/pl\/wp-json\/wp\/v2\/pages\/25809\/revisions"}],"wp:attachment":[{"href":"https:\/\/demo.fooevents.com\/pl\/wp-json\/wp\/v2\/media?parent=25809"}],"curies":[{"name":"wp","href":"https:\/\/api.w.org\/{rel}","templated":true}]}}