{"id":23270,"date":"2020-11-04T09:31:00","date_gmt":"2020-11-04T07:31:00","guid":{"rendered":"https:\/\/demo.fooevents.com\/?post_type=product&#038;p=23270"},"modified":"2025-01-27T23:32:01","modified_gmt":"2025-01-28T07:32:01","slug":"zajecia-fitness","status":"publish","type":"product","link":"https:\/\/demo.fooevents.com\/pl\/product\/fitness-classes\/","title":{"rendered":"Joga \/ zaj\u0119cia fitness"},"content":{"rendered":"","protected":false},"excerpt":{"rendered":"<p>Wybierz liczb\u0119 zaj\u0119\u0107, kt\u00f3re chcesz wykupi\u0107, i przejd\u017a do ekranu kasy, aby wybra\u0107 dat\u0119 i przedzia\u0142y czasowe.<\/p>\n<p>To demo wykorzystuje\u00a0<a href=\"https:\/\/www.fooevents.com\/pl\/products\/fooevents-for-woocommerce\/\">FooEvents dla WooCommerce<\/a>\u00a0i\u00a0<a href=\"https:\/\/www.fooevents.com\/pl\/products\/fooevents-bookings\/\">FooEvents Rezerwacje<\/a> wtyczki. Opcje pakietu s\u0105 uzyskiwane przy u\u017cyciu WooCommerce Variations i rozszerzenia <a href=\"https:\/\/woocommerce.com\/products\/minmax-quantities\/?aff=8264&amp;cid=702452\">WooCommerce Min\/Max Ilo\u015bci<\/a> wtyczka.<\/p>\n<p>Aby uzyska\u0107 szczeg\u00f3\u0142owe instrukcje dotycz\u0105ce konfigurowania wydarzenia z mo\u017cliwo\u015bci\u0105 rezerwacji, wykonaj nast\u0119puj\u0105ce czynno\u015bci <a href=\"https:\/\/help.fooevents.com\/pl\/docs\/topics\/use-cases\/yoga-fitness-classes\/\">Samouczek dotycz\u0105cy przypadk\u00f3w u\u017cycia<\/a>. Koniecznie sprawd\u017a nasze <a href=\"https:\/\/demo.fooevents.com\/pl\/produkt\/wirtualne-grupowe-zajecia-jogi\/\">wirtualne zaj\u0119cia jogi<\/a> i <a href=\"https:\/\/demo.fooevents.com\/pl\/produkt\/wirtualna-klasa-fitness\/\">wirtualna klasa fitness<\/a> dema te\u017c.<\/p>","protected":false},"author":1,"featured_media":23473,"template":"","meta":{"site-sidebar-layout":"default","site-content-layout":"default","ast-site-content-layout":"default","site-content-style":"default","site-sidebar-style":"default","ast-global-header-display":"","ast-banner-title-visibility":"","ast-main-header-display":"","ast-hfb-above-header-display":"","ast-hfb-below-header-display":"","ast-hfb-mobile-header-display":"","site-post-title":"","ast-breadcrumbs-content":"","ast-featured-img":"","footer-sml-layout":"","ast-disable-related-posts":"","theme-transparent-header-meta":"default","adv-header-id-meta":"","stick-header-meta":"default","header-above-stick-meta":"","header-main-stick-meta":"","header-below-stick-meta":"","astra-migrate-meta-layouts":"set","ast-page-background-enabled":"default","ast-page-background-meta":{"desktop":{"background-color":"var(--ast-global-color-4)","background-image":"","background-repeat":"repeat","background-position":"center center","background-size":"auto","background-attachment":"scroll","background-type":"","background-media":"","overlay-type":"","overlay-color":"","overlay-opacity":"","overlay-gradient":""},"tablet":{"background-color":"","background-image":"","background-repeat":"repeat","background-position":"center center","background-size":"auto","background-attachment":"scroll","background-type":"","background-media":"","overlay-type":"","overlay-color":"","overlay-opacity":"","overlay-gradient":""},"mobile":{"background-color":"","background-image":"","background-repeat":"repeat","background-position":"center center","background-size":"auto","background-attachment":"scroll","background-type":"","background-media":"","overlay-type":"","overlay-color":"","overlay-opacity":"","overlay-gradient":""}},"ast-content-background-meta":{"desktop":{"background-color":"var(--ast-global-color-5)","background-image":"","background-repeat":"repeat","background-position":"center center","background-size":"auto","background-attachment":"scroll","background-type":"","background-media":"","overlay-type":"","overlay-color":"","overlay-opacity":"","overlay-gradient":""},"tablet":{"background-color":"var(--ast-global-color-5)","background-image":"","background-repeat":"repeat","background-position":"center center","background-size":"auto","background-attachment":"scroll","background-type":"","background-media":"","overlay-type":"","overlay-color":"","overlay-opacity":"","overlay-gradient":""},"mobile":{"background-color":"var(--ast-global-color-5)","background-image":"","background-repeat":"repeat","background-position":"center center","background-size":"auto","background-attachment":"scroll","background-type":"","background-media":"","overlay-type":"","overlay-color":"","overlay-opacity":"","overlay-gradient":""}}},"product_brand":[],"product_cat":[39,62,18],"product_tag":[75,64,42,70,66,68,17,72,23,25],"class_list":{"0":"post-23270","1":"product","2":"type-product","3":"status-publish","4":"has-post-thumbnail","6":"product_cat-bookings","7":"product_cat-all","8":"product_cat-event","9":"product_tag-activity","10":"product_tag-booking","11":"product_tag-class","12":"product_tag-classes","13":"product_tag-covid","14":"product_tag-facility","15":"product_tag-paid","16":"product_tag-service","17":"product_tag-social","18":"product_tag-sport","19":"desktop-align-left","20":"tablet-align-left","21":"mobile-align-left","22":"ast-product-gallery-layout-horizontal-slider","23":"ast-magnify-disabled","24":"ast-product-single-variable","25":"ast-product-tabs-layout-horizontal","27":"first","28":"instock","29":"shipping-taxable","30":"purchasable","31":"product-type-variable"},"group_of_quantity":0,"min_quantity":0,"max_quantity":"","exclude_order_quantity_value_rules":"no","exclude_category_quantity_rules":"no","combine_variations":"no","exclude_global_add_ons":[],"addons":[],"_links":{"self":[{"href":"https:\/\/demo.fooevents.com\/pl\/wp-json\/wp\/v2\/product\/23270","targetHints":{"allow":["GET"]}}],"collection":[{"href":"https:\/\/demo.fooevents.com\/pl\/wp-json\/wp\/v2\/product"}],"about":[{"href":"https:\/\/demo.fooevents.com\/pl\/wp-json\/wp\/v2\/types\/product"}],"author":[{"embeddable":true,"href":"https:\/\/demo.fooevents.com\/pl\/wp-json\/wp\/v2\/users\/1"}],"wp:featuredmedia":[{"embeddable":true,"href":"https:\/\/demo.fooevents.com\/pl\/wp-json\/wp\/v2\/media\/23473"}],"wp:attachment":[{"href":"https:\/\/demo.fooevents.com\/pl\/wp-json\/wp\/v2\/media?parent=23270"}],"wp:term":[{"taxonomy":"product_brand","embeddable":true,"href":"https:\/\/demo.fooevents.com\/pl\/wp-json\/wp\/v2\/product_brand?post=23270"},{"taxonomy":"product_cat","embeddable":true,"href":"https:\/\/demo.fooevents.com\/pl\/wp-json\/wp\/v2\/product_cat?post=23270"},{"taxonomy":"product_tag","embeddable":true,"href":"https:\/\/demo.fooevents.com\/pl\/wp-json\/wp\/v2\/product_tag?post=23270"}],"curies":[{"name":"wp","href":"https:\/\/api.w.org\/{rel}","templated":true}]}}