{"id":24,"date":"2017-06-21T13:59:58","date_gmt":"2017-06-21T11:59:58","guid":{"rendered":"https:\/\/demo.fooevents.com\/?post_type=product&#038;p=24"},"modified":"2026-03-16T04:35:23","modified_gmt":"2026-03-16T11:35:23","slug":"osprzet-sportowy","status":"publish","type":"product","link":"https:\/\/demo.fooevents.com\/pl\/product\/sport-fixture\/","title":{"rendered":"Oprawa sportowa"},"content":{"rendered":"","protected":false},"excerpt":{"rendered":"<p>Jest to przyk\u0142ad wydarzenia jednodniowego. Dane ka\u017cdego uczestnika s\u0105 rejestrowane podczas p\u0142atno\u015bci. Po zako\u0144czeniu p\u0142atno\u015bci ka\u017cdy uczestnik otrzyma wiadomo\u015b\u0107 e-mail z potwierdzeniem\/biletem, a tak\u017ce bilet w formacie PDF. Dost\u0119pem do wydarzenia mo\u017cna nast\u0119pnie zarz\u0105dza\u0107 podczas wydarzenia za pomoc\u0105 funkcji <a href=\"https:\/\/www.fooevents.com\/pl\/features\/apps\/\">Aplikacje FooEvents Check-ins<\/a>. Bilety mo\u017cna r\u00f3wnie\u017c sprzedawa\u0107 podczas wydarzenia za po\u015brednictwem strony\u00a0<a href=\"https:\/\/www.fooevents.com\/pl\/products\/fooevents-pos\/\">FooEvents Punkt sprzeda\u017cy<\/a>\u00a0wtyczka.<\/p>","protected":false},"author":1,"featured_media":87,"template":"","meta":{"site-sidebar-layout":"default","site-content-layout":"default","ast-site-content-layout":"default","site-content-style":"default","site-sidebar-style":"default","ast-global-header-display":"","ast-banner-title-visibility":"","ast-main-header-display":"","ast-hfb-above-header-display":"","ast-hfb-below-header-display":"","ast-hfb-mobile-header-display":"","site-post-title":"","ast-breadcrumbs-content":"","ast-featured-img":"","footer-sml-layout":"","ast-disable-related-posts":"","theme-transparent-header-meta":"default","adv-header-id-meta":"","stick-header-meta":"default","header-above-stick-meta":"","header-main-stick-meta":"","header-below-stick-meta":"","astra-migrate-meta-layouts":"set","ast-page-background-enabled":"default","ast-page-background-meta":{"desktop":{"background-color":"var(--ast-global-color-4)","background-image":"","background-repeat":"repeat","background-position":"center center","background-size":"auto","background-attachment":"scroll","background-type":"","background-media":"","overlay-type":"","overlay-color":"","overlay-opacity":"","overlay-gradient":""},"tablet":{"background-color":"","background-image":"","background-repeat":"repeat","background-position":"center center","background-size":"auto","background-attachment":"scroll","background-type":"","background-media":"","overlay-type":"","overlay-color":"","overlay-opacity":"","overlay-gradient":""},"mobile":{"background-color":"","background-image":"","background-repeat":"repeat","background-position":"center center","background-size":"auto","background-attachment":"scroll","background-type":"","background-media":"","overlay-type":"","overlay-color":"","overlay-opacity":"","overlay-gradient":""}},"ast-content-background-meta":{"desktop":{"background-color":"var(--ast-global-color-5)","background-image":"","background-repeat":"repeat","background-position":"center center","background-size":"auto","background-attachment":"scroll","background-type":"","background-media":"","overlay-type":"","overlay-color":"","overlay-opacity":"","overlay-gradient":""},"tablet":{"background-color":"var(--ast-global-color-5)","background-image":"","background-repeat":"repeat","background-position":"center center","background-size":"auto","background-attachment":"scroll","background-type":"","background-media":"","overlay-type":"","overlay-color":"","overlay-opacity":"","overlay-gradient":""},"mobile":{"background-color":"var(--ast-global-color-5)","background-image":"","background-repeat":"repeat","background-position":"center center","background-size":"auto","background-attachment":"scroll","background-type":"","background-media":"","overlay-type":"","overlay-color":"","overlay-opacity":"","overlay-gradient":""}}},"product_brand":[],"product_cat":[62,143,18,129,95,40],"product_tag":[75,78,77,69,19,68,63,17,26,134,25,67,76],"class_list":{"0":"post-24","1":"product","2":"type-product","3":"status-publish","4":"has-post-thumbnail","6":"product_cat-all","7":"product_cat-blocks","8":"product_cat-event","9":"product_cat-pos","10":"product_cat-sort-filter","11":"product_cat-standard","12":"product_tag-activity","13":"product_tag-attraction","14":"product_tag-entertainment","15":"product_tag-exercise","16":"product_tag-exhibition","17":"product_tag-facility","18":"product_tag-outdoors","19":"product_tag-paid","20":"product_tag-schools","21":"product_tag-single-day-events","22":"product_tag-sport","23":"product_tag-team","24":"product_tag-tourism","25":"desktop-align-left","26":"tablet-align-left","27":"mobile-align-left","28":"ast-product-gallery-layout-horizontal-slider","29":"ast-product-gallery-with-no-image","30":"ast-magnify-disabled","31":"ast-product-tabs-layout-horizontal","33":"first","34":"instock","35":"downloadable","36":"virtual","37":"purchasable","38":"product-type-simple"},"group_of_quantity":0,"min_quantity":0,"max_quantity":"","exclude_order_quantity_value_rules":"no","exclude_category_quantity_rules":"no","combine_variations":"no","exclude_global_add_ons":[],"addons":[],"_links":{"self":[{"href":"https:\/\/demo.fooevents.com\/pl\/wp-json\/wp\/v2\/product\/24","targetHints":{"allow":["GET"]}}],"collection":[{"href":"https:\/\/demo.fooevents.com\/pl\/wp-json\/wp\/v2\/product"}],"about":[{"href":"https:\/\/demo.fooevents.com\/pl\/wp-json\/wp\/v2\/types\/product"}],"author":[{"embeddable":true,"href":"https:\/\/demo.fooevents.com\/pl\/wp-json\/wp\/v2\/users\/1"}],"wp:featuredmedia":[{"embeddable":true,"href":"https:\/\/demo.fooevents.com\/pl\/wp-json\/wp\/v2\/media\/87"}],"wp:attachment":[{"href":"https:\/\/demo.fooevents.com\/pl\/wp-json\/wp\/v2\/media?parent=24"}],"wp:term":[{"taxonomy":"product_brand","embeddable":true,"href":"https:\/\/demo.fooevents.com\/pl\/wp-json\/wp\/v2\/product_brand?post=24"},{"taxonomy":"product_cat","embeddable":true,"href":"https:\/\/demo.fooevents.com\/pl\/wp-json\/wp\/v2\/product_cat?post=24"},{"taxonomy":"product_tag","embeddable":true,"href":"https:\/\/demo.fooevents.com\/pl\/wp-json\/wp\/v2\/product_tag?post=24"}],"curies":[{"name":"wp","href":"https:\/\/api.w.org\/{rel}","templated":true}]}}