{"id":25809,"date":"2021-05-27T11:24:25","date_gmt":"2021-05-27T09:24:25","guid":{"rendered":"https:\/\/demo.fooevents.com\/?page_id=25809"},"modified":"2024-02-16T17:46:04","modified_gmt":"2024-02-17T01:46:04","slug":"sobre","status":"publish","type":"page","link":"https:\/\/demo.fooevents.com\/pt\/about\/","title":{"rendered":"Sobre"},"content":{"rendered":"<p>O&nbsp;<a href=\"https:\/\/demo.fooevents.com\/pt\/\">Demonstra\u00e7\u00f5es de front-end FooEvents<\/a>&nbsp;mostrar como \u00e9 flex\u00edvel e f\u00e1cil vender bilhetes e aceder a todos os tipos de eventos, locais e servi\u00e7os que podem ser reservados utilizando o&nbsp;<a href=\"https:\/\/www.fooevents.com\/pt\/\" target=\"_blank\" rel=\"noreferrer noopener\">FooEvents<\/a>&nbsp;plugins.&nbsp;<\/p>\n\n\n\n<p>As sec\u00e7\u00f5es seguintes descrevem as tecnologias que foram utilizadas para criar estes s\u00edtios:<\/p>\n\n\n\n<h3 class=\"wp-block-heading\"><a href=\"https:\/\/wordpress.org\/\" target=\"_blank\" rel=\"noreferrer noopener\">WordPress<\/a><\/h3>\n\n\n\n<p>O WordPress \u00e9 um sistema de gest\u00e3o de conte\u00fados gratuito e de c\u00f3digo aberto que constitui a base deste s\u00edtio. 41% da web \u00e9 alimentado pelo WordPress, desde blogues de passatempo a empresas cotadas em bolsa.<\/p>\n\n\n\n<p>O WordPress pode ser descarregado a partir de&nbsp;<a href=\"https:\/\/wordpress.org\/download\/\" target=\"_blank\" rel=\"noreferrer noopener\">WordPress.org<\/a>&nbsp;e instalado em qualquer servi\u00e7o de alojamento que suporte o&nbsp;<a href=\"https:\/\/wordpress.org\/support\/article\/requirements\/\" target=\"_blank\" rel=\"noreferrer noopener\">requisitos m\u00ednimos<\/a>.<\/p>\n\n\n\n<p>A maioria dos servi\u00e7os de alojamento oferece pacotes que v\u00eam com o WordPress pr\u00e9-instalado. Visite nossa p\u00e1gina Recomendado&nbsp;<a href=\"https:\/\/help.fooevents.com\/pt\/docs\/topics\/third-party-integration\/third-party-integration-recommended-wordpress-web-hosting\/\" rel=\"noreferrer noopener nofollow\" target=\"_blank\">WordPress Alojamento Web<\/a>&nbsp;sec\u00e7\u00e3o para ver poss\u00edveis solu\u00e7\u00f5es.<\/p>\n\n\n\n<h3 class=\"wp-block-heading\"><a href=\"https:\/\/www.fooevents.com\/pt\/features\/woocommerce\/\" target=\"_blank\" rel=\"noreferrer noopener\">WooCommerce<\/a><\/h3>\n\n\n\n<p>WooCommerce \u00e9 uma extens\u00e3o de com\u00e9rcio eletr\u00f3nico gratuita que permite vender bens f\u00edsicos e digitais num s\u00edtio Web WordPress.<\/p>\n\n\n\n<h3 class=\"wp-block-heading\"><a href=\"https:\/\/www.fooevents.com\/pt\/pricing\/\" target=\"_blank\" rel=\"noreferrer noopener\">FooEvents<\/a><\/h3>\n\n\n\n<p>O FooEvents foi criado a partir do WooCommerce e acrescenta funcionalidades adicionais que permitem vender o acesso a eventos, locais e servi\u00e7os reserv\u00e1veis. O FooEvents consiste no n\u00facleo&nbsp;<strong>FooEvents para WooCommerce<\/strong>&nbsp;e uma s\u00e9rie de extens\u00f5es opcionais que acrescentam funcionalidades adicionais. Tamb\u00e9m pode utilizar o plugin gratuito&nbsp;<a href=\"https:\/\/www.fooevents.com\/pt\/features\/apps\/\" target=\"_blank\" rel=\"noreferrer noopener\">FooEvents Aplica\u00e7\u00e3o de check-ins<\/a>&nbsp;para gerir o acesso dos participantes no seu evento.<\/p>\n\n\n\n<ul class=\"wp-block-list\">\n<li><a href=\"https:\/\/www.fooevents.com\/pt\/products\/fooevents-for-woocommerce\/\" target=\"_blank\" rel=\"noreferrer noopener\">FooEvents para WooCommerce<\/a>&nbsp;(n\u00facleo)<\/li>\n\n\n\n<li><a href=\"https:\/\/www.fooevents.com\/pt\/products\/fooevents-bookings\/\" target=\"_blank\" rel=\"noreferrer noopener\">FooEvents Reservas<\/a><\/li>\n\n\n\n<li><a href=\"https:\/\/www.fooevents.com\/pt\/products\/fooevents-custom-attendee-fields\/\" target=\"_blank\" rel=\"noreferrer noopener\">FooEvents Campos personalizados de participantes<\/a><\/li>\n\n\n\n<li><a href=\"https:\/\/www.fooevents.com\/pt\/products\/fooevents-pdf-tickets\/\" target=\"_blank\" rel=\"noreferrer noopener\">FooEvents Bilhetes PDF<\/a><\/li>\n\n\n\n<li><a href=\"https:\/\/www.fooevents.com\/pt\/products\/fooevents-calendar\/\" target=\"_blank\" rel=\"noreferrer noopener\">Calend\u00e1rio FooEvents<\/a><\/li>\n\n\n\n<li><a href=\"https:\/\/www.fooevents.com\/pt\/products\/fooevents-express-check-in\/\" target=\"_blank\" rel=\"noreferrer noopener\">FooEvents Check-in expresso<\/a><\/li>\n\n\n\n<li><a href=\"https:\/\/www.fooevents.com\/pt\/products\/fooevents-multi-day\/\" target=\"_blank\" rel=\"noreferrer noopener\">FooEvents V\u00e1rios dias<\/a><\/li>\n\n\n\n<li><a href=\"https:\/\/www.fooevents.com\/pt\/products\/fooevents-seating\/\" target=\"_blank\" rel=\"noreferrer noopener\">FooEvents Assentos<\/a><\/li>\n<\/ul>\n\n\n\n<h3 class=\"wp-block-heading\">Tema WordPress<\/h3>\n\n\n\n<p>Este s\u00edtio utiliza um tema gratuito chamado\u00a0<a href=\"https:\/\/www.wordpress.org\/themes\/astra\/\" target=\"_blank\" rel=\"noreferrer noopener\">Astra<\/a>. O FooEvents funciona bem com a maioria dos temas WooCommerce compat\u00edveis com o WordPress.<\/p>\n\n\n\n<h3 class=\"wp-block-heading\">Plug-ins de terceiros<\/h3>\n\n\n\n<p><a href=\"https:\/\/demo.fooevents.com\/pt\/?filter_features=woocommerce-min-max-quantities\">Algumas das demonstra\u00e7\u00f5es<\/a>&nbsp;utilizar o&nbsp;<a href=\"https:\/\/woocommerce.com\/products\/minmax-quantities\/\" target=\"_blank\" rel=\"noreferrer noopener\">WooCommerce Quantidades m\u00ednimas\/m\u00e1ximas<\/a>&nbsp;plugin para vender grupos de bilhetes. Isto \u00e9 \u00fatil para vender mesas agrupadas ou descontos para grupos, por exemplo. Os bilhetes podem ser vendidos individualmente ou&nbsp;<a href=\"https:\/\/docs.woocommerce.com\/document\/variable-product\/\" rel=\"noreferrer noopener nofollow\" target=\"_blank\">agrupados por varia\u00e7\u00f5es<\/a>. O&nbsp;<a href=\"https:\/\/woocommerce.com\/products\/minmax-quantities\/?aff=8264&amp;cid=702463\" target=\"_blank\" rel=\"noopener\">WooCommerce Quantidades m\u00ednimas\/m\u00e1ximas<\/a>&nbsp;O plugin pode ser adquirido separadamente no mercado WooCommerce.<\/p>\n\n\n\n<h3 class=\"wp-block-heading\">Demonstra\u00e7\u00e3o do administrador<\/h3>\n\n\n\n<p>Se quiser pedir acesso a um ambiente de demonstra\u00e7\u00e3o administrativo onde pode testar todos os plugins FooEvents mais recentes a partir do back-end WordPress, por favor&nbsp;<a href=\"https:\/\/help.fooevents.com\/fooevent-admin-demo-request\/\" rel=\"noreferrer noopener nofollow\" target=\"_blank\">preencher este formul\u00e1rio<\/a>&nbsp;e enviar-lhe-emos uma liga\u00e7\u00e3o personalizada que ser\u00e1 v\u00e1lida durante 24 horas.<\/p>\n\n\n\n<p>Se tiver alguma d\u00favida sobre as nossas demonstra\u00e7\u00f5es, por favor&nbsp;<a href=\"https:\/\/help.fooevents.com\/pt\/contact\/pre-sales-questions\/\" rel=\"noreferrer noopener nofollow\" target=\"_blank\">entrar em contacto<\/a>.<\/p>","protected":false},"excerpt":{"rendered":"<p>The&nbsp;FooEvents front-end demos&nbsp;showcase how flexible and easy it is to sell tickets and access to all types of events, venues and bookable services using the&nbsp;FooEvents&nbsp;plugins.&nbsp; The following sections outline the technologies that were used to create these sites: WordPress WordPress is a free and open-source content management system which is the foundation of this site. [&hellip;]<\/p>\n","protected":false},"author":1,"featured_media":0,"parent":0,"menu_order":0,"comment_status":"closed","ping_status":"closed","template":"","meta":{"site-sidebar-layout":"no-sidebar","site-content-layout":"page-builder","ast-site-content-layout":"narrow-width-container","site-content-style":"unboxed","site-sidebar-style":"unboxed","ast-global-header-display":"","ast-banner-title-visibility":"","ast-main-header-display":"","ast-hfb-above-header-display":"","ast-hfb-below-header-display":"","ast-hfb-mobile-header-display":"","site-post-title":"","ast-breadcrumbs-content":"","ast-featured-img":"disabled","footer-sml-layout":"","ast-disable-related-posts":"","theme-transparent-header-meta":"default","adv-header-id-meta":"","stick-header-meta":"default","header-above-stick-meta":"","header-main-stick-meta":"","header-below-stick-meta":"","astra-migrate-meta-layouts":"set","ast-page-background-enabled":"default","ast-page-background-meta":{"desktop":{"background-color":"var(--ast-global-color-4)","background-image":"","background-repeat":"repeat","background-position":"center center","background-size":"auto","background-attachment":"scroll","background-type":"","background-media":"","overlay-type":"","overlay-color":"","overlay-opacity":"","overlay-gradient":""},"tablet":{"background-color":"","background-image":"","background-repeat":"repeat","background-position":"center center","background-size":"auto","background-attachment":"scroll","background-type":"","background-media":"","overlay-type":"","overlay-color":"","overlay-opacity":"","overlay-gradient":""},"mobile":{"background-color":"","background-image":"","background-repeat":"repeat","background-position":"center center","background-size":"auto","background-attachment":"scroll","background-type":"","background-media":"","overlay-type":"","overlay-color":"","overlay-opacity":"","overlay-gradient":""}},"ast-content-background-meta":{"desktop":{"background-color":"var(--ast-global-color-5)","background-image":"","background-repeat":"repeat","background-position":"center center","background-size":"auto","background-attachment":"scroll","background-type":"","background-media":"","overlay-type":"","overlay-color":"","overlay-opacity":"","overlay-gradient":""},"tablet":{"background-color":"var(--ast-global-color-5)","background-image":"","background-repeat":"repeat","background-position":"center center","background-size":"auto","background-attachment":"scroll","background-type":"","background-media":"","overlay-type":"","overlay-color":"","overlay-opacity":"","overlay-gradient":""},"mobile":{"background-color":"var(--ast-global-color-5)","background-image":"","background-repeat":"repeat","background-position":"center center","background-size":"auto","background-attachment":"scroll","background-type":"","background-media":"","overlay-type":"","overlay-color":"","overlay-opacity":"","overlay-gradient":""}},"footnotes":""},"class_list":["post-25809","page","type-page","status-publish","hentry"],"_links":{"self":[{"href":"https:\/\/demo.fooevents.com\/pt\/wp-json\/wp\/v2\/pages\/25809","targetHints":{"allow":["GET"]}}],"collection":[{"href":"https:\/\/demo.fooevents.com\/pt\/wp-json\/wp\/v2\/pages"}],"about":[{"href":"https:\/\/demo.fooevents.com\/pt\/wp-json\/wp\/v2\/types\/page"}],"author":[{"embeddable":true,"href":"https:\/\/demo.fooevents.com\/pt\/wp-json\/wp\/v2\/users\/1"}],"replies":[{"embeddable":true,"href":"https:\/\/demo.fooevents.com\/pt\/wp-json\/wp\/v2\/comments?post=25809"}],"version-history":[{"count":0,"href":"https:\/\/demo.fooevents.com\/pt\/wp-json\/wp\/v2\/pages\/25809\/revisions"}],"wp:attachment":[{"href":"https:\/\/demo.fooevents.com\/pt\/wp-json\/wp\/v2\/media?parent=25809"}],"curies":[{"name":"wp","href":"https:\/\/api.w.org\/{rel}","templated":true}]}}