{"id":34726,"date":"2024-04-08T04:51:58","date_gmt":"2024-04-08T11:51:58","guid":{"rendered":"https:\/\/demo.fooevents.com\/?page_id=34726"},"modified":"2024-04-10T06:24:09","modified_gmt":"2024-04-10T13:24:09","slug":"blocos-de-listagem-de-eventos","status":"publish","type":"page","link":"https:\/\/demo.fooevents.com\/pt\/event-listing-block-tiles\/","title":{"rendered":"Bloco de listagem de eventos - Ladrilhos"},"content":{"rendered":"<h1 class=\"wp-block-heading has-text-align-center\" style=\"margin-bottom:var(--wp--preset--spacing--70)\">Bloco de listagem de eventos - Ladrilhos<\/h1>\n\n\n\t<div  id=\"fooevents-event-listing-tiles\" class=\"fooevents-event-listing-tile-number-4\">\r\n\t\t\t\t\t\t\t\t<div id=\"fooevents-event-listing-tiles-post-id-25\" class=\"fooevents-event-listing-tiles-content fooevents-event-listing-tiles-seating\">\r\n\t\t\t\t\t\t\t\t\t<div class=\"event-thumbnail\"><a href=\"https:\/\/demo.fooevents.com\/pt\/product\/school-event\/\"><img loading=\"lazy\" decoding=\"async\" width=\"450\" height=\"450\" src=\"https:\/\/demo.fooevents.com\/wp-content\/uploads\/2017\/06\/fooevents_school_concert-e1712580498343-450x450.png\" class=\"attachment-medium size-medium wp-post-image\" alt=\"\" title=\"\"><\/a><\/div>\r\n\t\t\t\t\t\t\t\t\t\r\n\t\t\t\t<h3><a href=\"https:\/\/demo.fooevents.com\/pt\/product\/school-event\/\">O Musical da Escola<\/a><\/h3>\t\t\r\n\t\t\t\t\t\t\t\t\t<div class=\"fooevents-event-listing-tiles-location\">O local<\/div>\r\n\t\t\t\t \r\n\t\t\t\t\t\t\t\t\t<p class=\"fooevents-event-listing-tiles-datetime\">\r\n\t\t\t\t\t\t\t\t\t\t\t\t\t\t\t\t\t\t\t\t\t<span class=\"event-icon event-icon-calendar\"><\/span>\r\n\t\t\t\t\t\t\t\t\r\n\t\t\t\t\t\t\t<span class=\"event-date\">23 de setembro de 2018<\/span><br \/>\t\t\t\t\t\t\r\n\t\t\t\t\t\t \r\n\t\t\t\t\t\t\t\t\t\t\t\t\t\t\t\t\t\t\t\t\t<span class=\"event-icon event-icon-seating\"><\/span>\r\n\t\t\t\t\t\t\t\t\r\n\t\t\t\t\t\t\t<span class=\"event-time\">10:00 - 14:00 <\/span>\r\n\t\t\t\t\t\t\t\r\n\t\t\t\t\t<\/p>\r\n\t\t\t\t\t\t \r\n\t\t\t\t\t\t\t\t\t<p class=\"fooevents-event-listing-tiles-excerpt\">Este exemplo utiliza o\u00a0<a href=\"https:\/\/www.fooevents.com\/pt\/products\/fooevents-seating\/\" target=\"_blank\" rel=\"noopener\">FooEvents Assentos<\/a> para adicionar uma sele\u00e7\u00e3o gr\u00e1fica de lugares para cada participante no produto e na p\u00e1gina de pagamento. As op\u00e7\u00f5es de \"Tipo de bilhete\" s\u00e3o criadas utilizando as varia\u00e7\u00f5es WooCommerce.<\/p>\r\n\t\t\t\t     \r\n\t\t\t\t\t\t\t\t\t<div class=\"fooevents-event-listing-tiles-stock\">\r\n\t\t\t\t\t\t\t\t\t\t\t\t\t<p class=\"fooevents-event-listing-tiles-price\"><span class=\"woocommerce-Price-amount amount\" aria-hidden=\"true\"><span class=\"woocommerce-Price-currencySymbol\">&#036;<\/span>10.00<\/span> <span aria-hidden=\"true\">-<\/span> <span class=\"woocommerce-Price-amount amount\" aria-hidden=\"true\"><span class=\"woocommerce-Price-currencySymbol\">&#036;<\/span>50.00<\/span><span class=\"screen-reader-text\">Gama de pre\u00e7os: $10.00 a $50.00<\/span><\/p>\r\n\t\t\t\t\t\t\t \r\n\t\t\t\t\t\t\t\t\t\t\t\t\t<p class=\"fooevents-event-listing-tiles-availability\">459 Dispon\u00edvel<\/p>\r\n\t\t\t\t\t\t \r\n\t\t\t\t\t\t \r\n\t\t\t\t\t<\/div>\r\n\t\t\t\t\t\t\t\t\t\t\t\t\t<p class=\"fooevents-event-listing-book-now\"><a href=\"https:\/\/demo.fooevents.com\/pt\/product\/school-event\/\" class=\"button\">Reservar agora<\/a><\/p>  \r\n\t\t\t\t \r\n\t\t\t<\/div>\r\n\t\t\t\t\t\t\t\t<div id=\"fooevents-event-listing-tiles-post-id-24\" class=\"fooevents-event-listing-tiles-content fooevents-event-listing-tiles-single\">\r\n\t\t\t\t\t\t\t\t\t<div class=\"event-thumbnail\"><a href=\"https:\/\/demo.fooevents.com\/pt\/product\/sport-fixture\/\"><img loading=\"lazy\" decoding=\"async\" width=\"450\" height=\"450\" src=\"https:\/\/demo.fooevents.com\/wp-content\/uploads\/2017\/06\/fooevents_school_event-scaled-e1712583045351-450x450.jpg\" class=\"attachment-medium size-medium wp-post-image\" alt=\"\" title=\"\"><\/a><\/div>\r\n\t\t\t\t\t\t\t\t\t\r\n\t\t\t\t<h3><a href=\"https:\/\/demo.fooevents.com\/pt\/product\/sport-fixture\/\">Jogo desportivo<\/a><\/h3>\t\t\r\n\t\t\t\t\t\t\t\t\t<div class=\"fooevents-event-listing-tiles-location\">O local<\/div>\r\n\t\t\t\t \r\n\t\t\t\t\t\t\t\t\t<p class=\"fooevents-event-listing-tiles-datetime\">\r\n\t\t\t\t\t\t\t\t\t\t\t\t\t\t\t\t\t\t\t\t\t<span class=\"event-icon event-icon-calendar\"><\/span>\r\n\t\t\t\t\t\t\t\t\r\n\t\t\t\t\t\t\t<span class=\"event-date\">14 de outubro de 2018<\/span><br \/>\t\t\t\t\t\t\r\n\t\t\t\t\t\t \r\n\t\t\t\t\t\t\t\t\t\t\t\t\t\t\t\t\t\t\t\t\t<span class=\"event-icon event-icon-single\"><\/span>\r\n\t\t\t\t\t\t\t\t\r\n\t\t\t\t\t\t\t<span class=\"event-time\">10:00 - 14:00 <\/span>\r\n\t\t\t\t\t\t\t\r\n\t\t\t\t\t<\/p>\r\n\t\t\t\t\t\t \r\n\t\t\t\t\t\t\t\t\t<p class=\"fooevents-event-listing-tiles-excerpt\">Este \u00e9 um exemplo de um evento de um dia. Os dados de cada participante s\u00e3o registados no checkout. Uma vez conclu\u00eddo o checkout, cada participante receber\u00e1 um e-mail de confirma\u00e7\u00e3o\/ticket, bem como um bilhete em PDF. O acesso ao evento pode ent\u00e3o ser gerido no evento utilizando a fun\u00e7\u00e3o <a href=\"https:\/\/www.fooevents.com\/pt\/features\/apps\/\" target=\"_blank\" rel=\"noopener\">FooEvents Aplica\u00e7\u00f5es de check-ins<\/a>. Os bilhetes tamb\u00e9m podem ser vendidos no evento utilizando o\u00a0<a href=\"https:\/\/www.fooevents.com\/pt\/products\/fooevents-pos\/\" target=\"_blank\" rel=\"noopener\">FooEvents Ponto de venda<\/a>\u00a0plugin.<\/p>\r\n\t\t\t\t     \r\n\t\t\t\t\t\t\t\t\t<div class=\"fooevents-event-listing-tiles-stock\">\r\n\t\t\t\t\t\t\t\t\t\t\t\t\t<p class=\"fooevents-event-listing-tiles-price\"><span class=\"woocommerce-Price-amount amount\"><span class=\"woocommerce-Price-currencySymbol\">&#036;<\/span>19.00<\/span><\/p>\r\n\t\t\t\t\t\t\t \r\n\t\t\t\t\t\t\t\t\t\t\t\t\t<p class=\"fooevents-event-listing-tiles-availability\">225 Dispon\u00edvel<\/p>\r\n\t\t\t\t\t\t \r\n\t\t\t\t\t\t \r\n\t\t\t\t\t<\/div>\r\n\t\t\t\t\t\t\t\t\t\t\t\t\t<p class=\"fooevents-event-listing-book-now\"><a href=\"https:\/\/demo.fooevents.com\/pt\/product\/sport-fixture\/\" class=\"button\">Reservar agora<\/a><\/p>  \r\n\t\t\t\t \r\n\t\t\t<\/div>\r\n\t\t\t\t\t\t\t\t<div id=\"fooevents-event-listing-tiles-post-id-10167\" class=\"fooevents-event-listing-tiles-content fooevents-event-listing-tiles-single\">\r\n\t\t\t\t\t\t\t\t\t<div class=\"event-thumbnail\"><a href=\"https:\/\/demo.fooevents.com\/pt\/product\/event-with-custom-attendee-fields\/\"><img loading=\"lazy\" decoding=\"async\" width=\"450\" height=\"450\" src=\"https:\/\/demo.fooevents.com\/wp-content\/uploads\/2017\/06\/fooevents_conf_651462157-scaled-e1712579617940-450x450.jpg\" class=\"attachment-medium size-medium wp-post-image\" alt=\"\" title=\"\"><\/a><\/div>\r\n\t\t\t\t\t\t\t\t\t\r\n\t\t\t\t<h3><a href=\"https:\/\/demo.fooevents.com\/pt\/product\/event-with-custom-attendee-fields\/\">Evento com campos de participantes personalizados<\/a><\/h3>\t\t\r\n\t\t\t\t\t\t\t\t\t<div class=\"fooevents-event-listing-tiles-location\">O local<\/div>\r\n\t\t\t\t \r\n\t\t\t\t\t\t\t\t\t<p class=\"fooevents-event-listing-tiles-datetime\">\r\n\t\t\t\t\t\t\t\t\t\t\t\t\t\t\t\t\t\t\t\t\t<span class=\"event-icon event-icon-calendar\"><\/span>\r\n\t\t\t\t\t\t\t\t\r\n\t\t\t\t\t\t\t<span class=\"event-date\">30 de novembro de 2018<\/span><br \/>\t\t\t\t\t\t\r\n\t\t\t\t\t\t \r\n\t\t\t\t\t\t\t\t\t\t\t\t\t\t\t\t\t\t\t\t\t<span class=\"event-icon event-icon-single\"><\/span>\r\n\t\t\t\t\t\t\t\t\r\n\t\t\t\t\t\t\t<span class=\"event-time\">10:00 - 14:00 <\/span>\r\n\t\t\t\t\t\t\t\r\n\t\t\t\t\t<\/p>\r\n\t\t\t\t\t\t \r\n\t\t\t\t\t\t\t\t\t<p class=\"fooevents-event-listing-tiles-excerpt\">Esta demonstra\u00e7\u00e3o utiliza o <a href=\"https:\/\/www.fooevents.com\/pt\/products\/fooevents-custom-attendee-fields\/\" target=\"_blank\" rel=\"noopener\">FooEvents Campos personalizados de participantes<\/a> para capturar informa\u00e7\u00f5es adicionais do participante no checkout. Reserve um bilhete de demonstra\u00e7\u00e3o e v\u00e1 at\u00e9 ao ecr\u00e3 de checkout para ver os campos personalizados dos participantes.<\/p>\r\n\t\t\t\t     \r\n\t\t\t\t\t\t\t\t\t<div class=\"fooevents-event-listing-tiles-stock\">\r\n\t\t\t\t\t\t\t\t\t\t\t\t\t<p class=\"fooevents-event-listing-tiles-price\"><span class=\"woocommerce-Price-amount amount\" aria-hidden=\"true\"><span class=\"woocommerce-Price-currencySymbol\">&#036;<\/span>0.00<\/span> <span aria-hidden=\"true\">-<\/span> <span class=\"woocommerce-Price-amount amount\" aria-hidden=\"true\"><span class=\"woocommerce-Price-currencySymbol\">&#036;<\/span>499.00<\/span><span class=\"screen-reader-text\">Gama de pre\u00e7os: $0.00 at\u00e9 $499.00<\/span><\/p>\r\n\t\t\t\t\t\t\t \r\n\t\t\t\t\t\t\t\t\t\t\t\t\t<p class=\"fooevents-event-listing-tiles-availability\">9372 Dispon\u00edvel<\/p>\r\n\t\t\t\t\t\t \r\n\t\t\t\t\t\t \r\n\t\t\t\t\t<\/div>\r\n\t\t\t\t\t\t\t\t\t\t\t\t\t<p class=\"fooevents-event-listing-book-now\"><a href=\"https:\/\/demo.fooevents.com\/pt\/product\/event-with-custom-attendee-fields\/\" class=\"button\">Reservar agora<\/a><\/p>  \r\n\t\t\t\t \r\n\t\t\t<\/div>\r\n\t\t\t\t\t\t\t\t<div id=\"fooevents-event-listing-tiles-post-id-19275\" class=\"fooevents-event-listing-tiles-content fooevents-event-listing-tiles-select\">\r\n\t\t\t\t\t\t\t\t\t<div class=\"event-thumbnail\"><a href=\"https:\/\/demo.fooevents.com\/pt\/product\/webinar\/\"><img loading=\"lazy\" decoding=\"async\" width=\"300\" height=\"300\" src=\"https:\/\/demo.fooevents.com\/wp-content\/uploads\/2020\/03\/Zoom-Webinar-cover-300x300.png\" class=\"attachment-medium size-medium wp-post-image\" alt=\"\" title=\"\"><\/a><\/div>\r\n\t\t\t\t\t\t\t\t\t\r\n\t\t\t\t<h3><a href=\"https:\/\/demo.fooevents.com\/pt\/product\/webinar\/\">Webinar Zoom<\/a><\/h3>\t\t\r\n\t\t\t\t\t\t\t\t\t<div class=\"fooevents-event-listing-tiles-location\">Webinar em linha<\/div>\r\n\t\t\t\t \r\n\t\t\t\t\t\t\t\t\t<p class=\"fooevents-event-listing-tiles-datetime\">\r\n\t\t\t\t\t\t\t\t\t\t\t\t\t\t\t\t\t\t\t\t\t<span class=\"event-icon event-icon-calendar\"><\/span>\r\n\t\t\t\t\t\t\t\t\r\n\t\t\t\t\t\t\t<span class=\"event-date\">10 de mar\u00e7o de 2020<\/span><br \/>\t\t\t\t\t\t\r\n\t\t\t\t\t\t \r\n\t\t\t\t\t\t\t\t\t\t\t\t\t\t\t\t\t\t\t\t\t<span class=\"event-icon event-icon-select\"><\/span>\r\n\t\t\t\t\t\t\t\t\r\n\t\t\t\t\t\t\t<span class=\"event-time\">14:00 - 16:00<\/span>\r\n\t\t\t\t\t\t\t\r\n\t\t\t\t\t<\/p>\r\n\t\t\t\t\t\t \r\n\t\t\t\t\t\t\t\t\t<p class=\"fooevents-event-listing-tiles-excerpt\">Este exemplo de webinar est\u00e1 configurado para pr\u00e9-registrar automaticamente os participantes em dois exemplos de webinars do Zoom. O primeiro \u00e9 um webinar padr\u00e3o e o segundo \u00e9 um webinar recorrente que se repete por 7 dias. Usando o FooEvents, \u00e9 poss\u00edvel pr\u00e9-registrar simultaneamente os participantes para um ou mais webinars\/reuni\u00f5es.\r\n\r\nVisite o nosso <a href=\"https:\/\/www.fooevents.com\/pt\/virtual-events\/\" target=\"_blank\" rel=\"noopener\">Eventos virtuais<\/a> sec\u00e7\u00e3o ou a nossa <a href=\"https:\/\/help.fooevents.com\/pt\/docs\/topics\/events\/zoom-webinars\/\" rel=\"nofollow noopener\" target=\"_blank\">Centro de ajuda<\/a> para saber como configurar um webinar, mesmo como este.<\/p>\r\n\t\t\t\t     \r\n\t\t\t\t\t\t\t\t\t<div class=\"fooevents-event-listing-tiles-stock\">\r\n\t\t\t\t\t\t\t\t\t\t\t\t\t<p class=\"fooevents-event-listing-tiles-price\"><span class=\"woocommerce-Price-amount amount\"><span class=\"woocommerce-Price-currencySymbol\">&#036;<\/span>19.00<\/span><\/p>\r\n\t\t\t\t\t\t\t \r\n\t\t\t\t\t\t\t\t\t\t\t\t\t<p class=\"fooevents-event-listing-tiles-availability\">10 Dispon\u00edvel<\/p>\r\n\t\t\t\t\t\t \r\n\t\t\t\t\t\t \r\n\t\t\t\t\t<\/div>\r\n\t\t\t\t\t\t\t\t\t\t\t\t\t<p class=\"fooevents-event-listing-book-now\"><a href=\"https:\/\/demo.fooevents.com\/pt\/product\/webinar\/\" class=\"button\">Reservar agora!<\/a><\/p>  \r\n\t\t\t\t \r\n\t\t\t<\/div>\r\n\t\t\t\t\t\t\t\t<div id=\"fooevents-event-listing-tiles-post-id-19275\" class=\"fooevents-event-listing-tiles-content fooevents-event-listing-tiles-select\">\r\n\t\t\t\t\t\t\t\t\t<div class=\"event-thumbnail\"><a href=\"https:\/\/demo.fooevents.com\/pt\/product\/webinar\/\"><img loading=\"lazy\" decoding=\"async\" width=\"300\" height=\"300\" src=\"https:\/\/demo.fooevents.com\/wp-content\/uploads\/2020\/03\/Zoom-Webinar-cover-300x300.png\" class=\"attachment-medium size-medium wp-post-image\" alt=\"\" title=\"\"><\/a><\/div>\r\n\t\t\t\t\t\t\t\t\t\r\n\t\t\t\t<h3><a href=\"https:\/\/demo.fooevents.com\/pt\/product\/webinar\/\">Webinar Zoom<\/a><\/h3>\t\t\r\n\t\t\t\t\t\t\t\t\t<div class=\"fooevents-event-listing-tiles-location\">Webinar em linha<\/div>\r\n\t\t\t\t \r\n\t\t\t\t\t\t\t\t\t<p class=\"fooevents-event-listing-tiles-datetime\">\r\n\t\t\t\t\t\t\t\t\t\t\t\t\t\t\t\t\t\t\t\t\t<span class=\"event-icon event-icon-calendar\"><\/span>\r\n\t\t\t\t\t\t\t\t\r\n\t\t\t\t\t\t\t<span class=\"event-date\">01 de mar\u00e7o de 2022<\/span><br \/>\t\t\t\t\t\t\r\n\t\t\t\t\t\t \r\n\t\t\t\t\t\t\t\t\t\t\t\t\t\t\t\t\t\t\t\t\t<span class=\"event-icon event-icon-select\"><\/span>\r\n\t\t\t\t\t\t\t\t\r\n\t\t\t\t\t\t\t<span class=\"event-time\">14:00 - 16:00<\/span>\r\n\t\t\t\t\t\t\t\r\n\t\t\t\t\t<\/p>\r\n\t\t\t\t\t\t \r\n\t\t\t\t\t\t\t\t\t<p class=\"fooevents-event-listing-tiles-excerpt\">Este exemplo de webinar est\u00e1 configurado para pr\u00e9-registrar automaticamente os participantes em dois exemplos de webinars do Zoom. O primeiro \u00e9 um webinar padr\u00e3o e o segundo \u00e9 um webinar recorrente que se repete por 7 dias. Usando o FooEvents, \u00e9 poss\u00edvel pr\u00e9-registrar simultaneamente os participantes para um ou mais webinars\/reuni\u00f5es.\r\n\r\nVisite o nosso <a href=\"https:\/\/www.fooevents.com\/pt\/virtual-events\/\" target=\"_blank\" rel=\"noopener\">Eventos virtuais<\/a> sec\u00e7\u00e3o ou a nossa <a href=\"https:\/\/help.fooevents.com\/pt\/docs\/topics\/events\/zoom-webinars\/\" rel=\"nofollow noopener\" target=\"_blank\">Centro de ajuda<\/a> para saber como configurar um webinar, mesmo como este.<\/p>\r\n\t\t\t\t     \r\n\t\t\t\t\t\t\t\t\t<div class=\"fooevents-event-listing-tiles-stock\">\r\n\t\t\t\t\t\t\t\t\t\t\t\t\t<p class=\"fooevents-event-listing-tiles-price\"><span class=\"woocommerce-Price-amount amount\"><span class=\"woocommerce-Price-currencySymbol\">&#036;<\/span>19.00<\/span><\/p>\r\n\t\t\t\t\t\t\t \r\n\t\t\t\t\t\t\t\t\t\t\t\t\t<p class=\"fooevents-event-listing-tiles-availability\">10 Dispon\u00edvel<\/p>\r\n\t\t\t\t\t\t \r\n\t\t\t\t\t\t \r\n\t\t\t\t\t<\/div>\r\n\t\t\t\t\t\t\t\t\t\t\t\t\t<p class=\"fooevents-event-listing-book-now\"><a href=\"https:\/\/demo.fooevents.com\/pt\/product\/webinar\/\" class=\"button\">Reservar agora!<\/a><\/p>  \r\n\t\t\t\t \r\n\t\t\t<\/div>\r\n\t\t\t\t\t\t\t\t<div id=\"fooevents-event-listing-tiles-post-id-20324\" class=\"fooevents-event-listing-tiles-content fooevents-event-listing-tiles-single\">\r\n\t\t\t\t\t\t\t\t\t<div class=\"event-thumbnail\"><a href=\"https:\/\/demo.fooevents.com\/pt\/product\/esports-live-streaming\/\"><img loading=\"lazy\" decoding=\"async\" width=\"300\" height=\"300\" src=\"https:\/\/demo.fooevents.com\/wp-content\/uploads\/2020\/04\/gaming-zoom-300x300.png\" class=\"attachment-medium size-medium wp-post-image\" alt=\"\" title=\"\"><\/a><\/div>\r\n\t\t\t\t\t\t\t\t\t\r\n\t\t\t\t<h3><a href=\"https:\/\/demo.fooevents.com\/pt\/product\/esports-live-streaming\/\">Transmiss\u00e3o em direto de eSports<\/a><\/h3>\t\t\r\n\t\t\t\t\t\t\t\t\t<div class=\"fooevents-event-listing-tiles-location\">Evento virtual utilizando o Zoom<\/div>\r\n\t\t\t\t \r\n\t\t\t\t\t\t\t\t\t<p class=\"fooevents-event-listing-tiles-datetime\">\r\n\t\t\t\t\t\t\t\t\t\t\t\t\t\t\t\t\t\t\t\t\t<span class=\"event-icon event-icon-calendar\"><\/span>\r\n\t\t\t\t\t\t\t\t\r\n\t\t\t\t\t\t\t<span class=\"event-date\">01 de maio de 2022<\/span><br \/>\t\t\t\t\t\t\r\n\t\t\t\t\t\t \r\n\t\t\t\t\t\t\t\t\t\t\t\t\t\t\t\t\t\t\t\t\t<span class=\"event-icon event-icon-single\"><\/span>\r\n\t\t\t\t\t\t\t\t\r\n\t\t\t\t\t\t\t<span class=\"event-time\">10:00 - 14:00 <\/span>\r\n\t\t\t\t\t\t\t\r\n\t\t\t\t\t<\/p>\r\n\t\t\t\t\t\t \r\n\t\t\t\t\t\t\t\t\t<p class=\"fooevents-event-listing-tiles-excerpt\">Este exemplo \u00e9 configurado para pr\u00e9-registrar automaticamente os participantes em um torneio gratuito de eSports que inclui 5 fluxos separados (webinars do Zoom) que s\u00e3o executados simultaneamente. Cada webinar ser\u00e1 repetido durante um per\u00edodo de 3 dias. Esta configura\u00e7\u00e3o \u00e9 adequada para qualquer evento de transmiss\u00e3o ao vivo que ofere\u00e7a v\u00e1rias transmiss\u00f5es simult\u00e2neas durante um ou v\u00e1rios dias.\r\n\r\n<a style=\"font-size: 16px\" href=\"https:\/\/www.fooevents.com\/pt\/virtual-events\/\" target=\"_blank\" rel=\"noopener\">Eventos virtuais<\/a> sec\u00e7\u00e3o ou a nossa <a style=\"font-size: 16px\" href=\"https:\/\/help.fooevents.com\/pt\/docs\/topics\/events\/zoom-meetings-and-webinars\/\" rel=\"nofollow noopener\" target=\"_blank\">Centro de ajuda<\/a> para saber como configurar um webinar, mesmo como este.<\/p>\r\n\t\t\t\t     \r\n\t\t\t\t\t\t\t\t\t<div class=\"fooevents-event-listing-tiles-stock\">\r\n\t\t\t\t\t\t\t\t\t\t\t\t\t<p class=\"fooevents-event-listing-tiles-price\"><span class=\"woocommerce-Price-amount amount\"><span class=\"woocommerce-Price-currencySymbol\">&#036;<\/span>0.00<\/span><\/p>\r\n\t\t\t\t\t\t\t \r\n\t\t\t\t\t\t\t\t\t\t\t\t\t<p class=\"fooevents-event-listing-tiles-availability\">101 Dispon\u00edvel<\/p>\r\n\t\t\t\t\t\t \r\n\t\t\t\t\t\t \r\n\t\t\t\t\t<\/div>\r\n\t\t\t\t\t\t\t\t\t\t\t\t\t<p class=\"fooevents-event-listing-book-now\"><a href=\"https:\/\/demo.fooevents.com\/pt\/product\/esports-live-streaming\/\" class=\"button\">Inscreva-se agora!<\/a><\/p>  \r\n\t\t\t\t \r\n\t\t\t<\/div>\r\n\t\t\t\t\t\t\t\t<div id=\"fooevents-event-listing-tiles-post-id-10638\" class=\"fooevents-event-listing-tiles-content fooevents-event-listing-tiles-seating\">\r\n\t\t\t\t\t\t\t\t\t<div class=\"event-thumbnail\"><a href=\"https:\/\/demo.fooevents.com\/pt\/product\/film-screening\/\"><img loading=\"lazy\" decoding=\"async\" width=\"300\" height=\"254\" src=\"https:\/\/demo.fooevents.com\/wp-content\/uploads\/2018\/08\/693103318-e1669729055360-300x254.jpeg\" class=\"attachment-medium size-medium wp-post-image\" alt=\"\" title=\"\"><\/a><\/div>\r\n\t\t\t\t\t\t\t\t\t\r\n\t\t\t\t<h3><a href=\"https:\/\/demo.fooevents.com\/pt\/product\/film-screening\/\">Exibi\u00e7\u00e3o de filmes<\/a><\/h3>\t\t\r\n\t\t\t\t\t\t\t\t\t<div class=\"fooevents-event-listing-tiles-location\">Casa do filme<\/div>\r\n\t\t\t\t \r\n\t\t\t\t\t\t\t\t\t<p class=\"fooevents-event-listing-tiles-datetime\">\r\n\t\t\t\t\t\t\t\t\t\t\t\t\t\t\t\t\t\t\t\t\t<span class=\"event-icon event-icon-calendar\"><\/span>\r\n\t\t\t\t\t\t\t\t\r\n\t\t\t\t\t\t\t<span class=\"event-date\">13 de julho de 2022<\/span><br \/>\t\t\t\t\t\t\r\n\t\t\t\t\t\t \r\n\t\t\t\t\t\t\t\t\t\t\t\t\t\t\t\t\t\t\t\t\t<span class=\"event-icon event-icon-seating\"><\/span>\r\n\t\t\t\t\t\t\t\t\r\n\t\t\t\t\t\t\t<span class=\"event-time\">10:00 - 14:00 <\/span>\r\n\t\t\t\t\t\t\t\r\n\t\t\t\t\t<\/p>\r\n\t\t\t\t\t\t \r\n\t\t\t\t\t\t\t\t\t<p class=\"fooevents-event-listing-tiles-excerpt\">Este exemplo adiciona uma sele\u00e7\u00e3o gr\u00e1fica de lugares para cada participante na p\u00e1gina de checkout. A capacidade de selecionar os lugares dos participantes \u00e9 fornecida pela fun\u00e7\u00e3o\u00a0<a href=\"https:\/\/www.fooevents.com\/pt\/products\/fooevents-seating\/\" target=\"_blank\" rel=\"noopener\">FooEvents Extens\u00e3o dos bancos<\/a>. As op\u00e7\u00f5es de \"Tipo de bilhete\" s\u00e3o criadas utilizando as varia\u00e7\u00f5es do WooCommerce.<\/p>\r\n\t\t\t\t     \r\n\t\t\t\t\t\t\t\t\t<div class=\"fooevents-event-listing-tiles-stock\">\r\n\t\t\t\t\t\t\t\t\t\t\t\t\t<p class=\"fooevents-event-listing-tiles-price\"><span class=\"woocommerce-Price-amount amount\" aria-hidden=\"true\"><span class=\"woocommerce-Price-currencySymbol\">&#036;<\/span>5.00<\/span> <span aria-hidden=\"true\">-<\/span> <span class=\"woocommerce-Price-amount amount\" aria-hidden=\"true\"><span class=\"woocommerce-Price-currencySymbol\">&#036;<\/span>30.00<\/span><span class=\"screen-reader-text\">Gama de pre\u00e7os: $5.00 a $30.00<\/span><\/p>\r\n\t\t\t\t\t\t\t \r\n\t\t\t\t\t\t \r\n\t\t\t\t\t\t \r\n\t\t\t\t\t<\/div>\r\n\t\t\t\t\t\t\t\t\t\t\t\t\t<p class=\"fooevents-event-listing-book-now\"><a href=\"https:\/\/demo.fooevents.com\/pt\/product\/film-screening\/\" class=\"button\">Reservar agora<\/a><\/p>  \r\n\t\t\t\t \r\n\t\t\t<\/div>\r\n\t\t\t\t\t\t\t\t<div id=\"fooevents-event-listing-tiles-post-id-20\" class=\"fooevents-event-listing-tiles-content fooevents-event-listing-tiles-single\">\r\n\t\t\t\t\t\t\t\t\t<div class=\"event-thumbnail\"><a href=\"https:\/\/demo.fooevents.com\/pt\/product\/flea-market\/\"><img loading=\"lazy\" decoding=\"async\" width=\"450\" height=\"450\" src=\"https:\/\/demo.fooevents.com\/wp-content\/uploads\/2017\/06\/fooevents_food_market-e1712579641973-450x450.jpg\" class=\"attachment-medium size-medium wp-post-image\" alt=\"\" title=\"\"><\/a><\/div>\r\n\t\t\t\t\t\t\t\t\t\r\n\t\t\t\t<h3><a href=\"https:\/\/demo.fooevents.com\/pt\/product\/flea-market\/\">Feira da Ladra (gratuito)<\/a><\/h3>\t\t\r\n\t\t\t\t\t\t\t\t\t<div class=\"fooevents-event-listing-tiles-location\">O local<\/div>\r\n\t\t\t\t \r\n\t\t\t\t\t\t\t\t\t<p class=\"fooevents-event-listing-tiles-datetime\">\r\n\t\t\t\t\t\t\t\t\t\t\t\t\t\t\t\t\t\t\t\t\t<span class=\"event-icon event-icon-calendar\"><\/span>\r\n\t\t\t\t\t\t\t\t\r\n\t\t\t\t\t\t\t<span class=\"event-date\">21 de julho de 2022<\/span><br \/>\t\t\t\t\t\t\r\n\t\t\t\t\t\t \r\n\t\t\t\t\t\t\t\t\t\t\t\t\t\t\t\t\t\t\t\t\t<span class=\"event-icon event-icon-single\"><\/span>\r\n\t\t\t\t\t\t\t\t\r\n\t\t\t\t\t\t\t<span class=\"event-time\">10:00 - 14:00 <\/span>\r\n\t\t\t\t\t\t\t\r\n\t\t\t\t\t<\/p>\r\n\t\t\t\t\t\t \r\n\t\t\t\t\t\t\t\t\t<p class=\"fooevents-event-listing-tiles-excerpt\">Este \u00e9 um exemplo de um evento gratuito de um dia que utiliza <a href=\"https:\/\/www.fooevents.com\/pt\/products\/fooevents-for-woocommerce\/\" target=\"_blank\" rel=\"noopener\">FooEvents para WooCommerce<\/a> para recolher as informa\u00e7\u00f5es do participante e enviar-lhe um e-mail de confirma\u00e7\u00e3o do bilhete.<\/p>\r\n\t\t\t\t     \r\n\t\t\t\t\t\t\t\t\t<div class=\"fooevents-event-listing-tiles-stock\">\r\n\t\t\t\t\t\t\t\t\t\t\t\t\t<p class=\"fooevents-event-listing-tiles-price\"><span class=\"woocommerce-Price-amount amount\"><span class=\"woocommerce-Price-currencySymbol\">&#036;<\/span>0.00<\/span><\/p>\r\n\t\t\t\t\t\t\t \r\n\t\t\t\t\t\t \r\n\t\t\t\t\t\t \r\n\t\t\t\t\t<\/div>\r\n\t\t\t\t\t\t\t\t\t\t\t\t\t<p class=\"fooevents-event-listing-book-now\"><a href=\"https:\/\/demo.fooevents.com\/pt\/product\/flea-market\/\" class=\"button\">Reservar agora<\/a><\/p>  \r\n\t\t\t\t \r\n\t\t\t<\/div>\r\n\t\t   \r\n\t<\/div>\r\n\n\n\n<h2 class=\"wp-block-heading\"><\/h2>","protected":false},"excerpt":{"rendered":"<p>Bloco de listagem de eventos - Ladrilhos<\/p>","protected":false},"author":214,"featured_media":0,"parent":0,"menu_order":0,"comment_status":"closed","ping_status":"closed","template":"","meta":{"site-sidebar-layout":"default","site-content-layout":"","ast-site-content-layout":"default","site-content-style":"default","site-sidebar-style":"default","ast-global-header-display":"","ast-banner-title-visibility":"","ast-main-header-display":"","ast-hfb-above-header-display":"","ast-hfb-below-header-display":"","ast-hfb-mobile-header-display":"","site-post-title":"disabled","ast-breadcrumbs-content":"","ast-featured-img":"","footer-sml-layout":"","ast-disable-related-posts":"","theme-transparent-header-meta":"","adv-header-id-meta":"","stick-header-meta":"","header-above-stick-meta":"","header-main-stick-meta":"","header-below-stick-meta":"","astra-migrate-meta-layouts":"set","ast-page-background-enabled":"default","ast-page-background-meta":{"desktop":{"background-color":"var(--ast-global-color-4)","background-image":"","background-repeat":"repeat","background-position":"center center","background-size":"auto","background-attachment":"scroll","background-type":"","background-media":"","overlay-type":"","overlay-color":"","overlay-opacity":"","overlay-gradient":""},"tablet":{"background-color":"","background-image":"","background-repeat":"repeat","background-position":"center center","background-size":"auto","background-attachment":"scroll","background-type":"","background-media":"","overlay-type":"","overlay-color":"","overlay-opacity":"","overlay-gradient":""},"mobile":{"background-color":"","background-image":"","background-repeat":"repeat","background-position":"center center","background-size":"auto","background-attachment":"scroll","background-type":"","background-media":"","overlay-type":"","overlay-color":"","overlay-opacity":"","overlay-gradient":""}},"ast-content-background-meta":{"desktop":{"background-color":"var(--ast-global-color-5)","background-image":"","background-repeat":"repeat","background-position":"center center","background-size":"auto","background-attachment":"scroll","background-type":"","background-media":"","overlay-type":"","overlay-color":"","overlay-opacity":"","overlay-gradient":""},"tablet":{"background-color":"var(--ast-global-color-5)","background-image":"","background-repeat":"repeat","background-position":"center center","background-size":"auto","background-attachment":"scroll","background-type":"","background-media":"","overlay-type":"","overlay-color":"","overlay-opacity":"","overlay-gradient":""},"mobile":{"background-color":"var(--ast-global-color-5)","background-image":"","background-repeat":"repeat","background-position":"center center","background-size":"auto","background-attachment":"scroll","background-type":"","background-media":"","overlay-type":"","overlay-color":"","overlay-opacity":"","overlay-gradient":""}},"footnotes":""},"class_list":["post-34726","page","type-page","status-publish","hentry"],"_links":{"self":[{"href":"https:\/\/demo.fooevents.com\/pt\/wp-json\/wp\/v2\/pages\/34726","targetHints":{"allow":["GET"]}}],"collection":[{"href":"https:\/\/demo.fooevents.com\/pt\/wp-json\/wp\/v2\/pages"}],"about":[{"href":"https:\/\/demo.fooevents.com\/pt\/wp-json\/wp\/v2\/types\/page"}],"author":[{"embeddable":true,"href":"https:\/\/demo.fooevents.com\/pt\/wp-json\/wp\/v2\/users\/214"}],"replies":[{"embeddable":true,"href":"https:\/\/demo.fooevents.com\/pt\/wp-json\/wp\/v2\/comments?post=34726"}],"version-history":[{"count":0,"href":"https:\/\/demo.fooevents.com\/pt\/wp-json\/wp\/v2\/pages\/34726\/revisions"}],"wp:attachment":[{"href":"https:\/\/demo.fooevents.com\/pt\/wp-json\/wp\/v2\/media?parent=34726"}],"curies":[{"name":"wp","href":"https:\/\/api.w.org\/{rel}","templated":true}]}}