{"id":10163,"date":"2018-05-18T12:05:17","date_gmt":"2018-05-18T10:05:17","guid":{"rendered":"https:\/\/demo.fooevents.com\/?post_type=product&#038;p=10163"},"modified":"2026-03-23T02:27:08","modified_gmt":"2026-03-23T09:27:08","slug":"conferencia-de-varios-dias","status":"publish","type":"product","link":"https:\/\/demo.fooevents.com\/pt\/product\/multi-day-conference\/","title":{"rendered":"Confer\u00eancia de v\u00e1rios dias"},"content":{"rendered":"","protected":false},"excerpt":{"rendered":"<p>Este exemplo permite que os participantes acedam a uma confer\u00eancia que se estende por v\u00e1rios dias. O <a href=\"https:\/\/www.fooevents.com\/pt\/products\/fooevents-multi-day\/\">FooEvents V\u00e1rios dias<\/a> O plugin permite aos organizadores de eventos registar\/check-in os participantes em cada dia do evento. Isto \u00e9 \u00fatil para gerir o acesso \u00e0 confer\u00eancia, bem como para controlar a participa\u00e7\u00e3o.<\/p>\n<p>Para obter instru\u00e7\u00f5es pormenorizadas sobre como organizar um evento de v\u00e1rios dias como este, siga este link\u00a0<a href=\"https:\/\/help.fooevents.com\/pt\/docs\/topics\/use-cases\/standard-multi-day-conference\/\">Tutorial de casos de utiliza\u00e7\u00e3o<\/a>.<\/p>\n<p>Note-se que este exemplo utiliza um\u00a0<a href=\"https:\/\/help.fooevents.com\/pt\/docs\/topics\/code-snippets\/#display-products-and-variations-tickets-in-a-table-grid-format\" target=\"_blank\" rel=\"noopener\">fragmento de c\u00f3digo<\/a>\u00a0para substituir o formul\u00e1rio normalizado de variantes WooCommerce por um quadro de variantes. Isso \u00e9 adequado para eventos de um ou v\u00e1rios dias que usam varia\u00e7\u00f5es do WooCommerce. O trecho de c\u00f3digo da tabela de varia\u00e7\u00f5es n\u00e3o \u00e9 compat\u00edvel com a tabela\u00a0<a href=\"https:\/\/www.fooevents.com\/pt\/products\/fooevents-seating\/\">FooEvents Assentos<\/a>\u00a0e\u00a0<a href=\"https:\/\/www.fooevents.com\/pt\/products\/fooevents-bookings\/\">FooEvents Reservas<\/a>\u00a0selectores de p\u00e1ginas de produtos.<\/p>","protected":false},"author":1,"featured_media":271,"template":"","meta":{"site-sidebar-layout":"default","site-content-layout":"default","ast-site-content-layout":"default","site-content-style":"default","site-sidebar-style":"default","ast-global-header-display":"","ast-banner-title-visibility":"","ast-main-header-display":"","ast-hfb-above-header-display":"","ast-hfb-below-header-display":"","ast-hfb-mobile-header-display":"","site-post-title":"","ast-breadcrumbs-content":"","ast-featured-img":"","footer-sml-layout":"","ast-disable-related-posts":"","theme-transparent-header-meta":"default","adv-header-id-meta":"","stick-header-meta":"default","header-above-stick-meta":"","header-main-stick-meta":"","header-below-stick-meta":"","astra-migrate-meta-layouts":"set","ast-page-background-enabled":"default","ast-page-background-meta":{"desktop":{"background-color":"var(--ast-global-color-4)","background-image":"","background-repeat":"repeat","background-position":"center center","background-size":"auto","background-attachment":"scroll","background-type":"","background-media":"","overlay-type":"","overlay-color":"","overlay-opacity":"","overlay-gradient":""},"tablet":{"background-color":"","background-image":"","background-repeat":"repeat","background-position":"center center","background-size":"auto","background-attachment":"scroll","background-type":"","background-media":"","overlay-type":"","overlay-color":"","overlay-opacity":"","overlay-gradient":""},"mobile":{"background-color":"","background-image":"","background-repeat":"repeat","background-position":"center center","background-size":"auto","background-attachment":"scroll","background-type":"","background-media":"","overlay-type":"","overlay-color":"","overlay-opacity":"","overlay-gradient":""}},"ast-content-background-meta":{"desktop":{"background-color":"var(--ast-global-color-5)","background-image":"","background-repeat":"repeat","background-position":"center center","background-size":"auto","background-attachment":"scroll","background-type":"","background-media":"","overlay-type":"","overlay-color":"","overlay-opacity":"","overlay-gradient":""},"tablet":{"background-color":"var(--ast-global-color-5)","background-image":"","background-repeat":"repeat","background-position":"center center","background-size":"auto","background-attachment":"scroll","background-type":"","background-media":"","overlay-type":"","overlay-color":"","overlay-opacity":"","overlay-gradient":""},"mobile":{"background-color":"var(--ast-global-color-5)","background-image":"","background-repeat":"repeat","background-position":"center center","background-size":"auto","background-attachment":"scroll","background-type":"","background-media":"","overlay-type":"","overlay-color":"","overlay-opacity":"","overlay-gradient":""}}},"product_brand":[],"product_cat":[62,143,138,18,129,95,40],"product_tag":[20,16,19,68,80,17,74],"class_list":{"0":"post-10163","1":"product","2":"type-product","3":"status-publish","4":"has-post-thumbnail","6":"product_cat-all","7":"product_cat-blocks","8":"product_cat-demo","9":"product_cat-event","10":"product_cat-pos","11":"product_cat-sort-filter","12":"product_cat-standard","13":"product_tag-conference","14":"product_tag-corporate","15":"product_tag-exhibition","16":"product_tag-facility","17":"product_tag-multi-day","18":"product_tag-paid","19":"product_tag-venue","20":"desktop-align-left","21":"tablet-align-left","22":"mobile-align-left","23":"ast-product-gallery-layout-horizontal-slider","24":"ast-magnify-disabled","25":"ast-product-single-variable","26":"ast-product-tabs-layout-horizontal","28":"first","29":"instock","30":"shipping-taxable","31":"purchasable","32":"product-type-variable"},"group_of_quantity":0,"min_quantity":0,"max_quantity":"","exclude_order_quantity_value_rules":"no","exclude_category_quantity_rules":"no","combine_variations":"no","exclude_global_add_ons":[],"addons":[],"_links":{"self":[{"href":"https:\/\/demo.fooevents.com\/pt\/wp-json\/wp\/v2\/product\/10163","targetHints":{"allow":["GET"]}}],"collection":[{"href":"https:\/\/demo.fooevents.com\/pt\/wp-json\/wp\/v2\/product"}],"about":[{"href":"https:\/\/demo.fooevents.com\/pt\/wp-json\/wp\/v2\/types\/product"}],"author":[{"embeddable":true,"href":"https:\/\/demo.fooevents.com\/pt\/wp-json\/wp\/v2\/users\/1"}],"wp:featuredmedia":[{"embeddable":true,"href":"https:\/\/demo.fooevents.com\/pt\/wp-json\/wp\/v2\/media\/271"}],"wp:attachment":[{"href":"https:\/\/demo.fooevents.com\/pt\/wp-json\/wp\/v2\/media?parent=10163"}],"wp:term":[{"taxonomy":"product_brand","embeddable":true,"href":"https:\/\/demo.fooevents.com\/pt\/wp-json\/wp\/v2\/product_brand?post=10163"},{"taxonomy":"product_cat","embeddable":true,"href":"https:\/\/demo.fooevents.com\/pt\/wp-json\/wp\/v2\/product_cat?post=10163"},{"taxonomy":"product_tag","embeddable":true,"href":"https:\/\/demo.fooevents.com\/pt\/wp-json\/wp\/v2\/product_tag?post=10163"}],"curies":[{"name":"wp","href":"https:\/\/api.w.org\/{rel}","templated":true}]}}