{"id":19986,"date":"2020-04-09T11:59:02","date_gmt":"2020-04-09T09:59:02","guid":{"rendered":"https:\/\/demo.fooevents.com\/?post_type=product&#038;p=19986"},"modified":"2024-10-21T02:54:33","modified_gmt":"2024-10-21T09:54:33","slug":"aula-virtual-de-fitness","status":"publish","type":"product","link":"https:\/\/demo.fooevents.com\/pt\/product\/virtual-fitness-class\/","title":{"rendered":"Aula de fitness virtual"},"content":{"rendered":"<table class=\"fooevents-zoom-meeting-info-table\">\n<tbody>\n<tr>\n<th colspan=\"2\" align=\"left\" valign=\"top\">Vis\u00e3o geral da classe:<\/th>\n<\/tr>\n<tr>\n<th align=\"left\" width=\"25%\">Data de in\u00edcio:<\/th>\n<td>01 de mar\u00e7o de 2022<\/td>\n<\/tr>\n<tr>\n<th align=\"left\" width=\"25%\">Hora de in\u00edcio:<\/th>\n<td>13:00 SAST<\/td>\n<\/tr>\n<tr>\n<th align=\"left\" width=\"25%\">Hora de fim:<\/th>\n<td>14:00 SAST<\/td>\n<\/tr>\n<tr>\n<th align=\"left\">Dura\u00e7\u00e3o:<\/th>\n<td>1 hora<\/td>\n<\/tr>\n<tr>\n<th align=\"left\">Recorr\u00eancia:<\/th>\n<td>Semanalmente, \u00e0s ter\u00e7as e sextas-feiras, at\u00e9 23 de abril de 2022<\/td>\n<\/tr>\n<\/tbody>\n<\/table>","protected":false},"excerpt":{"rendered":"<p>Este \u00e9 um exemplo de uma aula de fitness virtual utilizando o Zoom. Ele est\u00e1 configurado para pr\u00e9-registrar automaticamente os participantes para uma reuni\u00e3o recorrente do Zoom que se repete todas as ter\u00e7as e sextas-feiras \u00e0s 13h durante 8 semanas. Usando o FooEvents, \u00e9 poss\u00edvel pr\u00e9-registrar simultaneamente os participantes para uma ou v\u00e1rias <a href=\"https:\/\/demo.fooevents.com\/pt\/produto\/reuniao-virtual-zoom\/\">reuni\u00f5es<\/a> e <a href=\"https:\/\/demo.fooevents.com\/pt\/produto\/webinar\/\">webinars<\/a>.<\/p>\n<p>Visite o nosso <a href=\"https:\/\/www.fooevents.com\/pt\/virtual-events\/\">Eventos virtuais<\/a> sec\u00e7\u00e3o ou a nossa <a href=\"https:\/\/help.fooevents.com\/pt\/docs\/topics\/events\/zoom-webinars\/\">Centro de ajuda<\/a> para saber como configurar um webinar, mesmo como este.<\/p>","protected":false},"author":1,"featured_media":20132,"template":"","meta":{"site-sidebar-layout":"default","site-content-layout":"default","ast-site-content-layout":"default","site-content-style":"default","site-sidebar-style":"default","ast-global-header-display":"","ast-banner-title-visibility":"","ast-main-header-display":"","ast-hfb-above-header-display":"","ast-hfb-below-header-display":"","ast-hfb-mobile-header-display":"","site-post-title":"","ast-breadcrumbs-content":"","ast-featured-img":"","footer-sml-layout":"","ast-disable-related-posts":"","theme-transparent-header-meta":"default","adv-header-id-meta":"","stick-header-meta":"default","header-above-stick-meta":"","header-main-stick-meta":"","header-below-stick-meta":"","astra-migrate-meta-layouts":"set","ast-page-background-enabled":"default","ast-page-background-meta":{"desktop":{"background-color":"var(--ast-global-color-4)","background-image":"","background-repeat":"repeat","background-position":"center center","background-size":"auto","background-attachment":"scroll","background-type":"","background-media":"","overlay-type":"","overlay-color":"","overlay-opacity":"","overlay-gradient":""},"tablet":{"background-color":"","background-image":"","background-repeat":"repeat","background-position":"center center","background-size":"auto","background-attachment":"scroll","background-type":"","background-media":"","overlay-type":"","overlay-color":"","overlay-opacity":"","overlay-gradient":""},"mobile":{"background-color":"","background-image":"","background-repeat":"repeat","background-position":"center center","background-size":"auto","background-attachment":"scroll","background-type":"","background-media":"","overlay-type":"","overlay-color":"","overlay-opacity":"","overlay-gradient":""}},"ast-content-background-meta":{"desktop":{"background-color":"var(--ast-global-color-5)","background-image":"","background-repeat":"repeat","background-position":"center center","background-size":"auto","background-attachment":"scroll","background-type":"","background-media":"","overlay-type":"","overlay-color":"","overlay-opacity":"","overlay-gradient":""},"tablet":{"background-color":"var(--ast-global-color-5)","background-image":"","background-repeat":"repeat","background-position":"center center","background-size":"auto","background-attachment":"scroll","background-type":"","background-media":"","overlay-type":"","overlay-color":"","overlay-opacity":"","overlay-gradient":""},"mobile":{"background-color":"var(--ast-global-color-5)","background-image":"","background-repeat":"repeat","background-position":"center center","background-size":"auto","background-attachment":"scroll","background-type":"","background-media":"","overlay-type":"","overlay-color":"","overlay-opacity":"","overlay-gradient":""}}},"product_brand":[],"product_cat":[62,18,95,34],"product_tag":[75,42,70,66,37,17,72,25,36,38,32,35],"class_list":{"0":"post-19986","1":"product","2":"type-product","3":"status-publish","4":"has-post-thumbnail","6":"product_cat-all","7":"product_cat-event","8":"product_cat-sort-filter","9":"product_cat-virtual-events","10":"product_tag-activity","11":"product_tag-class","12":"product_tag-classes","13":"product_tag-covid","14":"product_tag-meeting","15":"product_tag-paid","16":"product_tag-service","17":"product_tag-sport","18":"product_tag-virtual","19":"product_tag-virtual-event","20":"product_tag-webinar","21":"product_tag-zoom","22":"desktop-align-left","23":"tablet-align-left","24":"mobile-align-left","25":"ast-product-gallery-layout-horizontal-slider","26":"ast-product-gallery-with-no-image","27":"ast-magnify-disabled","28":"ast-product-tabs-layout-horizontal","30":"first","31":"instock","32":"downloadable","33":"virtual","34":"purchasable","35":"product-type-simple"},"group_of_quantity":0,"min_quantity":0,"max_quantity":"","exclude_order_quantity_value_rules":"no","exclude_category_quantity_rules":"no","combine_variations":"no","exclude_global_add_ons":[],"addons":[],"_links":{"self":[{"href":"https:\/\/demo.fooevents.com\/pt\/wp-json\/wp\/v2\/product\/19986","targetHints":{"allow":["GET"]}}],"collection":[{"href":"https:\/\/demo.fooevents.com\/pt\/wp-json\/wp\/v2\/product"}],"about":[{"href":"https:\/\/demo.fooevents.com\/pt\/wp-json\/wp\/v2\/types\/product"}],"author":[{"embeddable":true,"href":"https:\/\/demo.fooevents.com\/pt\/wp-json\/wp\/v2\/users\/1"}],"wp:featuredmedia":[{"embeddable":true,"href":"https:\/\/demo.fooevents.com\/pt\/wp-json\/wp\/v2\/media\/20132"}],"wp:attachment":[{"href":"https:\/\/demo.fooevents.com\/pt\/wp-json\/wp\/v2\/media?parent=19986"}],"wp:term":[{"taxonomy":"product_brand","embeddable":true,"href":"https:\/\/demo.fooevents.com\/pt\/wp-json\/wp\/v2\/product_brand?post=19986"},{"taxonomy":"product_cat","embeddable":true,"href":"https:\/\/demo.fooevents.com\/pt\/wp-json\/wp\/v2\/product_cat?post=19986"},{"taxonomy":"product_tag","embeddable":true,"href":"https:\/\/demo.fooevents.com\/pt\/wp-json\/wp\/v2\/product_tag?post=19986"}],"curies":[{"name":"wp","href":"https:\/\/api.w.org\/{rel}","templated":true}]}}