{"id":20108,"date":"2020-04-15T10:23:13","date_gmt":"2020-04-15T08:23:13","guid":{"rendered":"https:\/\/demo.fooevents.com\/?post_type=product&#038;p=20108"},"modified":"2026-02-16T06:34:45","modified_gmt":"2026-02-16T14:34:45","slug":"aula-de-arte-virtual","status":"publish","type":"product","link":"https:\/\/demo.fooevents.com\/pt\/product\/virtual-art-class\/","title":{"rendered":"Aulas virtuais de arte"},"content":{"rendered":"<table class=\"fooevents-zoom-meeting-info-table\">\n<tbody>\n<tr>\n<th align=\"left\" width=\"25%\">Fundamentos do desenho<\/th>\n<td><strong>01 de junho de 2022. 15:00 - 16:00 SAST<\/strong><br \/>\nSemanalmente, \u00e0s ter\u00e7as, quartas e sextas-feiras, at\u00e9 14 de junho de 2022<\/td>\n<\/tr>\n<tr>\n<th align=\"left\" width=\"25%\">Pintura a \u00f3leo<\/th>\n<td><strong>06 de junho de 2022. 14:00 - 15:00 SAST<\/strong><br \/>\nSemanalmente, \u00e0s segundas e quartas-feiras, at\u00e9 22 de junho de 2022<\/td>\n<\/tr>\n<tr>\n<th align=\"left\" width=\"25%\">Hist\u00f3ria da Arte<\/th>\n<td><strong>02 de junho de 2022. 11:00 am - 12:00 pm SAST<\/strong><br \/>\nSemanalmente, \u00e0s segundas e quartas-feiras, at\u00e9 22 de junho de 2022<\/td>\n<\/tr>\n<\/tbody>\n<\/table>","protected":false},"excerpt":{"rendered":"<p>Este exemplo est\u00e1 configurado para pr\u00e9-registrar automaticamente os alunos para tr\u00eas aulas\/encontros de arte Zoom separados que se repetem durante tr\u00eas semanas em v\u00e1rios dias da semana.  Usando o FooEvents, \u00e9 poss\u00edvel pr\u00e9-registrar simultaneamente os participantes para um ou mais webinars\/reuni\u00f5es.<\/p>\n<p><span style=\"font-size: 16px;\">Visite o nosso <\/span><a style=\"font-size: 16px;\" href=\"https:\/\/www.fooevents.com\/pt\/virtual-events\/\">Eventos virtuais<\/a><span style=\"font-size: 16px;\"> sec\u00e7\u00e3o ou a nossa <\/span><a style=\"font-size: 16px;\" href=\"https:\/\/help.fooevents.com\/pt\/docs\/topics\/events\/zoom-webinars\/\">Centro de ajuda<\/a><span style=\"font-size: 16px;\"> para saber como configurar um webinar, mesmo como este.<\/span><\/p>","protected":false},"author":1,"featured_media":20133,"template":"","meta":{"site-sidebar-layout":"default","site-content-layout":"default","ast-site-content-layout":"default","site-content-style":"default","site-sidebar-style":"default","ast-global-header-display":"","ast-banner-title-visibility":"","ast-main-header-display":"","ast-hfb-above-header-display":"","ast-hfb-below-header-display":"","ast-hfb-mobile-header-display":"","site-post-title":"","ast-breadcrumbs-content":"","ast-featured-img":"","footer-sml-layout":"","ast-disable-related-posts":"","theme-transparent-header-meta":"default","adv-header-id-meta":"","stick-header-meta":"default","header-above-stick-meta":"","header-main-stick-meta":"","header-below-stick-meta":"","astra-migrate-meta-layouts":"set","ast-page-background-enabled":"default","ast-page-background-meta":{"desktop":{"background-color":"var(--ast-global-color-4)","background-image":"","background-repeat":"repeat","background-position":"center center","background-size":"auto","background-attachment":"scroll","background-type":"","background-media":"","overlay-type":"","overlay-color":"","overlay-opacity":"","overlay-gradient":""},"tablet":{"background-color":"","background-image":"","background-repeat":"repeat","background-position":"center center","background-size":"auto","background-attachment":"scroll","background-type":"","background-media":"","overlay-type":"","overlay-color":"","overlay-opacity":"","overlay-gradient":""},"mobile":{"background-color":"","background-image":"","background-repeat":"repeat","background-position":"center center","background-size":"auto","background-attachment":"scroll","background-type":"","background-media":"","overlay-type":"","overlay-color":"","overlay-opacity":"","overlay-gradient":""}},"ast-content-background-meta":{"desktop":{"background-color":"var(--ast-global-color-5)","background-image":"","background-repeat":"repeat","background-position":"center center","background-size":"auto","background-attachment":"scroll","background-type":"","background-media":"","overlay-type":"","overlay-color":"","overlay-opacity":"","overlay-gradient":""},"tablet":{"background-color":"var(--ast-global-color-5)","background-image":"","background-repeat":"repeat","background-position":"center center","background-size":"auto","background-attachment":"scroll","background-type":"","background-media":"","overlay-type":"","overlay-color":"","overlay-opacity":"","overlay-gradient":""},"mobile":{"background-color":"var(--ast-global-color-5)","background-image":"","background-repeat":"repeat","background-position":"center center","background-size":"auto","background-attachment":"scroll","background-type":"","background-media":"","overlay-type":"","overlay-color":"","overlay-opacity":"","overlay-gradient":""}}},"product_brand":[],"product_cat":[62,18,95,34],"product_tag":[75,42,70,41,66,17,36,38,32,35],"class_list":{"0":"post-20108","1":"product","2":"type-product","3":"status-publish","4":"has-post-thumbnail","6":"product_cat-all","7":"product_cat-event","8":"product_cat-sort-filter","9":"product_cat-virtual-events","10":"product_tag-activity","11":"product_tag-class","12":"product_tag-classes","13":"product_tag-course","14":"product_tag-covid","15":"product_tag-paid","16":"product_tag-virtual","17":"product_tag-virtual-event","18":"product_tag-webinar","19":"product_tag-zoom","20":"desktop-align-left","21":"tablet-align-left","22":"mobile-align-left","23":"ast-product-gallery-layout-horizontal-slider","24":"ast-product-gallery-with-no-image","25":"ast-magnify-disabled","26":"ast-product-tabs-layout-horizontal","28":"first","29":"instock","30":"downloadable","31":"virtual","32":"purchasable","33":"product-type-simple"},"group_of_quantity":0,"min_quantity":0,"max_quantity":"","exclude_order_quantity_value_rules":"no","exclude_category_quantity_rules":"no","combine_variations":"no","exclude_global_add_ons":[],"addons":[],"_links":{"self":[{"href":"https:\/\/demo.fooevents.com\/pt\/wp-json\/wp\/v2\/product\/20108","targetHints":{"allow":["GET"]}}],"collection":[{"href":"https:\/\/demo.fooevents.com\/pt\/wp-json\/wp\/v2\/product"}],"about":[{"href":"https:\/\/demo.fooevents.com\/pt\/wp-json\/wp\/v2\/types\/product"}],"author":[{"embeddable":true,"href":"https:\/\/demo.fooevents.com\/pt\/wp-json\/wp\/v2\/users\/1"}],"wp:featuredmedia":[{"embeddable":true,"href":"https:\/\/demo.fooevents.com\/pt\/wp-json\/wp\/v2\/media\/20133"}],"wp:attachment":[{"href":"https:\/\/demo.fooevents.com\/pt\/wp-json\/wp\/v2\/media?parent=20108"}],"wp:term":[{"taxonomy":"product_brand","embeddable":true,"href":"https:\/\/demo.fooevents.com\/pt\/wp-json\/wp\/v2\/product_brand?post=20108"},{"taxonomy":"product_cat","embeddable":true,"href":"https:\/\/demo.fooevents.com\/pt\/wp-json\/wp\/v2\/product_cat?post=20108"},{"taxonomy":"product_tag","embeddable":true,"href":"https:\/\/demo.fooevents.com\/pt\/wp-json\/wp\/v2\/product_tag?post=20108"}],"curies":[{"name":"wp","href":"https:\/\/api.w.org\/{rel}","templated":true}]}}