{"id":20231,"date":"2020-04-20T15:21:27","date_gmt":"2020-04-20T13:21:27","guid":{"rendered":"https:\/\/demo.fooevents.com\/?post_type=product&#038;p=20231"},"modified":"2026-03-19T05:54:51","modified_gmt":"2026-03-19T12:54:51","slug":"conferencia-virtual","status":"publish","type":"product","link":"https:\/\/demo.fooevents.com\/pt\/product\/virtual-conference\/","title":{"rendered":"Confer\u00eancia virtual"},"content":{"rendered":"","protected":false},"excerpt":{"rendered":"<p>Este exemplo est\u00e1 configurado para pr\u00e9-registrar automaticamente os participantes em dois webinars Zoom separados, bem como em uma reuni\u00e3o Zoom que ser\u00e1 usada para discuss\u00f5es em grupo.<\/p>\n<table class=\"fooevents-zoom-meeting-info-table\">\n<tbody>\n<tr>\n<th align=\"left\" valign=\"top\">Dia 1:<\/th>\n<td>\u00a001 de maio de 2022. 10:00 am to 2:00 pm PDT (webinar)<\/td>\n<\/tr>\n<tr>\n<th align=\"left\" width=\"25%\">Dia 2:<\/th>\n<td>\u00a002 de maio de 2022. Das 11:00 \u00e0s 15:00 PDT (webinar)<\/td>\n<\/tr>\n<tr>\n<th align=\"left\" width=\"25%\">Discuss\u00e3o aberta:<\/th>\n<td>\u00a002 de maio de 2022. 4:00 am to 6:00 pm PDT (reuni\u00e3o)<\/td>\n<\/tr>\n<\/tbody>\n<\/table>\n<p>Para obter instru\u00e7\u00f5es pormenorizadas sobre como configurar um evento virtual como este, siga este link <a href=\"https:\/\/help.fooevents.com\/pt\/docs\/topics\/use-cases\/virtual-conference\/\">Tutorial de casos de utiliza\u00e7\u00e3o<\/a>.<\/p>","protected":false},"author":1,"featured_media":20232,"template":"","meta":{"site-sidebar-layout":"default","site-content-layout":"default","ast-site-content-layout":"default","site-content-style":"default","site-sidebar-style":"default","ast-global-header-display":"","ast-banner-title-visibility":"","ast-main-header-display":"","ast-hfb-above-header-display":"","ast-hfb-below-header-display":"","ast-hfb-mobile-header-display":"","site-post-title":"","ast-breadcrumbs-content":"","ast-featured-img":"","footer-sml-layout":"","ast-disable-related-posts":"","theme-transparent-header-meta":"default","adv-header-id-meta":"","stick-header-meta":"default","header-above-stick-meta":"","header-main-stick-meta":"","header-below-stick-meta":"","astra-migrate-meta-layouts":"set","ast-page-background-enabled":"default","ast-page-background-meta":{"desktop":{"background-color":"var(--ast-global-color-4)","background-image":"","background-repeat":"repeat","background-position":"center center","background-size":"auto","background-attachment":"scroll","background-type":"","background-media":"","overlay-type":"","overlay-color":"","overlay-opacity":"","overlay-gradient":""},"tablet":{"background-color":"","background-image":"","background-repeat":"repeat","background-position":"center center","background-size":"auto","background-attachment":"scroll","background-type":"","background-media":"","overlay-type":"","overlay-color":"","overlay-opacity":"","overlay-gradient":""},"mobile":{"background-color":"","background-image":"","background-repeat":"repeat","background-position":"center center","background-size":"auto","background-attachment":"scroll","background-type":"","background-media":"","overlay-type":"","overlay-color":"","overlay-opacity":"","overlay-gradient":""}},"ast-content-background-meta":{"desktop":{"background-color":"var(--ast-global-color-5)","background-image":"","background-repeat":"repeat","background-position":"center center","background-size":"auto","background-attachment":"scroll","background-type":"","background-media":"","overlay-type":"","overlay-color":"","overlay-opacity":"","overlay-gradient":""},"tablet":{"background-color":"var(--ast-global-color-5)","background-image":"","background-repeat":"repeat","background-position":"center center","background-size":"auto","background-attachment":"scroll","background-type":"","background-media":"","overlay-type":"","overlay-color":"","overlay-opacity":"","overlay-gradient":""},"mobile":{"background-color":"var(--ast-global-color-5)","background-image":"","background-repeat":"repeat","background-position":"center center","background-size":"auto","background-attachment":"scroll","background-type":"","background-media":"","overlay-type":"","overlay-color":"","overlay-opacity":"","overlay-gradient":""}}},"product_brand":[],"product_cat":[62,18,95,34],"product_tag":[20,16,37,17,36,38,32,35],"class_list":{"0":"post-20231","1":"product","2":"type-product","3":"status-publish","4":"has-post-thumbnail","6":"product_cat-all","7":"product_cat-event","8":"product_cat-sort-filter","9":"product_cat-virtual-events","10":"product_tag-conference","11":"product_tag-corporate","12":"product_tag-meeting","13":"product_tag-paid","14":"product_tag-virtual","15":"product_tag-virtual-event","16":"product_tag-webinar","17":"product_tag-zoom","18":"desktop-align-left","19":"tablet-align-left","20":"mobile-align-left","21":"ast-product-gallery-layout-horizontal-slider","22":"ast-magnify-disabled","23":"ast-product-tabs-layout-horizontal","25":"first","26":"instock","27":"downloadable","28":"virtual","29":"purchasable","30":"product-type-simple"},"group_of_quantity":0,"min_quantity":0,"max_quantity":"","exclude_order_quantity_value_rules":"no","exclude_category_quantity_rules":"no","combine_variations":"no","exclude_global_add_ons":[],"addons":[],"_links":{"self":[{"href":"https:\/\/demo.fooevents.com\/pt\/wp-json\/wp\/v2\/product\/20231","targetHints":{"allow":["GET"]}}],"collection":[{"href":"https:\/\/demo.fooevents.com\/pt\/wp-json\/wp\/v2\/product"}],"about":[{"href":"https:\/\/demo.fooevents.com\/pt\/wp-json\/wp\/v2\/types\/product"}],"author":[{"embeddable":true,"href":"https:\/\/demo.fooevents.com\/pt\/wp-json\/wp\/v2\/users\/1"}],"wp:featuredmedia":[{"embeddable":true,"href":"https:\/\/demo.fooevents.com\/pt\/wp-json\/wp\/v2\/media\/20232"}],"wp:attachment":[{"href":"https:\/\/demo.fooevents.com\/pt\/wp-json\/wp\/v2\/media?parent=20231"}],"wp:term":[{"taxonomy":"product_brand","embeddable":true,"href":"https:\/\/demo.fooevents.com\/pt\/wp-json\/wp\/v2\/product_brand?post=20231"},{"taxonomy":"product_cat","embeddable":true,"href":"https:\/\/demo.fooevents.com\/pt\/wp-json\/wp\/v2\/product_cat?post=20231"},{"taxonomy":"product_tag","embeddable":true,"href":"https:\/\/demo.fooevents.com\/pt\/wp-json\/wp\/v2\/product_tag?post=20231"}],"curies":[{"name":"wp","href":"https:\/\/api.w.org\/{rel}","templated":true}]}}