{"id":21222,"date":"2020-07-03T09:24:25","date_gmt":"2020-07-03T07:24:25","guid":{"rendered":"https:\/\/demo.fooevents.com\/?post_type=product&#038;p=21222"},"modified":"2025-10-02T02:17:34","modified_gmt":"2025-10-02T09:17:34","slug":"evento-com-reservas-em-bloco","status":"publish","type":"product","link":"https:\/\/demo.fooevents.com\/pt\/product\/event-with-block-bookings\/","title":{"rendered":"Evento com blocos\/grupos de bilhetes"},"content":{"rendered":"","protected":false},"excerpt":{"rendered":"<p>Este exemplo ilustra como o FooEvents pode ser utilizado para vender grupos de bilhetes. Isto \u00e9 \u00fatil para vender mesas agrupadas ou descontos para grupos. Os bilhetes podem ser agrupados a n\u00edvel individual ou por varia\u00e7\u00e3o. Note-se que este exemplo utiliza a fun\u00e7\u00e3o <a href=\"https:\/\/woocommerce.com\/products\/minmax-quantities\/?aff=8264&amp;cid=702463\" target=\"new\" rel=\"noopener noreferrer\">WooCommerce Quantidades m\u00ednimas\/m\u00e1ximas<\/a> O plugin pode ser adquirido separadamente no mercado WooCommerce.<\/p>\n<p>Este evento pode ser configurado para enviar bilhetes para cada um dos participantes ou apenas para o comprador.<\/p>","protected":false},"author":1,"featured_media":21232,"template":"","meta":{"site-sidebar-layout":"default","site-content-layout":"default","ast-site-content-layout":"default","site-content-style":"default","site-sidebar-style":"default","ast-global-header-display":"","ast-banner-title-visibility":"","ast-main-header-display":"","ast-hfb-above-header-display":"","ast-hfb-below-header-display":"","ast-hfb-mobile-header-display":"","site-post-title":"","ast-breadcrumbs-content":"","ast-featured-img":"","footer-sml-layout":"","ast-disable-related-posts":"","theme-transparent-header-meta":"default","adv-header-id-meta":"","stick-header-meta":"default","header-above-stick-meta":"","header-main-stick-meta":"","header-below-stick-meta":"","astra-migrate-meta-layouts":"set","ast-page-background-enabled":"default","ast-page-background-meta":{"desktop":{"background-color":"var(--ast-global-color-4)","background-image":"","background-repeat":"repeat","background-position":"center center","background-size":"auto","background-attachment":"scroll","background-type":"","background-media":"","overlay-type":"","overlay-color":"","overlay-opacity":"","overlay-gradient":""},"tablet":{"background-color":"","background-image":"","background-repeat":"repeat","background-position":"center center","background-size":"auto","background-attachment":"scroll","background-type":"","background-media":"","overlay-type":"","overlay-color":"","overlay-opacity":"","overlay-gradient":""},"mobile":{"background-color":"","background-image":"","background-repeat":"repeat","background-position":"center center","background-size":"auto","background-attachment":"scroll","background-type":"","background-media":"","overlay-type":"","overlay-color":"","overlay-opacity":"","overlay-gradient":""}},"ast-content-background-meta":{"desktop":{"background-color":"var(--ast-global-color-5)","background-image":"","background-repeat":"repeat","background-position":"center center","background-size":"auto","background-attachment":"scroll","background-type":"","background-media":"","overlay-type":"","overlay-color":"","overlay-opacity":"","overlay-gradient":""},"tablet":{"background-color":"var(--ast-global-color-5)","background-image":"","background-repeat":"repeat","background-position":"center center","background-size":"auto","background-attachment":"scroll","background-type":"","background-media":"","overlay-type":"","overlay-color":"","overlay-opacity":"","overlay-gradient":""},"mobile":{"background-color":"var(--ast-global-color-5)","background-image":"","background-repeat":"repeat","background-position":"center center","background-size":"auto","background-attachment":"scroll","background-type":"","background-media":"","overlay-type":"","overlay-color":"","overlay-opacity":"","overlay-gradient":""}}},"product_brand":[],"product_cat":[62,18,40],"product_tag":[75,78,16,68,17,72,74],"class_list":{"0":"post-21222","1":"product","2":"type-product","3":"status-publish","4":"has-post-thumbnail","6":"product_cat-all","7":"product_cat-event","8":"product_cat-standard","9":"product_tag-activity","10":"product_tag-attraction","11":"product_tag-corporate","12":"product_tag-facility","13":"product_tag-paid","14":"product_tag-service","15":"product_tag-venue","16":"desktop-align-left","17":"tablet-align-left","18":"mobile-align-left","19":"ast-product-gallery-layout-horizontal-slider","20":"ast-product-gallery-with-no-image","21":"ast-magnify-disabled","22":"ast-product-single-variable","23":"ast-product-tabs-layout-horizontal","25":"first","26":"instock","27":"shipping-taxable","28":"purchasable","29":"product-type-variable"},"group_of_quantity":0,"min_quantity":0,"max_quantity":"","exclude_order_quantity_value_rules":"no","exclude_category_quantity_rules":"no","combine_variations":"no","exclude_global_add_ons":[],"addons":[],"_links":{"self":[{"href":"https:\/\/demo.fooevents.com\/pt\/wp-json\/wp\/v2\/product\/21222","targetHints":{"allow":["GET"]}}],"collection":[{"href":"https:\/\/demo.fooevents.com\/pt\/wp-json\/wp\/v2\/product"}],"about":[{"href":"https:\/\/demo.fooevents.com\/pt\/wp-json\/wp\/v2\/types\/product"}],"author":[{"embeddable":true,"href":"https:\/\/demo.fooevents.com\/pt\/wp-json\/wp\/v2\/users\/1"}],"wp:featuredmedia":[{"embeddable":true,"href":"https:\/\/demo.fooevents.com\/pt\/wp-json\/wp\/v2\/media\/21232"}],"wp:attachment":[{"href":"https:\/\/demo.fooevents.com\/pt\/wp-json\/wp\/v2\/media?parent=21222"}],"wp:term":[{"taxonomy":"product_brand","embeddable":true,"href":"https:\/\/demo.fooevents.com\/pt\/wp-json\/wp\/v2\/product_brand?post=21222"},{"taxonomy":"product_cat","embeddable":true,"href":"https:\/\/demo.fooevents.com\/pt\/wp-json\/wp\/v2\/product_cat?post=21222"},{"taxonomy":"product_tag","embeddable":true,"href":"https:\/\/demo.fooevents.com\/pt\/wp-json\/wp\/v2\/product_tag?post=21222"}],"curies":[{"name":"wp","href":"https:\/\/api.w.org\/{rel}","templated":true}]}}